{"id":9871,"date":"2021-01-25T16:13:06","date_gmt":"2021-01-25T16:13:06","guid":{"rendered":"https:\/\/flexlan.com.br\/site\/?post_type=product&#038;p=9871"},"modified":"2021-01-25T16:13:07","modified_gmt":"2021-01-25T16:13:07","slug":"estabilizador-sms-300va-rev-speedy-new-generation-115-v","status":"publish","type":"product","link":"https:\/\/flexlan.com.br\/site\/?product=estabilizador-sms-300va-rev-speedy-new-generation-115-v","title":{"rendered":"ESTABILIZADOR SMS 300VA REV SPEEDY NEW GENERATION 115 V"},"content":{"rendered":"<p>CARACTER\u00cdSTICAS<\/p>\n<p>&#8211; DESIGN MODERNO E AGRAD\u00c1VEL, DE F\u00c1CIL MANUSEIO.<br \/>\n&#8211; MICROPROCESSADO: MICROPROCESSADOR RISC DE ALTA VELOCIDADE COM MEM\u00d3RIA FLASH, INTEGRANDO DIVERSAS FUN\u00c7\u00d5ES PERIF\u00c9RICAS, AUMENTANDO A CONFIABILIDADE E O DESEMPENHO DO CIRCUITO ELETR\u00d4NICO.<br \/>\n&#8211; ATENDE A NORMA BRASILEIRA PARA ESTABILIZADORES DE TENS\u00c3O NBR 14373:2006.<br \/>\n&#8211; ESTABILIZADOR COM 6 EST\u00c1GIOS DE REGULA\u00c7\u00c3O: NOS MODELOS MONOVOLT (EM REDE 115V~) E BIVOLT (EM REDE 220V~).<br \/>\n&#8211; FUN\u00c7\u00c3O TRUE RMS: ANALISA CORRETAMENTE OS DIST\u00daRBIOS DA REDE EL\u00c9TRICA PERMITINDO A ATUA\u00c7\u00c3O PRECISA DO EQUIPAMENTO. INDICADA PARA TODOS OS TIPOS DE REDE, PRINCIPALMENTE PARA REDES INST\u00c1VEIS.<br \/>\n&#8211; BOT\u00c3O LIGA\/DESLIGA TEMPORIZADO: PARA EVITAR ACIONAMENTO\/DESLIGAMENTO ACIDENTAL OU INVOLUNT\u00c1RIO.<br \/>\n&#8211; 1 LED VERDE NO PAINEL FRONTAL, PARA INDICAR O FUNCIONAMENTO DO ESTABILIZADOR.<br \/>\n&#8211; SINALIZA\u00c7\u00c3O DE FUNCIONAMENTO: REDE, SUB\/SOBRETENS\u00c3O E SOBRECARGA.<br \/>\n&#8211; MODELO MONOVOLT: TENS\u00c3O NOMINAL DE ENTRADA E DE SA\u00cdDA 115V~.<br \/>\n&#8211; 4 TOMADAS EL\u00c9TRICAS DE SA\u00cdDA NO PADR\u00c3O NBR 14136.<br \/>\n&#8211; GABINETE EM PL\u00c1STICO ANTICHAMA.<br \/>\n&#8211; FILTRO DE LINHA INTERNO: ATENUA RU\u00cdDOS PROVENIENTES DA REDE EL\u00c9TRICA (EM MODO COMUM E DIFERENCIAL).<\/p>\n","protected":false},"excerpt":{"rendered":"<p>O ESTABILIZADOR REVOLUTION SPEEDY NEW GENERATION POSSUI DESIGN MODERNO E GARANTE UMA PROTE\u00c7\u00c3O PR\u00c1TICA E EFICIENTE PARA SEUS EQUIPAMENTOS DE INFORM\u00c1TICA E ELETROELETR\u00d4NICOS, TANTO EM AMBIENTES RESIDENCIAIS QUANTO CORPORATIVOS.<\/p>\n","protected":false},"featured_media":9872,"comment_status":"open","ping_status":"closed","template":"","meta":{"site-sidebar-layout":"default","site-content-layout":"","ast-site-content-layout":"","site-content-style":"default","site-sidebar-style":"default","ast-global-header-display":"","ast-banner-title-visibility":"","ast-main-header-display":"","ast-hfb-above-header-display":"","ast-hfb-below-header-display":"","ast-hfb-mobile-header-display":"","site-post-title":"","ast-breadcrumbs-content":"","ast-featured-img":"","footer-sml-layout":"","theme-transparent-header-meta":"","adv-header-id-meta":"","stick-header-meta":"","header-above-stick-meta":"","header-main-stick-meta":"","header-below-stick-meta":"","astra-migrate-meta-layouts":""},"product_cat":[41,43],"product_tag":[],"yoast_head":"<!-- This site is optimized with the Yoast SEO plugin v21.1 - https:\/\/yoast.com\/wordpress\/plugins\/seo\/ -->\n<title>ESTABILIZADOR SMS 300VA REV SPEEDY NEW GENERATION 115 V - FLEXLAN Inform\u00e1tica<\/title>\n<meta name=\"description\" content=\"Suprimentos e Manuten\u00e7\u00e3o de Computadores e Notebooks\" \/>\n<meta name=\"robots\" content=\"index, follow, max-snippet:-1, max-image-preview:large, max-video-preview:-1\" \/>\n<link rel=\"canonical\" href=\"https:\/\/flexlan.com.br\/site\/?product=estabilizador-sms-300va-rev-speedy-new-generation-115-v\" \/>\n<meta property=\"og:locale\" content=\"pt_BR\" \/>\n<meta property=\"og:type\" content=\"article\" \/>\n<meta property=\"og:title\" content=\"ESTABILIZADOR SMS 300VA REV SPEEDY NEW GENERATION 115 V - FLEXLAN Inform\u00e1tica\" \/>\n<meta property=\"og:description\" content=\"Suprimentos e Manuten\u00e7\u00e3o de Computadores e Notebooks\" \/>\n<meta property=\"og:url\" content=\"https:\/\/flexlan.com.br\/site\/?product=estabilizador-sms-300va-rev-speedy-new-generation-115-v\" \/>\n<meta property=\"og:site_name\" content=\"FLEXLAN Inform\u00e1tica\" \/>\n<meta property=\"article:publisher\" content=\"https:\/\/www.facebook.com\/FlexLanInformatica\" \/>\n<meta property=\"article:modified_time\" content=\"2021-01-25T16:13:07+00:00\" \/>\n<meta property=\"og:image\" content=\"https:\/\/i0.wp.com\/flexlan.com.br\/site\/wp-content\/uploads\/2021\/01\/ESTABILIZADOR-SMS-300VA-REV-SPEEDY-NEW-GENERATION-115-V.png?fit=360%2C360&ssl=1\" \/>\n\t<meta property=\"og:image:width\" content=\"360\" \/>\n\t<meta property=\"og:image:height\" content=\"360\" \/>\n\t<meta property=\"og:image:type\" content=\"image\/png\" \/>\n<meta name=\"twitter:card\" content=\"summary_large_image\" \/>\n<meta name=\"twitter:label1\" content=\"Est. tempo de leitura\" \/>\n\t<meta name=\"twitter:data1\" content=\"1 minuto\" \/>\n<script type=\"application\/ld+json\" class=\"yoast-schema-graph\">{\"@context\":\"https:\/\/schema.org\",\"@graph\":[{\"@type\":[\"WebPage\",\"ItemPage\"],\"@id\":\"https:\/\/flexlan.com.br\/site\/?product=estabilizador-sms-300va-rev-speedy-new-generation-115-v\",\"url\":\"https:\/\/flexlan.com.br\/site\/?product=estabilizador-sms-300va-rev-speedy-new-generation-115-v\",\"name\":\"ESTABILIZADOR SMS 300VA REV SPEEDY NEW GENERATION 115 V - FLEXLAN Inform\u00e1tica\",\"isPartOf\":{\"@id\":\"https:\/\/flexlan.com.br\/site\/#website\"},\"datePublished\":\"2021-01-25T16:13:06+00:00\",\"dateModified\":\"2021-01-25T16:13:07+00:00\",\"description\":\"Suprimentos e Manuten\u00e7\u00e3o de Computadores e Notebooks\",\"breadcrumb\":{\"@id\":\"https:\/\/flexlan.com.br\/site\/?product=estabilizador-sms-300va-rev-speedy-new-generation-115-v#breadcrumb\"},\"inLanguage\":\"pt-BR\",\"potentialAction\":[{\"@type\":\"ReadAction\",\"target\":[\"https:\/\/flexlan.com.br\/site\/?product=estabilizador-sms-300va-rev-speedy-new-generation-115-v\"]}]},{\"@type\":\"BreadcrumbList\",\"@id\":\"https:\/\/flexlan.com.br\/site\/?product=estabilizador-sms-300va-rev-speedy-new-generation-115-v#breadcrumb\",\"itemListElement\":[{\"@type\":\"ListItem\",\"position\":1,\"name\":\"In\u00edcio\",\"item\":\"https:\/\/flexlan.com.br\/site\/\"},{\"@type\":\"ListItem\",\"position\":2,\"name\":\"Shop\",\"item\":\"https:\/\/flexlan.com.br\/site\/?page_id=28271\"},{\"@type\":\"ListItem\",\"position\":3,\"name\":\"ESTABILIZADOR SMS 300VA REV SPEEDY NEW GENERATION 115 V\"}]},{\"@type\":\"WebSite\",\"@id\":\"https:\/\/flexlan.com.br\/site\/#website\",\"url\":\"https:\/\/flexlan.com.br\/site\/\",\"name\":\"FLEXLAN Inform\u00e1tica\",\"description\":\"Suprimentos e Manuten\u00e7\u00e3o de Computadores e Notebooks\",\"publisher\":{\"@id\":\"https:\/\/flexlan.com.br\/site\/#organization\"},\"alternateName\":\"FLEXLAN Inform\u00e1tica\",\"potentialAction\":[{\"@type\":\"SearchAction\",\"target\":{\"@type\":\"EntryPoint\",\"urlTemplate\":\"https:\/\/flexlan.com.br\/site\/?s={search_term_string}\"},\"query-input\":\"required name=search_term_string\"}],\"inLanguage\":\"pt-BR\"},{\"@type\":\"Organization\",\"@id\":\"https:\/\/flexlan.com.br\/site\/#organization\",\"name\":\"Flexlan inform\u00e1tica\",\"alternateName\":\"Suprimentos e Manuten\u00e7\u00e3o de Computadores e Notebooks\",\"url\":\"https:\/\/flexlan.com.br\/site\/\",\"logo\":{\"@type\":\"ImageObject\",\"inLanguage\":\"pt-BR\",\"@id\":\"https:\/\/flexlan.com.br\/site\/#\/schema\/logo\/image\/\",\"url\":\"https:\/\/flexlan.com.br\/site\/wp-content\/uploads\/2022\/03\/Logo2022.png\",\"contentUrl\":\"https:\/\/flexlan.com.br\/site\/wp-content\/uploads\/2022\/03\/Logo2022.png\",\"width\":796,\"height\":228,\"caption\":\"Flexlan inform\u00e1tica\"},\"image\":{\"@id\":\"https:\/\/flexlan.com.br\/site\/#\/schema\/logo\/image\/\"},\"sameAs\":[\"https:\/\/www.facebook.com\/FlexLanInformatica\",\"https:\/\/instagram.com\/flexlan\"]}]}<\/script>\n<!-- \/ Yoast SEO plugin. -->","yoast_head_json":{"title":"ESTABILIZADOR SMS 300VA REV SPEEDY NEW GENERATION 115 V - FLEXLAN Inform\u00e1tica","description":"Suprimentos e Manuten\u00e7\u00e3o de Computadores e Notebooks","robots":{"index":"index","follow":"follow","max-snippet":"max-snippet:-1","max-image-preview":"max-image-preview:large","max-video-preview":"max-video-preview:-1"},"canonical":"https:\/\/flexlan.com.br\/site\/?product=estabilizador-sms-300va-rev-speedy-new-generation-115-v","og_locale":"pt_BR","og_type":"article","og_title":"ESTABILIZADOR SMS 300VA REV SPEEDY NEW GENERATION 115 V - FLEXLAN Inform\u00e1tica","og_description":"Suprimentos e Manuten\u00e7\u00e3o de Computadores e Notebooks","og_url":"https:\/\/flexlan.com.br\/site\/?product=estabilizador-sms-300va-rev-speedy-new-generation-115-v","og_site_name":"FLEXLAN Inform\u00e1tica","article_publisher":"https:\/\/www.facebook.com\/FlexLanInformatica","article_modified_time":"2021-01-25T16:13:07+00:00","og_image":[{"width":360,"height":360,"url":"https:\/\/i0.wp.com\/flexlan.com.br\/site\/wp-content\/uploads\/2021\/01\/ESTABILIZADOR-SMS-300VA-REV-SPEEDY-NEW-GENERATION-115-V.png?fit=360%2C360&ssl=1","type":"image\/png"}],"twitter_card":"summary_large_image","twitter_misc":{"Est. tempo de leitura":"1 minuto"},"schema":{"@context":"https:\/\/schema.org","@graph":[{"@type":["WebPage","ItemPage"],"@id":"https:\/\/flexlan.com.br\/site\/?product=estabilizador-sms-300va-rev-speedy-new-generation-115-v","url":"https:\/\/flexlan.com.br\/site\/?product=estabilizador-sms-300va-rev-speedy-new-generation-115-v","name":"ESTABILIZADOR SMS 300VA REV SPEEDY NEW GENERATION 115 V - FLEXLAN Inform\u00e1tica","isPartOf":{"@id":"https:\/\/flexlan.com.br\/site\/#website"},"datePublished":"2021-01-25T16:13:06+00:00","dateModified":"2021-01-25T16:13:07+00:00","description":"Suprimentos e Manuten\u00e7\u00e3o de Computadores e Notebooks","breadcrumb":{"@id":"https:\/\/flexlan.com.br\/site\/?product=estabilizador-sms-300va-rev-speedy-new-generation-115-v#breadcrumb"},"inLanguage":"pt-BR","potentialAction":[{"@type":"ReadAction","target":["https:\/\/flexlan.com.br\/site\/?product=estabilizador-sms-300va-rev-speedy-new-generation-115-v"]}]},{"@type":"BreadcrumbList","@id":"https:\/\/flexlan.com.br\/site\/?product=estabilizador-sms-300va-rev-speedy-new-generation-115-v#breadcrumb","itemListElement":[{"@type":"ListItem","position":1,"name":"In\u00edcio","item":"https:\/\/flexlan.com.br\/site\/"},{"@type":"ListItem","position":2,"name":"Shop","item":"https:\/\/flexlan.com.br\/site\/?page_id=28271"},{"@type":"ListItem","position":3,"name":"ESTABILIZADOR SMS 300VA REV SPEEDY NEW GENERATION 115 V"}]},{"@type":"WebSite","@id":"https:\/\/flexlan.com.br\/site\/#website","url":"https:\/\/flexlan.com.br\/site\/","name":"FLEXLAN Inform\u00e1tica","description":"Suprimentos e Manuten\u00e7\u00e3o de Computadores e Notebooks","publisher":{"@id":"https:\/\/flexlan.com.br\/site\/#organization"},"alternateName":"FLEXLAN Inform\u00e1tica","potentialAction":[{"@type":"SearchAction","target":{"@type":"EntryPoint","urlTemplate":"https:\/\/flexlan.com.br\/site\/?s={search_term_string}"},"query-input":"required name=search_term_string"}],"inLanguage":"pt-BR"},{"@type":"Organization","@id":"https:\/\/flexlan.com.br\/site\/#organization","name":"Flexlan inform\u00e1tica","alternateName":"Suprimentos e Manuten\u00e7\u00e3o de Computadores e Notebooks","url":"https:\/\/flexlan.com.br\/site\/","logo":{"@type":"ImageObject","inLanguage":"pt-BR","@id":"https:\/\/flexlan.com.br\/site\/#\/schema\/logo\/image\/","url":"https:\/\/flexlan.com.br\/site\/wp-content\/uploads\/2022\/03\/Logo2022.png","contentUrl":"https:\/\/flexlan.com.br\/site\/wp-content\/uploads\/2022\/03\/Logo2022.png","width":796,"height":228,"caption":"Flexlan inform\u00e1tica"},"image":{"@id":"https:\/\/flexlan.com.br\/site\/#\/schema\/logo\/image\/"},"sameAs":["https:\/\/www.facebook.com\/FlexLanInformatica","https:\/\/instagram.com\/flexlan"]}]}},"_links":{"self":[{"href":"https:\/\/flexlan.com.br\/site\/index.php?rest_route=\/wp\/v2\/product\/9871"}],"collection":[{"href":"https:\/\/flexlan.com.br\/site\/index.php?rest_route=\/wp\/v2\/product"}],"about":[{"href":"https:\/\/flexlan.com.br\/site\/index.php?rest_route=\/wp\/v2\/types\/product"}],"replies":[{"embeddable":true,"href":"https:\/\/flexlan.com.br\/site\/index.php?rest_route=%2Fwp%2Fv2%2Fcomments&post=9871"}],"wp:featuredmedia":[{"embeddable":true,"href":"https:\/\/flexlan.com.br\/site\/index.php?rest_route=\/wp\/v2\/media\/9872"}],"wp:attachment":[{"href":"https:\/\/flexlan.com.br\/site\/index.php?rest_route=%2Fwp%2Fv2%2Fmedia&parent=9871"}],"wp:term":[{"taxonomy":"product_cat","embeddable":true,"href":"https:\/\/flexlan.com.br\/site\/index.php?rest_route=%2Fwp%2Fv2%2Fproduct_cat&post=9871"},{"taxonomy":"product_tag","embeddable":true,"href":"https:\/\/flexlan.com.br\/site\/index.php?rest_route=%2Fwp%2Fv2%2Fproduct_tag&post=9871"}],"curies":[{"name":"wp","href":"https:\/\/api.w.org\/{rel}","templated":true}]}}