{"id":9658,"date":"2021-01-20T16:34:05","date_gmt":"2021-01-20T16:34:05","guid":{"rendered":"https:\/\/flexlan.com.br\/site\/?post_type=product&#038;p=9658"},"modified":"2021-01-20T16:34:06","modified_gmt":"2021-01-20T16:34:06","slug":"roteador-tp-link-wi-fi-n-300mbps-tl-wr840nw","status":"publish","type":"product","link":"https:\/\/flexlan.com.br\/site\/?product=roteador-tp-link-wi-fi-n-300mbps-tl-wr840nw","title":{"rendered":"ROTEADOR TP-LINK WI-FI N 300MBPS (TL-WR840NW)"},"content":{"rendered":"<p>Velocidade wireless de 300Mbps ideal para aplica\u00e7\u00f5es sens\u00edveis a interrup\u00e7\u00f5es, como streaming de v\u00eddeo em HD<br \/>\nF\u00e1cil configura\u00e7\u00e3o da criptografia de seguran\u00e7a da rede wireless com um simples toque no bot\u00e3o WPS<br \/>\nControle de banda baseado em IP permite aos administradores determinarem que largura de banda ser\u00e1 alocada para cada computador<br \/>\nWDS wireless bridge fornece perfeita ponte para expandir a rede wireless<br \/>\nO que esse produto faz<br \/>\nO Roteador Wireless N 300Mbps TL-WR840N \u00e9 um dispositivo combinado de conex\u00e3o de rede cabeada e wireless projetado especificamente para as necessidades de pequenas empresas ou resid\u00eancias. O TL-WR840N possui um desempenho excepcional wireless, tornando-o ideal para streaming de v\u00eddeo HD, VoIP e jogos online. Al\u00e9m disso, o bot\u00e3o WPS (Wi-Fi Protected Setup) garante uma criptografia WPA2, prevenindo a rede contra invas\u00f5es externas.<br \/>\nVelocidade Wireless N 300Mbps &#8211; Alta Velocidade de Download<br \/>\nO TP-LINK TL-WR840N \u00e9 uma solu\u00e7\u00e3o de alta velocidade compat\u00edvel com IEEE 802.11b\/g\/n. Baseado na tecnologia 802.11n, o TL-WR840N oferece aos usu\u00e1rios o desempenho sem fio de at\u00e9 300Mbps, o qual consegue atender as necessidades mais exigentes de uma rede dom\u00e9stica, tais como streaming de v\u00eddeo HD, jogos online e downloads de grandes arquivos.<br \/>\nTecnologia CCA &#8211; Sinais Wireless Est\u00e1veis<br \/>\nA Avalia\u00e7\u00e3o de Canais Livres (CCA &#8211; Clear Channel Assessment) evita conflitos de canais automaticamente, utilizando seu recurso de sele\u00e7\u00e3o de canais livres, e tira total proveito da vincula\u00e7\u00e3o de canais, aumentando significativamente o desempenho wireless.<br \/>\nCARACTER\u00cdSTICAS DE HARDWARE<br \/>\nnterface 4 Portas LAN 10\/100Mbps<br \/>\n1 Porta WAN 10\/100Mbps<br \/>\nBot\u00f5es Bot\u00e3o WPS\/Reset<br \/>\nAntena 2 Antenas fixas de 5 dBi<br \/>\nFonte de Alimenta\u00e7\u00e3o Externa 9VDC \/ 0.6A<br \/>\nPadr\u00f5es Wireless IEEE 802.11n, IEEE 802.11g, IEEE 802.11b<br \/>\nDimens\u00f5es (L X C X A) 7.2 x 5.0 x 1.4Pol.(182 x 128 x 35 mm)<br \/>\nCARACTER\u00cdSTICAS WIRELESS<br \/>\nFrequ\u00eancia 2.4-2.4835GHz<br \/>\nTaxa de Sinal 11n: at\u00e9 300Mbps.<\/p>\n","protected":false},"excerpt":{"rendered":"<p>Procedimento de Customiza\u00e7\u00e3o do TL-WR840N<br \/>\nEste documento tem como objetivo instruir como realizar a customiza\u00e7\u00e3o do Roteador TLWR840N para Provedores Para realizar esta configura\u00e7\u00e3o, voc\u00ea precisa ter em m\u00e3os:<br \/>\nTL-WR840N exclusivo para provedores;<br \/>\nComputador com Windows XP, Windows 7, Windows 8 ou Windows 10 e placa Ethernet;<br \/>\nFerramenta de atualiza\u00e7\u00e3o provida pela TP-LINK no link: (http:\/\/static.tplink.com\/TpUpgrade_v1.0.rar);<br \/>\nSwitch 5, 8, 16, 24 ou 48 portas. (Opcional, caso realize a atualiza\u00e7\u00e3o em massa);<br \/>\nCabos Ethernet UTP com conectores RJ45.<\/p>\n","protected":false},"featured_media":9661,"comment_status":"open","ping_status":"closed","template":"","meta":{"site-sidebar-layout":"default","site-content-layout":"","ast-site-content-layout":"","site-content-style":"default","site-sidebar-style":"default","ast-global-header-display":"","ast-banner-title-visibility":"","ast-main-header-display":"","ast-hfb-above-header-display":"","ast-hfb-below-header-display":"","ast-hfb-mobile-header-display":"","site-post-title":"","ast-breadcrumbs-content":"","ast-featured-img":"","footer-sml-layout":"","theme-transparent-header-meta":"","adv-header-id-meta":"","stick-header-meta":"","header-above-stick-meta":"","header-main-stick-meta":"","header-below-stick-meta":"","astra-migrate-meta-layouts":""},"product_cat":[36,37],"product_tag":[],"yoast_head":"<!-- This site is optimized with the Yoast SEO plugin v21.1 - https:\/\/yoast.com\/wordpress\/plugins\/seo\/ -->\n<title>ROTEADOR TP-LINK WI-FI N 300MBPS (TL-WR840NW) - FLEXLAN Inform\u00e1tica<\/title>\n<meta name=\"description\" content=\"Suprimentos e Manuten\u00e7\u00e3o de Computadores e Notebooks\" \/>\n<meta name=\"robots\" content=\"index, follow, max-snippet:-1, max-image-preview:large, max-video-preview:-1\" \/>\n<link rel=\"canonical\" href=\"https:\/\/flexlan.com.br\/site\/?product=roteador-tp-link-wi-fi-n-300mbps-tl-wr840nw\" \/>\n<meta property=\"og:locale\" content=\"pt_BR\" \/>\n<meta property=\"og:type\" content=\"article\" \/>\n<meta property=\"og:title\" content=\"ROTEADOR TP-LINK WI-FI N 300MBPS (TL-WR840NW) - FLEXLAN Inform\u00e1tica\" \/>\n<meta property=\"og:description\" content=\"Suprimentos e Manuten\u00e7\u00e3o de Computadores e Notebooks\" \/>\n<meta property=\"og:url\" content=\"https:\/\/flexlan.com.br\/site\/?product=roteador-tp-link-wi-fi-n-300mbps-tl-wr840nw\" \/>\n<meta property=\"og:site_name\" content=\"FLEXLAN Inform\u00e1tica\" \/>\n<meta property=\"article:publisher\" content=\"https:\/\/www.facebook.com\/FlexLanInformatica\" \/>\n<meta property=\"article:modified_time\" content=\"2021-01-20T16:34:06+00:00\" \/>\n<meta property=\"og:image\" content=\"https:\/\/i0.wp.com\/flexlan.com.br\/site\/wp-content\/uploads\/2021\/01\/ROTEADOR-TP-LINK-WI-FI-N-300MBPS-TL-WR840NW.jpg?fit=700%2C700&ssl=1\" \/>\n\t<meta property=\"og:image:width\" content=\"700\" \/>\n\t<meta property=\"og:image:height\" content=\"700\" \/>\n\t<meta property=\"og:image:type\" content=\"image\/jpeg\" \/>\n<meta name=\"twitter:card\" content=\"summary_large_image\" \/>\n<meta name=\"twitter:label1\" content=\"Est. tempo de leitura\" \/>\n\t<meta name=\"twitter:data1\" content=\"2 minutos\" \/>\n<script type=\"application\/ld+json\" class=\"yoast-schema-graph\">{\"@context\":\"https:\/\/schema.org\",\"@graph\":[{\"@type\":[\"WebPage\",\"ItemPage\"],\"@id\":\"https:\/\/flexlan.com.br\/site\/?product=roteador-tp-link-wi-fi-n-300mbps-tl-wr840nw\",\"url\":\"https:\/\/flexlan.com.br\/site\/?product=roteador-tp-link-wi-fi-n-300mbps-tl-wr840nw\",\"name\":\"ROTEADOR TP-LINK WI-FI N 300MBPS (TL-WR840NW) - FLEXLAN Inform\u00e1tica\",\"isPartOf\":{\"@id\":\"https:\/\/flexlan.com.br\/site\/#website\"},\"datePublished\":\"2021-01-20T16:34:05+00:00\",\"dateModified\":\"2021-01-20T16:34:06+00:00\",\"description\":\"Suprimentos e Manuten\u00e7\u00e3o de Computadores e Notebooks\",\"breadcrumb\":{\"@id\":\"https:\/\/flexlan.com.br\/site\/?product=roteador-tp-link-wi-fi-n-300mbps-tl-wr840nw#breadcrumb\"},\"inLanguage\":\"pt-BR\",\"potentialAction\":[{\"@type\":\"ReadAction\",\"target\":[\"https:\/\/flexlan.com.br\/site\/?product=roteador-tp-link-wi-fi-n-300mbps-tl-wr840nw\"]}]},{\"@type\":\"BreadcrumbList\",\"@id\":\"https:\/\/flexlan.com.br\/site\/?product=roteador-tp-link-wi-fi-n-300mbps-tl-wr840nw#breadcrumb\",\"itemListElement\":[{\"@type\":\"ListItem\",\"position\":1,\"name\":\"In\u00edcio\",\"item\":\"https:\/\/flexlan.com.br\/site\/\"},{\"@type\":\"ListItem\",\"position\":2,\"name\":\"Shop\",\"item\":\"https:\/\/flexlan.com.br\/site\/?page_id=28271\"},{\"@type\":\"ListItem\",\"position\":3,\"name\":\"ROTEADOR TP-LINK WI-FI N 300MBPS (TL-WR840NW)\"}]},{\"@type\":\"WebSite\",\"@id\":\"https:\/\/flexlan.com.br\/site\/#website\",\"url\":\"https:\/\/flexlan.com.br\/site\/\",\"name\":\"FLEXLAN Inform\u00e1tica\",\"description\":\"Suprimentos e Manuten\u00e7\u00e3o de Computadores e Notebooks\",\"publisher\":{\"@id\":\"https:\/\/flexlan.com.br\/site\/#organization\"},\"alternateName\":\"FLEXLAN Inform\u00e1tica\",\"potentialAction\":[{\"@type\":\"SearchAction\",\"target\":{\"@type\":\"EntryPoint\",\"urlTemplate\":\"https:\/\/flexlan.com.br\/site\/?s={search_term_string}\"},\"query-input\":\"required name=search_term_string\"}],\"inLanguage\":\"pt-BR\"},{\"@type\":\"Organization\",\"@id\":\"https:\/\/flexlan.com.br\/site\/#organization\",\"name\":\"Flexlan inform\u00e1tica\",\"alternateName\":\"Suprimentos e Manuten\u00e7\u00e3o de Computadores e Notebooks\",\"url\":\"https:\/\/flexlan.com.br\/site\/\",\"logo\":{\"@type\":\"ImageObject\",\"inLanguage\":\"pt-BR\",\"@id\":\"https:\/\/flexlan.com.br\/site\/#\/schema\/logo\/image\/\",\"url\":\"https:\/\/flexlan.com.br\/site\/wp-content\/uploads\/2022\/03\/Logo2022.png\",\"contentUrl\":\"https:\/\/flexlan.com.br\/site\/wp-content\/uploads\/2022\/03\/Logo2022.png\",\"width\":796,\"height\":228,\"caption\":\"Flexlan inform\u00e1tica\"},\"image\":{\"@id\":\"https:\/\/flexlan.com.br\/site\/#\/schema\/logo\/image\/\"},\"sameAs\":[\"https:\/\/www.facebook.com\/FlexLanInformatica\",\"https:\/\/instagram.com\/flexlan\"]}]}<\/script>\n<!-- \/ Yoast SEO plugin. -->","yoast_head_json":{"title":"ROTEADOR TP-LINK WI-FI N 300MBPS (TL-WR840NW) - FLEXLAN Inform\u00e1tica","description":"Suprimentos e Manuten\u00e7\u00e3o de Computadores e Notebooks","robots":{"index":"index","follow":"follow","max-snippet":"max-snippet:-1","max-image-preview":"max-image-preview:large","max-video-preview":"max-video-preview:-1"},"canonical":"https:\/\/flexlan.com.br\/site\/?product=roteador-tp-link-wi-fi-n-300mbps-tl-wr840nw","og_locale":"pt_BR","og_type":"article","og_title":"ROTEADOR TP-LINK WI-FI N 300MBPS (TL-WR840NW) - FLEXLAN Inform\u00e1tica","og_description":"Suprimentos e Manuten\u00e7\u00e3o de Computadores e Notebooks","og_url":"https:\/\/flexlan.com.br\/site\/?product=roteador-tp-link-wi-fi-n-300mbps-tl-wr840nw","og_site_name":"FLEXLAN Inform\u00e1tica","article_publisher":"https:\/\/www.facebook.com\/FlexLanInformatica","article_modified_time":"2021-01-20T16:34:06+00:00","og_image":[{"width":700,"height":700,"url":"https:\/\/i0.wp.com\/flexlan.com.br\/site\/wp-content\/uploads\/2021\/01\/ROTEADOR-TP-LINK-WI-FI-N-300MBPS-TL-WR840NW.jpg?fit=700%2C700&ssl=1","type":"image\/jpeg"}],"twitter_card":"summary_large_image","twitter_misc":{"Est. tempo de leitura":"2 minutos"},"schema":{"@context":"https:\/\/schema.org","@graph":[{"@type":["WebPage","ItemPage"],"@id":"https:\/\/flexlan.com.br\/site\/?product=roteador-tp-link-wi-fi-n-300mbps-tl-wr840nw","url":"https:\/\/flexlan.com.br\/site\/?product=roteador-tp-link-wi-fi-n-300mbps-tl-wr840nw","name":"ROTEADOR TP-LINK WI-FI N 300MBPS (TL-WR840NW) - FLEXLAN Inform\u00e1tica","isPartOf":{"@id":"https:\/\/flexlan.com.br\/site\/#website"},"datePublished":"2021-01-20T16:34:05+00:00","dateModified":"2021-01-20T16:34:06+00:00","description":"Suprimentos e Manuten\u00e7\u00e3o de Computadores e Notebooks","breadcrumb":{"@id":"https:\/\/flexlan.com.br\/site\/?product=roteador-tp-link-wi-fi-n-300mbps-tl-wr840nw#breadcrumb"},"inLanguage":"pt-BR","potentialAction":[{"@type":"ReadAction","target":["https:\/\/flexlan.com.br\/site\/?product=roteador-tp-link-wi-fi-n-300mbps-tl-wr840nw"]}]},{"@type":"BreadcrumbList","@id":"https:\/\/flexlan.com.br\/site\/?product=roteador-tp-link-wi-fi-n-300mbps-tl-wr840nw#breadcrumb","itemListElement":[{"@type":"ListItem","position":1,"name":"In\u00edcio","item":"https:\/\/flexlan.com.br\/site\/"},{"@type":"ListItem","position":2,"name":"Shop","item":"https:\/\/flexlan.com.br\/site\/?page_id=28271"},{"@type":"ListItem","position":3,"name":"ROTEADOR TP-LINK WI-FI N 300MBPS (TL-WR840NW)"}]},{"@type":"WebSite","@id":"https:\/\/flexlan.com.br\/site\/#website","url":"https:\/\/flexlan.com.br\/site\/","name":"FLEXLAN Inform\u00e1tica","description":"Suprimentos e Manuten\u00e7\u00e3o de Computadores e Notebooks","publisher":{"@id":"https:\/\/flexlan.com.br\/site\/#organization"},"alternateName":"FLEXLAN Inform\u00e1tica","potentialAction":[{"@type":"SearchAction","target":{"@type":"EntryPoint","urlTemplate":"https:\/\/flexlan.com.br\/site\/?s={search_term_string}"},"query-input":"required name=search_term_string"}],"inLanguage":"pt-BR"},{"@type":"Organization","@id":"https:\/\/flexlan.com.br\/site\/#organization","name":"Flexlan inform\u00e1tica","alternateName":"Suprimentos e Manuten\u00e7\u00e3o de Computadores e Notebooks","url":"https:\/\/flexlan.com.br\/site\/","logo":{"@type":"ImageObject","inLanguage":"pt-BR","@id":"https:\/\/flexlan.com.br\/site\/#\/schema\/logo\/image\/","url":"https:\/\/flexlan.com.br\/site\/wp-content\/uploads\/2022\/03\/Logo2022.png","contentUrl":"https:\/\/flexlan.com.br\/site\/wp-content\/uploads\/2022\/03\/Logo2022.png","width":796,"height":228,"caption":"Flexlan inform\u00e1tica"},"image":{"@id":"https:\/\/flexlan.com.br\/site\/#\/schema\/logo\/image\/"},"sameAs":["https:\/\/www.facebook.com\/FlexLanInformatica","https:\/\/instagram.com\/flexlan"]}]}},"_links":{"self":[{"href":"https:\/\/flexlan.com.br\/site\/index.php?rest_route=\/wp\/v2\/product\/9658"}],"collection":[{"href":"https:\/\/flexlan.com.br\/site\/index.php?rest_route=\/wp\/v2\/product"}],"about":[{"href":"https:\/\/flexlan.com.br\/site\/index.php?rest_route=\/wp\/v2\/types\/product"}],"replies":[{"embeddable":true,"href":"https:\/\/flexlan.com.br\/site\/index.php?rest_route=%2Fwp%2Fv2%2Fcomments&post=9658"}],"wp:featuredmedia":[{"embeddable":true,"href":"https:\/\/flexlan.com.br\/site\/index.php?rest_route=\/wp\/v2\/media\/9661"}],"wp:attachment":[{"href":"https:\/\/flexlan.com.br\/site\/index.php?rest_route=%2Fwp%2Fv2%2Fmedia&parent=9658"}],"wp:term":[{"taxonomy":"product_cat","embeddable":true,"href":"https:\/\/flexlan.com.br\/site\/index.php?rest_route=%2Fwp%2Fv2%2Fproduct_cat&post=9658"},{"taxonomy":"product_tag","embeddable":true,"href":"https:\/\/flexlan.com.br\/site\/index.php?rest_route=%2Fwp%2Fv2%2Fproduct_tag&post=9658"}],"curies":[{"name":"wp","href":"https:\/\/api.w.org\/{rel}","templated":true}]}}