{"id":6892,"date":"2020-09-11T01:53:39","date_gmt":"2020-09-11T01:53:39","guid":{"rendered":"https:\/\/flexlan.com.br\/site\/?post_type=product&#038;p=6892"},"modified":"2021-04-25T14:44:48","modified_gmt":"2021-04-25T14:44:48","slug":"gabinete-gamer-hayon-rgb-tampa-de-vidro-gb1700","status":"publish","type":"product","link":"https:\/\/flexlan.com.br\/site\/?product=gabinete-gamer-hayon-rgb-tampa-de-vidro-gb1700","title":{"rendered":"GABINETE GAMER HAYON RGB TAMPA DE VIDRO GB1700"},"content":{"rendered":"<p>Gabinete Gamer S\/ Fonte Gb1700 Preto Hayon<\/p>\n<p>Descri\u00e7\u00e3o<\/p>\n<p>Baias:<\/p>\n<p>2X HD 3.5&#8243;<\/p>\n<p>2X SSD 2.5&#8243;<\/p>\n<p>Medidas do Gabinete:<\/p>\n<p>Altura 380 mm<\/p>\n<p>Largura 435 mm<\/p>\n<p>Comprimento 180 mm<\/p>\n<p>Painel Frontal:<\/p>\n<p>1X USB 3.0<\/p>\n<p>2X USB 2.0<\/p>\n<p>1X Audio HD + MIC<\/p>\n<p>Compatibilidade:<\/p>\n<p>ATX e Micro ATX<\/p>\n<p>Placas de V\u00eddeo: At\u00e9 300MM<\/p>\n<p>Fonte: ATX<\/p>\n","protected":false},"excerpt":{"rendered":"<p>Gabinete Gamer S\/ Fonte Gb1700 Preto Hayon Descri\u00e7\u00e3o Baias: 2X HD 3.5&#8243; 2X SSD 2.5&#8243; Medidas do Gabinete: Altura 380 mm Largura 435 mm Comprimento 180 mm Painel Frontal: 1X USB 3.0 2X USB 2.0 1X Audio HD + MIC Compatibilidade: ATX e Micro ATX Placas de V\u00eddeo: At\u00e9 300MM Fonte: ATX<\/p>\n","protected":false},"featured_media":6893,"comment_status":"open","ping_status":"closed","template":"","meta":{"site-sidebar-layout":"default","site-content-layout":"","ast-site-content-layout":"","site-content-style":"default","site-sidebar-style":"default","ast-global-header-display":"","ast-banner-title-visibility":"","ast-main-header-display":"","ast-hfb-above-header-display":"","ast-hfb-below-header-display":"","ast-hfb-mobile-header-display":"","site-post-title":"","ast-breadcrumbs-content":"","ast-featured-img":"","footer-sml-layout":"","theme-transparent-header-meta":"","adv-header-id-meta":"","stick-header-meta":"","header-above-stick-meta":"","header-main-stick-meta":"","header-below-stick-meta":"","astra-migrate-meta-layouts":""},"product_cat":[21,31],"product_tag":[],"yoast_head":"<!-- This site is optimized with the Yoast SEO plugin v21.1 - https:\/\/yoast.com\/wordpress\/plugins\/seo\/ -->\n<title>GABINETE GAMER HAYON RGB TAMPA DE VIDRO GB1700 - FLEXLAN Inform\u00e1tica<\/title>\n<meta name=\"description\" content=\"Suprimentos e Manuten\u00e7\u00e3o de Computadores e Notebooks\" \/>\n<meta name=\"robots\" content=\"index, follow, max-snippet:-1, max-image-preview:large, max-video-preview:-1\" \/>\n<link rel=\"canonical\" href=\"https:\/\/flexlan.com.br\/site\/?product=gabinete-gamer-hayon-rgb-tampa-de-vidro-gb1700\" \/>\n<meta property=\"og:locale\" content=\"pt_BR\" \/>\n<meta property=\"og:type\" content=\"article\" \/>\n<meta property=\"og:title\" content=\"GABINETE GAMER HAYON RGB TAMPA DE VIDRO GB1700 - FLEXLAN Inform\u00e1tica\" \/>\n<meta property=\"og:description\" content=\"Suprimentos e Manuten\u00e7\u00e3o de Computadores e Notebooks\" \/>\n<meta property=\"og:url\" content=\"https:\/\/flexlan.com.br\/site\/?product=gabinete-gamer-hayon-rgb-tampa-de-vidro-gb1700\" \/>\n<meta property=\"og:site_name\" content=\"FLEXLAN Inform\u00e1tica\" \/>\n<meta property=\"article:publisher\" content=\"https:\/\/www.facebook.com\/FlexLanInformatica\" \/>\n<meta property=\"article:modified_time\" content=\"2021-04-25T14:44:48+00:00\" \/>\n<meta property=\"og:image\" content=\"https:\/\/i0.wp.com\/flexlan.com.br\/site\/wp-content\/uploads\/2020\/09\/GABINETE-GAMER-HAYON-RGB-TAMPA-DE-VIDEO-GB1700.jpg?fit=704%2C807&ssl=1\" \/>\n\t<meta property=\"og:image:width\" content=\"704\" \/>\n\t<meta property=\"og:image:height\" content=\"807\" \/>\n\t<meta property=\"og:image:type\" content=\"image\/jpeg\" \/>\n<meta name=\"twitter:card\" content=\"summary_large_image\" \/>\n<script type=\"application\/ld+json\" class=\"yoast-schema-graph\">{\"@context\":\"https:\/\/schema.org\",\"@graph\":[{\"@type\":[\"WebPage\",\"ItemPage\"],\"@id\":\"https:\/\/flexlan.com.br\/site\/?product=gabinete-gamer-hayon-rgb-tampa-de-vidro-gb1700\",\"url\":\"https:\/\/flexlan.com.br\/site\/?product=gabinete-gamer-hayon-rgb-tampa-de-vidro-gb1700\",\"name\":\"GABINETE GAMER HAYON RGB TAMPA DE VIDRO GB1700 - FLEXLAN Inform\u00e1tica\",\"isPartOf\":{\"@id\":\"https:\/\/flexlan.com.br\/site\/#website\"},\"datePublished\":\"2020-09-11T01:53:39+00:00\",\"dateModified\":\"2021-04-25T14:44:48+00:00\",\"description\":\"Suprimentos e Manuten\u00e7\u00e3o de Computadores e Notebooks\",\"breadcrumb\":{\"@id\":\"https:\/\/flexlan.com.br\/site\/?product=gabinete-gamer-hayon-rgb-tampa-de-vidro-gb1700#breadcrumb\"},\"inLanguage\":\"pt-BR\",\"potentialAction\":[{\"@type\":\"ReadAction\",\"target\":[\"https:\/\/flexlan.com.br\/site\/?product=gabinete-gamer-hayon-rgb-tampa-de-vidro-gb1700\"]}]},{\"@type\":\"BreadcrumbList\",\"@id\":\"https:\/\/flexlan.com.br\/site\/?product=gabinete-gamer-hayon-rgb-tampa-de-vidro-gb1700#breadcrumb\",\"itemListElement\":[{\"@type\":\"ListItem\",\"position\":1,\"name\":\"In\u00edcio\",\"item\":\"https:\/\/flexlan.com.br\/site\/\"},{\"@type\":\"ListItem\",\"position\":2,\"name\":\"Shop\",\"item\":\"https:\/\/flexlan.com.br\/site\/?page_id=28271\"},{\"@type\":\"ListItem\",\"position\":3,\"name\":\"GABINETE GAMER HAYON RGB TAMPA DE VIDRO GB1700\"}]},{\"@type\":\"WebSite\",\"@id\":\"https:\/\/flexlan.com.br\/site\/#website\",\"url\":\"https:\/\/flexlan.com.br\/site\/\",\"name\":\"FLEXLAN Inform\u00e1tica\",\"description\":\"Suprimentos e Manuten\u00e7\u00e3o de Computadores e Notebooks\",\"publisher\":{\"@id\":\"https:\/\/flexlan.com.br\/site\/#organization\"},\"alternateName\":\"FLEXLAN Inform\u00e1tica\",\"potentialAction\":[{\"@type\":\"SearchAction\",\"target\":{\"@type\":\"EntryPoint\",\"urlTemplate\":\"https:\/\/flexlan.com.br\/site\/?s={search_term_string}\"},\"query-input\":\"required name=search_term_string\"}],\"inLanguage\":\"pt-BR\"},{\"@type\":\"Organization\",\"@id\":\"https:\/\/flexlan.com.br\/site\/#organization\",\"name\":\"Flexlan inform\u00e1tica\",\"alternateName\":\"Suprimentos e Manuten\u00e7\u00e3o de Computadores e Notebooks\",\"url\":\"https:\/\/flexlan.com.br\/site\/\",\"logo\":{\"@type\":\"ImageObject\",\"inLanguage\":\"pt-BR\",\"@id\":\"https:\/\/flexlan.com.br\/site\/#\/schema\/logo\/image\/\",\"url\":\"https:\/\/flexlan.com.br\/site\/wp-content\/uploads\/2022\/03\/Logo2022.png\",\"contentUrl\":\"https:\/\/flexlan.com.br\/site\/wp-content\/uploads\/2022\/03\/Logo2022.png\",\"width\":796,\"height\":228,\"caption\":\"Flexlan inform\u00e1tica\"},\"image\":{\"@id\":\"https:\/\/flexlan.com.br\/site\/#\/schema\/logo\/image\/\"},\"sameAs\":[\"https:\/\/www.facebook.com\/FlexLanInformatica\",\"https:\/\/instagram.com\/flexlan\"]}]}<\/script>\n<!-- \/ Yoast SEO plugin. -->","yoast_head_json":{"title":"GABINETE GAMER HAYON RGB TAMPA DE VIDRO GB1700 - FLEXLAN Inform\u00e1tica","description":"Suprimentos e Manuten\u00e7\u00e3o de Computadores e Notebooks","robots":{"index":"index","follow":"follow","max-snippet":"max-snippet:-1","max-image-preview":"max-image-preview:large","max-video-preview":"max-video-preview:-1"},"canonical":"https:\/\/flexlan.com.br\/site\/?product=gabinete-gamer-hayon-rgb-tampa-de-vidro-gb1700","og_locale":"pt_BR","og_type":"article","og_title":"GABINETE GAMER HAYON RGB TAMPA DE VIDRO GB1700 - FLEXLAN Inform\u00e1tica","og_description":"Suprimentos e Manuten\u00e7\u00e3o de Computadores e Notebooks","og_url":"https:\/\/flexlan.com.br\/site\/?product=gabinete-gamer-hayon-rgb-tampa-de-vidro-gb1700","og_site_name":"FLEXLAN Inform\u00e1tica","article_publisher":"https:\/\/www.facebook.com\/FlexLanInformatica","article_modified_time":"2021-04-25T14:44:48+00:00","og_image":[{"width":704,"height":807,"url":"https:\/\/i0.wp.com\/flexlan.com.br\/site\/wp-content\/uploads\/2020\/09\/GABINETE-GAMER-HAYON-RGB-TAMPA-DE-VIDEO-GB1700.jpg?fit=704%2C807&ssl=1","type":"image\/jpeg"}],"twitter_card":"summary_large_image","schema":{"@context":"https:\/\/schema.org","@graph":[{"@type":["WebPage","ItemPage"],"@id":"https:\/\/flexlan.com.br\/site\/?product=gabinete-gamer-hayon-rgb-tampa-de-vidro-gb1700","url":"https:\/\/flexlan.com.br\/site\/?product=gabinete-gamer-hayon-rgb-tampa-de-vidro-gb1700","name":"GABINETE GAMER HAYON RGB TAMPA DE VIDRO GB1700 - FLEXLAN Inform\u00e1tica","isPartOf":{"@id":"https:\/\/flexlan.com.br\/site\/#website"},"datePublished":"2020-09-11T01:53:39+00:00","dateModified":"2021-04-25T14:44:48+00:00","description":"Suprimentos e Manuten\u00e7\u00e3o de Computadores e Notebooks","breadcrumb":{"@id":"https:\/\/flexlan.com.br\/site\/?product=gabinete-gamer-hayon-rgb-tampa-de-vidro-gb1700#breadcrumb"},"inLanguage":"pt-BR","potentialAction":[{"@type":"ReadAction","target":["https:\/\/flexlan.com.br\/site\/?product=gabinete-gamer-hayon-rgb-tampa-de-vidro-gb1700"]}]},{"@type":"BreadcrumbList","@id":"https:\/\/flexlan.com.br\/site\/?product=gabinete-gamer-hayon-rgb-tampa-de-vidro-gb1700#breadcrumb","itemListElement":[{"@type":"ListItem","position":1,"name":"In\u00edcio","item":"https:\/\/flexlan.com.br\/site\/"},{"@type":"ListItem","position":2,"name":"Shop","item":"https:\/\/flexlan.com.br\/site\/?page_id=28271"},{"@type":"ListItem","position":3,"name":"GABINETE GAMER HAYON RGB TAMPA DE VIDRO GB1700"}]},{"@type":"WebSite","@id":"https:\/\/flexlan.com.br\/site\/#website","url":"https:\/\/flexlan.com.br\/site\/","name":"FLEXLAN Inform\u00e1tica","description":"Suprimentos e Manuten\u00e7\u00e3o de Computadores e Notebooks","publisher":{"@id":"https:\/\/flexlan.com.br\/site\/#organization"},"alternateName":"FLEXLAN Inform\u00e1tica","potentialAction":[{"@type":"SearchAction","target":{"@type":"EntryPoint","urlTemplate":"https:\/\/flexlan.com.br\/site\/?s={search_term_string}"},"query-input":"required name=search_term_string"}],"inLanguage":"pt-BR"},{"@type":"Organization","@id":"https:\/\/flexlan.com.br\/site\/#organization","name":"Flexlan inform\u00e1tica","alternateName":"Suprimentos e Manuten\u00e7\u00e3o de Computadores e Notebooks","url":"https:\/\/flexlan.com.br\/site\/","logo":{"@type":"ImageObject","inLanguage":"pt-BR","@id":"https:\/\/flexlan.com.br\/site\/#\/schema\/logo\/image\/","url":"https:\/\/flexlan.com.br\/site\/wp-content\/uploads\/2022\/03\/Logo2022.png","contentUrl":"https:\/\/flexlan.com.br\/site\/wp-content\/uploads\/2022\/03\/Logo2022.png","width":796,"height":228,"caption":"Flexlan inform\u00e1tica"},"image":{"@id":"https:\/\/flexlan.com.br\/site\/#\/schema\/logo\/image\/"},"sameAs":["https:\/\/www.facebook.com\/FlexLanInformatica","https:\/\/instagram.com\/flexlan"]}]}},"_links":{"self":[{"href":"https:\/\/flexlan.com.br\/site\/index.php?rest_route=\/wp\/v2\/product\/6892"}],"collection":[{"href":"https:\/\/flexlan.com.br\/site\/index.php?rest_route=\/wp\/v2\/product"}],"about":[{"href":"https:\/\/flexlan.com.br\/site\/index.php?rest_route=\/wp\/v2\/types\/product"}],"replies":[{"embeddable":true,"href":"https:\/\/flexlan.com.br\/site\/index.php?rest_route=%2Fwp%2Fv2%2Fcomments&post=6892"}],"wp:featuredmedia":[{"embeddable":true,"href":"https:\/\/flexlan.com.br\/site\/index.php?rest_route=\/wp\/v2\/media\/6893"}],"wp:attachment":[{"href":"https:\/\/flexlan.com.br\/site\/index.php?rest_route=%2Fwp%2Fv2%2Fmedia&parent=6892"}],"wp:term":[{"taxonomy":"product_cat","embeddable":true,"href":"https:\/\/flexlan.com.br\/site\/index.php?rest_route=%2Fwp%2Fv2%2Fproduct_cat&post=6892"},{"taxonomy":"product_tag","embeddable":true,"href":"https:\/\/flexlan.com.br\/site\/index.php?rest_route=%2Fwp%2Fv2%2Fproduct_tag&post=6892"}],"curies":[{"name":"wp","href":"https:\/\/api.w.org\/{rel}","templated":true}]}}