{"id":6545,"date":"2020-08-23T14:53:59","date_gmt":"2020-08-23T14:53:59","guid":{"rendered":"https:\/\/flexlan.com.br\/site\/?post_type=product&#038;p=6545"},"modified":"2022-01-07T16:32:57","modified_gmt":"2022-01-07T16:32:57","slug":"multifuncional-hp-laserjet-mfp-m135w-wifi","status":"publish","type":"product","link":"https:\/\/flexlan.com.br\/site\/?product=multifuncional-hp-laserjet-mfp-m135w-wifi","title":{"rendered":"MULTIFUNCIONAL HP LASERJET MFP M135W  WIFI"},"content":{"rendered":"<p>Especifica\u00e7\u00f5es<\/p>\n<p>Velocidade de impress\u00e3o A4: At\u00e9 20 ppm; Sa\u00edda da primeira p\u00e1gina, preto: Em at\u00e9 8,3 segundos<\/p>\n<p>Resolu\u00e7\u00e3o de impress\u00e3o Preto (Melhor): At\u00e9 1.200 x 1.200 dpi<\/p>\n<p>Tecnologia de impress\u00e3o: Laser com tecnologias de resolu\u00e7\u00e3o de impress\u00e3o ReCP<\/p>\n<p>Funcionalidades de Software Inteligente de Impressora: Frente e verso manual e impress\u00e3o de livretos, Impress\u00e3o N-up, Ignorar p\u00e1ginas em branco, impress\u00e3o<\/p>\n<p>Tipo de digitaliza\u00e7\u00e3o \/ Tecnologia: Base plana \/ Sensor de imagem por contato (contact image sensors &#8211; CIS)<\/p>\n<p>Resolu\u00e7\u00e3o da digitaliza\u00e7\u00e3o Hardware: At\u00e9 4800 x 4800 dpi; \u00d3tica: At\u00e9 600 x 600 dpi<\/p>\n<p>Formatos dos arquivos digitalizados O software de digitaliza\u00e7\u00e3o para Windows aceita os formatos de arquivo: PDF, JPG, TIFF, PNG, BMP<\/p>\n<p>Modos de Entrada para Digitaliza\u00e7\u00e3o: C\u00f3pia no painel frontal, software de digitaliza\u00e7\u00e3o para MFP HP, aplicativo do usu\u00e1rio via TWAIN ou WIA<\/p>\n<p>Tamanho da digitaliza\u00e7\u00e3o Base plana: 216 x 297 mm; 8.5 x 11.7 pol<\/p>\n<p>Fun\u00e7\u00f5es avan\u00e7adas do scanner: Digitalizar para WSD (apenas suporte \u00e0 rede); Digitaliza\u00e7\u00e3o de livro; Costura de p\u00f4ster para digitaliza\u00e7\u00e3o m\u00faltipla; Convers\u00e3o de texto; Digitalizar para E-Book; Arquivo existente para E-Book<\/p>\n<p>Profundidade de bits: 8 bits (monocrom\u00e1tico);<\/p>\n<p>N\u00edveis de escala de cinza: 16 bits (colorido) \/ 256<\/p>\n<p>Resolu\u00e7\u00e3o de c\u00f3pia Preto (textos e gr\u00e1ficos): At\u00e9 600 x 600 dpi<\/p>\n<p>N\u00famero M\u00e1ximo de C\u00f3pias: At\u00e9 99 c\u00f3pias<\/p>\n<p>Dimensionamento da Copiadora: 25 at\u00e9 400%<\/p>\n<p>Defini\u00e7\u00f5es de copiadora: C\u00f3pias; Tam. original; Reduzir\/ampliar; Intens. da imp.; Tipo original; Intercala\u00e7\u00e3o; 2 p\/ p\u00e1g.; 4 p\/ p\u00e1g.; C\u00f3pia de ID; Ajustar plano de fundo; Ajuste auto. de c\u00f3pia<\/p>\n<p>Conectividade padr\u00e3o: USB 2.0 de alta velocidade, 802.11 b\/g sem fio<\/p>\n<p>Capacidade sem fios: Wi-Fi 802.11 b\/g\/n incorporada<\/p>\n<p>Mem\u00f3ria Padr\u00e3o\/M\u00e1ximo: 128 MB<\/p>\n<p>Velocidade do processador: 600 MHz<\/p>\n<p>Ciclo de trabalho Mensal: A4: At\u00e9 10,000 p\u00e1ginas<\/p>\n<p>Volume mensal de p\u00e1ginas recomendado: 100 a 2.000 p\u00e1ginas<\/p>\n<p>Tipos de Suportes de Impress\u00e3o: comportados Simples, grosso, fino, algod\u00e3o, colorido, pr\u00e9-impresso, reciclado, etiquetas, papel cart\u00e3o, sulfite, arquivo, envelope<\/p>\n<p>Peso suportado da m\u00eddia 60 a 163 g\/m\u00b2<\/p>\n<p>Tamanhos de m\u00eddia suportados: A4; A5; A5(LEF); B5 (JIS); Of\u00edcio; Envelope (DL,C5)<\/p>\n<p>Tamanhos personalizados das m\u00eddias: 76 x 127 a 216 x 356 mm<\/p>\n<p>Suprimento para reposi\u00e7\u00e3o: Cartucho de toner laser HP 105A preto original W1105A (rendimento aproximado 1000 p\u00e1ginas)<\/p>\n<p>Conte\u00fado da caixa: 4ZB83A Multifuncional HP Laser 135W; Cartuchos de impress\u00e3o preto introdut\u00f3rio HP LaserJet; Guia de configura\u00e7\u00e3o; Guia de refer\u00eancia; Folheto de instru\u00e7\u00f5es regulamentares; Cabo de alimenta\u00e7\u00e3o. N\u00e3o inclui cabo USB<\/p>\n<p>Requisitos de Energia: Tens\u00e3o de entrada de 110 volts: 110 a 127 VCA, 50\/60 Hz<\/p>\n<p>Tipo de fonte de alimenta\u00e7\u00e3o: Fonte de alimenta\u00e7\u00e3o interna (integrada);<\/p>\n<p>Consumo de energia: Impress\u00e3o ativa: 300 watts, Pronta: 38 watts, Suspens\u00e3o: 1,9 watt, Desligamento manual: 0,2 watt, desligamento autom\u00e1tico\/ligar manualmente: 0,2 watt<\/p>\n<p>Garantia: 1 ano<\/p>\n","protected":false},"excerpt":{"rendered":"<p>Perfeita para voc\u00ea que imprime muito<br \/>\nObtenha o desempenho de produtividade da multifuncional a um pre\u00e7o acess\u00edvel. Imprima, digitalize e copie, produza resultados de alta qualidade e imprima e digitalize a partir de seu telefone.<\/p>\n","protected":false},"featured_media":6546,"comment_status":"open","ping_status":"closed","template":"","meta":{"site-sidebar-layout":"default","site-content-layout":"","ast-site-content-layout":"","site-content-style":"default","site-sidebar-style":"default","ast-global-header-display":"","ast-banner-title-visibility":"","ast-main-header-display":"","ast-hfb-above-header-display":"","ast-hfb-below-header-display":"","ast-hfb-mobile-header-display":"","site-post-title":"","ast-breadcrumbs-content":"","ast-featured-img":"","footer-sml-layout":"","theme-transparent-header-meta":"","adv-header-id-meta":"","stick-header-meta":"","header-above-stick-meta":"","header-main-stick-meta":"","header-below-stick-meta":"","astra-migrate-meta-layouts":""},"product_cat":[22,46],"product_tag":[],"yoast_head":"<!-- This site is optimized with the Yoast SEO plugin v21.1 - https:\/\/yoast.com\/wordpress\/plugins\/seo\/ -->\n<title>MULTIFUNCIONAL HP LASERJET MFP M135W WIFI - FLEXLAN Inform\u00e1tica<\/title>\n<meta name=\"description\" content=\"Suprimentos e Manuten\u00e7\u00e3o de Computadores e Notebooks\" \/>\n<meta name=\"robots\" content=\"index, follow, max-snippet:-1, max-image-preview:large, max-video-preview:-1\" \/>\n<link rel=\"canonical\" href=\"https:\/\/flexlan.com.br\/site\/?product=multifuncional-hp-laserjet-mfp-m135w-wifi\" \/>\n<meta property=\"og:locale\" content=\"pt_BR\" \/>\n<meta property=\"og:type\" content=\"article\" \/>\n<meta property=\"og:title\" content=\"MULTIFUNCIONAL HP LASERJET MFP M135W WIFI - FLEXLAN Inform\u00e1tica\" \/>\n<meta property=\"og:description\" content=\"Suprimentos e Manuten\u00e7\u00e3o de Computadores e Notebooks\" \/>\n<meta property=\"og:url\" content=\"https:\/\/flexlan.com.br\/site\/?product=multifuncional-hp-laserjet-mfp-m135w-wifi\" \/>\n<meta property=\"og:site_name\" content=\"FLEXLAN Inform\u00e1tica\" \/>\n<meta property=\"article:publisher\" content=\"https:\/\/www.facebook.com\/FlexLanInformatica\" \/>\n<meta property=\"article:modified_time\" content=\"2022-01-07T16:32:57+00:00\" \/>\n<meta property=\"og:image\" content=\"https:\/\/i0.wp.com\/flexlan.com.br\/site\/wp-content\/uploads\/2020\/08\/MULTIFUNCIONAL-HP-LASERJET-MFP-M135W-WIFI.jpg?fit=787%2C787&ssl=1\" \/>\n\t<meta property=\"og:image:width\" content=\"787\" \/>\n\t<meta property=\"og:image:height\" content=\"787\" \/>\n\t<meta property=\"og:image:type\" content=\"image\/jpeg\" \/>\n<meta name=\"twitter:card\" content=\"summary_large_image\" \/>\n<meta name=\"twitter:label1\" content=\"Est. tempo de leitura\" \/>\n\t<meta name=\"twitter:data1\" content=\"2 minutos\" \/>\n<script type=\"application\/ld+json\" class=\"yoast-schema-graph\">{\"@context\":\"https:\/\/schema.org\",\"@graph\":[{\"@type\":[\"WebPage\",\"ItemPage\"],\"@id\":\"https:\/\/flexlan.com.br\/site\/?product=multifuncional-hp-laserjet-mfp-m135w-wifi\",\"url\":\"https:\/\/flexlan.com.br\/site\/?product=multifuncional-hp-laserjet-mfp-m135w-wifi\",\"name\":\"MULTIFUNCIONAL HP LASERJET MFP M135W WIFI - FLEXLAN Inform\u00e1tica\",\"isPartOf\":{\"@id\":\"https:\/\/flexlan.com.br\/site\/#website\"},\"datePublished\":\"2020-08-23T14:53:59+00:00\",\"dateModified\":\"2022-01-07T16:32:57+00:00\",\"description\":\"Suprimentos e Manuten\u00e7\u00e3o de Computadores e Notebooks\",\"breadcrumb\":{\"@id\":\"https:\/\/flexlan.com.br\/site\/?product=multifuncional-hp-laserjet-mfp-m135w-wifi#breadcrumb\"},\"inLanguage\":\"pt-BR\",\"potentialAction\":[{\"@type\":\"ReadAction\",\"target\":[\"https:\/\/flexlan.com.br\/site\/?product=multifuncional-hp-laserjet-mfp-m135w-wifi\"]}]},{\"@type\":\"BreadcrumbList\",\"@id\":\"https:\/\/flexlan.com.br\/site\/?product=multifuncional-hp-laserjet-mfp-m135w-wifi#breadcrumb\",\"itemListElement\":[{\"@type\":\"ListItem\",\"position\":1,\"name\":\"In\u00edcio\",\"item\":\"https:\/\/flexlan.com.br\/site\/\"},{\"@type\":\"ListItem\",\"position\":2,\"name\":\"Shop\",\"item\":\"https:\/\/flexlan.com.br\/site\/?page_id=28271\"},{\"@type\":\"ListItem\",\"position\":3,\"name\":\"MULTIFUNCIONAL HP LASERJET MFP M135W WIFI\"}]},{\"@type\":\"WebSite\",\"@id\":\"https:\/\/flexlan.com.br\/site\/#website\",\"url\":\"https:\/\/flexlan.com.br\/site\/\",\"name\":\"FLEXLAN Inform\u00e1tica\",\"description\":\"Suprimentos e Manuten\u00e7\u00e3o de Computadores e Notebooks\",\"publisher\":{\"@id\":\"https:\/\/flexlan.com.br\/site\/#organization\"},\"alternateName\":\"FLEXLAN Inform\u00e1tica\",\"potentialAction\":[{\"@type\":\"SearchAction\",\"target\":{\"@type\":\"EntryPoint\",\"urlTemplate\":\"https:\/\/flexlan.com.br\/site\/?s={search_term_string}\"},\"query-input\":\"required name=search_term_string\"}],\"inLanguage\":\"pt-BR\"},{\"@type\":\"Organization\",\"@id\":\"https:\/\/flexlan.com.br\/site\/#organization\",\"name\":\"Flexlan inform\u00e1tica\",\"alternateName\":\"Suprimentos e Manuten\u00e7\u00e3o de Computadores e Notebooks\",\"url\":\"https:\/\/flexlan.com.br\/site\/\",\"logo\":{\"@type\":\"ImageObject\",\"inLanguage\":\"pt-BR\",\"@id\":\"https:\/\/flexlan.com.br\/site\/#\/schema\/logo\/image\/\",\"url\":\"https:\/\/flexlan.com.br\/site\/wp-content\/uploads\/2022\/03\/Logo2022.png\",\"contentUrl\":\"https:\/\/flexlan.com.br\/site\/wp-content\/uploads\/2022\/03\/Logo2022.png\",\"width\":796,\"height\":228,\"caption\":\"Flexlan inform\u00e1tica\"},\"image\":{\"@id\":\"https:\/\/flexlan.com.br\/site\/#\/schema\/logo\/image\/\"},\"sameAs\":[\"https:\/\/www.facebook.com\/FlexLanInformatica\",\"https:\/\/instagram.com\/flexlan\"]}]}<\/script>\n<!-- \/ Yoast SEO plugin. -->","yoast_head_json":{"title":"MULTIFUNCIONAL HP LASERJET MFP M135W WIFI - FLEXLAN Inform\u00e1tica","description":"Suprimentos e Manuten\u00e7\u00e3o de Computadores e Notebooks","robots":{"index":"index","follow":"follow","max-snippet":"max-snippet:-1","max-image-preview":"max-image-preview:large","max-video-preview":"max-video-preview:-1"},"canonical":"https:\/\/flexlan.com.br\/site\/?product=multifuncional-hp-laserjet-mfp-m135w-wifi","og_locale":"pt_BR","og_type":"article","og_title":"MULTIFUNCIONAL HP LASERJET MFP M135W WIFI - FLEXLAN Inform\u00e1tica","og_description":"Suprimentos e Manuten\u00e7\u00e3o de Computadores e Notebooks","og_url":"https:\/\/flexlan.com.br\/site\/?product=multifuncional-hp-laserjet-mfp-m135w-wifi","og_site_name":"FLEXLAN Inform\u00e1tica","article_publisher":"https:\/\/www.facebook.com\/FlexLanInformatica","article_modified_time":"2022-01-07T16:32:57+00:00","og_image":[{"width":787,"height":787,"url":"https:\/\/i0.wp.com\/flexlan.com.br\/site\/wp-content\/uploads\/2020\/08\/MULTIFUNCIONAL-HP-LASERJET-MFP-M135W-WIFI.jpg?fit=787%2C787&ssl=1","type":"image\/jpeg"}],"twitter_card":"summary_large_image","twitter_misc":{"Est. tempo de leitura":"2 minutos"},"schema":{"@context":"https:\/\/schema.org","@graph":[{"@type":["WebPage","ItemPage"],"@id":"https:\/\/flexlan.com.br\/site\/?product=multifuncional-hp-laserjet-mfp-m135w-wifi","url":"https:\/\/flexlan.com.br\/site\/?product=multifuncional-hp-laserjet-mfp-m135w-wifi","name":"MULTIFUNCIONAL HP LASERJET MFP M135W WIFI - FLEXLAN Inform\u00e1tica","isPartOf":{"@id":"https:\/\/flexlan.com.br\/site\/#website"},"datePublished":"2020-08-23T14:53:59+00:00","dateModified":"2022-01-07T16:32:57+00:00","description":"Suprimentos e Manuten\u00e7\u00e3o de Computadores e Notebooks","breadcrumb":{"@id":"https:\/\/flexlan.com.br\/site\/?product=multifuncional-hp-laserjet-mfp-m135w-wifi#breadcrumb"},"inLanguage":"pt-BR","potentialAction":[{"@type":"ReadAction","target":["https:\/\/flexlan.com.br\/site\/?product=multifuncional-hp-laserjet-mfp-m135w-wifi"]}]},{"@type":"BreadcrumbList","@id":"https:\/\/flexlan.com.br\/site\/?product=multifuncional-hp-laserjet-mfp-m135w-wifi#breadcrumb","itemListElement":[{"@type":"ListItem","position":1,"name":"In\u00edcio","item":"https:\/\/flexlan.com.br\/site\/"},{"@type":"ListItem","position":2,"name":"Shop","item":"https:\/\/flexlan.com.br\/site\/?page_id=28271"},{"@type":"ListItem","position":3,"name":"MULTIFUNCIONAL HP LASERJET MFP M135W WIFI"}]},{"@type":"WebSite","@id":"https:\/\/flexlan.com.br\/site\/#website","url":"https:\/\/flexlan.com.br\/site\/","name":"FLEXLAN Inform\u00e1tica","description":"Suprimentos e Manuten\u00e7\u00e3o de Computadores e Notebooks","publisher":{"@id":"https:\/\/flexlan.com.br\/site\/#organization"},"alternateName":"FLEXLAN Inform\u00e1tica","potentialAction":[{"@type":"SearchAction","target":{"@type":"EntryPoint","urlTemplate":"https:\/\/flexlan.com.br\/site\/?s={search_term_string}"},"query-input":"required name=search_term_string"}],"inLanguage":"pt-BR"},{"@type":"Organization","@id":"https:\/\/flexlan.com.br\/site\/#organization","name":"Flexlan inform\u00e1tica","alternateName":"Suprimentos e Manuten\u00e7\u00e3o de Computadores e Notebooks","url":"https:\/\/flexlan.com.br\/site\/","logo":{"@type":"ImageObject","inLanguage":"pt-BR","@id":"https:\/\/flexlan.com.br\/site\/#\/schema\/logo\/image\/","url":"https:\/\/flexlan.com.br\/site\/wp-content\/uploads\/2022\/03\/Logo2022.png","contentUrl":"https:\/\/flexlan.com.br\/site\/wp-content\/uploads\/2022\/03\/Logo2022.png","width":796,"height":228,"caption":"Flexlan inform\u00e1tica"},"image":{"@id":"https:\/\/flexlan.com.br\/site\/#\/schema\/logo\/image\/"},"sameAs":["https:\/\/www.facebook.com\/FlexLanInformatica","https:\/\/instagram.com\/flexlan"]}]}},"_links":{"self":[{"href":"https:\/\/flexlan.com.br\/site\/index.php?rest_route=\/wp\/v2\/product\/6545"}],"collection":[{"href":"https:\/\/flexlan.com.br\/site\/index.php?rest_route=\/wp\/v2\/product"}],"about":[{"href":"https:\/\/flexlan.com.br\/site\/index.php?rest_route=\/wp\/v2\/types\/product"}],"replies":[{"embeddable":true,"href":"https:\/\/flexlan.com.br\/site\/index.php?rest_route=%2Fwp%2Fv2%2Fcomments&post=6545"}],"wp:featuredmedia":[{"embeddable":true,"href":"https:\/\/flexlan.com.br\/site\/index.php?rest_route=\/wp\/v2\/media\/6546"}],"wp:attachment":[{"href":"https:\/\/flexlan.com.br\/site\/index.php?rest_route=%2Fwp%2Fv2%2Fmedia&parent=6545"}],"wp:term":[{"taxonomy":"product_cat","embeddable":true,"href":"https:\/\/flexlan.com.br\/site\/index.php?rest_route=%2Fwp%2Fv2%2Fproduct_cat&post=6545"},{"taxonomy":"product_tag","embeddable":true,"href":"https:\/\/flexlan.com.br\/site\/index.php?rest_route=%2Fwp%2Fv2%2Fproduct_tag&post=6545"}],"curies":[{"name":"wp","href":"https:\/\/api.w.org\/{rel}","templated":true}]}}