{"id":610,"date":"2019-10-27T00:12:49","date_gmt":"2019-10-27T03:12:49","guid":{"rendered":"https:\/\/flexlan.com.br\/site\/?post_type=product&#038;p=610"},"modified":"2023-10-31T13:47:10","modified_gmt":"2023-10-31T16:47:10","slug":"kit-tecladomouse-logitech-mk235-sem-fio","status":"publish","type":"product","link":"https:\/\/flexlan.com.br\/site\/?product=kit-tecladomouse-logitech-mk235-sem-fio","title":{"rendered":"TECLADO+MOUSE LOGITECH  MK235 SEM FIO"},"content":{"rendered":"<p><strong>ESPECIFICA\u00c7\u00d5ES T\u00c9CNICAS<\/strong><\/p>\n<p>&#8211; Marca: Logitech<\/p>\n<p>&#8211; Modelo: MK235<\/p>\n<p>&nbsp;<\/p>\n<p><strong>Especifica\u00e7\u00f5es:<\/strong><\/p>\n<p>&#8211; Tipo de conex\u00e3o: Protocolo Logitech n\u00e3o unifying (2.4GHz) com receptor Nano USB<\/p>\n<p>&#8211; Alcance sem fio: 10 metros (33 p\u00e9s)<\/p>\n<p>&#8211; Criptografia sem fio Padr\u00e3o de criptografia avan\u00e7ado de 128 bits (AES) entre dispositivos e receptor<\/p>\n<p>&#8211; Suporte de software: Logitech SetPoint<\/p>\n<p>&nbsp;<\/p>\n<p><strong>Teclado:<\/strong><\/p>\n<p>&#8211; Teclas de perfil baixo<\/p>\n<p>&#8211; Altura do teclado ajust\u00e1vel<\/p>\n<p>&#8211; Bateria: 2 x AAA<\/p>\n<p>&#8211; Dura\u00e7\u00e3o das pilhas (n\u00e3o recarreg\u00e1vel): 36 meses<\/p>\n<p>&#8211; Layout ABNT 2<\/p>\n<p>&#8211; Teclas especiais: 15 teclas de fun\u00e7\u00e3o acess\u00edveis com a tecla \u201cfn\u201d<\/p>\n<p><strong>Mouse:<\/strong><\/p>\n<p>&#8211; Conectar\/Energia: Bot\u00e3o de ligar\/desligar<\/p>\n<p>&#8211; Tecnologia do sensor: Rastreamento \u00f3ptico avan\u00e7ado<\/p>\n<p>&#8211; Bateria: 1 x AA<\/p>\n<p>&#8211; Dura\u00e7\u00e3o das pilhas (n\u00e3o recarreg\u00e1vel): 12 meses<\/p>\n<p><strong>Requisitos do sistema:<\/strong><\/p>\n<p>&#8211; Windows\u00ae 7, Windows 8, Windows 10 ou posterior<\/p>\n<p>&#8211; Chrome OS&#x2122;<\/p>\n<p>&#8211; Linux\u00ae de kernel 2.6+<\/p>\n<p>&#8211; Porta USB<\/p>\n<p>&nbsp;<\/p>\n<p><strong>Conte\u00fado da embalagem:<\/strong><\/p>\n<p>&#8211; Teclado<\/p>\n<p>&#8211; Mouse<\/p>\n<p>&#8211; Receptor sem fio<\/p>\n<p>&#8211; Documenta\u00e7\u00f5es do usu\u00e1rio<\/p>\n<p>&#8211; 2 pilhas AAA para teclado<\/p>\n<p>&#8211; 1 AA bacteria para mouse<\/p>\n<p>Garantia<br \/>\n12 meses de garantia<\/p>\n","protected":false},"excerpt":{"rendered":"<p>TECLADO E MOUSE LOGITECH MK 235 SEM FIO, RESISTENTE \u00c0 \u00c1GUA CINZA ABNT2.<\/p>\n<p>Constru\u00e7\u00e3o dur\u00e1vel com suportes m\u00f3veis e design \u00e0 prova de derramamentos. Tratamento antidesgaste nas teclas para nunca perder o desenho das letras nas teclas.<\/p>\n","protected":false},"featured_media":611,"comment_status":"open","ping_status":"closed","template":"","meta":{"site-sidebar-layout":"default","site-content-layout":"default","ast-site-content-layout":"","site-content-style":"default","site-sidebar-style":"default","ast-global-header-display":"","ast-banner-title-visibility":"","ast-main-header-display":"","ast-hfb-above-header-display":"","ast-hfb-below-header-display":"","ast-hfb-mobile-header-display":"","site-post-title":"","ast-breadcrumbs-content":"","ast-featured-img":"","footer-sml-layout":"","theme-transparent-header-meta":"default","adv-header-id-meta":"","stick-header-meta":"","header-above-stick-meta":"","header-main-stick-meta":"","header-below-stick-meta":"","astra-migrate-meta-layouts":""},"product_cat":[52,53],"product_tag":[],"yoast_head":"<!-- This site is optimized with the Yoast SEO plugin v21.1 - https:\/\/yoast.com\/wordpress\/plugins\/seo\/ -->\n<title>TECLADO+MOUSE LOGITECH MK235 SEM FIO - FLEXLAN Inform\u00e1tica<\/title>\n<meta name=\"description\" content=\"Suprimentos e Manuten\u00e7\u00e3o de Computadores e Notebooks\" \/>\n<meta name=\"robots\" content=\"index, follow, max-snippet:-1, max-image-preview:large, max-video-preview:-1\" \/>\n<link rel=\"canonical\" href=\"https:\/\/flexlan.com.br\/site\/?product=kit-tecladomouse-logitech-mk235-sem-fio\" \/>\n<meta property=\"og:locale\" content=\"pt_BR\" \/>\n<meta property=\"og:type\" content=\"article\" \/>\n<meta property=\"og:title\" content=\"TECLADO+MOUSE LOGITECH MK235 SEM FIO - FLEXLAN Inform\u00e1tica\" \/>\n<meta property=\"og:description\" content=\"Suprimentos e Manuten\u00e7\u00e3o de Computadores e Notebooks\" \/>\n<meta property=\"og:url\" content=\"https:\/\/flexlan.com.br\/site\/?product=kit-tecladomouse-logitech-mk235-sem-fio\" \/>\n<meta property=\"og:site_name\" content=\"FLEXLAN Inform\u00e1tica\" \/>\n<meta property=\"article:publisher\" content=\"https:\/\/www.facebook.com\/FlexLanInformatica\" \/>\n<meta property=\"article:modified_time\" content=\"2023-10-31T16:47:10+00:00\" \/>\n<meta property=\"og:image\" content=\"https:\/\/flexlan.com.br\/site\/wp-content\/uploads\/2019\/10\/KIT-TECLADOMOUSE-LOGITECH-MK235-SEM-FIO.jpg\" \/>\n\t<meta property=\"og:image:width\" content=\"1000\" \/>\n\t<meta property=\"og:image:height\" content=\"1000\" \/>\n\t<meta property=\"og:image:type\" content=\"image\/jpeg\" \/>\n<meta name=\"twitter:card\" content=\"summary_large_image\" \/>\n<meta name=\"twitter:label1\" content=\"Est. tempo de leitura\" \/>\n\t<meta name=\"twitter:data1\" content=\"1 minuto\" \/>\n<script type=\"application\/ld+json\" class=\"yoast-schema-graph\">{\"@context\":\"https:\/\/schema.org\",\"@graph\":[{\"@type\":[\"WebPage\",\"ItemPage\"],\"@id\":\"https:\/\/flexlan.com.br\/site\/?product=kit-tecladomouse-logitech-mk235-sem-fio\",\"url\":\"https:\/\/flexlan.com.br\/site\/?product=kit-tecladomouse-logitech-mk235-sem-fio\",\"name\":\"TECLADO+MOUSE LOGITECH MK235 SEM FIO - FLEXLAN Inform\u00e1tica\",\"isPartOf\":{\"@id\":\"https:\/\/flexlan.com.br\/site\/#website\"},\"datePublished\":\"2019-10-27T03:12:49+00:00\",\"dateModified\":\"2023-10-31T16:47:10+00:00\",\"description\":\"Suprimentos e Manuten\u00e7\u00e3o de Computadores e Notebooks\",\"breadcrumb\":{\"@id\":\"https:\/\/flexlan.com.br\/site\/?product=kit-tecladomouse-logitech-mk235-sem-fio#breadcrumb\"},\"inLanguage\":\"pt-BR\",\"potentialAction\":[{\"@type\":\"ReadAction\",\"target\":[\"https:\/\/flexlan.com.br\/site\/?product=kit-tecladomouse-logitech-mk235-sem-fio\"]}]},{\"@type\":\"BreadcrumbList\",\"@id\":\"https:\/\/flexlan.com.br\/site\/?product=kit-tecladomouse-logitech-mk235-sem-fio#breadcrumb\",\"itemListElement\":[{\"@type\":\"ListItem\",\"position\":1,\"name\":\"In\u00edcio\",\"item\":\"https:\/\/flexlan.com.br\/site\/\"},{\"@type\":\"ListItem\",\"position\":2,\"name\":\"Shop\",\"item\":\"https:\/\/flexlan.com.br\/site\/?page_id=28271\"},{\"@type\":\"ListItem\",\"position\":3,\"name\":\"TECLADO+MOUSE LOGITECH MK235 SEM FIO\"}]},{\"@type\":\"WebSite\",\"@id\":\"https:\/\/flexlan.com.br\/site\/#website\",\"url\":\"https:\/\/flexlan.com.br\/site\/\",\"name\":\"FLEXLAN Inform\u00e1tica\",\"description\":\"Suprimentos e Manuten\u00e7\u00e3o de Computadores e Notebooks\",\"publisher\":{\"@id\":\"https:\/\/flexlan.com.br\/site\/#organization\"},\"alternateName\":\"FLEXLAN Inform\u00e1tica\",\"potentialAction\":[{\"@type\":\"SearchAction\",\"target\":{\"@type\":\"EntryPoint\",\"urlTemplate\":\"https:\/\/flexlan.com.br\/site\/?s={search_term_string}\"},\"query-input\":\"required name=search_term_string\"}],\"inLanguage\":\"pt-BR\"},{\"@type\":\"Organization\",\"@id\":\"https:\/\/flexlan.com.br\/site\/#organization\",\"name\":\"Flexlan inform\u00e1tica\",\"alternateName\":\"Suprimentos e Manuten\u00e7\u00e3o de Computadores e Notebooks\",\"url\":\"https:\/\/flexlan.com.br\/site\/\",\"logo\":{\"@type\":\"ImageObject\",\"inLanguage\":\"pt-BR\",\"@id\":\"https:\/\/flexlan.com.br\/site\/#\/schema\/logo\/image\/\",\"url\":\"https:\/\/flexlan.com.br\/site\/wp-content\/uploads\/2022\/03\/Logo2022.png\",\"contentUrl\":\"https:\/\/flexlan.com.br\/site\/wp-content\/uploads\/2022\/03\/Logo2022.png\",\"width\":796,\"height\":228,\"caption\":\"Flexlan inform\u00e1tica\"},\"image\":{\"@id\":\"https:\/\/flexlan.com.br\/site\/#\/schema\/logo\/image\/\"},\"sameAs\":[\"https:\/\/www.facebook.com\/FlexLanInformatica\",\"https:\/\/instagram.com\/flexlan\"]}]}<\/script>\n<!-- \/ Yoast SEO plugin. -->","yoast_head_json":{"title":"TECLADO+MOUSE LOGITECH MK235 SEM FIO - FLEXLAN Inform\u00e1tica","description":"Suprimentos e Manuten\u00e7\u00e3o de Computadores e Notebooks","robots":{"index":"index","follow":"follow","max-snippet":"max-snippet:-1","max-image-preview":"max-image-preview:large","max-video-preview":"max-video-preview:-1"},"canonical":"https:\/\/flexlan.com.br\/site\/?product=kit-tecladomouse-logitech-mk235-sem-fio","og_locale":"pt_BR","og_type":"article","og_title":"TECLADO+MOUSE LOGITECH MK235 SEM FIO - FLEXLAN Inform\u00e1tica","og_description":"Suprimentos e Manuten\u00e7\u00e3o de Computadores e Notebooks","og_url":"https:\/\/flexlan.com.br\/site\/?product=kit-tecladomouse-logitech-mk235-sem-fio","og_site_name":"FLEXLAN Inform\u00e1tica","article_publisher":"https:\/\/www.facebook.com\/FlexLanInformatica","article_modified_time":"2023-10-31T16:47:10+00:00","og_image":[{"width":1000,"height":1000,"url":"https:\/\/flexlan.com.br\/site\/wp-content\/uploads\/2019\/10\/KIT-TECLADOMOUSE-LOGITECH-MK235-SEM-FIO.jpg","type":"image\/jpeg"}],"twitter_card":"summary_large_image","twitter_misc":{"Est. tempo de leitura":"1 minuto"},"schema":{"@context":"https:\/\/schema.org","@graph":[{"@type":["WebPage","ItemPage"],"@id":"https:\/\/flexlan.com.br\/site\/?product=kit-tecladomouse-logitech-mk235-sem-fio","url":"https:\/\/flexlan.com.br\/site\/?product=kit-tecladomouse-logitech-mk235-sem-fio","name":"TECLADO+MOUSE LOGITECH MK235 SEM FIO - FLEXLAN Inform\u00e1tica","isPartOf":{"@id":"https:\/\/flexlan.com.br\/site\/#website"},"datePublished":"2019-10-27T03:12:49+00:00","dateModified":"2023-10-31T16:47:10+00:00","description":"Suprimentos e Manuten\u00e7\u00e3o de Computadores e Notebooks","breadcrumb":{"@id":"https:\/\/flexlan.com.br\/site\/?product=kit-tecladomouse-logitech-mk235-sem-fio#breadcrumb"},"inLanguage":"pt-BR","potentialAction":[{"@type":"ReadAction","target":["https:\/\/flexlan.com.br\/site\/?product=kit-tecladomouse-logitech-mk235-sem-fio"]}]},{"@type":"BreadcrumbList","@id":"https:\/\/flexlan.com.br\/site\/?product=kit-tecladomouse-logitech-mk235-sem-fio#breadcrumb","itemListElement":[{"@type":"ListItem","position":1,"name":"In\u00edcio","item":"https:\/\/flexlan.com.br\/site\/"},{"@type":"ListItem","position":2,"name":"Shop","item":"https:\/\/flexlan.com.br\/site\/?page_id=28271"},{"@type":"ListItem","position":3,"name":"TECLADO+MOUSE LOGITECH MK235 SEM FIO"}]},{"@type":"WebSite","@id":"https:\/\/flexlan.com.br\/site\/#website","url":"https:\/\/flexlan.com.br\/site\/","name":"FLEXLAN Inform\u00e1tica","description":"Suprimentos e Manuten\u00e7\u00e3o de Computadores e Notebooks","publisher":{"@id":"https:\/\/flexlan.com.br\/site\/#organization"},"alternateName":"FLEXLAN Inform\u00e1tica","potentialAction":[{"@type":"SearchAction","target":{"@type":"EntryPoint","urlTemplate":"https:\/\/flexlan.com.br\/site\/?s={search_term_string}"},"query-input":"required name=search_term_string"}],"inLanguage":"pt-BR"},{"@type":"Organization","@id":"https:\/\/flexlan.com.br\/site\/#organization","name":"Flexlan inform\u00e1tica","alternateName":"Suprimentos e Manuten\u00e7\u00e3o de Computadores e Notebooks","url":"https:\/\/flexlan.com.br\/site\/","logo":{"@type":"ImageObject","inLanguage":"pt-BR","@id":"https:\/\/flexlan.com.br\/site\/#\/schema\/logo\/image\/","url":"https:\/\/flexlan.com.br\/site\/wp-content\/uploads\/2022\/03\/Logo2022.png","contentUrl":"https:\/\/flexlan.com.br\/site\/wp-content\/uploads\/2022\/03\/Logo2022.png","width":796,"height":228,"caption":"Flexlan inform\u00e1tica"},"image":{"@id":"https:\/\/flexlan.com.br\/site\/#\/schema\/logo\/image\/"},"sameAs":["https:\/\/www.facebook.com\/FlexLanInformatica","https:\/\/instagram.com\/flexlan"]}]}},"_links":{"self":[{"href":"https:\/\/flexlan.com.br\/site\/index.php?rest_route=\/wp\/v2\/product\/610"}],"collection":[{"href":"https:\/\/flexlan.com.br\/site\/index.php?rest_route=\/wp\/v2\/product"}],"about":[{"href":"https:\/\/flexlan.com.br\/site\/index.php?rest_route=\/wp\/v2\/types\/product"}],"replies":[{"embeddable":true,"href":"https:\/\/flexlan.com.br\/site\/index.php?rest_route=%2Fwp%2Fv2%2Fcomments&post=610"}],"wp:featuredmedia":[{"embeddable":true,"href":"https:\/\/flexlan.com.br\/site\/index.php?rest_route=\/wp\/v2\/media\/611"}],"wp:attachment":[{"href":"https:\/\/flexlan.com.br\/site\/index.php?rest_route=%2Fwp%2Fv2%2Fmedia&parent=610"}],"wp:term":[{"taxonomy":"product_cat","embeddable":true,"href":"https:\/\/flexlan.com.br\/site\/index.php?rest_route=%2Fwp%2Fv2%2Fproduct_cat&post=610"},{"taxonomy":"product_tag","embeddable":true,"href":"https:\/\/flexlan.com.br\/site\/index.php?rest_route=%2Fwp%2Fv2%2Fproduct_tag&post=610"}],"curies":[{"name":"wp","href":"https:\/\/api.w.org\/{rel}","templated":true}]}}