{"id":4860,"date":"2020-05-19T13:34:14","date_gmt":"2020-05-19T13:34:14","guid":{"rendered":"https:\/\/flexlan.com.br\/site\/?post_type=product&#038;p=4860"},"modified":"2021-12-13T18:17:40","modified_gmt":"2021-12-13T18:17:40","slug":"cooler-p-processador-cooler-master-standard-i30-lga-1156-1155-1151-1150","status":"publish","type":"product","link":"https:\/\/flexlan.com.br\/site\/?product=cooler-p-processador-cooler-master-standard-i30-lga-1156-1155-1151-1150","title":{"rendered":"COOLER P\/ PROCESSADOR COOLER MASTER  I30 (LGA 1156\/ 1155\/ 1151\/ 1150)"},"content":{"rendered":"<p>Especifica\u00e7\u00f5es:<\/p>\n<p>Nome do Produto<br \/>\nI30<\/p>\n<p>N\u00famero do Modelo<br \/>\nRH-I30-26FK-R1<\/p>\n<p>Soquete da CPU<br \/>\nSoquete Intel\u00ae LGA 1156\/1155\/1151\/1150<\/p>\n<p>Material<br \/>\nAlum\u00ednio<\/p>\n<p>Dimens\u00e3o<br \/>\n95 x 95 x 55 mm<\/p>\n<p>Dimens\u00f5es do Ventilador<br \/>\n92 x 92 x 25 mm<\/p>\n<p>Velocidade do ventilador<br \/>\n2.600 RPM \u00b1 10%<\/p>\n<p>Fluxo de ar<br \/>\n31 CFM \u00b1 10%<\/p>\n<p>Press\u00e3o do ar<br \/>\n2,21 mm H2O \u00b1 10%<\/p>\n<p>N\u00edvel de ru\u00eddo<br \/>\n28 dBA (m\u00e1x.)<\/p>\n<p>Conector do ventilador<br \/>\n3 pinos<\/p>\n<p>Consumo de energia<br \/>\n1,56 W<\/p>\n","protected":false},"excerpt":{"rendered":"<p>O i30 \u00e9 um refrigerador de ar rec\u00e9m-projetado que \u00e9 compat\u00edvel com os soquetes Intel LGA 115X.<\/p>\n<p>O design super fino de 60 mm se ajusta perfeitamente aos sistemas All-in-One ou aos com pouco espa\u00e7o interno.<\/p>\n","protected":false},"featured_media":4861,"comment_status":"open","ping_status":"closed","template":"","meta":{"site-sidebar-layout":"default","site-content-layout":"","ast-site-content-layout":"","site-content-style":"default","site-sidebar-style":"default","ast-global-header-display":"","ast-banner-title-visibility":"","ast-main-header-display":"","ast-hfb-above-header-display":"","ast-hfb-below-header-display":"","ast-hfb-mobile-header-display":"","site-post-title":"","ast-breadcrumbs-content":"","ast-featured-img":"","footer-sml-layout":"","theme-transparent-header-meta":"","adv-header-id-meta":"","stick-header-meta":"","header-above-stick-meta":"","header-main-stick-meta":"","header-below-stick-meta":"","astra-migrate-meta-layouts":""},"product_cat":[52,58],"product_tag":[],"yoast_head":"<!-- This site is optimized with the Yoast SEO plugin v21.1 - https:\/\/yoast.com\/wordpress\/plugins\/seo\/ -->\n<title>COOLER P\/ PROCESSADOR COOLER MASTER I30 (LGA 1156\/ 1155\/ 1151\/ 1150) - FLEXLAN Inform\u00e1tica<\/title>\n<meta name=\"description\" content=\"Suprimentos e Manuten\u00e7\u00e3o de Computadores e Notebooks\" \/>\n<meta name=\"robots\" content=\"index, follow, max-snippet:-1, max-image-preview:large, max-video-preview:-1\" \/>\n<link rel=\"canonical\" href=\"https:\/\/flexlan.com.br\/site\/?product=cooler-p-processador-cooler-master-standard-i30-lga-1156-1155-1151-1150\" \/>\n<meta property=\"og:locale\" content=\"pt_BR\" \/>\n<meta property=\"og:type\" content=\"article\" \/>\n<meta property=\"og:title\" content=\"COOLER P\/ PROCESSADOR COOLER MASTER I30 (LGA 1156\/ 1155\/ 1151\/ 1150) - FLEXLAN Inform\u00e1tica\" \/>\n<meta property=\"og:description\" content=\"Suprimentos e Manuten\u00e7\u00e3o de Computadores e Notebooks\" \/>\n<meta property=\"og:url\" content=\"https:\/\/flexlan.com.br\/site\/?product=cooler-p-processador-cooler-master-standard-i30-lga-1156-1155-1151-1150\" \/>\n<meta property=\"og:site_name\" content=\"FLEXLAN Inform\u00e1tica\" \/>\n<meta property=\"article:publisher\" content=\"https:\/\/www.facebook.com\/FlexLanInformatica\" \/>\n<meta property=\"article:modified_time\" content=\"2021-12-13T18:17:40+00:00\" \/>\n<meta property=\"og:image\" content=\"https:\/\/i0.wp.com\/flexlan.com.br\/site\/wp-content\/uploads\/2020\/05\/COOLER-P.-PROCESSADOR-COOLER-MASTER-STANDARD-I30-LGA-1156-1155-1151-1150.jpg?fit=1000%2C1000&ssl=1\" \/>\n\t<meta property=\"og:image:width\" content=\"1000\" \/>\n\t<meta property=\"og:image:height\" content=\"1000\" \/>\n\t<meta property=\"og:image:type\" content=\"image\/jpeg\" \/>\n<meta name=\"twitter:card\" content=\"summary_large_image\" \/>\n<script type=\"application\/ld+json\" class=\"yoast-schema-graph\">{\"@context\":\"https:\/\/schema.org\",\"@graph\":[{\"@type\":[\"WebPage\",\"ItemPage\"],\"@id\":\"https:\/\/flexlan.com.br\/site\/?product=cooler-p-processador-cooler-master-standard-i30-lga-1156-1155-1151-1150\",\"url\":\"https:\/\/flexlan.com.br\/site\/?product=cooler-p-processador-cooler-master-standard-i30-lga-1156-1155-1151-1150\",\"name\":\"COOLER P\/ PROCESSADOR COOLER MASTER I30 (LGA 1156\/ 1155\/ 1151\/ 1150) - FLEXLAN Inform\u00e1tica\",\"isPartOf\":{\"@id\":\"https:\/\/flexlan.com.br\/site\/#website\"},\"datePublished\":\"2020-05-19T13:34:14+00:00\",\"dateModified\":\"2021-12-13T18:17:40+00:00\",\"description\":\"Suprimentos e Manuten\u00e7\u00e3o de Computadores e Notebooks\",\"breadcrumb\":{\"@id\":\"https:\/\/flexlan.com.br\/site\/?product=cooler-p-processador-cooler-master-standard-i30-lga-1156-1155-1151-1150#breadcrumb\"},\"inLanguage\":\"pt-BR\",\"potentialAction\":[{\"@type\":\"ReadAction\",\"target\":[\"https:\/\/flexlan.com.br\/site\/?product=cooler-p-processador-cooler-master-standard-i30-lga-1156-1155-1151-1150\"]}]},{\"@type\":\"BreadcrumbList\",\"@id\":\"https:\/\/flexlan.com.br\/site\/?product=cooler-p-processador-cooler-master-standard-i30-lga-1156-1155-1151-1150#breadcrumb\",\"itemListElement\":[{\"@type\":\"ListItem\",\"position\":1,\"name\":\"In\u00edcio\",\"item\":\"https:\/\/flexlan.com.br\/site\/\"},{\"@type\":\"ListItem\",\"position\":2,\"name\":\"Shop\",\"item\":\"https:\/\/flexlan.com.br\/site\/?page_id=28271\"},{\"@type\":\"ListItem\",\"position\":3,\"name\":\"COOLER P\/ PROCESSADOR COOLER MASTER I30 (LGA 1156\/ 1155\/ 1151\/ 1150)\"}]},{\"@type\":\"WebSite\",\"@id\":\"https:\/\/flexlan.com.br\/site\/#website\",\"url\":\"https:\/\/flexlan.com.br\/site\/\",\"name\":\"FLEXLAN Inform\u00e1tica\",\"description\":\"Suprimentos e Manuten\u00e7\u00e3o de Computadores e Notebooks\",\"publisher\":{\"@id\":\"https:\/\/flexlan.com.br\/site\/#organization\"},\"alternateName\":\"FLEXLAN Inform\u00e1tica\",\"potentialAction\":[{\"@type\":\"SearchAction\",\"target\":{\"@type\":\"EntryPoint\",\"urlTemplate\":\"https:\/\/flexlan.com.br\/site\/?s={search_term_string}\"},\"query-input\":\"required name=search_term_string\"}],\"inLanguage\":\"pt-BR\"},{\"@type\":\"Organization\",\"@id\":\"https:\/\/flexlan.com.br\/site\/#organization\",\"name\":\"Flexlan inform\u00e1tica\",\"alternateName\":\"Suprimentos e Manuten\u00e7\u00e3o de Computadores e Notebooks\",\"url\":\"https:\/\/flexlan.com.br\/site\/\",\"logo\":{\"@type\":\"ImageObject\",\"inLanguage\":\"pt-BR\",\"@id\":\"https:\/\/flexlan.com.br\/site\/#\/schema\/logo\/image\/\",\"url\":\"https:\/\/flexlan.com.br\/site\/wp-content\/uploads\/2022\/03\/Logo2022.png\",\"contentUrl\":\"https:\/\/flexlan.com.br\/site\/wp-content\/uploads\/2022\/03\/Logo2022.png\",\"width\":796,\"height\":228,\"caption\":\"Flexlan inform\u00e1tica\"},\"image\":{\"@id\":\"https:\/\/flexlan.com.br\/site\/#\/schema\/logo\/image\/\"},\"sameAs\":[\"https:\/\/www.facebook.com\/FlexLanInformatica\",\"https:\/\/instagram.com\/flexlan\"]}]}<\/script>\n<!-- \/ Yoast SEO plugin. -->","yoast_head_json":{"title":"COOLER P\/ PROCESSADOR COOLER MASTER I30 (LGA 1156\/ 1155\/ 1151\/ 1150) - FLEXLAN Inform\u00e1tica","description":"Suprimentos e Manuten\u00e7\u00e3o de Computadores e Notebooks","robots":{"index":"index","follow":"follow","max-snippet":"max-snippet:-1","max-image-preview":"max-image-preview:large","max-video-preview":"max-video-preview:-1"},"canonical":"https:\/\/flexlan.com.br\/site\/?product=cooler-p-processador-cooler-master-standard-i30-lga-1156-1155-1151-1150","og_locale":"pt_BR","og_type":"article","og_title":"COOLER P\/ PROCESSADOR COOLER MASTER I30 (LGA 1156\/ 1155\/ 1151\/ 1150) - FLEXLAN Inform\u00e1tica","og_description":"Suprimentos e Manuten\u00e7\u00e3o de Computadores e Notebooks","og_url":"https:\/\/flexlan.com.br\/site\/?product=cooler-p-processador-cooler-master-standard-i30-lga-1156-1155-1151-1150","og_site_name":"FLEXLAN Inform\u00e1tica","article_publisher":"https:\/\/www.facebook.com\/FlexLanInformatica","article_modified_time":"2021-12-13T18:17:40+00:00","og_image":[{"width":1000,"height":1000,"url":"https:\/\/i0.wp.com\/flexlan.com.br\/site\/wp-content\/uploads\/2020\/05\/COOLER-P.-PROCESSADOR-COOLER-MASTER-STANDARD-I30-LGA-1156-1155-1151-1150.jpg?fit=1000%2C1000&ssl=1","type":"image\/jpeg"}],"twitter_card":"summary_large_image","schema":{"@context":"https:\/\/schema.org","@graph":[{"@type":["WebPage","ItemPage"],"@id":"https:\/\/flexlan.com.br\/site\/?product=cooler-p-processador-cooler-master-standard-i30-lga-1156-1155-1151-1150","url":"https:\/\/flexlan.com.br\/site\/?product=cooler-p-processador-cooler-master-standard-i30-lga-1156-1155-1151-1150","name":"COOLER P\/ PROCESSADOR COOLER MASTER I30 (LGA 1156\/ 1155\/ 1151\/ 1150) - FLEXLAN Inform\u00e1tica","isPartOf":{"@id":"https:\/\/flexlan.com.br\/site\/#website"},"datePublished":"2020-05-19T13:34:14+00:00","dateModified":"2021-12-13T18:17:40+00:00","description":"Suprimentos e Manuten\u00e7\u00e3o de Computadores e Notebooks","breadcrumb":{"@id":"https:\/\/flexlan.com.br\/site\/?product=cooler-p-processador-cooler-master-standard-i30-lga-1156-1155-1151-1150#breadcrumb"},"inLanguage":"pt-BR","potentialAction":[{"@type":"ReadAction","target":["https:\/\/flexlan.com.br\/site\/?product=cooler-p-processador-cooler-master-standard-i30-lga-1156-1155-1151-1150"]}]},{"@type":"BreadcrumbList","@id":"https:\/\/flexlan.com.br\/site\/?product=cooler-p-processador-cooler-master-standard-i30-lga-1156-1155-1151-1150#breadcrumb","itemListElement":[{"@type":"ListItem","position":1,"name":"In\u00edcio","item":"https:\/\/flexlan.com.br\/site\/"},{"@type":"ListItem","position":2,"name":"Shop","item":"https:\/\/flexlan.com.br\/site\/?page_id=28271"},{"@type":"ListItem","position":3,"name":"COOLER P\/ PROCESSADOR COOLER MASTER I30 (LGA 1156\/ 1155\/ 1151\/ 1150)"}]},{"@type":"WebSite","@id":"https:\/\/flexlan.com.br\/site\/#website","url":"https:\/\/flexlan.com.br\/site\/","name":"FLEXLAN Inform\u00e1tica","description":"Suprimentos e Manuten\u00e7\u00e3o de Computadores e Notebooks","publisher":{"@id":"https:\/\/flexlan.com.br\/site\/#organization"},"alternateName":"FLEXLAN Inform\u00e1tica","potentialAction":[{"@type":"SearchAction","target":{"@type":"EntryPoint","urlTemplate":"https:\/\/flexlan.com.br\/site\/?s={search_term_string}"},"query-input":"required name=search_term_string"}],"inLanguage":"pt-BR"},{"@type":"Organization","@id":"https:\/\/flexlan.com.br\/site\/#organization","name":"Flexlan inform\u00e1tica","alternateName":"Suprimentos e Manuten\u00e7\u00e3o de Computadores e Notebooks","url":"https:\/\/flexlan.com.br\/site\/","logo":{"@type":"ImageObject","inLanguage":"pt-BR","@id":"https:\/\/flexlan.com.br\/site\/#\/schema\/logo\/image\/","url":"https:\/\/flexlan.com.br\/site\/wp-content\/uploads\/2022\/03\/Logo2022.png","contentUrl":"https:\/\/flexlan.com.br\/site\/wp-content\/uploads\/2022\/03\/Logo2022.png","width":796,"height":228,"caption":"Flexlan inform\u00e1tica"},"image":{"@id":"https:\/\/flexlan.com.br\/site\/#\/schema\/logo\/image\/"},"sameAs":["https:\/\/www.facebook.com\/FlexLanInformatica","https:\/\/instagram.com\/flexlan"]}]}},"_links":{"self":[{"href":"https:\/\/flexlan.com.br\/site\/index.php?rest_route=\/wp\/v2\/product\/4860"}],"collection":[{"href":"https:\/\/flexlan.com.br\/site\/index.php?rest_route=\/wp\/v2\/product"}],"about":[{"href":"https:\/\/flexlan.com.br\/site\/index.php?rest_route=\/wp\/v2\/types\/product"}],"replies":[{"embeddable":true,"href":"https:\/\/flexlan.com.br\/site\/index.php?rest_route=%2Fwp%2Fv2%2Fcomments&post=4860"}],"wp:featuredmedia":[{"embeddable":true,"href":"https:\/\/flexlan.com.br\/site\/index.php?rest_route=\/wp\/v2\/media\/4861"}],"wp:attachment":[{"href":"https:\/\/flexlan.com.br\/site\/index.php?rest_route=%2Fwp%2Fv2%2Fmedia&parent=4860"}],"wp:term":[{"taxonomy":"product_cat","embeddable":true,"href":"https:\/\/flexlan.com.br\/site\/index.php?rest_route=%2Fwp%2Fv2%2Fproduct_cat&post=4860"},{"taxonomy":"product_tag","embeddable":true,"href":"https:\/\/flexlan.com.br\/site\/index.php?rest_route=%2Fwp%2Fv2%2Fproduct_tag&post=4860"}],"curies":[{"name":"wp","href":"https:\/\/api.w.org\/{rel}","templated":true}]}}