{"id":4795,"date":"2020-05-15T17:21:07","date_gmt":"2020-05-15T17:21:07","guid":{"rendered":"https:\/\/flexlan.com.br\/site\/?post_type=product&#038;p=4795"},"modified":"2025-07-21T09:39:05","modified_gmt":"2025-07-21T12:39:05","slug":"placa-mae-kazuk-lga-1150-h81-ddr3-hdmi-kzkh81-b","status":"publish","type":"product","link":"https:\/\/flexlan.com.br\/site\/?product=placa-mae-kazuk-lga-1150-h81-ddr3-hdmi-kzkh81-b","title":{"rendered":"PLACA MAE KAZUK LGA 1150 H81 DDR3 HDMI &#8211; KZKH81-B"},"content":{"rendered":"<table id=\"tablepress-4\" class=\"tablepress tablepress-id-4\">\n<tbody class=\"row-hover\">\n<tr class=\"row-1 odd\">\n<td class=\"column-1\">CPU<\/td>\n<td class=\"column-2\">Suporta processadores Intel Core i7, Core i5, Core i3, Pentium e Celeron de quarta gera\u00e7\u00e3o, de soquete LGA1150<\/td>\n<\/tr>\n<tr class=\"row-2 even\">\n<td class=\"column-1\">Chipset<\/td>\n<td class=\"column-2\">1 Chipset Intel H81<\/td>\n<\/tr>\n<tr class=\"row-3 odd\">\n<td class=\"column-1\">Mem\u00f3ria<\/td>\n<td class=\"column-2\">Suporta, atrav\u00e9s de 2 slots DIMM, at\u00e9 16GB atrav\u00e9s de 2 mem\u00f3rias DDR3 de frequ\u00eancia 1600 \/ 1333 \/ 1066 MHz e modo dual-channel<\/td>\n<\/tr>\n<tr class=\"row-4 even\">\n<td class=\"column-1\">Gr\u00e1ficos<\/td>\n<td class=\"column-2\">Processador Gr\u00e1fico Integrado, 1 sa\u00edda HDMI, 1 sa\u00edda VGA, 1 sa\u00edda DVI<\/td>\n<\/tr>\n<tr class=\"row-5 odd\">\n<td class=\"column-1\">\u00c1udio<\/td>\n<td class=\"column-2\">6 Canais Audio Codec Realtek ALC662<\/td>\n<\/tr>\n<tr class=\"row-6 even\">\n<td class=\"column-1\">LAN<\/td>\n<td class=\"column-2\">1 porta Lan Realtek 8106E 10\/100M<\/td>\n<\/tr>\n<tr class=\"row-7 odd\">\n<td class=\"column-1\">Slots de expans\u00e3o<\/td>\n<td class=\"column-2\">1 slot PCI-Express x16, 1 slot PCI<\/td>\n<\/tr>\n<tr class=\"row-8 even\">\n<td class=\"column-1\">Conectores de entrada e sa\u00edda<\/td>\n<td class=\"column-2\">2 conectores SATA 6Gb\/s<br \/>\n2 conectores SATA 3Gb\/s<br \/>\n1 conector painel frontal<br \/>\n1 conector de \u00e1udio frontal<br \/>\n4 portas USB 2.0\/1.1<br \/>\n2 portas USB 3.0<br \/>\n1 sa\u00edda VGA<br \/>\n1 sa\u00edda HDMI<br \/>\n1 sa\u00edda DVI<br \/>\n2 PS\/2 port<br \/>\n1 porta RJ-45<br \/>\n1 sa\u00edda de \u00e1udio<\/td>\n<\/tr>\n<tr class=\"row-9 odd\">\n<td class=\"column-1\">Dimens\u00f5es<\/td>\n<td class=\"column-2\">210mm x 170mm<\/td>\n<\/tr>\n<\/tbody>\n<\/table>\n","protected":false},"excerpt":{"rendered":"<p>Placa-m\u00e3e KZK-H81-B. Esta placa m\u00e3e de alto desempenho e fun\u00e7\u00e3o aprimorada foi desenvolvida para o socket LGA1150 com suporte para os processadores Intel\u00aeCoreTM i7, CoreTM i5, CoreTM i3, Pentium e Celeron de 4\u00aa Gera\u00e7\u00e3o, para uso dom\u00e9stico ou profissional.<\/p>\n","protected":false},"featured_media":4796,"comment_status":"open","ping_status":"closed","template":"","meta":{"site-sidebar-layout":"default","site-content-layout":"","ast-site-content-layout":"","site-content-style":"default","site-sidebar-style":"default","ast-global-header-display":"","ast-banner-title-visibility":"","ast-main-header-display":"","ast-hfb-above-header-display":"","ast-hfb-below-header-display":"","ast-hfb-mobile-header-display":"","site-post-title":"","ast-breadcrumbs-content":"","ast-featured-img":"","footer-sml-layout":"","theme-transparent-header-meta":"","adv-header-id-meta":"","stick-header-meta":"","header-above-stick-meta":"","header-main-stick-meta":"","header-below-stick-meta":"","astra-migrate-meta-layouts":""},"product_cat":[21,28],"product_tag":[],"yoast_head":"<!-- This site is optimized with the Yoast SEO plugin v21.1 - https:\/\/yoast.com\/wordpress\/plugins\/seo\/ -->\n<title>PLACA MAE KAZUK LGA 1150 H81 DDR3 HDMI - KZKH81-B - FLEXLAN Inform\u00e1tica<\/title>\n<meta name=\"description\" content=\"Suprimentos e Manuten\u00e7\u00e3o de Computadores e Notebooks\" \/>\n<meta name=\"robots\" content=\"index, follow, max-snippet:-1, max-image-preview:large, max-video-preview:-1\" \/>\n<link rel=\"canonical\" href=\"https:\/\/flexlan.com.br\/site\/?product=placa-mae-kazuk-lga-1150-h81-ddr3-hdmi-kzkh81-b\" \/>\n<meta property=\"og:locale\" content=\"pt_BR\" \/>\n<meta property=\"og:type\" content=\"article\" \/>\n<meta property=\"og:title\" content=\"PLACA MAE KAZUK LGA 1150 H81 DDR3 HDMI - KZKH81-B - FLEXLAN Inform\u00e1tica\" \/>\n<meta property=\"og:description\" content=\"Suprimentos e Manuten\u00e7\u00e3o de Computadores e Notebooks\" \/>\n<meta property=\"og:url\" content=\"https:\/\/flexlan.com.br\/site\/?product=placa-mae-kazuk-lga-1150-h81-ddr3-hdmi-kzkh81-b\" \/>\n<meta property=\"og:site_name\" content=\"FLEXLAN Inform\u00e1tica\" \/>\n<meta property=\"article:publisher\" content=\"https:\/\/www.facebook.com\/FlexLanInformatica\" \/>\n<meta property=\"article:modified_time\" content=\"2025-07-21T12:39:05+00:00\" \/>\n<meta property=\"og:image\" content=\"https:\/\/i0.wp.com\/flexlan.com.br\/site\/wp-content\/uploads\/2020\/05\/PLACA-MAE-KAZUK-LGA-1150-H81-DDR3-HDMI-KZKH81-B.jpg?fit=1000%2C750&ssl=1\" \/>\n\t<meta property=\"og:image:width\" content=\"1000\" \/>\n\t<meta property=\"og:image:height\" content=\"750\" \/>\n\t<meta property=\"og:image:type\" content=\"image\/jpeg\" \/>\n<meta name=\"twitter:card\" content=\"summary_large_image\" \/>\n<meta name=\"twitter:label1\" content=\"Est. tempo de leitura\" \/>\n\t<meta name=\"twitter:data1\" content=\"1 minuto\" \/>\n<script type=\"application\/ld+json\" class=\"yoast-schema-graph\">{\"@context\":\"https:\/\/schema.org\",\"@graph\":[{\"@type\":[\"WebPage\",\"ItemPage\"],\"@id\":\"https:\/\/flexlan.com.br\/site\/?product=placa-mae-kazuk-lga-1150-h81-ddr3-hdmi-kzkh81-b\",\"url\":\"https:\/\/flexlan.com.br\/site\/?product=placa-mae-kazuk-lga-1150-h81-ddr3-hdmi-kzkh81-b\",\"name\":\"PLACA MAE KAZUK LGA 1150 H81 DDR3 HDMI - KZKH81-B - FLEXLAN Inform\u00e1tica\",\"isPartOf\":{\"@id\":\"https:\/\/flexlan.com.br\/site\/#website\"},\"datePublished\":\"2020-05-15T17:21:07+00:00\",\"dateModified\":\"2025-07-21T12:39:05+00:00\",\"description\":\"Suprimentos e Manuten\u00e7\u00e3o de Computadores e Notebooks\",\"breadcrumb\":{\"@id\":\"https:\/\/flexlan.com.br\/site\/?product=placa-mae-kazuk-lga-1150-h81-ddr3-hdmi-kzkh81-b#breadcrumb\"},\"inLanguage\":\"pt-BR\",\"potentialAction\":[{\"@type\":\"ReadAction\",\"target\":[\"https:\/\/flexlan.com.br\/site\/?product=placa-mae-kazuk-lga-1150-h81-ddr3-hdmi-kzkh81-b\"]}]},{\"@type\":\"BreadcrumbList\",\"@id\":\"https:\/\/flexlan.com.br\/site\/?product=placa-mae-kazuk-lga-1150-h81-ddr3-hdmi-kzkh81-b#breadcrumb\",\"itemListElement\":[{\"@type\":\"ListItem\",\"position\":1,\"name\":\"In\u00edcio\",\"item\":\"https:\/\/flexlan.com.br\/site\/\"},{\"@type\":\"ListItem\",\"position\":2,\"name\":\"Shop\",\"item\":\"https:\/\/flexlan.com.br\/site\/?page_id=28271\"},{\"@type\":\"ListItem\",\"position\":3,\"name\":\"PLACA MAE KAZUK LGA 1150 H81 DDR3 HDMI &#8211; KZKH81-B\"}]},{\"@type\":\"WebSite\",\"@id\":\"https:\/\/flexlan.com.br\/site\/#website\",\"url\":\"https:\/\/flexlan.com.br\/site\/\",\"name\":\"FLEXLAN Inform\u00e1tica\",\"description\":\"Suprimentos e Manuten\u00e7\u00e3o de Computadores e Notebooks\",\"publisher\":{\"@id\":\"https:\/\/flexlan.com.br\/site\/#organization\"},\"alternateName\":\"FLEXLAN Inform\u00e1tica\",\"potentialAction\":[{\"@type\":\"SearchAction\",\"target\":{\"@type\":\"EntryPoint\",\"urlTemplate\":\"https:\/\/flexlan.com.br\/site\/?s={search_term_string}\"},\"query-input\":\"required name=search_term_string\"}],\"inLanguage\":\"pt-BR\"},{\"@type\":\"Organization\",\"@id\":\"https:\/\/flexlan.com.br\/site\/#organization\",\"name\":\"Flexlan inform\u00e1tica\",\"alternateName\":\"Suprimentos e Manuten\u00e7\u00e3o de Computadores e Notebooks\",\"url\":\"https:\/\/flexlan.com.br\/site\/\",\"logo\":{\"@type\":\"ImageObject\",\"inLanguage\":\"pt-BR\",\"@id\":\"https:\/\/flexlan.com.br\/site\/#\/schema\/logo\/image\/\",\"url\":\"https:\/\/flexlan.com.br\/site\/wp-content\/uploads\/2022\/03\/Logo2022.png\",\"contentUrl\":\"https:\/\/flexlan.com.br\/site\/wp-content\/uploads\/2022\/03\/Logo2022.png\",\"width\":796,\"height\":228,\"caption\":\"Flexlan inform\u00e1tica\"},\"image\":{\"@id\":\"https:\/\/flexlan.com.br\/site\/#\/schema\/logo\/image\/\"},\"sameAs\":[\"https:\/\/www.facebook.com\/FlexLanInformatica\",\"https:\/\/instagram.com\/flexlan\"]}]}<\/script>\n<!-- \/ Yoast SEO plugin. -->","yoast_head_json":{"title":"PLACA MAE KAZUK LGA 1150 H81 DDR3 HDMI - KZKH81-B - FLEXLAN Inform\u00e1tica","description":"Suprimentos e Manuten\u00e7\u00e3o de Computadores e Notebooks","robots":{"index":"index","follow":"follow","max-snippet":"max-snippet:-1","max-image-preview":"max-image-preview:large","max-video-preview":"max-video-preview:-1"},"canonical":"https:\/\/flexlan.com.br\/site\/?product=placa-mae-kazuk-lga-1150-h81-ddr3-hdmi-kzkh81-b","og_locale":"pt_BR","og_type":"article","og_title":"PLACA MAE KAZUK LGA 1150 H81 DDR3 HDMI - KZKH81-B - FLEXLAN Inform\u00e1tica","og_description":"Suprimentos e Manuten\u00e7\u00e3o de Computadores e Notebooks","og_url":"https:\/\/flexlan.com.br\/site\/?product=placa-mae-kazuk-lga-1150-h81-ddr3-hdmi-kzkh81-b","og_site_name":"FLEXLAN Inform\u00e1tica","article_publisher":"https:\/\/www.facebook.com\/FlexLanInformatica","article_modified_time":"2025-07-21T12:39:05+00:00","og_image":[{"width":1000,"height":750,"url":"https:\/\/i0.wp.com\/flexlan.com.br\/site\/wp-content\/uploads\/2020\/05\/PLACA-MAE-KAZUK-LGA-1150-H81-DDR3-HDMI-KZKH81-B.jpg?fit=1000%2C750&ssl=1","type":"image\/jpeg"}],"twitter_card":"summary_large_image","twitter_misc":{"Est. tempo de leitura":"1 minuto"},"schema":{"@context":"https:\/\/schema.org","@graph":[{"@type":["WebPage","ItemPage"],"@id":"https:\/\/flexlan.com.br\/site\/?product=placa-mae-kazuk-lga-1150-h81-ddr3-hdmi-kzkh81-b","url":"https:\/\/flexlan.com.br\/site\/?product=placa-mae-kazuk-lga-1150-h81-ddr3-hdmi-kzkh81-b","name":"PLACA MAE KAZUK LGA 1150 H81 DDR3 HDMI - KZKH81-B - FLEXLAN Inform\u00e1tica","isPartOf":{"@id":"https:\/\/flexlan.com.br\/site\/#website"},"datePublished":"2020-05-15T17:21:07+00:00","dateModified":"2025-07-21T12:39:05+00:00","description":"Suprimentos e Manuten\u00e7\u00e3o de Computadores e Notebooks","breadcrumb":{"@id":"https:\/\/flexlan.com.br\/site\/?product=placa-mae-kazuk-lga-1150-h81-ddr3-hdmi-kzkh81-b#breadcrumb"},"inLanguage":"pt-BR","potentialAction":[{"@type":"ReadAction","target":["https:\/\/flexlan.com.br\/site\/?product=placa-mae-kazuk-lga-1150-h81-ddr3-hdmi-kzkh81-b"]}]},{"@type":"BreadcrumbList","@id":"https:\/\/flexlan.com.br\/site\/?product=placa-mae-kazuk-lga-1150-h81-ddr3-hdmi-kzkh81-b#breadcrumb","itemListElement":[{"@type":"ListItem","position":1,"name":"In\u00edcio","item":"https:\/\/flexlan.com.br\/site\/"},{"@type":"ListItem","position":2,"name":"Shop","item":"https:\/\/flexlan.com.br\/site\/?page_id=28271"},{"@type":"ListItem","position":3,"name":"PLACA MAE KAZUK LGA 1150 H81 DDR3 HDMI &#8211; KZKH81-B"}]},{"@type":"WebSite","@id":"https:\/\/flexlan.com.br\/site\/#website","url":"https:\/\/flexlan.com.br\/site\/","name":"FLEXLAN Inform\u00e1tica","description":"Suprimentos e Manuten\u00e7\u00e3o de Computadores e Notebooks","publisher":{"@id":"https:\/\/flexlan.com.br\/site\/#organization"},"alternateName":"FLEXLAN Inform\u00e1tica","potentialAction":[{"@type":"SearchAction","target":{"@type":"EntryPoint","urlTemplate":"https:\/\/flexlan.com.br\/site\/?s={search_term_string}"},"query-input":"required name=search_term_string"}],"inLanguage":"pt-BR"},{"@type":"Organization","@id":"https:\/\/flexlan.com.br\/site\/#organization","name":"Flexlan inform\u00e1tica","alternateName":"Suprimentos e Manuten\u00e7\u00e3o de Computadores e Notebooks","url":"https:\/\/flexlan.com.br\/site\/","logo":{"@type":"ImageObject","inLanguage":"pt-BR","@id":"https:\/\/flexlan.com.br\/site\/#\/schema\/logo\/image\/","url":"https:\/\/flexlan.com.br\/site\/wp-content\/uploads\/2022\/03\/Logo2022.png","contentUrl":"https:\/\/flexlan.com.br\/site\/wp-content\/uploads\/2022\/03\/Logo2022.png","width":796,"height":228,"caption":"Flexlan inform\u00e1tica"},"image":{"@id":"https:\/\/flexlan.com.br\/site\/#\/schema\/logo\/image\/"},"sameAs":["https:\/\/www.facebook.com\/FlexLanInformatica","https:\/\/instagram.com\/flexlan"]}]}},"_links":{"self":[{"href":"https:\/\/flexlan.com.br\/site\/index.php?rest_route=\/wp\/v2\/product\/4795"}],"collection":[{"href":"https:\/\/flexlan.com.br\/site\/index.php?rest_route=\/wp\/v2\/product"}],"about":[{"href":"https:\/\/flexlan.com.br\/site\/index.php?rest_route=\/wp\/v2\/types\/product"}],"replies":[{"embeddable":true,"href":"https:\/\/flexlan.com.br\/site\/index.php?rest_route=%2Fwp%2Fv2%2Fcomments&post=4795"}],"wp:featuredmedia":[{"embeddable":true,"href":"https:\/\/flexlan.com.br\/site\/index.php?rest_route=\/wp\/v2\/media\/4796"}],"wp:attachment":[{"href":"https:\/\/flexlan.com.br\/site\/index.php?rest_route=%2Fwp%2Fv2%2Fmedia&parent=4795"}],"wp:term":[{"taxonomy":"product_cat","embeddable":true,"href":"https:\/\/flexlan.com.br\/site\/index.php?rest_route=%2Fwp%2Fv2%2Fproduct_cat&post=4795"},{"taxonomy":"product_tag","embeddable":true,"href":"https:\/\/flexlan.com.br\/site\/index.php?rest_route=%2Fwp%2Fv2%2Fproduct_tag&post=4795"}],"curies":[{"name":"wp","href":"https:\/\/api.w.org\/{rel}","templated":true}]}}