{"id":3466,"date":"2020-03-14T18:45:17","date_gmt":"2020-03-14T18:45:17","guid":{"rendered":"https:\/\/flexlan.com.br\/site\/?post_type=product&#038;p=3466"},"modified":"2021-11-16T15:29:13","modified_gmt":"2021-11-16T15:29:13","slug":"relogio-xiaomi-mi-band-4-preto","status":"publish","type":"product","link":"https:\/\/flexlan.com.br\/site\/?product=relogio-xiaomi-mi-band-4-preto","title":{"rendered":"RELOGIO XIAOMI MI BAND 4 PRETO"},"content":{"rendered":"<h3>Caracter\u00edsticas<\/h3>\n<p>&#8211; Pulseira fitness com Bluetooth 5.0, posui melhor alcance, velocidade de conex\u00e3o e efici\u00eancia<br \/>\n&#8211;\u00a0Tela colorida\u00a0AMOLED de 0,95 polegadas com resolu\u00e7\u00e3o de 120 x 240 pixels<br \/>\n&#8211;\u00a0Classifica\u00e7\u00e3o de resist\u00eancia \u00e0 \u00e1gua 5ATM (at\u00e9 50 metros)<br \/>\n&#8211;\u00a0Bateria de 135 mAh com dura\u00e7\u00e3o de\u00a0mais de 20 dias com uma \u00fanica carga (em standby)<br \/>\n&#8211;\u00a0Suporte para pagamento off-line Alipay<br \/>\n&#8211;\u00a0Concentre-se em sua sa\u00fade, monitor de frequ\u00eancia card\u00edaca integrado, monitor de sono, alerta de sedent\u00e1rio, etc.<br \/>\n&#8211;\u00a0<strong>VERS\u00c3O GLOBAL<\/strong><\/p>\n<h3>Especifica\u00e7\u00f5es<\/h3>\n<p>Marca: Xiaomi<br \/>\nTela: AMOLED\u00a00.95 polegadas<br \/>\nVers\u00e3o do Bluetooth: Bluetooth 5.0<br \/>\nRAM: 64K<br \/>\nROM: 32MB<br \/>\n\u00c0 prova d&#8217;\u00e1gua: Sim &#8211; 5ATM<br \/>\nTipo de alertas: Por vibra\u00e7\u00e3o<br \/>\nSensores: Monitor de frequ\u00eancia card\u00edaca, Alerta de sedentarismo, Monitor do sono<br \/>\nBateria: 135mAh<br \/>\nTempo de carregamento: Aproximadamente 60 minutos<br \/>\nTempo em standby: Aproximadamente 20 dias<br \/>\nMaterial da bulseira: TPU (Poliuretano termopl\u00e1stico)<br \/>\nMaterial do corpo: PC (Policarbonato)<br \/>\nShape of the dial: Rectangle<br \/>\nTamanho do corpo: 3.2 x 1.79 x 1.2cm<br \/>\nTamanho da pulseira: 247 x 18mm<br \/>\nCompatibilidade: Android 4.4, iOS 9.0 ou superiores<br \/>\nPeso do produto: 0.0230 kg<br \/>\nPeso com a embalagem: 0.1200 kg<br \/>\nTamanho da embalagem (L x W x H): 9.00 x 9.00 x 4.10 cm<\/p>\n<p>Aplicativo para sincoriniza\u00e7\u00e3o: Mi Fit &#8211;\u00a0<a href=\"https:\/\/bit.ly\/2ZnvVhs\" target=\"_blank\" rel=\"noopener noreferrer\">Google Play<\/a>\u00a0|\u00a0<a href=\"https:\/\/apple.co\/2Zk86qx\" target=\"_blank\" rel=\"noopener noreferrer\">Apple Store<\/a><\/p>\n<h3>Conte\u00fado da embalagem<\/h3>\n<p>1 x Smartband Xiaomi Mi Band 4 Vers\u00e3o Global<br \/>\n1 x Manual do usu\u00e1rio<br \/>\n1 x Cabo para carregamento<\/p>\n","protected":false},"excerpt":{"rendered":"<p>A Pulseira Inteligente Xiaomi Mi Band 4 satisfaz as suas necessidades di\u00e1rias. Se voc\u00ea \u00e9 um entusiasta de esportes ou se concentra mais em um estilo de vida mais saud\u00e1vel, funciona perfeitamente para ajud\u00e1-lo a atingir suas metas de condicionamento f\u00edsico.<\/p>\n","protected":false},"featured_media":3469,"comment_status":"open","ping_status":"closed","template":"","meta":{"site-sidebar-layout":"default","site-content-layout":"","ast-site-content-layout":"","site-content-style":"default","site-sidebar-style":"default","ast-global-header-display":"","ast-banner-title-visibility":"","ast-main-header-display":"","ast-hfb-above-header-display":"","ast-hfb-below-header-display":"","ast-hfb-mobile-header-display":"","site-post-title":"","ast-breadcrumbs-content":"","ast-featured-img":"","footer-sml-layout":"","theme-transparent-header-meta":"","adv-header-id-meta":"","stick-header-meta":"","header-above-stick-meta":"","header-main-stick-meta":"","header-below-stick-meta":"","astra-migrate-meta-layouts":""},"product_cat":[33,21],"product_tag":[],"yoast_head":"<!-- This site is optimized with the Yoast SEO plugin v21.1 - https:\/\/yoast.com\/wordpress\/plugins\/seo\/ -->\n<title>RELOGIO XIAOMI MI BAND 4 PRETO - FLEXLAN Inform\u00e1tica<\/title>\n<meta name=\"description\" content=\"Suprimentos e Manuten\u00e7\u00e3o de Computadores e Notebooks\" \/>\n<meta name=\"robots\" content=\"index, follow, max-snippet:-1, max-image-preview:large, max-video-preview:-1\" \/>\n<link rel=\"canonical\" href=\"https:\/\/flexlan.com.br\/site\/?product=relogio-xiaomi-mi-band-4-preto\" \/>\n<meta property=\"og:locale\" content=\"pt_BR\" \/>\n<meta property=\"og:type\" content=\"article\" \/>\n<meta property=\"og:title\" content=\"RELOGIO XIAOMI MI BAND 4 PRETO - FLEXLAN Inform\u00e1tica\" \/>\n<meta property=\"og:description\" content=\"Suprimentos e Manuten\u00e7\u00e3o de Computadores e Notebooks\" \/>\n<meta property=\"og:url\" content=\"https:\/\/flexlan.com.br\/site\/?product=relogio-xiaomi-mi-band-4-preto\" \/>\n<meta property=\"og:site_name\" content=\"FLEXLAN Inform\u00e1tica\" \/>\n<meta property=\"article:publisher\" content=\"https:\/\/www.facebook.com\/FlexLanInformatica\" \/>\n<meta property=\"article:modified_time\" content=\"2021-11-16T15:29:13+00:00\" \/>\n<meta property=\"og:image\" content=\"https:\/\/i0.wp.com\/flexlan.com.br\/site\/wp-content\/uploads\/2020\/03\/RELOGIO-XIAOMI-MI-BAND-4-PRETO.jpg?fit=1000%2C1000&ssl=1\" \/>\n\t<meta property=\"og:image:width\" content=\"1000\" \/>\n\t<meta property=\"og:image:height\" content=\"1000\" \/>\n\t<meta property=\"og:image:type\" content=\"image\/jpeg\" \/>\n<meta name=\"twitter:card\" content=\"summary_large_image\" \/>\n<meta name=\"twitter:label1\" content=\"Est. tempo de leitura\" \/>\n\t<meta name=\"twitter:data1\" content=\"1 minuto\" \/>\n<script type=\"application\/ld+json\" class=\"yoast-schema-graph\">{\"@context\":\"https:\/\/schema.org\",\"@graph\":[{\"@type\":[\"WebPage\",\"ItemPage\"],\"@id\":\"https:\/\/flexlan.com.br\/site\/?product=relogio-xiaomi-mi-band-4-preto\",\"url\":\"https:\/\/flexlan.com.br\/site\/?product=relogio-xiaomi-mi-band-4-preto\",\"name\":\"RELOGIO XIAOMI MI BAND 4 PRETO - FLEXLAN Inform\u00e1tica\",\"isPartOf\":{\"@id\":\"https:\/\/flexlan.com.br\/site\/#website\"},\"datePublished\":\"2020-03-14T18:45:17+00:00\",\"dateModified\":\"2021-11-16T15:29:13+00:00\",\"description\":\"Suprimentos e Manuten\u00e7\u00e3o de Computadores e Notebooks\",\"breadcrumb\":{\"@id\":\"https:\/\/flexlan.com.br\/site\/?product=relogio-xiaomi-mi-band-4-preto#breadcrumb\"},\"inLanguage\":\"pt-BR\",\"potentialAction\":[{\"@type\":\"ReadAction\",\"target\":[\"https:\/\/flexlan.com.br\/site\/?product=relogio-xiaomi-mi-band-4-preto\"]}]},{\"@type\":\"BreadcrumbList\",\"@id\":\"https:\/\/flexlan.com.br\/site\/?product=relogio-xiaomi-mi-band-4-preto#breadcrumb\",\"itemListElement\":[{\"@type\":\"ListItem\",\"position\":1,\"name\":\"In\u00edcio\",\"item\":\"https:\/\/flexlan.com.br\/site\/\"},{\"@type\":\"ListItem\",\"position\":2,\"name\":\"Shop\",\"item\":\"https:\/\/flexlan.com.br\/site\/?page_id=28271\"},{\"@type\":\"ListItem\",\"position\":3,\"name\":\"RELOGIO XIAOMI MI BAND 4 PRETO\"}]},{\"@type\":\"WebSite\",\"@id\":\"https:\/\/flexlan.com.br\/site\/#website\",\"url\":\"https:\/\/flexlan.com.br\/site\/\",\"name\":\"FLEXLAN Inform\u00e1tica\",\"description\":\"Suprimentos e Manuten\u00e7\u00e3o de Computadores e Notebooks\",\"publisher\":{\"@id\":\"https:\/\/flexlan.com.br\/site\/#organization\"},\"alternateName\":\"FLEXLAN Inform\u00e1tica\",\"potentialAction\":[{\"@type\":\"SearchAction\",\"target\":{\"@type\":\"EntryPoint\",\"urlTemplate\":\"https:\/\/flexlan.com.br\/site\/?s={search_term_string}\"},\"query-input\":\"required name=search_term_string\"}],\"inLanguage\":\"pt-BR\"},{\"@type\":\"Organization\",\"@id\":\"https:\/\/flexlan.com.br\/site\/#organization\",\"name\":\"Flexlan inform\u00e1tica\",\"alternateName\":\"Suprimentos e Manuten\u00e7\u00e3o de Computadores e Notebooks\",\"url\":\"https:\/\/flexlan.com.br\/site\/\",\"logo\":{\"@type\":\"ImageObject\",\"inLanguage\":\"pt-BR\",\"@id\":\"https:\/\/flexlan.com.br\/site\/#\/schema\/logo\/image\/\",\"url\":\"https:\/\/flexlan.com.br\/site\/wp-content\/uploads\/2022\/03\/Logo2022.png\",\"contentUrl\":\"https:\/\/flexlan.com.br\/site\/wp-content\/uploads\/2022\/03\/Logo2022.png\",\"width\":796,\"height\":228,\"caption\":\"Flexlan inform\u00e1tica\"},\"image\":{\"@id\":\"https:\/\/flexlan.com.br\/site\/#\/schema\/logo\/image\/\"},\"sameAs\":[\"https:\/\/www.facebook.com\/FlexLanInformatica\",\"https:\/\/instagram.com\/flexlan\"]}]}<\/script>\n<!-- \/ Yoast SEO plugin. -->","yoast_head_json":{"title":"RELOGIO XIAOMI MI BAND 4 PRETO - FLEXLAN Inform\u00e1tica","description":"Suprimentos e Manuten\u00e7\u00e3o de Computadores e Notebooks","robots":{"index":"index","follow":"follow","max-snippet":"max-snippet:-1","max-image-preview":"max-image-preview:large","max-video-preview":"max-video-preview:-1"},"canonical":"https:\/\/flexlan.com.br\/site\/?product=relogio-xiaomi-mi-band-4-preto","og_locale":"pt_BR","og_type":"article","og_title":"RELOGIO XIAOMI MI BAND 4 PRETO - FLEXLAN Inform\u00e1tica","og_description":"Suprimentos e Manuten\u00e7\u00e3o de Computadores e Notebooks","og_url":"https:\/\/flexlan.com.br\/site\/?product=relogio-xiaomi-mi-band-4-preto","og_site_name":"FLEXLAN Inform\u00e1tica","article_publisher":"https:\/\/www.facebook.com\/FlexLanInformatica","article_modified_time":"2021-11-16T15:29:13+00:00","og_image":[{"width":1000,"height":1000,"url":"https:\/\/i0.wp.com\/flexlan.com.br\/site\/wp-content\/uploads\/2020\/03\/RELOGIO-XIAOMI-MI-BAND-4-PRETO.jpg?fit=1000%2C1000&ssl=1","type":"image\/jpeg"}],"twitter_card":"summary_large_image","twitter_misc":{"Est. tempo de leitura":"1 minuto"},"schema":{"@context":"https:\/\/schema.org","@graph":[{"@type":["WebPage","ItemPage"],"@id":"https:\/\/flexlan.com.br\/site\/?product=relogio-xiaomi-mi-band-4-preto","url":"https:\/\/flexlan.com.br\/site\/?product=relogio-xiaomi-mi-band-4-preto","name":"RELOGIO XIAOMI MI BAND 4 PRETO - FLEXLAN Inform\u00e1tica","isPartOf":{"@id":"https:\/\/flexlan.com.br\/site\/#website"},"datePublished":"2020-03-14T18:45:17+00:00","dateModified":"2021-11-16T15:29:13+00:00","description":"Suprimentos e Manuten\u00e7\u00e3o de Computadores e Notebooks","breadcrumb":{"@id":"https:\/\/flexlan.com.br\/site\/?product=relogio-xiaomi-mi-band-4-preto#breadcrumb"},"inLanguage":"pt-BR","potentialAction":[{"@type":"ReadAction","target":["https:\/\/flexlan.com.br\/site\/?product=relogio-xiaomi-mi-band-4-preto"]}]},{"@type":"BreadcrumbList","@id":"https:\/\/flexlan.com.br\/site\/?product=relogio-xiaomi-mi-band-4-preto#breadcrumb","itemListElement":[{"@type":"ListItem","position":1,"name":"In\u00edcio","item":"https:\/\/flexlan.com.br\/site\/"},{"@type":"ListItem","position":2,"name":"Shop","item":"https:\/\/flexlan.com.br\/site\/?page_id=28271"},{"@type":"ListItem","position":3,"name":"RELOGIO XIAOMI MI BAND 4 PRETO"}]},{"@type":"WebSite","@id":"https:\/\/flexlan.com.br\/site\/#website","url":"https:\/\/flexlan.com.br\/site\/","name":"FLEXLAN Inform\u00e1tica","description":"Suprimentos e Manuten\u00e7\u00e3o de Computadores e Notebooks","publisher":{"@id":"https:\/\/flexlan.com.br\/site\/#organization"},"alternateName":"FLEXLAN Inform\u00e1tica","potentialAction":[{"@type":"SearchAction","target":{"@type":"EntryPoint","urlTemplate":"https:\/\/flexlan.com.br\/site\/?s={search_term_string}"},"query-input":"required name=search_term_string"}],"inLanguage":"pt-BR"},{"@type":"Organization","@id":"https:\/\/flexlan.com.br\/site\/#organization","name":"Flexlan inform\u00e1tica","alternateName":"Suprimentos e Manuten\u00e7\u00e3o de Computadores e Notebooks","url":"https:\/\/flexlan.com.br\/site\/","logo":{"@type":"ImageObject","inLanguage":"pt-BR","@id":"https:\/\/flexlan.com.br\/site\/#\/schema\/logo\/image\/","url":"https:\/\/flexlan.com.br\/site\/wp-content\/uploads\/2022\/03\/Logo2022.png","contentUrl":"https:\/\/flexlan.com.br\/site\/wp-content\/uploads\/2022\/03\/Logo2022.png","width":796,"height":228,"caption":"Flexlan inform\u00e1tica"},"image":{"@id":"https:\/\/flexlan.com.br\/site\/#\/schema\/logo\/image\/"},"sameAs":["https:\/\/www.facebook.com\/FlexLanInformatica","https:\/\/instagram.com\/flexlan"]}]}},"_links":{"self":[{"href":"https:\/\/flexlan.com.br\/site\/index.php?rest_route=\/wp\/v2\/product\/3466"}],"collection":[{"href":"https:\/\/flexlan.com.br\/site\/index.php?rest_route=\/wp\/v2\/product"}],"about":[{"href":"https:\/\/flexlan.com.br\/site\/index.php?rest_route=\/wp\/v2\/types\/product"}],"replies":[{"embeddable":true,"href":"https:\/\/flexlan.com.br\/site\/index.php?rest_route=%2Fwp%2Fv2%2Fcomments&post=3466"}],"wp:featuredmedia":[{"embeddable":true,"href":"https:\/\/flexlan.com.br\/site\/index.php?rest_route=\/wp\/v2\/media\/3469"}],"wp:attachment":[{"href":"https:\/\/flexlan.com.br\/site\/index.php?rest_route=%2Fwp%2Fv2%2Fmedia&parent=3466"}],"wp:term":[{"taxonomy":"product_cat","embeddable":true,"href":"https:\/\/flexlan.com.br\/site\/index.php?rest_route=%2Fwp%2Fv2%2Fproduct_cat&post=3466"},{"taxonomy":"product_tag","embeddable":true,"href":"https:\/\/flexlan.com.br\/site\/index.php?rest_route=%2Fwp%2Fv2%2Fproduct_tag&post=3466"}],"curies":[{"name":"wp","href":"https:\/\/api.w.org\/{rel}","templated":true}]}}