{"id":28931,"date":"2026-03-11T16:09:17","date_gmt":"2026-03-11T19:09:17","guid":{"rendered":"https:\/\/flexlan.com.br\/site\/?post_type=product&#038;p=28931"},"modified":"2026-03-11T16:09:20","modified_gmt":"2026-03-11T19:09:20","slug":"ssd-256gb-pcyes-py256-sata-iii-ssd25py256","status":"publish","type":"product","link":"https:\/\/flexlan.com.br\/site\/?product=ssd-256gb-pcyes-py256-sata-iii-ssd25py256","title":{"rendered":"SSD 256GB PCYES PY256 SATA III &#8211; SSD25PY256"},"content":{"rendered":"<p>Caracter\u00edsticas:<\/p>\n<p>&#8211; Marca: Pcyes<br \/>\n&#8211; Modelo: SSD25PY256GB<\/p>\n<p>Especifica\u00e7\u00f5es:<br \/>\n&#8211; Capacidade: 256GB<br \/>\n&#8211; Fator de forma: 2,5 polegadas<br \/>\n&#8211; Altura: 7 mm<br \/>\n&#8211; Interface: SATA-III 6Gb\/s (retrocompat\u00edvel com SATA-II 3Gb\/s)<br \/>\n&#8211; Velocidade de leitura sequencial m\u00e1xima: 550 MB\/s<br \/>\n&#8211; Velocidade m\u00e1xima de grava\u00e7\u00e3o sequencial: 400 MB\/s<br \/>\n&#8211; Tipo NAND: TLC 3D<\/p>\n<p>Formul\u00e1rios:<br \/>\n&#8211; Mainstream SSD para atualiza\u00e7\u00e3o para PC<br \/>\n&#8211; Substitui\u00e7\u00e3o de HDD econ\u00f4mica para melhor desempenho geral<\/p>\n<p>Benef\u00edcios:<br \/>\n&#8211; Armazenamento confi\u00e1vel<br \/>\n&#8211; Baixo consumo de energia, opera\u00e7\u00e3o fria e silenciosa<\/p>\n<p>Conte\u00fado da embalagem:<br \/>\n&#8211; 1 x SSD PCYES<\/p>\n","protected":false},"excerpt":{"rendered":"<p>O SSD PCYES \u00e9 a solu\u00e7\u00e3o ideal para uma atualiza\u00e7\u00e3o da unidade de armazenamento do seu DESKTOP\/NOTEBOOK. Ele oferece todos os recursos mais procurados por um excelente valor e foi projetado para uma substitui\u00e7\u00e3o de HDD f\u00e1cil e econ\u00f4mica no sistema do PC para ajudar a obter tempos de inicializa\u00e7\u00e3o mais r\u00e1pidos.<\/p>\n","protected":false},"featured_media":28934,"comment_status":"open","ping_status":"closed","template":"","meta":{"site-sidebar-layout":"default","site-content-layout":"","ast-site-content-layout":"default","site-content-style":"default","site-sidebar-style":"default","ast-global-header-display":"","ast-banner-title-visibility":"","ast-main-header-display":"","ast-hfb-above-header-display":"","ast-hfb-below-header-display":"","ast-hfb-mobile-header-display":"","site-post-title":"","ast-breadcrumbs-content":"","ast-featured-img":"","footer-sml-layout":"","theme-transparent-header-meta":"default","adv-header-id-meta":"","stick-header-meta":"","header-above-stick-meta":"","header-main-stick-meta":"","header-below-stick-meta":"","astra-migrate-meta-layouts":"set"},"product_cat":[21,30],"product_tag":[],"yoast_head":"<!-- This site is optimized with the Yoast SEO plugin v21.1 - https:\/\/yoast.com\/wordpress\/plugins\/seo\/ -->\n<title>SSD 256GB PCYES PY256 SATA III - SSD25PY256 - FLEXLAN Inform\u00e1tica<\/title>\n<meta name=\"description\" content=\"Suprimentos e Manuten\u00e7\u00e3o de Computadores e Notebooks O SSD PCYES \u00e9 a solu\u00e7\u00e3o ideal para uma atualiza\u00e7\u00e3o da unidade de armazenamento do seu DESKTOP\/NOTEBOOK. Ele oferece todos os recursos mais procurados por um excelente valor e foi projetado para uma substitui\u00e7\u00e3o de HDD f\u00e1cil e econ\u00f4mica no sistema do PC para ajudar a obter tempos de inicializa\u00e7\u00e3o mais r\u00e1pidos.\" \/>\n<meta name=\"robots\" content=\"index, follow, max-snippet:-1, max-image-preview:large, max-video-preview:-1\" \/>\n<link rel=\"canonical\" href=\"https:\/\/flexlan.com.br\/site\/?product=ssd-256gb-pcyes-py256-sata-iii-ssd25py256\" \/>\n<meta property=\"og:locale\" content=\"pt_BR\" \/>\n<meta property=\"og:type\" content=\"article\" \/>\n<meta property=\"og:title\" content=\"SSD 256GB PCYES PY256 SATA III - SSD25PY256 - FLEXLAN Inform\u00e1tica\" \/>\n<meta property=\"og:description\" content=\"Suprimentos e Manuten\u00e7\u00e3o de Computadores e Notebooks O SSD PCYES \u00e9 a solu\u00e7\u00e3o ideal para uma atualiza\u00e7\u00e3o da unidade de armazenamento do seu DESKTOP\/NOTEBOOK. Ele oferece todos os recursos mais procurados por um excelente valor e foi projetado para uma substitui\u00e7\u00e3o de HDD f\u00e1cil e econ\u00f4mica no sistema do PC para ajudar a obter tempos de inicializa\u00e7\u00e3o mais r\u00e1pidos.\" \/>\n<meta property=\"og:url\" content=\"https:\/\/flexlan.com.br\/site\/?product=ssd-256gb-pcyes-py256-sata-iii-ssd25py256\" \/>\n<meta property=\"og:site_name\" content=\"FLEXLAN Inform\u00e1tica\" \/>\n<meta property=\"article:publisher\" content=\"https:\/\/www.facebook.com\/FlexLanInformatica\" \/>\n<meta property=\"article:modified_time\" content=\"2026-03-11T19:09:20+00:00\" \/>\n<meta property=\"og:image\" content=\"https:\/\/flexlan.com.br\/site\/wp-content\/uploads\/2026\/03\/SSD-256GB-PCYES-PY256-SATA-III-SSD25PY256.png\" \/>\n\t<meta property=\"og:image:width\" content=\"1200\" \/>\n\t<meta property=\"og:image:height\" content=\"1200\" \/>\n\t<meta property=\"og:image:type\" content=\"image\/png\" \/>\n<meta name=\"twitter:card\" content=\"summary_large_image\" \/>\n<meta name=\"twitter:label1\" content=\"Est. tempo de leitura\" \/>\n\t<meta name=\"twitter:data1\" content=\"1 minuto\" \/>\n<script type=\"application\/ld+json\" class=\"yoast-schema-graph\">{\"@context\":\"https:\/\/schema.org\",\"@graph\":[{\"@type\":[\"WebPage\",\"ItemPage\"],\"@id\":\"https:\/\/flexlan.com.br\/site\/?product=ssd-256gb-pcyes-py256-sata-iii-ssd25py256\",\"url\":\"https:\/\/flexlan.com.br\/site\/?product=ssd-256gb-pcyes-py256-sata-iii-ssd25py256\",\"name\":\"SSD 256GB PCYES PY256 SATA III - SSD25PY256 - FLEXLAN Inform\u00e1tica\",\"isPartOf\":{\"@id\":\"https:\/\/flexlan.com.br\/site\/#website\"},\"datePublished\":\"2026-03-11T19:09:17+00:00\",\"dateModified\":\"2026-03-11T19:09:20+00:00\",\"description\":\"Suprimentos e Manuten\u00e7\u00e3o de Computadores e Notebooks O SSD PCYES \u00e9 a solu\u00e7\u00e3o ideal para uma atualiza\u00e7\u00e3o da unidade de armazenamento do seu DESKTOP\/NOTEBOOK. Ele oferece todos os recursos mais procurados por um excelente valor e foi projetado para uma substitui\u00e7\u00e3o de HDD f\u00e1cil e econ\u00f4mica no sistema do PC para ajudar a obter tempos de inicializa\u00e7\u00e3o mais r\u00e1pidos.\",\"breadcrumb\":{\"@id\":\"https:\/\/flexlan.com.br\/site\/?product=ssd-256gb-pcyes-py256-sata-iii-ssd25py256#breadcrumb\"},\"inLanguage\":\"pt-BR\",\"potentialAction\":[{\"@type\":\"ReadAction\",\"target\":[\"https:\/\/flexlan.com.br\/site\/?product=ssd-256gb-pcyes-py256-sata-iii-ssd25py256\"]}]},{\"@type\":\"BreadcrumbList\",\"@id\":\"https:\/\/flexlan.com.br\/site\/?product=ssd-256gb-pcyes-py256-sata-iii-ssd25py256#breadcrumb\",\"itemListElement\":[{\"@type\":\"ListItem\",\"position\":1,\"name\":\"In\u00edcio\",\"item\":\"https:\/\/flexlan.com.br\/site\/\"},{\"@type\":\"ListItem\",\"position\":2,\"name\":\"Shop\",\"item\":\"https:\/\/flexlan.com.br\/site\/?page_id=28271\"},{\"@type\":\"ListItem\",\"position\":3,\"name\":\"SSD 256GB PCYES PY256 SATA III &#8211; SSD25PY256\"}]},{\"@type\":\"WebSite\",\"@id\":\"https:\/\/flexlan.com.br\/site\/#website\",\"url\":\"https:\/\/flexlan.com.br\/site\/\",\"name\":\"FLEXLAN Inform\u00e1tica\",\"description\":\"Suprimentos e Manuten\u00e7\u00e3o de Computadores e Notebooks\",\"publisher\":{\"@id\":\"https:\/\/flexlan.com.br\/site\/#organization\"},\"alternateName\":\"FLEXLAN Inform\u00e1tica\",\"potentialAction\":[{\"@type\":\"SearchAction\",\"target\":{\"@type\":\"EntryPoint\",\"urlTemplate\":\"https:\/\/flexlan.com.br\/site\/?s={search_term_string}\"},\"query-input\":\"required name=search_term_string\"}],\"inLanguage\":\"pt-BR\"},{\"@type\":\"Organization\",\"@id\":\"https:\/\/flexlan.com.br\/site\/#organization\",\"name\":\"Flexlan inform\u00e1tica\",\"alternateName\":\"Suprimentos e Manuten\u00e7\u00e3o de Computadores e Notebooks\",\"url\":\"https:\/\/flexlan.com.br\/site\/\",\"logo\":{\"@type\":\"ImageObject\",\"inLanguage\":\"pt-BR\",\"@id\":\"https:\/\/flexlan.com.br\/site\/#\/schema\/logo\/image\/\",\"url\":\"https:\/\/flexlan.com.br\/site\/wp-content\/uploads\/2022\/03\/Logo2022.png\",\"contentUrl\":\"https:\/\/flexlan.com.br\/site\/wp-content\/uploads\/2022\/03\/Logo2022.png\",\"width\":796,\"height\":228,\"caption\":\"Flexlan inform\u00e1tica\"},\"image\":{\"@id\":\"https:\/\/flexlan.com.br\/site\/#\/schema\/logo\/image\/\"},\"sameAs\":[\"https:\/\/www.facebook.com\/FlexLanInformatica\",\"https:\/\/instagram.com\/flexlan\"]}]}<\/script>\n<!-- \/ Yoast SEO plugin. -->","yoast_head_json":{"title":"SSD 256GB PCYES PY256 SATA III - SSD25PY256 - FLEXLAN Inform\u00e1tica","description":"Suprimentos e Manuten\u00e7\u00e3o de Computadores e Notebooks O SSD PCYES \u00e9 a solu\u00e7\u00e3o ideal para uma atualiza\u00e7\u00e3o da unidade de armazenamento do seu DESKTOP\/NOTEBOOK. Ele oferece todos os recursos mais procurados por um excelente valor e foi projetado para uma substitui\u00e7\u00e3o de HDD f\u00e1cil e econ\u00f4mica no sistema do PC para ajudar a obter tempos de inicializa\u00e7\u00e3o mais r\u00e1pidos.","robots":{"index":"index","follow":"follow","max-snippet":"max-snippet:-1","max-image-preview":"max-image-preview:large","max-video-preview":"max-video-preview:-1"},"canonical":"https:\/\/flexlan.com.br\/site\/?product=ssd-256gb-pcyes-py256-sata-iii-ssd25py256","og_locale":"pt_BR","og_type":"article","og_title":"SSD 256GB PCYES PY256 SATA III - SSD25PY256 - FLEXLAN Inform\u00e1tica","og_description":"Suprimentos e Manuten\u00e7\u00e3o de Computadores e Notebooks O SSD PCYES \u00e9 a solu\u00e7\u00e3o ideal para uma atualiza\u00e7\u00e3o da unidade de armazenamento do seu DESKTOP\/NOTEBOOK. Ele oferece todos os recursos mais procurados por um excelente valor e foi projetado para uma substitui\u00e7\u00e3o de HDD f\u00e1cil e econ\u00f4mica no sistema do PC para ajudar a obter tempos de inicializa\u00e7\u00e3o mais r\u00e1pidos.","og_url":"https:\/\/flexlan.com.br\/site\/?product=ssd-256gb-pcyes-py256-sata-iii-ssd25py256","og_site_name":"FLEXLAN Inform\u00e1tica","article_publisher":"https:\/\/www.facebook.com\/FlexLanInformatica","article_modified_time":"2026-03-11T19:09:20+00:00","og_image":[{"width":1200,"height":1200,"url":"https:\/\/flexlan.com.br\/site\/wp-content\/uploads\/2026\/03\/SSD-256GB-PCYES-PY256-SATA-III-SSD25PY256.png","type":"image\/png"}],"twitter_card":"summary_large_image","twitter_misc":{"Est. tempo de leitura":"1 minuto"},"schema":{"@context":"https:\/\/schema.org","@graph":[{"@type":["WebPage","ItemPage"],"@id":"https:\/\/flexlan.com.br\/site\/?product=ssd-256gb-pcyes-py256-sata-iii-ssd25py256","url":"https:\/\/flexlan.com.br\/site\/?product=ssd-256gb-pcyes-py256-sata-iii-ssd25py256","name":"SSD 256GB PCYES PY256 SATA III - SSD25PY256 - FLEXLAN Inform\u00e1tica","isPartOf":{"@id":"https:\/\/flexlan.com.br\/site\/#website"},"datePublished":"2026-03-11T19:09:17+00:00","dateModified":"2026-03-11T19:09:20+00:00","description":"Suprimentos e Manuten\u00e7\u00e3o de Computadores e Notebooks O SSD PCYES \u00e9 a solu\u00e7\u00e3o ideal para uma atualiza\u00e7\u00e3o da unidade de armazenamento do seu DESKTOP\/NOTEBOOK. Ele oferece todos os recursos mais procurados por um excelente valor e foi projetado para uma substitui\u00e7\u00e3o de HDD f\u00e1cil e econ\u00f4mica no sistema do PC para ajudar a obter tempos de inicializa\u00e7\u00e3o mais r\u00e1pidos.","breadcrumb":{"@id":"https:\/\/flexlan.com.br\/site\/?product=ssd-256gb-pcyes-py256-sata-iii-ssd25py256#breadcrumb"},"inLanguage":"pt-BR","potentialAction":[{"@type":"ReadAction","target":["https:\/\/flexlan.com.br\/site\/?product=ssd-256gb-pcyes-py256-sata-iii-ssd25py256"]}]},{"@type":"BreadcrumbList","@id":"https:\/\/flexlan.com.br\/site\/?product=ssd-256gb-pcyes-py256-sata-iii-ssd25py256#breadcrumb","itemListElement":[{"@type":"ListItem","position":1,"name":"In\u00edcio","item":"https:\/\/flexlan.com.br\/site\/"},{"@type":"ListItem","position":2,"name":"Shop","item":"https:\/\/flexlan.com.br\/site\/?page_id=28271"},{"@type":"ListItem","position":3,"name":"SSD 256GB PCYES PY256 SATA III &#8211; SSD25PY256"}]},{"@type":"WebSite","@id":"https:\/\/flexlan.com.br\/site\/#website","url":"https:\/\/flexlan.com.br\/site\/","name":"FLEXLAN Inform\u00e1tica","description":"Suprimentos e Manuten\u00e7\u00e3o de Computadores e Notebooks","publisher":{"@id":"https:\/\/flexlan.com.br\/site\/#organization"},"alternateName":"FLEXLAN Inform\u00e1tica","potentialAction":[{"@type":"SearchAction","target":{"@type":"EntryPoint","urlTemplate":"https:\/\/flexlan.com.br\/site\/?s={search_term_string}"},"query-input":"required name=search_term_string"}],"inLanguage":"pt-BR"},{"@type":"Organization","@id":"https:\/\/flexlan.com.br\/site\/#organization","name":"Flexlan inform\u00e1tica","alternateName":"Suprimentos e Manuten\u00e7\u00e3o de Computadores e Notebooks","url":"https:\/\/flexlan.com.br\/site\/","logo":{"@type":"ImageObject","inLanguage":"pt-BR","@id":"https:\/\/flexlan.com.br\/site\/#\/schema\/logo\/image\/","url":"https:\/\/flexlan.com.br\/site\/wp-content\/uploads\/2022\/03\/Logo2022.png","contentUrl":"https:\/\/flexlan.com.br\/site\/wp-content\/uploads\/2022\/03\/Logo2022.png","width":796,"height":228,"caption":"Flexlan inform\u00e1tica"},"image":{"@id":"https:\/\/flexlan.com.br\/site\/#\/schema\/logo\/image\/"},"sameAs":["https:\/\/www.facebook.com\/FlexLanInformatica","https:\/\/instagram.com\/flexlan"]}]}},"_links":{"self":[{"href":"https:\/\/flexlan.com.br\/site\/index.php?rest_route=\/wp\/v2\/product\/28931"}],"collection":[{"href":"https:\/\/flexlan.com.br\/site\/index.php?rest_route=\/wp\/v2\/product"}],"about":[{"href":"https:\/\/flexlan.com.br\/site\/index.php?rest_route=\/wp\/v2\/types\/product"}],"replies":[{"embeddable":true,"href":"https:\/\/flexlan.com.br\/site\/index.php?rest_route=%2Fwp%2Fv2%2Fcomments&post=28931"}],"wp:featuredmedia":[{"embeddable":true,"href":"https:\/\/flexlan.com.br\/site\/index.php?rest_route=\/wp\/v2\/media\/28934"}],"wp:attachment":[{"href":"https:\/\/flexlan.com.br\/site\/index.php?rest_route=%2Fwp%2Fv2%2Fmedia&parent=28931"}],"wp:term":[{"taxonomy":"product_cat","embeddable":true,"href":"https:\/\/flexlan.com.br\/site\/index.php?rest_route=%2Fwp%2Fv2%2Fproduct_cat&post=28931"},{"taxonomy":"product_tag","embeddable":true,"href":"https:\/\/flexlan.com.br\/site\/index.php?rest_route=%2Fwp%2Fv2%2Fproduct_tag&post=28931"}],"curies":[{"name":"wp","href":"https:\/\/api.w.org\/{rel}","templated":true}]}}