{"id":28926,"date":"2026-03-11T15:51:50","date_gmt":"2026-03-11T18:51:50","guid":{"rendered":"https:\/\/flexlan.com.br\/site\/?post_type=product&#038;p=28926"},"modified":"2026-03-11T15:51:53","modified_gmt":"2026-03-11T18:51:53","slug":"smartwatch-redmi-watch-5-active-branco","status":"publish","type":"product","link":"https:\/\/flexlan.com.br\/site\/?product=smartwatch-redmi-watch-5-active-branco","title":{"rendered":"SMARTWATCH REDMI WATCH 5 ACTIVE &#8211; BRANCO"},"content":{"rendered":"<p><b>Caracter\u00edsticas:<\/b><br \/>\n&#8211; Modelo: Redmi Watch 5 Active<\/p>\n<p><b>Especifica\u00e7\u00f5es T\u00e9cnicas:<\/b><\/p>\n<p><b>Tela<\/b><br \/>\n&#8211; Tela: 1,75\u201d Colorida<br \/>\n&#8211; Tamanho da tela: 2 Polegadas<\/p>\n<p><b>Bateria<\/b><br \/>\n&#8211; Capacidade da bateria: 470 mAh<br \/>\n&#8211; Bateria: At\u00e9 14 dias de dura\u00e7\u00e3o<\/p>\n<p><b>Conectividade:<\/b><br \/>\n&#8211; Bluetooth 5.0<\/p>\n<p><b>Resist\u00eancia \u00e0 \u00e1gua:<\/b><br \/>\n&#8211; 5ATM<\/p>\n<p><b>Sistemas operacionais:<\/b><br \/>\n&#8211; Android e iOS<\/p>\n<p><b>Profundidade m\u00e1xima de resist\u00eancia \u00e0 \u00e1gua:<\/b><br \/>\n&#8211; 50 m<\/p>\n<p><b>Material<\/b><br \/>\n&#8211; Material da pulseira: Silicone<br \/>\n&#8211; Material do bisel: Metal<\/p>\n<p><b>Conte\u00fado da Embalagem:<\/b><br \/>\n&#8211; Smartwatch Redmi Watch 5 Active<\/p>\n","protected":false},"excerpt":{"rendered":"<p>O Smartwatch Redmi Watch 5 Active Branco oferece a combina\u00e7\u00e3o perfeita entre design moderno e funcionalidades avan\u00e7adas. Com sua tela de alta resolu\u00e7\u00e3o, monitoramento de atividades f\u00edsicas e sa\u00fade, al\u00e9m de longa dura\u00e7\u00e3o da bateria, este smartwatch \u00e9 o companheiro ideal para quem busca praticidade e estilo no dia a dia.<\/p>\n","protected":false},"featured_media":28930,"comment_status":"open","ping_status":"closed","template":"","meta":{"site-sidebar-layout":"default","site-content-layout":"","ast-site-content-layout":"default","site-content-style":"default","site-sidebar-style":"default","ast-global-header-display":"","ast-banner-title-visibility":"","ast-main-header-display":"","ast-hfb-above-header-display":"","ast-hfb-below-header-display":"","ast-hfb-mobile-header-display":"","site-post-title":"","ast-breadcrumbs-content":"","ast-featured-img":"","footer-sml-layout":"","theme-transparent-header-meta":"default","adv-header-id-meta":"","stick-header-meta":"","header-above-stick-meta":"","header-main-stick-meta":"","header-below-stick-meta":"","astra-migrate-meta-layouts":"set"},"product_cat":[89],"product_tag":[],"yoast_head":"<!-- This site is optimized with the Yoast SEO plugin v21.1 - https:\/\/yoast.com\/wordpress\/plugins\/seo\/ -->\n<title>SMARTWATCH REDMI WATCH 5 ACTIVE - BRANCO - FLEXLAN Inform\u00e1tica<\/title>\n<meta name=\"description\" content=\"Suprimentos e Manuten\u00e7\u00e3o de Computadores e Notebooks O Smartwatch Redmi Watch 5 Active Branco oferece a combina\u00e7\u00e3o perfeita entre design moderno e funcionalidades avan\u00e7adas. Com sua tela de alta resolu\u00e7\u00e3o, monitoramento de atividades f\u00edsicas e sa\u00fade, al\u00e9m de longa dura\u00e7\u00e3o da bateria, este smartwatch \u00e9 o companheiro ideal para quem busca praticidade e estilo no dia a dia.\" \/>\n<meta name=\"robots\" content=\"index, follow, max-snippet:-1, max-image-preview:large, max-video-preview:-1\" \/>\n<link rel=\"canonical\" href=\"https:\/\/flexlan.com.br\/site\/?product=smartwatch-redmi-watch-5-active-branco\" \/>\n<meta property=\"og:locale\" content=\"pt_BR\" \/>\n<meta property=\"og:type\" content=\"article\" \/>\n<meta property=\"og:title\" content=\"SMARTWATCH REDMI WATCH 5 ACTIVE - BRANCO - FLEXLAN Inform\u00e1tica\" \/>\n<meta property=\"og:description\" content=\"Suprimentos e Manuten\u00e7\u00e3o de Computadores e Notebooks O Smartwatch Redmi Watch 5 Active Branco oferece a combina\u00e7\u00e3o perfeita entre design moderno e funcionalidades avan\u00e7adas. Com sua tela de alta resolu\u00e7\u00e3o, monitoramento de atividades f\u00edsicas e sa\u00fade, al\u00e9m de longa dura\u00e7\u00e3o da bateria, este smartwatch \u00e9 o companheiro ideal para quem busca praticidade e estilo no dia a dia.\" \/>\n<meta property=\"og:url\" content=\"https:\/\/flexlan.com.br\/site\/?product=smartwatch-redmi-watch-5-active-branco\" \/>\n<meta property=\"og:site_name\" content=\"FLEXLAN Inform\u00e1tica\" \/>\n<meta property=\"article:publisher\" content=\"https:\/\/www.facebook.com\/FlexLanInformatica\" \/>\n<meta property=\"article:modified_time\" content=\"2026-03-11T18:51:53+00:00\" \/>\n<meta property=\"og:image\" content=\"https:\/\/flexlan.com.br\/site\/wp-content\/uploads\/2026\/03\/SMARTWATCH-REDMI-WATCH-5-ACTIVE.jpeg\" \/>\n\t<meta property=\"og:image:width\" content=\"908\" \/>\n\t<meta property=\"og:image:height\" content=\"1000\" \/>\n\t<meta property=\"og:image:type\" content=\"image\/jpeg\" \/>\n<meta name=\"twitter:card\" content=\"summary_large_image\" \/>\n<meta name=\"twitter:label1\" content=\"Est. tempo de leitura\" \/>\n\t<meta name=\"twitter:data1\" content=\"1 minuto\" \/>\n<script type=\"application\/ld+json\" class=\"yoast-schema-graph\">{\"@context\":\"https:\/\/schema.org\",\"@graph\":[{\"@type\":[\"WebPage\",\"ItemPage\"],\"@id\":\"https:\/\/flexlan.com.br\/site\/?product=smartwatch-redmi-watch-5-active-branco\",\"url\":\"https:\/\/flexlan.com.br\/site\/?product=smartwatch-redmi-watch-5-active-branco\",\"name\":\"SMARTWATCH REDMI WATCH 5 ACTIVE - BRANCO - FLEXLAN Inform\u00e1tica\",\"isPartOf\":{\"@id\":\"https:\/\/flexlan.com.br\/site\/#website\"},\"datePublished\":\"2026-03-11T18:51:50+00:00\",\"dateModified\":\"2026-03-11T18:51:53+00:00\",\"description\":\"Suprimentos e Manuten\u00e7\u00e3o de Computadores e Notebooks O Smartwatch Redmi Watch 5 Active Branco oferece a combina\u00e7\u00e3o perfeita entre design moderno e funcionalidades avan\u00e7adas. Com sua tela de alta resolu\u00e7\u00e3o, monitoramento de atividades f\u00edsicas e sa\u00fade, al\u00e9m de longa dura\u00e7\u00e3o da bateria, este smartwatch \u00e9 o companheiro ideal para quem busca praticidade e estilo no dia a dia.\",\"breadcrumb\":{\"@id\":\"https:\/\/flexlan.com.br\/site\/?product=smartwatch-redmi-watch-5-active-branco#breadcrumb\"},\"inLanguage\":\"pt-BR\",\"potentialAction\":[{\"@type\":\"ReadAction\",\"target\":[\"https:\/\/flexlan.com.br\/site\/?product=smartwatch-redmi-watch-5-active-branco\"]}]},{\"@type\":\"BreadcrumbList\",\"@id\":\"https:\/\/flexlan.com.br\/site\/?product=smartwatch-redmi-watch-5-active-branco#breadcrumb\",\"itemListElement\":[{\"@type\":\"ListItem\",\"position\":1,\"name\":\"In\u00edcio\",\"item\":\"https:\/\/flexlan.com.br\/site\/\"},{\"@type\":\"ListItem\",\"position\":2,\"name\":\"Shop\",\"item\":\"https:\/\/flexlan.com.br\/site\/?page_id=28271\"},{\"@type\":\"ListItem\",\"position\":3,\"name\":\"SMARTWATCH REDMI WATCH 5 ACTIVE &#8211; BRANCO\"}]},{\"@type\":\"WebSite\",\"@id\":\"https:\/\/flexlan.com.br\/site\/#website\",\"url\":\"https:\/\/flexlan.com.br\/site\/\",\"name\":\"FLEXLAN Inform\u00e1tica\",\"description\":\"Suprimentos e Manuten\u00e7\u00e3o de Computadores e Notebooks\",\"publisher\":{\"@id\":\"https:\/\/flexlan.com.br\/site\/#organization\"},\"alternateName\":\"FLEXLAN Inform\u00e1tica\",\"potentialAction\":[{\"@type\":\"SearchAction\",\"target\":{\"@type\":\"EntryPoint\",\"urlTemplate\":\"https:\/\/flexlan.com.br\/site\/?s={search_term_string}\"},\"query-input\":\"required name=search_term_string\"}],\"inLanguage\":\"pt-BR\"},{\"@type\":\"Organization\",\"@id\":\"https:\/\/flexlan.com.br\/site\/#organization\",\"name\":\"Flexlan inform\u00e1tica\",\"alternateName\":\"Suprimentos e Manuten\u00e7\u00e3o de Computadores e Notebooks\",\"url\":\"https:\/\/flexlan.com.br\/site\/\",\"logo\":{\"@type\":\"ImageObject\",\"inLanguage\":\"pt-BR\",\"@id\":\"https:\/\/flexlan.com.br\/site\/#\/schema\/logo\/image\/\",\"url\":\"https:\/\/flexlan.com.br\/site\/wp-content\/uploads\/2022\/03\/Logo2022.png\",\"contentUrl\":\"https:\/\/flexlan.com.br\/site\/wp-content\/uploads\/2022\/03\/Logo2022.png\",\"width\":796,\"height\":228,\"caption\":\"Flexlan inform\u00e1tica\"},\"image\":{\"@id\":\"https:\/\/flexlan.com.br\/site\/#\/schema\/logo\/image\/\"},\"sameAs\":[\"https:\/\/www.facebook.com\/FlexLanInformatica\",\"https:\/\/instagram.com\/flexlan\"]}]}<\/script>\n<!-- \/ Yoast SEO plugin. -->","yoast_head_json":{"title":"SMARTWATCH REDMI WATCH 5 ACTIVE - BRANCO - FLEXLAN Inform\u00e1tica","description":"Suprimentos e Manuten\u00e7\u00e3o de Computadores e Notebooks O Smartwatch Redmi Watch 5 Active Branco oferece a combina\u00e7\u00e3o perfeita entre design moderno e funcionalidades avan\u00e7adas. Com sua tela de alta resolu\u00e7\u00e3o, monitoramento de atividades f\u00edsicas e sa\u00fade, al\u00e9m de longa dura\u00e7\u00e3o da bateria, este smartwatch \u00e9 o companheiro ideal para quem busca praticidade e estilo no dia a dia.","robots":{"index":"index","follow":"follow","max-snippet":"max-snippet:-1","max-image-preview":"max-image-preview:large","max-video-preview":"max-video-preview:-1"},"canonical":"https:\/\/flexlan.com.br\/site\/?product=smartwatch-redmi-watch-5-active-branco","og_locale":"pt_BR","og_type":"article","og_title":"SMARTWATCH REDMI WATCH 5 ACTIVE - BRANCO - FLEXLAN Inform\u00e1tica","og_description":"Suprimentos e Manuten\u00e7\u00e3o de Computadores e Notebooks O Smartwatch Redmi Watch 5 Active Branco oferece a combina\u00e7\u00e3o perfeita entre design moderno e funcionalidades avan\u00e7adas. Com sua tela de alta resolu\u00e7\u00e3o, monitoramento de atividades f\u00edsicas e sa\u00fade, al\u00e9m de longa dura\u00e7\u00e3o da bateria, este smartwatch \u00e9 o companheiro ideal para quem busca praticidade e estilo no dia a dia.","og_url":"https:\/\/flexlan.com.br\/site\/?product=smartwatch-redmi-watch-5-active-branco","og_site_name":"FLEXLAN Inform\u00e1tica","article_publisher":"https:\/\/www.facebook.com\/FlexLanInformatica","article_modified_time":"2026-03-11T18:51:53+00:00","og_image":[{"width":908,"height":1000,"url":"https:\/\/flexlan.com.br\/site\/wp-content\/uploads\/2026\/03\/SMARTWATCH-REDMI-WATCH-5-ACTIVE.jpeg","type":"image\/jpeg"}],"twitter_card":"summary_large_image","twitter_misc":{"Est. tempo de leitura":"1 minuto"},"schema":{"@context":"https:\/\/schema.org","@graph":[{"@type":["WebPage","ItemPage"],"@id":"https:\/\/flexlan.com.br\/site\/?product=smartwatch-redmi-watch-5-active-branco","url":"https:\/\/flexlan.com.br\/site\/?product=smartwatch-redmi-watch-5-active-branco","name":"SMARTWATCH REDMI WATCH 5 ACTIVE - BRANCO - FLEXLAN Inform\u00e1tica","isPartOf":{"@id":"https:\/\/flexlan.com.br\/site\/#website"},"datePublished":"2026-03-11T18:51:50+00:00","dateModified":"2026-03-11T18:51:53+00:00","description":"Suprimentos e Manuten\u00e7\u00e3o de Computadores e Notebooks O Smartwatch Redmi Watch 5 Active Branco oferece a combina\u00e7\u00e3o perfeita entre design moderno e funcionalidades avan\u00e7adas. Com sua tela de alta resolu\u00e7\u00e3o, monitoramento de atividades f\u00edsicas e sa\u00fade, al\u00e9m de longa dura\u00e7\u00e3o da bateria, este smartwatch \u00e9 o companheiro ideal para quem busca praticidade e estilo no dia a dia.","breadcrumb":{"@id":"https:\/\/flexlan.com.br\/site\/?product=smartwatch-redmi-watch-5-active-branco#breadcrumb"},"inLanguage":"pt-BR","potentialAction":[{"@type":"ReadAction","target":["https:\/\/flexlan.com.br\/site\/?product=smartwatch-redmi-watch-5-active-branco"]}]},{"@type":"BreadcrumbList","@id":"https:\/\/flexlan.com.br\/site\/?product=smartwatch-redmi-watch-5-active-branco#breadcrumb","itemListElement":[{"@type":"ListItem","position":1,"name":"In\u00edcio","item":"https:\/\/flexlan.com.br\/site\/"},{"@type":"ListItem","position":2,"name":"Shop","item":"https:\/\/flexlan.com.br\/site\/?page_id=28271"},{"@type":"ListItem","position":3,"name":"SMARTWATCH REDMI WATCH 5 ACTIVE &#8211; BRANCO"}]},{"@type":"WebSite","@id":"https:\/\/flexlan.com.br\/site\/#website","url":"https:\/\/flexlan.com.br\/site\/","name":"FLEXLAN Inform\u00e1tica","description":"Suprimentos e Manuten\u00e7\u00e3o de Computadores e Notebooks","publisher":{"@id":"https:\/\/flexlan.com.br\/site\/#organization"},"alternateName":"FLEXLAN Inform\u00e1tica","potentialAction":[{"@type":"SearchAction","target":{"@type":"EntryPoint","urlTemplate":"https:\/\/flexlan.com.br\/site\/?s={search_term_string}"},"query-input":"required name=search_term_string"}],"inLanguage":"pt-BR"},{"@type":"Organization","@id":"https:\/\/flexlan.com.br\/site\/#organization","name":"Flexlan inform\u00e1tica","alternateName":"Suprimentos e Manuten\u00e7\u00e3o de Computadores e Notebooks","url":"https:\/\/flexlan.com.br\/site\/","logo":{"@type":"ImageObject","inLanguage":"pt-BR","@id":"https:\/\/flexlan.com.br\/site\/#\/schema\/logo\/image\/","url":"https:\/\/flexlan.com.br\/site\/wp-content\/uploads\/2022\/03\/Logo2022.png","contentUrl":"https:\/\/flexlan.com.br\/site\/wp-content\/uploads\/2022\/03\/Logo2022.png","width":796,"height":228,"caption":"Flexlan inform\u00e1tica"},"image":{"@id":"https:\/\/flexlan.com.br\/site\/#\/schema\/logo\/image\/"},"sameAs":["https:\/\/www.facebook.com\/FlexLanInformatica","https:\/\/instagram.com\/flexlan"]}]}},"_links":{"self":[{"href":"https:\/\/flexlan.com.br\/site\/index.php?rest_route=\/wp\/v2\/product\/28926"}],"collection":[{"href":"https:\/\/flexlan.com.br\/site\/index.php?rest_route=\/wp\/v2\/product"}],"about":[{"href":"https:\/\/flexlan.com.br\/site\/index.php?rest_route=\/wp\/v2\/types\/product"}],"replies":[{"embeddable":true,"href":"https:\/\/flexlan.com.br\/site\/index.php?rest_route=%2Fwp%2Fv2%2Fcomments&post=28926"}],"wp:featuredmedia":[{"embeddable":true,"href":"https:\/\/flexlan.com.br\/site\/index.php?rest_route=\/wp\/v2\/media\/28930"}],"wp:attachment":[{"href":"https:\/\/flexlan.com.br\/site\/index.php?rest_route=%2Fwp%2Fv2%2Fmedia&parent=28926"}],"wp:term":[{"taxonomy":"product_cat","embeddable":true,"href":"https:\/\/flexlan.com.br\/site\/index.php?rest_route=%2Fwp%2Fv2%2Fproduct_cat&post=28926"},{"taxonomy":"product_tag","embeddable":true,"href":"https:\/\/flexlan.com.br\/site\/index.php?rest_route=%2Fwp%2Fv2%2Fproduct_tag&post=28926"}],"curies":[{"name":"wp","href":"https:\/\/api.w.org\/{rel}","templated":true}]}}