{"id":28921,"date":"2026-01-29T13:44:57","date_gmt":"2026-01-29T16:44:57","guid":{"rendered":"https:\/\/flexlan.com.br\/site\/?post_type=product&#038;p=28921"},"modified":"2026-01-29T13:45:01","modified_gmt":"2026-01-29T16:45:01","slug":"smartwatch-solar-neo-haylou-amoled-preto","status":"publish","type":"product","link":"https:\/\/flexlan.com.br\/site\/?product=smartwatch-solar-neo-haylou-amoled-preto","title":{"rendered":"SMARTWATCH SOLAR NEO HAYLOU AMOLED &#8211; PRETO"},"content":{"rendered":"<div class=\"flex pb-32\"><span class=\"text-base text-black-800 font-bold uppercase tablet:text-xl desktop:text-2xl\">Descri\u00e7\u00e3o do produto<\/span><\/div>\n<div id=\"iframeContainer\" class=\"[&amp;_*]:leading-4 [&amp;_*]:font-normal [&amp;_*]:text-black-700 [&amp;_a]:text-secondary-500 [&amp;_a]:!underline [&amp;_ul]:list-disc [&amp;_ul]:pl-20 [&amp;_strong]:text-[revert] [&amp;_strong]:font-bold [&amp;_strong_*]:font-bold [&amp;_b]:text-[revert] [&amp;_b]:font-bold [&amp;_b_*]:font-bold desktop:text-sm desktop:[&amp;_*]:leading-[18px]\">\n<div id=\"description\" class=\"!text-base [&amp;_:is(h1,h2,h3,h4,h5,h6)]:[font-size:revert] [&amp;_:is(h1,h2,h3,h4,h5,h6)]:[font-weight:revert] [&amp;_:is(h1,h2,h3,h4,h5,h6)]:[line-height:1.5]\">Tamanho do corpo principal: 48.4*48.4*11.5mm<br \/>\nPeso do rel\u00f3gio (incluindo al\u00e7a): 48g<br \/>\nExibi\u00e7\u00e3o: 1,53 &#8221; HD Display<br \/>\nResolu\u00e7\u00e3o: 360*360<br \/>\nSensores: Sensor do ritmo card\u00edaco, sensor de movimento, sensor do oxig\u00eanio do sangue<br \/>\nBluetooth: Bluetooth V5.3<br \/>\nAvalia\u00e7\u00e3o imperme\u00e1vel: IP68<br \/>\nVida \u00fatil da bateria: Aprox. 30 dias (modo longa dura\u00e7\u00e3o da bateria ativado)<br \/>\nBateria Capacidade: 300mAh<br \/>\nPulseira: cinta dur\u00e1vel e confort\u00e1vel do silicone 22MM<br \/>\nPlataforma Data Sync: Haylou Fun<br \/>\nRequisitos do equipamento: Android 6.0 e superior, iOS 11.0 e superior<\/p>\n<p>Visuals suaves e sedosas:<br \/>\nExperimente uma nitidez espantosa com a tela colorida HD de 1,53&#8221; do Haylou Solar Neo<\/p>\n<p>Coroa Rotativa Atualizada:<br \/>\nNavegue facilmente pelos menus e troque de mostrador sem esfor\u00e7o com a refinada coroa rotativa do Haylou Solar Neo. Esta caracter\u00edstica melhorada proporciona uma experi\u00eancia suave e intuitiva, garantindo acesso f\u00e1cil a todas as funcionalidades do seu smartwatch.<\/p>\n<p>Conex\u00e3o com um Toque Chamada Bluetooth:<br \/>\nMantenha-se conectado sem esfor\u00e7o com a fun\u00e7\u00e3o de chamada Bluetooth de um toque do Haylou Solar Neo. Quer esteja praticando esportes ao ar livre ou cuidando das tarefas dom\u00e9sticas, voc\u00ea pode facilmente fazer ou atender chamadas e verificar os registros de chamadas diretamente no seu rel\u00f3gio com um simples toque.<\/p>\n<p>Notifica\u00e7\u00f5es de Mensagens Inteligentes:<br \/>\nMantenha-se atualizado com as notifica\u00e7\u00f5es em tempo real no Haylou Solar Neo, garantindo que nunca perca uma mensagem importante. Desfrute da conveni\u00eancia das funcionalidades de controle remoto do obturador e da m\u00fasica, melhorando a experi\u00eancia geral do usu\u00e1rio.<\/p>\n<p>Bluetooth 5.3 avan\u00e7ado:<br \/>\nExperimente conex\u00f5es r\u00e1pidas e est\u00e1veis com o avan\u00e7ado chip Bluetooth 5.3. Esta tecnologia de ponta assegura baixo consumo de energia, permitindo que voc\u00ea se mantenha conectado por mais tempo sem comprometer o desempenho.<br \/>\nMenor consumo de energia<br \/>\nResposta r\u00e1pida<br \/>\nEstabiliza\u00e7\u00e3o do sinal<\/p><\/div>\n<\/div>\n","protected":false},"excerpt":{"rendered":"<p>127 Modos de Treino:<br \/>\nViva uma vida ativa com o Haylou Solar Neo, seu treinador pessoal vers\u00e1til que oferece 127 modos de treino. Obtenha dados precisos e orienta\u00e7\u00f5es de treino cient\u00edficas para melhorar sua jornada de fitness e atingir seus objetivos.<br \/>\nBot\u00e3o de atalho<br \/>\nPressione o bot\u00e3o de atalho para ativar instantaneamente o modo esportivo<\/p>\n","protected":false},"featured_media":28924,"comment_status":"open","ping_status":"closed","template":"","meta":{"site-sidebar-layout":"default","site-content-layout":"","ast-site-content-layout":"default","site-content-style":"default","site-sidebar-style":"default","ast-global-header-display":"","ast-banner-title-visibility":"","ast-main-header-display":"","ast-hfb-above-header-display":"","ast-hfb-below-header-display":"","ast-hfb-mobile-header-display":"","site-post-title":"","ast-breadcrumbs-content":"","ast-featured-img":"","footer-sml-layout":"","theme-transparent-header-meta":"default","adv-header-id-meta":"","stick-header-meta":"","header-above-stick-meta":"","header-main-stick-meta":"","header-below-stick-meta":"","astra-migrate-meta-layouts":"set"},"product_cat":[89],"product_tag":[],"yoast_head":"<!-- This site is optimized with the Yoast SEO plugin v21.1 - https:\/\/yoast.com\/wordpress\/plugins\/seo\/ -->\n<title>SMARTWATCH SOLAR NEO HAYLOU AMOLED - PRETO - FLEXLAN Inform\u00e1tica<\/title>\n<meta name=\"description\" content=\"Suprimentos e Manuten\u00e7\u00e3o de Computadores e Notebooks 127 Modos de Treino:Viva uma vida ativa com o Haylou Solar Neo, seu treinador pessoal vers\u00e1til que oferece 127 modos de treino. Obtenha dados precisos e orienta\u00e7\u00f5es de treino cient\u00edficas para melhorar sua jornada de fitness e atingir seus objetivos.Bot\u00e3o de atalhoPressione o bot\u00e3o de atalho para ativar instantaneamente o modo esportivo\" \/>\n<meta name=\"robots\" content=\"index, follow, max-snippet:-1, max-image-preview:large, max-video-preview:-1\" \/>\n<link rel=\"canonical\" href=\"https:\/\/flexlan.com.br\/site\/?product=smartwatch-solar-neo-haylou-amoled-preto\" \/>\n<meta property=\"og:locale\" content=\"pt_BR\" \/>\n<meta property=\"og:type\" content=\"article\" \/>\n<meta property=\"og:title\" content=\"SMARTWATCH SOLAR NEO HAYLOU AMOLED - PRETO - FLEXLAN Inform\u00e1tica\" \/>\n<meta property=\"og:description\" content=\"Suprimentos e Manuten\u00e7\u00e3o de Computadores e Notebooks 127 Modos de Treino:Viva uma vida ativa com o Haylou Solar Neo, seu treinador pessoal vers\u00e1til que oferece 127 modos de treino. Obtenha dados precisos e orienta\u00e7\u00f5es de treino cient\u00edficas para melhorar sua jornada de fitness e atingir seus objetivos.Bot\u00e3o de atalhoPressione o bot\u00e3o de atalho para ativar instantaneamente o modo esportivo\" \/>\n<meta property=\"og:url\" content=\"https:\/\/flexlan.com.br\/site\/?product=smartwatch-solar-neo-haylou-amoled-preto\" \/>\n<meta property=\"og:site_name\" content=\"FLEXLAN Inform\u00e1tica\" \/>\n<meta property=\"article:publisher\" content=\"https:\/\/www.facebook.com\/FlexLanInformatica\" \/>\n<meta property=\"article:modified_time\" content=\"2026-01-29T16:45:01+00:00\" \/>\n<meta property=\"og:image\" content=\"https:\/\/flexlan.com.br\/site\/wp-content\/uploads\/2026\/01\/SMARTWATCH-SOLAR-NEO-HAYLOU-AMOLED.jpeg\" \/>\n\t<meta property=\"og:image:width\" content=\"800\" \/>\n\t<meta property=\"og:image:height\" content=\"800\" \/>\n\t<meta property=\"og:image:type\" content=\"image\/jpeg\" \/>\n<meta name=\"twitter:card\" content=\"summary_large_image\" \/>\n<meta name=\"twitter:label1\" content=\"Est. tempo de leitura\" \/>\n\t<meta name=\"twitter:data1\" content=\"2 minutos\" \/>\n<script type=\"application\/ld+json\" class=\"yoast-schema-graph\">{\"@context\":\"https:\/\/schema.org\",\"@graph\":[{\"@type\":[\"WebPage\",\"ItemPage\"],\"@id\":\"https:\/\/flexlan.com.br\/site\/?product=smartwatch-solar-neo-haylou-amoled-preto\",\"url\":\"https:\/\/flexlan.com.br\/site\/?product=smartwatch-solar-neo-haylou-amoled-preto\",\"name\":\"SMARTWATCH SOLAR NEO HAYLOU AMOLED - PRETO - FLEXLAN Inform\u00e1tica\",\"isPartOf\":{\"@id\":\"https:\/\/flexlan.com.br\/site\/#website\"},\"datePublished\":\"2026-01-29T16:44:57+00:00\",\"dateModified\":\"2026-01-29T16:45:01+00:00\",\"description\":\"Suprimentos e Manuten\u00e7\u00e3o de Computadores e Notebooks 127 Modos de Treino:Viva uma vida ativa com o Haylou Solar Neo, seu treinador pessoal vers\u00e1til que oferece 127 modos de treino. Obtenha dados precisos e orienta\u00e7\u00f5es de treino cient\u00edficas para melhorar sua jornada de fitness e atingir seus objetivos.Bot\u00e3o de atalhoPressione o bot\u00e3o de atalho para ativar instantaneamente o modo esportivo\",\"breadcrumb\":{\"@id\":\"https:\/\/flexlan.com.br\/site\/?product=smartwatch-solar-neo-haylou-amoled-preto#breadcrumb\"},\"inLanguage\":\"pt-BR\",\"potentialAction\":[{\"@type\":\"ReadAction\",\"target\":[\"https:\/\/flexlan.com.br\/site\/?product=smartwatch-solar-neo-haylou-amoled-preto\"]}]},{\"@type\":\"BreadcrumbList\",\"@id\":\"https:\/\/flexlan.com.br\/site\/?product=smartwatch-solar-neo-haylou-amoled-preto#breadcrumb\",\"itemListElement\":[{\"@type\":\"ListItem\",\"position\":1,\"name\":\"In\u00edcio\",\"item\":\"https:\/\/flexlan.com.br\/site\/\"},{\"@type\":\"ListItem\",\"position\":2,\"name\":\"Shop\",\"item\":\"https:\/\/flexlan.com.br\/site\/?page_id=28271\"},{\"@type\":\"ListItem\",\"position\":3,\"name\":\"SMARTWATCH SOLAR NEO HAYLOU AMOLED &#8211; PRETO\"}]},{\"@type\":\"WebSite\",\"@id\":\"https:\/\/flexlan.com.br\/site\/#website\",\"url\":\"https:\/\/flexlan.com.br\/site\/\",\"name\":\"FLEXLAN Inform\u00e1tica\",\"description\":\"Suprimentos e Manuten\u00e7\u00e3o de Computadores e Notebooks\",\"publisher\":{\"@id\":\"https:\/\/flexlan.com.br\/site\/#organization\"},\"alternateName\":\"FLEXLAN Inform\u00e1tica\",\"potentialAction\":[{\"@type\":\"SearchAction\",\"target\":{\"@type\":\"EntryPoint\",\"urlTemplate\":\"https:\/\/flexlan.com.br\/site\/?s={search_term_string}\"},\"query-input\":\"required name=search_term_string\"}],\"inLanguage\":\"pt-BR\"},{\"@type\":\"Organization\",\"@id\":\"https:\/\/flexlan.com.br\/site\/#organization\",\"name\":\"Flexlan inform\u00e1tica\",\"alternateName\":\"Suprimentos e Manuten\u00e7\u00e3o de Computadores e Notebooks\",\"url\":\"https:\/\/flexlan.com.br\/site\/\",\"logo\":{\"@type\":\"ImageObject\",\"inLanguage\":\"pt-BR\",\"@id\":\"https:\/\/flexlan.com.br\/site\/#\/schema\/logo\/image\/\",\"url\":\"https:\/\/flexlan.com.br\/site\/wp-content\/uploads\/2022\/03\/Logo2022.png\",\"contentUrl\":\"https:\/\/flexlan.com.br\/site\/wp-content\/uploads\/2022\/03\/Logo2022.png\",\"width\":796,\"height\":228,\"caption\":\"Flexlan inform\u00e1tica\"},\"image\":{\"@id\":\"https:\/\/flexlan.com.br\/site\/#\/schema\/logo\/image\/\"},\"sameAs\":[\"https:\/\/www.facebook.com\/FlexLanInformatica\",\"https:\/\/instagram.com\/flexlan\"]}]}<\/script>\n<!-- \/ Yoast SEO plugin. -->","yoast_head_json":{"title":"SMARTWATCH SOLAR NEO HAYLOU AMOLED - PRETO - FLEXLAN Inform\u00e1tica","description":"Suprimentos e Manuten\u00e7\u00e3o de Computadores e Notebooks 127 Modos de Treino:Viva uma vida ativa com o Haylou Solar Neo, seu treinador pessoal vers\u00e1til que oferece 127 modos de treino. Obtenha dados precisos e orienta\u00e7\u00f5es de treino cient\u00edficas para melhorar sua jornada de fitness e atingir seus objetivos.Bot\u00e3o de atalhoPressione o bot\u00e3o de atalho para ativar instantaneamente o modo esportivo","robots":{"index":"index","follow":"follow","max-snippet":"max-snippet:-1","max-image-preview":"max-image-preview:large","max-video-preview":"max-video-preview:-1"},"canonical":"https:\/\/flexlan.com.br\/site\/?product=smartwatch-solar-neo-haylou-amoled-preto","og_locale":"pt_BR","og_type":"article","og_title":"SMARTWATCH SOLAR NEO HAYLOU AMOLED - PRETO - FLEXLAN Inform\u00e1tica","og_description":"Suprimentos e Manuten\u00e7\u00e3o de Computadores e Notebooks 127 Modos de Treino:Viva uma vida ativa com o Haylou Solar Neo, seu treinador pessoal vers\u00e1til que oferece 127 modos de treino. Obtenha dados precisos e orienta\u00e7\u00f5es de treino cient\u00edficas para melhorar sua jornada de fitness e atingir seus objetivos.Bot\u00e3o de atalhoPressione o bot\u00e3o de atalho para ativar instantaneamente o modo esportivo","og_url":"https:\/\/flexlan.com.br\/site\/?product=smartwatch-solar-neo-haylou-amoled-preto","og_site_name":"FLEXLAN Inform\u00e1tica","article_publisher":"https:\/\/www.facebook.com\/FlexLanInformatica","article_modified_time":"2026-01-29T16:45:01+00:00","og_image":[{"width":800,"height":800,"url":"https:\/\/flexlan.com.br\/site\/wp-content\/uploads\/2026\/01\/SMARTWATCH-SOLAR-NEO-HAYLOU-AMOLED.jpeg","type":"image\/jpeg"}],"twitter_card":"summary_large_image","twitter_misc":{"Est. tempo de leitura":"2 minutos"},"schema":{"@context":"https:\/\/schema.org","@graph":[{"@type":["WebPage","ItemPage"],"@id":"https:\/\/flexlan.com.br\/site\/?product=smartwatch-solar-neo-haylou-amoled-preto","url":"https:\/\/flexlan.com.br\/site\/?product=smartwatch-solar-neo-haylou-amoled-preto","name":"SMARTWATCH SOLAR NEO HAYLOU AMOLED - PRETO - FLEXLAN Inform\u00e1tica","isPartOf":{"@id":"https:\/\/flexlan.com.br\/site\/#website"},"datePublished":"2026-01-29T16:44:57+00:00","dateModified":"2026-01-29T16:45:01+00:00","description":"Suprimentos e Manuten\u00e7\u00e3o de Computadores e Notebooks 127 Modos de Treino:Viva uma vida ativa com o Haylou Solar Neo, seu treinador pessoal vers\u00e1til que oferece 127 modos de treino. Obtenha dados precisos e orienta\u00e7\u00f5es de treino cient\u00edficas para melhorar sua jornada de fitness e atingir seus objetivos.Bot\u00e3o de atalhoPressione o bot\u00e3o de atalho para ativar instantaneamente o modo esportivo","breadcrumb":{"@id":"https:\/\/flexlan.com.br\/site\/?product=smartwatch-solar-neo-haylou-amoled-preto#breadcrumb"},"inLanguage":"pt-BR","potentialAction":[{"@type":"ReadAction","target":["https:\/\/flexlan.com.br\/site\/?product=smartwatch-solar-neo-haylou-amoled-preto"]}]},{"@type":"BreadcrumbList","@id":"https:\/\/flexlan.com.br\/site\/?product=smartwatch-solar-neo-haylou-amoled-preto#breadcrumb","itemListElement":[{"@type":"ListItem","position":1,"name":"In\u00edcio","item":"https:\/\/flexlan.com.br\/site\/"},{"@type":"ListItem","position":2,"name":"Shop","item":"https:\/\/flexlan.com.br\/site\/?page_id=28271"},{"@type":"ListItem","position":3,"name":"SMARTWATCH SOLAR NEO HAYLOU AMOLED &#8211; PRETO"}]},{"@type":"WebSite","@id":"https:\/\/flexlan.com.br\/site\/#website","url":"https:\/\/flexlan.com.br\/site\/","name":"FLEXLAN Inform\u00e1tica","description":"Suprimentos e Manuten\u00e7\u00e3o de Computadores e Notebooks","publisher":{"@id":"https:\/\/flexlan.com.br\/site\/#organization"},"alternateName":"FLEXLAN Inform\u00e1tica","potentialAction":[{"@type":"SearchAction","target":{"@type":"EntryPoint","urlTemplate":"https:\/\/flexlan.com.br\/site\/?s={search_term_string}"},"query-input":"required name=search_term_string"}],"inLanguage":"pt-BR"},{"@type":"Organization","@id":"https:\/\/flexlan.com.br\/site\/#organization","name":"Flexlan inform\u00e1tica","alternateName":"Suprimentos e Manuten\u00e7\u00e3o de Computadores e Notebooks","url":"https:\/\/flexlan.com.br\/site\/","logo":{"@type":"ImageObject","inLanguage":"pt-BR","@id":"https:\/\/flexlan.com.br\/site\/#\/schema\/logo\/image\/","url":"https:\/\/flexlan.com.br\/site\/wp-content\/uploads\/2022\/03\/Logo2022.png","contentUrl":"https:\/\/flexlan.com.br\/site\/wp-content\/uploads\/2022\/03\/Logo2022.png","width":796,"height":228,"caption":"Flexlan inform\u00e1tica"},"image":{"@id":"https:\/\/flexlan.com.br\/site\/#\/schema\/logo\/image\/"},"sameAs":["https:\/\/www.facebook.com\/FlexLanInformatica","https:\/\/instagram.com\/flexlan"]}]}},"_links":{"self":[{"href":"https:\/\/flexlan.com.br\/site\/index.php?rest_route=\/wp\/v2\/product\/28921"}],"collection":[{"href":"https:\/\/flexlan.com.br\/site\/index.php?rest_route=\/wp\/v2\/product"}],"about":[{"href":"https:\/\/flexlan.com.br\/site\/index.php?rest_route=\/wp\/v2\/types\/product"}],"replies":[{"embeddable":true,"href":"https:\/\/flexlan.com.br\/site\/index.php?rest_route=%2Fwp%2Fv2%2Fcomments&post=28921"}],"wp:featuredmedia":[{"embeddable":true,"href":"https:\/\/flexlan.com.br\/site\/index.php?rest_route=\/wp\/v2\/media\/28924"}],"wp:attachment":[{"href":"https:\/\/flexlan.com.br\/site\/index.php?rest_route=%2Fwp%2Fv2%2Fmedia&parent=28921"}],"wp:term":[{"taxonomy":"product_cat","embeddable":true,"href":"https:\/\/flexlan.com.br\/site\/index.php?rest_route=%2Fwp%2Fv2%2Fproduct_cat&post=28921"},{"taxonomy":"product_tag","embeddable":true,"href":"https:\/\/flexlan.com.br\/site\/index.php?rest_route=%2Fwp%2Fv2%2Fproduct_tag&post=28921"}],"curies":[{"name":"wp","href":"https:\/\/api.w.org\/{rel}","templated":true}]}}