{"id":28852,"date":"2025-06-17T11:21:44","date_gmt":"2025-06-17T14:21:44","guid":{"rendered":"https:\/\/flexlan.com.br\/site\/?post_type=product&#038;p=28852"},"modified":"2025-06-17T11:21:48","modified_gmt":"2025-06-17T14:21:48","slug":"caixa-de-som-mondial-250w-rms-bluetooth-cm250","status":"publish","type":"product","link":"https:\/\/flexlan.com.br\/site\/?product=caixa-de-som-mondial-250w-rms-bluetooth-cm250","title":{"rendered":"CAIXA DE SOM MONDIAL 250W RMS BLUETOOTH CM250"},"content":{"rendered":"<div class=\"sc-75806410-2 fNcwzE\">\n<section>\n<div class=\"sc-tYqdw jXGcA\">\n<div class=\"sc-biBsmb byagXo\">\n<div class=\"sc-eHfRjS cfeeGo\">\n<div id=\"technicalInfoSection\" class=\"sc-75806410-3 iMBwBB\" data-state=\"open\" data-testid=\"technicalInfoSection\">\n<div id=\"radix-:r2:\" class=\"sc-75806410-4 gKytUC\" role=\"region\" data-state=\"open\" aria-labelledby=\"radix-:r1:\">\n<div class=\"sc-7e0ca514-0 eRzxSz\">\n<div class=\"sc-7e0ca514-1 GiPKU\">\n<p><strong>CARACTER\u00cdSTICAS<\/strong>:<\/p>\n<p>&nbsp;<\/p>\n<p>&#8211; Marca: Mondial<\/p>\n<p>&#8211; Refer\u00eancia: CM-250<\/p>\n<p>&#8211; Modelo: Connect Party Plus CM-250<\/p>\n<p>&nbsp;<\/p>\n<p><strong>ESPECIFICA\u00c7\u00d5ES:<\/strong><\/p>\n<p>&#8211; Tipo: Port\u00e1til<\/p>\n<p>&#8211; Formato: Amplificada<\/p>\n<p>&#8211; Conectividade: Bluetooth<\/p>\n<p>&#8211; Pot\u00eancia: 250W RMS<\/p>\n<p>&#8211; Conex\u00f5es: USB\/AUX\/MIC<\/p>\n<p>&#8211; Tamanho do Woofer: 8&#8243;<\/p>\n<p>&#8211; Formato de M\u00eddia: MP3, MP4<\/p>\n<p>&#8211; Indicado para: Guitarra, Viol\u00e3o, Teclado, Microfone, Computador, Notebook, Mixer, MP3\/MP4, Celular, Projetor, Televisor e DVD Player<\/p>\n<p>&#8211; Tipo de Display: Digital<\/p>\n<p>&#8211; Al\u00e7a para transporte: Sim<\/p>\n<p>&#8211; Alimenta\u00e7\u00e3o: Energia el\u00e9trica e por bateria recarreg\u00e1vel<\/p>\n<p>&#8211; Dura\u00e7\u00e3o Aproximada da Bateria: 2 horas<\/p>\n<p>&#8211; Tempo de Carregamento: 3 horas<\/p>\n<p>&#8211; Voltagem: Bivolt<\/p>\n<p>&#8211; Tipo de Tomada: 10A<\/p>\n<p>&#8211; Consumo Aproximado de Energia: 0,25Kw\/h<\/p>\n<p>&#8211; Cor: Preto<\/p>\n<p>&nbsp;<\/p>\n<p><strong>Dimens\u00f5es do Produto<\/strong><\/p>\n<p>&#8211; Largura: 29cm Altura: 44cm Profundidade: 25cm<\/p>\n<p>.<\/p>\n<p><strong>CONTE\u00daDO DA EMBALAGEM:<\/strong><\/p>\n<p>&#8211; 1 Caixa Amplificada, 1 Cabo de carregador, 1 Cabo P2\/P2, Manual de Instru\u00e7\u00f5es<\/p>\n<\/div>\n<div class=\"sc-7e0ca514-2 cKkhYq\" data-testid=\"InfoPeso\">\n<div class=\"sc-7e0ca514-4 ikipIN\">\n<h3>Peso:<\/h3>\n<\/div>\n<div class=\"sc-7e0ca514-3 lnNTXx\">2700 gramas (bruto com embalagem)<\/div>\n<\/div>\n<\/div>\n<\/div>\n<\/div>\n<\/div>\n<\/div>\n<\/div>\n<\/section>\n<\/div>\n<div class=\"sc-tYqdw jXGcA\">\n<div class=\"sc-biBsmb byagXo\">\n<div class=\"sc-eHfRjS cfeeGo\">\n<div class=\"sc-a2725cb0-0 fyraeH\">\n<div class=\"sc-a2725cb0-1 gAgogq\">\n<div id=\"secaoMaisProcurados\">\n<div class=\"sc-a2725cb0-2 bTsihb\">\n<div id=\"carousel-mostWanted\" class=\"sc-947d78b-2 cJhdwU carrosselProdutos\">\n<div class=\"sc-751a9d40-0 ihgkUJ\">\n<div class=\"headerCarousel-icon\"><\/div>\n<h2 class=\"sc-751a9d40-1 eJkfJf\"><\/h2>\n<div class=\"sc-f0125ddc-0 cyaZeV linkFooterCarousel\"><\/div>\n<\/div>\n<\/div>\n<\/div>\n<\/div>\n<\/div>\n<\/div>\n<\/div>\n<\/div>\n<\/div>\n","protected":false},"excerpt":{"rendered":"<p>A caixa de som amplificada Connect Party Plus CM-250 port\u00e1til da Mondial tem 250W RMS, alto-falante de 8&#8243;, fun\u00e7\u00e3o TWS que permite conectar duas CM-250 sem uso de fios e bluetooth, Com ela voc\u00ea ter\u00e1 facilidade para ouvir m\u00fasicas direto do celular sem uso de cabo, \u00e9 indicada para guitarra, viol\u00e3o, teclado, microfone, computador, notebook, mixer, MP3\/MP4, celular, projetor, televisor e DVD player.<\/p>\n","protected":false},"featured_media":28857,"comment_status":"open","ping_status":"closed","template":"","meta":{"site-sidebar-layout":"default","site-content-layout":"","ast-site-content-layout":"default","site-content-style":"default","site-sidebar-style":"default","ast-global-header-display":"","ast-banner-title-visibility":"","ast-main-header-display":"","ast-hfb-above-header-display":"","ast-hfb-below-header-display":"","ast-hfb-mobile-header-display":"","site-post-title":"","ast-breadcrumbs-content":"","ast-featured-img":"","footer-sml-layout":"","theme-transparent-header-meta":"default","adv-header-id-meta":"","stick-header-meta":"","header-above-stick-meta":"","header-main-stick-meta":"","header-below-stick-meta":"","astra-migrate-meta-layouts":"set"},"product_cat":[82],"product_tag":[],"yoast_head":"<!-- This site is optimized with the Yoast SEO plugin v21.1 - https:\/\/yoast.com\/wordpress\/plugins\/seo\/ -->\n<title>CAIXA DE SOM MONDIAL 250W RMS BLUETOOTH CM250 - FLEXLAN Inform\u00e1tica<\/title>\n<meta name=\"description\" content=\"A caixa de som amplificada Connect Party Plus CM-250 port\u00e1til da Mondial tem 250W RMS, alto-falante de 8&quot;, fun\u00e7\u00e3o TWS que permite conectar duas CM-250 sem uso de fios e bluetooth, Com ela voc\u00ea ter\u00e1 facilidade para ouvir m\u00fasicas direto do celular sem uso de cabo, \u00e9 indicada para guitarra, viol\u00e3o, teclado, microfone, computador, notebook, mixer, MP3\/MP4, celular, projetor, televisor e DVD player.\" \/>\n<meta name=\"robots\" content=\"index, follow, max-snippet:-1, max-image-preview:large, max-video-preview:-1\" \/>\n<link rel=\"canonical\" href=\"https:\/\/flexlan.com.br\/site\/?product=caixa-de-som-mondial-250w-rms-bluetooth-cm250\" \/>\n<meta property=\"og:locale\" content=\"pt_BR\" \/>\n<meta property=\"og:type\" content=\"article\" \/>\n<meta property=\"og:title\" content=\"CAIXA DE SOM MONDIAL 250W RMS BLUETOOTH CM250 - FLEXLAN Inform\u00e1tica\" \/>\n<meta property=\"og:description\" content=\"A caixa de som amplificada Connect Party Plus CM-250 port\u00e1til da Mondial tem 250W RMS, alto-falante de 8&quot;, fun\u00e7\u00e3o TWS que permite conectar duas CM-250 sem uso de fios e bluetooth, Com ela voc\u00ea ter\u00e1 facilidade para ouvir m\u00fasicas direto do celular sem uso de cabo, \u00e9 indicada para guitarra, viol\u00e3o, teclado, microfone, computador, notebook, mixer, MP3\/MP4, celular, projetor, televisor e DVD player.\" \/>\n<meta property=\"og:url\" content=\"https:\/\/flexlan.com.br\/site\/?product=caixa-de-som-mondial-250w-rms-bluetooth-cm250\" \/>\n<meta property=\"og:site_name\" content=\"FLEXLAN Inform\u00e1tica\" \/>\n<meta property=\"article:publisher\" content=\"https:\/\/www.facebook.com\/FlexLanInformatica\" \/>\n<meta property=\"article:modified_time\" content=\"2025-06-17T14:21:48+00:00\" \/>\n<meta property=\"og:image\" content=\"https:\/\/flexlan.com.br\/site\/wp-content\/uploads\/2025\/06\/CAIXA-DE-SOM-MONDIAL-250W-RMS-BLUETOOTH-CM250.jpeg\" \/>\n\t<meta property=\"og:image:width\" content=\"395\" \/>\n\t<meta property=\"og:image:height\" content=\"395\" \/>\n\t<meta property=\"og:image:type\" content=\"image\/jpeg\" \/>\n<meta name=\"twitter:card\" content=\"summary_large_image\" \/>\n<meta name=\"twitter:label1\" content=\"Est. tempo de leitura\" \/>\n\t<meta name=\"twitter:data1\" content=\"1 minuto\" \/>\n<script type=\"application\/ld+json\" class=\"yoast-schema-graph\">{\"@context\":\"https:\/\/schema.org\",\"@graph\":[{\"@type\":[\"WebPage\",\"ItemPage\"],\"@id\":\"https:\/\/flexlan.com.br\/site\/?product=caixa-de-som-mondial-250w-rms-bluetooth-cm250\",\"url\":\"https:\/\/flexlan.com.br\/site\/?product=caixa-de-som-mondial-250w-rms-bluetooth-cm250\",\"name\":\"CAIXA DE SOM MONDIAL 250W RMS BLUETOOTH CM250 - FLEXLAN Inform\u00e1tica\",\"isPartOf\":{\"@id\":\"https:\/\/flexlan.com.br\/site\/#website\"},\"datePublished\":\"2025-06-17T14:21:44+00:00\",\"dateModified\":\"2025-06-17T14:21:48+00:00\",\"description\":\"A caixa de som amplificada Connect Party Plus CM-250 port\u00e1til da Mondial tem 250W RMS, alto-falante de 8\\\", fun\u00e7\u00e3o TWS que permite conectar duas CM-250 sem uso de fios e bluetooth, Com ela voc\u00ea ter\u00e1 facilidade para ouvir m\u00fasicas direto do celular sem uso de cabo, \u00e9 indicada para guitarra, viol\u00e3o, teclado, microfone, computador, notebook, mixer, MP3\/MP4, celular, projetor, televisor e DVD player.\",\"breadcrumb\":{\"@id\":\"https:\/\/flexlan.com.br\/site\/?product=caixa-de-som-mondial-250w-rms-bluetooth-cm250#breadcrumb\"},\"inLanguage\":\"pt-BR\",\"potentialAction\":[{\"@type\":\"ReadAction\",\"target\":[\"https:\/\/flexlan.com.br\/site\/?product=caixa-de-som-mondial-250w-rms-bluetooth-cm250\"]}]},{\"@type\":\"BreadcrumbList\",\"@id\":\"https:\/\/flexlan.com.br\/site\/?product=caixa-de-som-mondial-250w-rms-bluetooth-cm250#breadcrumb\",\"itemListElement\":[{\"@type\":\"ListItem\",\"position\":1,\"name\":\"In\u00edcio\",\"item\":\"https:\/\/flexlan.com.br\/site\/\"},{\"@type\":\"ListItem\",\"position\":2,\"name\":\"Shop\",\"item\":\"https:\/\/flexlan.com.br\/site\/?page_id=28271\"},{\"@type\":\"ListItem\",\"position\":3,\"name\":\"CAIXA DE SOM MONDIAL 250W RMS BLUETOOTH CM250\"}]},{\"@type\":\"WebSite\",\"@id\":\"https:\/\/flexlan.com.br\/site\/#website\",\"url\":\"https:\/\/flexlan.com.br\/site\/\",\"name\":\"FLEXLAN Inform\u00e1tica\",\"description\":\"Suprimentos e Manuten\u00e7\u00e3o de Computadores e Notebooks\",\"publisher\":{\"@id\":\"https:\/\/flexlan.com.br\/site\/#organization\"},\"alternateName\":\"FLEXLAN Inform\u00e1tica\",\"potentialAction\":[{\"@type\":\"SearchAction\",\"target\":{\"@type\":\"EntryPoint\",\"urlTemplate\":\"https:\/\/flexlan.com.br\/site\/?s={search_term_string}\"},\"query-input\":\"required name=search_term_string\"}],\"inLanguage\":\"pt-BR\"},{\"@type\":\"Organization\",\"@id\":\"https:\/\/flexlan.com.br\/site\/#organization\",\"name\":\"Flexlan inform\u00e1tica\",\"alternateName\":\"Suprimentos e Manuten\u00e7\u00e3o de Computadores e Notebooks\",\"url\":\"https:\/\/flexlan.com.br\/site\/\",\"logo\":{\"@type\":\"ImageObject\",\"inLanguage\":\"pt-BR\",\"@id\":\"https:\/\/flexlan.com.br\/site\/#\/schema\/logo\/image\/\",\"url\":\"https:\/\/flexlan.com.br\/site\/wp-content\/uploads\/2022\/03\/Logo2022.png\",\"contentUrl\":\"https:\/\/flexlan.com.br\/site\/wp-content\/uploads\/2022\/03\/Logo2022.png\",\"width\":796,\"height\":228,\"caption\":\"Flexlan inform\u00e1tica\"},\"image\":{\"@id\":\"https:\/\/flexlan.com.br\/site\/#\/schema\/logo\/image\/\"},\"sameAs\":[\"https:\/\/www.facebook.com\/FlexLanInformatica\",\"https:\/\/instagram.com\/flexlan\"]}]}<\/script>\n<!-- \/ Yoast SEO plugin. -->","yoast_head_json":{"title":"CAIXA DE SOM MONDIAL 250W RMS BLUETOOTH CM250 - FLEXLAN Inform\u00e1tica","description":"A caixa de som amplificada Connect Party Plus CM-250 port\u00e1til da Mondial tem 250W RMS, alto-falante de 8\", fun\u00e7\u00e3o TWS que permite conectar duas CM-250 sem uso de fios e bluetooth, Com ela voc\u00ea ter\u00e1 facilidade para ouvir m\u00fasicas direto do celular sem uso de cabo, \u00e9 indicada para guitarra, viol\u00e3o, teclado, microfone, computador, notebook, mixer, MP3\/MP4, celular, projetor, televisor e DVD player.","robots":{"index":"index","follow":"follow","max-snippet":"max-snippet:-1","max-image-preview":"max-image-preview:large","max-video-preview":"max-video-preview:-1"},"canonical":"https:\/\/flexlan.com.br\/site\/?product=caixa-de-som-mondial-250w-rms-bluetooth-cm250","og_locale":"pt_BR","og_type":"article","og_title":"CAIXA DE SOM MONDIAL 250W RMS BLUETOOTH CM250 - FLEXLAN Inform\u00e1tica","og_description":"A caixa de som amplificada Connect Party Plus CM-250 port\u00e1til da Mondial tem 250W RMS, alto-falante de 8\", fun\u00e7\u00e3o TWS que permite conectar duas CM-250 sem uso de fios e bluetooth, Com ela voc\u00ea ter\u00e1 facilidade para ouvir m\u00fasicas direto do celular sem uso de cabo, \u00e9 indicada para guitarra, viol\u00e3o, teclado, microfone, computador, notebook, mixer, MP3\/MP4, celular, projetor, televisor e DVD player.","og_url":"https:\/\/flexlan.com.br\/site\/?product=caixa-de-som-mondial-250w-rms-bluetooth-cm250","og_site_name":"FLEXLAN Inform\u00e1tica","article_publisher":"https:\/\/www.facebook.com\/FlexLanInformatica","article_modified_time":"2025-06-17T14:21:48+00:00","og_image":[{"width":395,"height":395,"url":"https:\/\/flexlan.com.br\/site\/wp-content\/uploads\/2025\/06\/CAIXA-DE-SOM-MONDIAL-250W-RMS-BLUETOOTH-CM250.jpeg","type":"image\/jpeg"}],"twitter_card":"summary_large_image","twitter_misc":{"Est. tempo de leitura":"1 minuto"},"schema":{"@context":"https:\/\/schema.org","@graph":[{"@type":["WebPage","ItemPage"],"@id":"https:\/\/flexlan.com.br\/site\/?product=caixa-de-som-mondial-250w-rms-bluetooth-cm250","url":"https:\/\/flexlan.com.br\/site\/?product=caixa-de-som-mondial-250w-rms-bluetooth-cm250","name":"CAIXA DE SOM MONDIAL 250W RMS BLUETOOTH CM250 - FLEXLAN Inform\u00e1tica","isPartOf":{"@id":"https:\/\/flexlan.com.br\/site\/#website"},"datePublished":"2025-06-17T14:21:44+00:00","dateModified":"2025-06-17T14:21:48+00:00","description":"A caixa de som amplificada Connect Party Plus CM-250 port\u00e1til da Mondial tem 250W RMS, alto-falante de 8\", fun\u00e7\u00e3o TWS que permite conectar duas CM-250 sem uso de fios e bluetooth, Com ela voc\u00ea ter\u00e1 facilidade para ouvir m\u00fasicas direto do celular sem uso de cabo, \u00e9 indicada para guitarra, viol\u00e3o, teclado, microfone, computador, notebook, mixer, MP3\/MP4, celular, projetor, televisor e DVD player.","breadcrumb":{"@id":"https:\/\/flexlan.com.br\/site\/?product=caixa-de-som-mondial-250w-rms-bluetooth-cm250#breadcrumb"},"inLanguage":"pt-BR","potentialAction":[{"@type":"ReadAction","target":["https:\/\/flexlan.com.br\/site\/?product=caixa-de-som-mondial-250w-rms-bluetooth-cm250"]}]},{"@type":"BreadcrumbList","@id":"https:\/\/flexlan.com.br\/site\/?product=caixa-de-som-mondial-250w-rms-bluetooth-cm250#breadcrumb","itemListElement":[{"@type":"ListItem","position":1,"name":"In\u00edcio","item":"https:\/\/flexlan.com.br\/site\/"},{"@type":"ListItem","position":2,"name":"Shop","item":"https:\/\/flexlan.com.br\/site\/?page_id=28271"},{"@type":"ListItem","position":3,"name":"CAIXA DE SOM MONDIAL 250W RMS BLUETOOTH CM250"}]},{"@type":"WebSite","@id":"https:\/\/flexlan.com.br\/site\/#website","url":"https:\/\/flexlan.com.br\/site\/","name":"FLEXLAN Inform\u00e1tica","description":"Suprimentos e Manuten\u00e7\u00e3o de Computadores e Notebooks","publisher":{"@id":"https:\/\/flexlan.com.br\/site\/#organization"},"alternateName":"FLEXLAN Inform\u00e1tica","potentialAction":[{"@type":"SearchAction","target":{"@type":"EntryPoint","urlTemplate":"https:\/\/flexlan.com.br\/site\/?s={search_term_string}"},"query-input":"required name=search_term_string"}],"inLanguage":"pt-BR"},{"@type":"Organization","@id":"https:\/\/flexlan.com.br\/site\/#organization","name":"Flexlan inform\u00e1tica","alternateName":"Suprimentos e Manuten\u00e7\u00e3o de Computadores e Notebooks","url":"https:\/\/flexlan.com.br\/site\/","logo":{"@type":"ImageObject","inLanguage":"pt-BR","@id":"https:\/\/flexlan.com.br\/site\/#\/schema\/logo\/image\/","url":"https:\/\/flexlan.com.br\/site\/wp-content\/uploads\/2022\/03\/Logo2022.png","contentUrl":"https:\/\/flexlan.com.br\/site\/wp-content\/uploads\/2022\/03\/Logo2022.png","width":796,"height":228,"caption":"Flexlan inform\u00e1tica"},"image":{"@id":"https:\/\/flexlan.com.br\/site\/#\/schema\/logo\/image\/"},"sameAs":["https:\/\/www.facebook.com\/FlexLanInformatica","https:\/\/instagram.com\/flexlan"]}]}},"_links":{"self":[{"href":"https:\/\/flexlan.com.br\/site\/index.php?rest_route=\/wp\/v2\/product\/28852"}],"collection":[{"href":"https:\/\/flexlan.com.br\/site\/index.php?rest_route=\/wp\/v2\/product"}],"about":[{"href":"https:\/\/flexlan.com.br\/site\/index.php?rest_route=\/wp\/v2\/types\/product"}],"replies":[{"embeddable":true,"href":"https:\/\/flexlan.com.br\/site\/index.php?rest_route=%2Fwp%2Fv2%2Fcomments&post=28852"}],"wp:featuredmedia":[{"embeddable":true,"href":"https:\/\/flexlan.com.br\/site\/index.php?rest_route=\/wp\/v2\/media\/28857"}],"wp:attachment":[{"href":"https:\/\/flexlan.com.br\/site\/index.php?rest_route=%2Fwp%2Fv2%2Fmedia&parent=28852"}],"wp:term":[{"taxonomy":"product_cat","embeddable":true,"href":"https:\/\/flexlan.com.br\/site\/index.php?rest_route=%2Fwp%2Fv2%2Fproduct_cat&post=28852"},{"taxonomy":"product_tag","embeddable":true,"href":"https:\/\/flexlan.com.br\/site\/index.php?rest_route=%2Fwp%2Fv2%2Fproduct_tag&post=28852"}],"curies":[{"name":"wp","href":"https:\/\/api.w.org\/{rel}","templated":true}]}}