{"id":28805,"date":"2024-10-02T11:55:10","date_gmt":"2024-10-02T14:55:10","guid":{"rendered":"https:\/\/flexlan.com.br\/site\/?post_type=product&#038;p=28805"},"modified":"2024-10-02T11:55:14","modified_gmt":"2024-10-02T14:55:14","slug":"caixa-de-som-jbl-flip-6-bluetooth-ipx67-preto","status":"publish","type":"product","link":"https:\/\/flexlan.com.br\/site\/?product=caixa-de-som-jbl-flip-6-bluetooth-ipx67-preto","title":{"rendered":"CAIXA DE SOM JBL FLIP 6 BLUETOOTH IPX67 &#8211; PRETO"},"content":{"rendered":"<div class=\"sc-7e0ca514-1 GiPKU\">\n<p><strong>Caracteristicas:<\/strong><\/p>\n<p>&#8211; Marca: JBL<\/p>\n<p>&#8211; Modelo: Flip 6<\/p>\n<p>&nbsp;<\/p>\n<p><strong>Especifica\u00e7\u00f5es:<\/strong><\/p>\n<p>&nbsp;<\/p>\n<p><strong>Geral:<\/strong><\/p>\n<p>&#8211; Vers\u00e3o do Bluetooth: 5.1<\/p>\n<p>&#8211; Tempo de Reprodu\u00e7\u00e3o de M\u00fasica (hrs): 12<\/p>\n<p>&#8211; Pot\u00eancia de Sa\u00edda (W RMS): 20 W RMS para woofer, 10 W RMS para tweeter<\/p>\n<p>&#8211; \u00c0 prova d&#8217;\u00e1gua<\/p>\n<p>&#8211; Sem Fio<\/p>\n<p>&#8211; JBL Party Boost<\/p>\n<p>&nbsp;<\/p>\n<p><strong>\u00c1udio:<\/strong><\/p>\n<p>&#8211; Resposta de Frequ\u00eancia Din\u00e2mica: 63 Hz &#8211; 20 kHz<\/p>\n<p>&nbsp;<\/p>\n<p><strong>Controle e Conex\u00e3o:<\/strong><\/p>\n<p>&#8211; Perfis bluetooth: A2DP 1.3, AVRCP 1.6<\/p>\n<p>&#8211; Faixa de frequ\u00eancia do Emissor Bluetooth: 2400 MHz &#8211; 2483,5 MHz<\/p>\n<p>&#8211; GFSK de Modula\u00e7\u00e3o do Emissor Bluetooth: GFSK, \u03c0 \/ 4 DQPSK, 8DPSK<\/p>\n<p>&#8211; Pot\u00eancia de Emiss\u00e3o de Bluetooth: &lt; 10dBm (EIRP)<\/p>\n<p>&nbsp;<\/p>\n<p><strong>Bateria:<\/strong><\/p>\n<p>&#8211; Tipo: Pol\u00edmero de \u00edon de l\u00edtio 17,28 Wh (equivalente a 3,6 V\/4800 mAh)<\/p>\n<p>&#8211; Tempo de Carregamento (hrs): 2.5<\/p>\n<p>&#8211; Recarreg\u00e1vel<\/p>\n<p>&nbsp;<\/p>\n<p><strong>Cor:<\/strong><\/p>\n<p>&#8211; Preto<\/p>\n<p><strong>Conte\u00fado da Embalagem:<\/strong><\/p>\n<p>&#8211; 1x JBL Flip 6<\/p>\n<p>&#8211; 1x Cabo USB Tipo C<\/p>\n<p>&#8211; 1x Guia de in\u00edcio r\u00e1pido<\/p>\n<p>&#8211; 1x Cart\u00e3o de Garantia\/Folha de Seguran\u00e7a<\/p>\n<\/div>\n<p>&nbsp;<\/p>\n<div class=\"sc-7e0ca514-2 cKkhYq\" data-testid=\"InfoGarantia\">\n<div class=\"sc-7e0ca514-4 ikipIN\">\n<h3>Garantia:<\/h3>\n<\/div>\n<div class=\"sc-7e0ca514-3 lnNTXx\">1 ano de garantia<\/div>\n<\/div>\n","protected":false},"excerpt":{"rendered":"<h2>Caixa de Som Port\u00e1til JBL Flip 6<\/h2>\n<p>&nbsp;<\/p>\n<h3>Som Alto e Poderoso<\/h3>\n<p>A batida continua com o sistema de\u00a0<strong>alto-falantes de 2 vias JBL Flip 6<\/strong>, projetado para oferecer um\u00a0<strong>som alto<\/strong>, cristalino e poderoso. Seu woofer em forma de pista de corrida oferece frequ\u00eancias baixas e m\u00e9dias excepcionais, enquanto um\u00a0<strong>tweeter separado<\/strong>\u00a0produz altas\u00a0<strong>frequ\u00eancias n\u00edtidas e claras<\/strong>. O Flip 6 tamb\u00e9m possui\u00a0<strong>radiadores passivos duplos otimizados<\/strong>\u00a0para\u00a0<strong>graves profundos<\/strong>, ajustados com o uso do algoritmo avan\u00e7ado da Harman.<\/p>\n<p>&nbsp;<\/p>\n<h3>IP67 Imperme\u00e1vel e \u00e0 Prova de Poeira<\/h3>\n<p>Para a piscina. Para o Parque. A JBL Flip 6 \u00e9\u00a0<strong>\u00e0 prova d&#8217;\u00e1gua e poeira<\/strong>\u00a0<strong>IP67<\/strong>, para que voc\u00ea possa levar seu alto-falante para qualquer lugar.<\/p>\n<p>&nbsp;<\/p>\n<h3>12 Horas de Jogo<\/h3>\n<p>N\u00e3o se preocupe com coisas pequenas, como carregar sua bateria. O JBL Flip 6 oferece at\u00e9\u00a0<strong>12 horas de reprodu\u00e7\u00e3o<\/strong>\u00a0com uma \u00fanica carga.<\/p>\n","protected":false},"featured_media":28809,"comment_status":"open","ping_status":"closed","template":"","meta":{"site-sidebar-layout":"default","site-content-layout":"","ast-site-content-layout":"default","site-content-style":"default","site-sidebar-style":"default","ast-global-header-display":"","ast-banner-title-visibility":"","ast-main-header-display":"","ast-hfb-above-header-display":"","ast-hfb-below-header-display":"","ast-hfb-mobile-header-display":"","site-post-title":"","ast-breadcrumbs-content":"","ast-featured-img":"","footer-sml-layout":"","theme-transparent-header-meta":"default","adv-header-id-meta":"","stick-header-meta":"","header-above-stick-meta":"","header-main-stick-meta":"","header-below-stick-meta":"","astra-migrate-meta-layouts":"set"},"product_cat":[52,82],"product_tag":[],"yoast_head":"<!-- This site is optimized with the Yoast SEO plugin v21.1 - https:\/\/yoast.com\/wordpress\/plugins\/seo\/ -->\n<title>CAIXA DE SOM JBL FLIP 6 BLUETOOTH IPX67 - PRETO - FLEXLAN Inform\u00e1tica<\/title>\n<meta name=\"description\" content=\"Som Alto e PoderosoA batida continua com o sistema de alto-falantes de 2 vias JBL Flip 6, projetado para oferecer um som alto, cristalino e poderoso. Seu woofer em forma de pista de corrida oferece frequ\u00eancias baixas e m\u00e9dias excepcionais, enquanto um tweeter separado produz altas frequ\u00eancias n\u00edtidas e claras. O Flip 6 tamb\u00e9m possui radiadores passivos duplos otimizados para graves profundos, ajustados com o uso do algoritmo avan\u00e7ado da Harman.\" \/>\n<meta name=\"robots\" content=\"index, follow, max-snippet:-1, max-image-preview:large, max-video-preview:-1\" \/>\n<link rel=\"canonical\" href=\"https:\/\/flexlan.com.br\/site\/?product=caixa-de-som-jbl-flip-6-bluetooth-ipx67-preto\" \/>\n<meta property=\"og:locale\" content=\"pt_BR\" \/>\n<meta property=\"og:type\" content=\"article\" \/>\n<meta property=\"og:title\" content=\"CAIXA DE SOM JBL FLIP 6 BLUETOOTH IPX67 - PRETO - FLEXLAN Inform\u00e1tica\" \/>\n<meta property=\"og:description\" content=\"Som Alto e PoderosoA batida continua com o sistema de alto-falantes de 2 vias JBL Flip 6, projetado para oferecer um som alto, cristalino e poderoso. Seu woofer em forma de pista de corrida oferece frequ\u00eancias baixas e m\u00e9dias excepcionais, enquanto um tweeter separado produz altas frequ\u00eancias n\u00edtidas e claras. O Flip 6 tamb\u00e9m possui radiadores passivos duplos otimizados para graves profundos, ajustados com o uso do algoritmo avan\u00e7ado da Harman.\" \/>\n<meta property=\"og:url\" content=\"https:\/\/flexlan.com.br\/site\/?product=caixa-de-som-jbl-flip-6-bluetooth-ipx67-preto\" \/>\n<meta property=\"og:site_name\" content=\"FLEXLAN Inform\u00e1tica\" \/>\n<meta property=\"article:publisher\" content=\"https:\/\/www.facebook.com\/FlexLanInformatica\" \/>\n<meta property=\"article:modified_time\" content=\"2024-10-02T14:55:14+00:00\" \/>\n<meta property=\"og:image\" content=\"https:\/\/flexlan.com.br\/site\/wp-content\/uploads\/2024\/10\/CAIXA-DE-SOM-JBL-FLIP-6-BLUETOOTH-IPX67-PRETO-6.jpeg\" \/>\n\t<meta property=\"og:image:width\" content=\"395\" \/>\n\t<meta property=\"og:image:height\" content=\"395\" \/>\n\t<meta property=\"og:image:type\" content=\"image\/jpeg\" \/>\n<meta name=\"twitter:card\" content=\"summary_large_image\" \/>\n<meta name=\"twitter:label1\" content=\"Est. tempo de leitura\" \/>\n\t<meta name=\"twitter:data1\" content=\"1 minuto\" \/>\n<script type=\"application\/ld+json\" class=\"yoast-schema-graph\">{\"@context\":\"https:\/\/schema.org\",\"@graph\":[{\"@type\":[\"WebPage\",\"ItemPage\"],\"@id\":\"https:\/\/flexlan.com.br\/site\/?product=caixa-de-som-jbl-flip-6-bluetooth-ipx67-preto\",\"url\":\"https:\/\/flexlan.com.br\/site\/?product=caixa-de-som-jbl-flip-6-bluetooth-ipx67-preto\",\"name\":\"CAIXA DE SOM JBL FLIP 6 BLUETOOTH IPX67 - PRETO - FLEXLAN Inform\u00e1tica\",\"isPartOf\":{\"@id\":\"https:\/\/flexlan.com.br\/site\/#website\"},\"datePublished\":\"2024-10-02T14:55:10+00:00\",\"dateModified\":\"2024-10-02T14:55:14+00:00\",\"description\":\"Som Alto e PoderosoA batida continua com o sistema de alto-falantes de 2 vias JBL Flip 6, projetado para oferecer um som alto, cristalino e poderoso. Seu woofer em forma de pista de corrida oferece frequ\u00eancias baixas e m\u00e9dias excepcionais, enquanto um tweeter separado produz altas frequ\u00eancias n\u00edtidas e claras. O Flip 6 tamb\u00e9m possui radiadores passivos duplos otimizados para graves profundos, ajustados com o uso do algoritmo avan\u00e7ado da Harman.\",\"breadcrumb\":{\"@id\":\"https:\/\/flexlan.com.br\/site\/?product=caixa-de-som-jbl-flip-6-bluetooth-ipx67-preto#breadcrumb\"},\"inLanguage\":\"pt-BR\",\"potentialAction\":[{\"@type\":\"ReadAction\",\"target\":[\"https:\/\/flexlan.com.br\/site\/?product=caixa-de-som-jbl-flip-6-bluetooth-ipx67-preto\"]}]},{\"@type\":\"BreadcrumbList\",\"@id\":\"https:\/\/flexlan.com.br\/site\/?product=caixa-de-som-jbl-flip-6-bluetooth-ipx67-preto#breadcrumb\",\"itemListElement\":[{\"@type\":\"ListItem\",\"position\":1,\"name\":\"In\u00edcio\",\"item\":\"https:\/\/flexlan.com.br\/site\/\"},{\"@type\":\"ListItem\",\"position\":2,\"name\":\"Shop\",\"item\":\"https:\/\/flexlan.com.br\/site\/?page_id=28271\"},{\"@type\":\"ListItem\",\"position\":3,\"name\":\"CAIXA DE SOM JBL FLIP 6 BLUETOOTH IPX67 &#8211; PRETO\"}]},{\"@type\":\"WebSite\",\"@id\":\"https:\/\/flexlan.com.br\/site\/#website\",\"url\":\"https:\/\/flexlan.com.br\/site\/\",\"name\":\"FLEXLAN Inform\u00e1tica\",\"description\":\"Suprimentos e Manuten\u00e7\u00e3o de Computadores e Notebooks\",\"publisher\":{\"@id\":\"https:\/\/flexlan.com.br\/site\/#organization\"},\"alternateName\":\"FLEXLAN Inform\u00e1tica\",\"potentialAction\":[{\"@type\":\"SearchAction\",\"target\":{\"@type\":\"EntryPoint\",\"urlTemplate\":\"https:\/\/flexlan.com.br\/site\/?s={search_term_string}\"},\"query-input\":\"required name=search_term_string\"}],\"inLanguage\":\"pt-BR\"},{\"@type\":\"Organization\",\"@id\":\"https:\/\/flexlan.com.br\/site\/#organization\",\"name\":\"Flexlan inform\u00e1tica\",\"alternateName\":\"Suprimentos e Manuten\u00e7\u00e3o de Computadores e Notebooks\",\"url\":\"https:\/\/flexlan.com.br\/site\/\",\"logo\":{\"@type\":\"ImageObject\",\"inLanguage\":\"pt-BR\",\"@id\":\"https:\/\/flexlan.com.br\/site\/#\/schema\/logo\/image\/\",\"url\":\"https:\/\/flexlan.com.br\/site\/wp-content\/uploads\/2022\/03\/Logo2022.png\",\"contentUrl\":\"https:\/\/flexlan.com.br\/site\/wp-content\/uploads\/2022\/03\/Logo2022.png\",\"width\":796,\"height\":228,\"caption\":\"Flexlan inform\u00e1tica\"},\"image\":{\"@id\":\"https:\/\/flexlan.com.br\/site\/#\/schema\/logo\/image\/\"},\"sameAs\":[\"https:\/\/www.facebook.com\/FlexLanInformatica\",\"https:\/\/instagram.com\/flexlan\"]}]}<\/script>\n<!-- \/ Yoast SEO plugin. -->","yoast_head_json":{"title":"CAIXA DE SOM JBL FLIP 6 BLUETOOTH IPX67 - PRETO - FLEXLAN Inform\u00e1tica","description":"Som Alto e PoderosoA batida continua com o sistema de alto-falantes de 2 vias JBL Flip 6, projetado para oferecer um som alto, cristalino e poderoso. Seu woofer em forma de pista de corrida oferece frequ\u00eancias baixas e m\u00e9dias excepcionais, enquanto um tweeter separado produz altas frequ\u00eancias n\u00edtidas e claras. O Flip 6 tamb\u00e9m possui radiadores passivos duplos otimizados para graves profundos, ajustados com o uso do algoritmo avan\u00e7ado da Harman.","robots":{"index":"index","follow":"follow","max-snippet":"max-snippet:-1","max-image-preview":"max-image-preview:large","max-video-preview":"max-video-preview:-1"},"canonical":"https:\/\/flexlan.com.br\/site\/?product=caixa-de-som-jbl-flip-6-bluetooth-ipx67-preto","og_locale":"pt_BR","og_type":"article","og_title":"CAIXA DE SOM JBL FLIP 6 BLUETOOTH IPX67 - PRETO - FLEXLAN Inform\u00e1tica","og_description":"Som Alto e PoderosoA batida continua com o sistema de alto-falantes de 2 vias JBL Flip 6, projetado para oferecer um som alto, cristalino e poderoso. Seu woofer em forma de pista de corrida oferece frequ\u00eancias baixas e m\u00e9dias excepcionais, enquanto um tweeter separado produz altas frequ\u00eancias n\u00edtidas e claras. O Flip 6 tamb\u00e9m possui radiadores passivos duplos otimizados para graves profundos, ajustados com o uso do algoritmo avan\u00e7ado da Harman.","og_url":"https:\/\/flexlan.com.br\/site\/?product=caixa-de-som-jbl-flip-6-bluetooth-ipx67-preto","og_site_name":"FLEXLAN Inform\u00e1tica","article_publisher":"https:\/\/www.facebook.com\/FlexLanInformatica","article_modified_time":"2024-10-02T14:55:14+00:00","og_image":[{"width":395,"height":395,"url":"https:\/\/flexlan.com.br\/site\/wp-content\/uploads\/2024\/10\/CAIXA-DE-SOM-JBL-FLIP-6-BLUETOOTH-IPX67-PRETO-6.jpeg","type":"image\/jpeg"}],"twitter_card":"summary_large_image","twitter_misc":{"Est. tempo de leitura":"1 minuto"},"schema":{"@context":"https:\/\/schema.org","@graph":[{"@type":["WebPage","ItemPage"],"@id":"https:\/\/flexlan.com.br\/site\/?product=caixa-de-som-jbl-flip-6-bluetooth-ipx67-preto","url":"https:\/\/flexlan.com.br\/site\/?product=caixa-de-som-jbl-flip-6-bluetooth-ipx67-preto","name":"CAIXA DE SOM JBL FLIP 6 BLUETOOTH IPX67 - PRETO - FLEXLAN Inform\u00e1tica","isPartOf":{"@id":"https:\/\/flexlan.com.br\/site\/#website"},"datePublished":"2024-10-02T14:55:10+00:00","dateModified":"2024-10-02T14:55:14+00:00","description":"Som Alto e PoderosoA batida continua com o sistema de alto-falantes de 2 vias JBL Flip 6, projetado para oferecer um som alto, cristalino e poderoso. Seu woofer em forma de pista de corrida oferece frequ\u00eancias baixas e m\u00e9dias excepcionais, enquanto um tweeter separado produz altas frequ\u00eancias n\u00edtidas e claras. O Flip 6 tamb\u00e9m possui radiadores passivos duplos otimizados para graves profundos, ajustados com o uso do algoritmo avan\u00e7ado da Harman.","breadcrumb":{"@id":"https:\/\/flexlan.com.br\/site\/?product=caixa-de-som-jbl-flip-6-bluetooth-ipx67-preto#breadcrumb"},"inLanguage":"pt-BR","potentialAction":[{"@type":"ReadAction","target":["https:\/\/flexlan.com.br\/site\/?product=caixa-de-som-jbl-flip-6-bluetooth-ipx67-preto"]}]},{"@type":"BreadcrumbList","@id":"https:\/\/flexlan.com.br\/site\/?product=caixa-de-som-jbl-flip-6-bluetooth-ipx67-preto#breadcrumb","itemListElement":[{"@type":"ListItem","position":1,"name":"In\u00edcio","item":"https:\/\/flexlan.com.br\/site\/"},{"@type":"ListItem","position":2,"name":"Shop","item":"https:\/\/flexlan.com.br\/site\/?page_id=28271"},{"@type":"ListItem","position":3,"name":"CAIXA DE SOM JBL FLIP 6 BLUETOOTH IPX67 &#8211; PRETO"}]},{"@type":"WebSite","@id":"https:\/\/flexlan.com.br\/site\/#website","url":"https:\/\/flexlan.com.br\/site\/","name":"FLEXLAN Inform\u00e1tica","description":"Suprimentos e Manuten\u00e7\u00e3o de Computadores e Notebooks","publisher":{"@id":"https:\/\/flexlan.com.br\/site\/#organization"},"alternateName":"FLEXLAN Inform\u00e1tica","potentialAction":[{"@type":"SearchAction","target":{"@type":"EntryPoint","urlTemplate":"https:\/\/flexlan.com.br\/site\/?s={search_term_string}"},"query-input":"required name=search_term_string"}],"inLanguage":"pt-BR"},{"@type":"Organization","@id":"https:\/\/flexlan.com.br\/site\/#organization","name":"Flexlan inform\u00e1tica","alternateName":"Suprimentos e Manuten\u00e7\u00e3o de Computadores e Notebooks","url":"https:\/\/flexlan.com.br\/site\/","logo":{"@type":"ImageObject","inLanguage":"pt-BR","@id":"https:\/\/flexlan.com.br\/site\/#\/schema\/logo\/image\/","url":"https:\/\/flexlan.com.br\/site\/wp-content\/uploads\/2022\/03\/Logo2022.png","contentUrl":"https:\/\/flexlan.com.br\/site\/wp-content\/uploads\/2022\/03\/Logo2022.png","width":796,"height":228,"caption":"Flexlan inform\u00e1tica"},"image":{"@id":"https:\/\/flexlan.com.br\/site\/#\/schema\/logo\/image\/"},"sameAs":["https:\/\/www.facebook.com\/FlexLanInformatica","https:\/\/instagram.com\/flexlan"]}]}},"_links":{"self":[{"href":"https:\/\/flexlan.com.br\/site\/index.php?rest_route=\/wp\/v2\/product\/28805"}],"collection":[{"href":"https:\/\/flexlan.com.br\/site\/index.php?rest_route=\/wp\/v2\/product"}],"about":[{"href":"https:\/\/flexlan.com.br\/site\/index.php?rest_route=\/wp\/v2\/types\/product"}],"replies":[{"embeddable":true,"href":"https:\/\/flexlan.com.br\/site\/index.php?rest_route=%2Fwp%2Fv2%2Fcomments&post=28805"}],"wp:featuredmedia":[{"embeddable":true,"href":"https:\/\/flexlan.com.br\/site\/index.php?rest_route=\/wp\/v2\/media\/28809"}],"wp:attachment":[{"href":"https:\/\/flexlan.com.br\/site\/index.php?rest_route=%2Fwp%2Fv2%2Fmedia&parent=28805"}],"wp:term":[{"taxonomy":"product_cat","embeddable":true,"href":"https:\/\/flexlan.com.br\/site\/index.php?rest_route=%2Fwp%2Fv2%2Fproduct_cat&post=28805"},{"taxonomy":"product_tag","embeddable":true,"href":"https:\/\/flexlan.com.br\/site\/index.php?rest_route=%2Fwp%2Fv2%2Fproduct_tag&post=28805"}],"curies":[{"name":"wp","href":"https:\/\/api.w.org\/{rel}","templated":true}]}}