{"id":28799,"date":"2024-09-17T13:46:39","date_gmt":"2024-09-17T16:46:39","guid":{"rendered":"https:\/\/flexlan.com.br\/site\/?post_type=product&#038;p=28799"},"modified":"2024-09-17T13:46:42","modified_gmt":"2024-09-17T16:46:42","slug":"gabinete-gamer-hayom-aquario-4-cooler-rgb-preto-gb1790","status":"publish","type":"product","link":"https:\/\/flexlan.com.br\/site\/?product=gabinete-gamer-hayom-aquario-4-cooler-rgb-preto-gb1790","title":{"rendered":"GABINETE GAMER HAYOM AQUARIO 4 COOLER RGB -PRETO  GB1790"},"content":{"rendered":"<div class=\"container fx-on\">\n<div class=\"row\">\n<div class=\"col-md-5\">\n<div class=\"txt_descr\">\n<h3>Gabinete Gamer GB1790 preto<br \/>\n# Acompanha 4 fans RGB gerenci\u00e1veis<\/p>\n<p># Vis\u00e3o geral<br \/>\nChapa lateral vidro temperado 4mm<br \/>\nFiltro anti-poeira superior e inferior<br \/>\nHD \u00c1udio<br \/>\nPainel de vidro temperado 4mm<\/p>\n<p># Especifica\u00e7\u00f5es t\u00e9cnicas<br \/>\nPlaca-m\u00e3e compat\u00edvel: MICRO ATX, ITX.<br \/>\nDimens\u00f5es do gabinete (AxLxP): 350*270*350mm<br \/>\nAltura da CPU cooler: 160mm<br \/>\nSuporte para placa de v\u00eddeo: at\u00e9 330mm<br \/>\nFontes de alimenta\u00e7\u00e3o compat\u00edveis: padr\u00e3o ATX<br \/>\nPortas USB: 1 x 2.0 + 1 x 3.0<br \/>\nBaias internas: 1*2.5&#8243; SSD e 1*3.5&#8243; ou 1*2.5&#8243;<br \/>\nSlots de expans\u00e3o: 04<br \/>\nChassi 0,5mm<\/p>\n<p># Refrigera\u00e7\u00e3o<br \/>\nSuperior: 2 fans de 120x120mm<br \/>\nTraseira: 1 fan de 120x120mm<br \/>\nLateral: 2 fans de 120x120mm<br \/>\nInferior: 2 fans de 120x120mm<br \/>\nCompat\u00edvel com sistema de refrigera\u00e7\u00e3o l\u00edquida de 120mm traseiro, 240mm superior ou interna<\/p>\n<p># Embalagem<br \/>\nQuantidade: 01 pe\u00e7a por caixa<br \/>\nPeso l\u00edquido: 3kg<br \/>\nPeso bruto: 3.4kg<\/h3>\n<\/div>\n<\/div>\n<\/div>\n<\/div>\n<div class=\"container\">\n<div class=\"btn_contato\"><\/div>\n<\/div>\n","protected":false},"excerpt":{"rendered":"<p>O gabinete \u00e9 elogiado por seu design bonito e funcionalidade, incluindo a presen\u00e7a de uma controladora para RGB integrada.<\/p>\n","protected":false},"featured_media":28804,"comment_status":"open","ping_status":"closed","template":"","meta":{"site-sidebar-layout":"default","site-content-layout":"","ast-site-content-layout":"default","site-content-style":"default","site-sidebar-style":"default","ast-global-header-display":"","ast-banner-title-visibility":"","ast-main-header-display":"","ast-hfb-above-header-display":"","ast-hfb-below-header-display":"","ast-hfb-mobile-header-display":"","site-post-title":"","ast-breadcrumbs-content":"","ast-featured-img":"","footer-sml-layout":"","theme-transparent-header-meta":"default","adv-header-id-meta":"","stick-header-meta":"","header-above-stick-meta":"","header-main-stick-meta":"","header-below-stick-meta":"","astra-migrate-meta-layouts":"set"},"product_cat":[21,31,83],"product_tag":[],"yoast_head":"<!-- This site is optimized with the Yoast SEO plugin v21.1 - https:\/\/yoast.com\/wordpress\/plugins\/seo\/ -->\n<title>GABINETE GAMER HAYOM AQUARIO 4 COOLER RGB -PRETO GB1790 - FLEXLAN Inform\u00e1tica<\/title>\n<meta name=\"description\" content=\"Suprimentos e Manuten\u00e7\u00e3o de Computadores e Notebooks O gabinete \u00e9 elogiado por seu design bonito e funcionalidade, incluindo a presen\u00e7a de uma controladora para RGB integrada.\" \/>\n<meta name=\"robots\" content=\"index, follow, max-snippet:-1, max-image-preview:large, max-video-preview:-1\" \/>\n<link rel=\"canonical\" href=\"https:\/\/flexlan.com.br\/site\/?product=gabinete-gamer-hayom-aquario-4-cooler-rgb-preto-gb1790\" \/>\n<meta property=\"og:locale\" content=\"pt_BR\" \/>\n<meta property=\"og:type\" content=\"article\" \/>\n<meta property=\"og:title\" content=\"GABINETE GAMER HAYOM AQUARIO 4 COOLER RGB -PRETO GB1790 - FLEXLAN Inform\u00e1tica\" \/>\n<meta property=\"og:description\" content=\"Suprimentos e Manuten\u00e7\u00e3o de Computadores e Notebooks O gabinete \u00e9 elogiado por seu design bonito e funcionalidade, incluindo a presen\u00e7a de uma controladora para RGB integrada.\" \/>\n<meta property=\"og:url\" content=\"https:\/\/flexlan.com.br\/site\/?product=gabinete-gamer-hayom-aquario-4-cooler-rgb-preto-gb1790\" \/>\n<meta property=\"og:site_name\" content=\"FLEXLAN Inform\u00e1tica\" \/>\n<meta property=\"article:publisher\" content=\"https:\/\/www.facebook.com\/FlexLanInformatica\" \/>\n<meta property=\"article:modified_time\" content=\"2024-09-17T16:46:42+00:00\" \/>\n<meta property=\"og:image\" content=\"https:\/\/flexlan.com.br\/site\/wp-content\/uploads\/2024\/09\/GABINETE-GAMER-HAYOM-AQUARIO-4-COOLER-RGB-PRETO-GB1790.png\" \/>\n\t<meta property=\"og:image:width\" content=\"470\" \/>\n\t<meta property=\"og:image:height\" content=\"543\" \/>\n\t<meta property=\"og:image:type\" content=\"image\/png\" \/>\n<meta name=\"twitter:card\" content=\"summary_large_image\" \/>\n<meta name=\"twitter:label1\" content=\"Est. tempo de leitura\" \/>\n\t<meta name=\"twitter:data1\" content=\"1 minuto\" \/>\n<script type=\"application\/ld+json\" class=\"yoast-schema-graph\">{\"@context\":\"https:\/\/schema.org\",\"@graph\":[{\"@type\":[\"WebPage\",\"ItemPage\"],\"@id\":\"https:\/\/flexlan.com.br\/site\/?product=gabinete-gamer-hayom-aquario-4-cooler-rgb-preto-gb1790\",\"url\":\"https:\/\/flexlan.com.br\/site\/?product=gabinete-gamer-hayom-aquario-4-cooler-rgb-preto-gb1790\",\"name\":\"GABINETE GAMER HAYOM AQUARIO 4 COOLER RGB -PRETO GB1790 - FLEXLAN Inform\u00e1tica\",\"isPartOf\":{\"@id\":\"https:\/\/flexlan.com.br\/site\/#website\"},\"datePublished\":\"2024-09-17T16:46:39+00:00\",\"dateModified\":\"2024-09-17T16:46:42+00:00\",\"description\":\"Suprimentos e Manuten\u00e7\u00e3o de Computadores e Notebooks O gabinete \u00e9 elogiado por seu design bonito e funcionalidade, incluindo a presen\u00e7a de uma controladora para RGB integrada.\",\"breadcrumb\":{\"@id\":\"https:\/\/flexlan.com.br\/site\/?product=gabinete-gamer-hayom-aquario-4-cooler-rgb-preto-gb1790#breadcrumb\"},\"inLanguage\":\"pt-BR\",\"potentialAction\":[{\"@type\":\"ReadAction\",\"target\":[\"https:\/\/flexlan.com.br\/site\/?product=gabinete-gamer-hayom-aquario-4-cooler-rgb-preto-gb1790\"]}]},{\"@type\":\"BreadcrumbList\",\"@id\":\"https:\/\/flexlan.com.br\/site\/?product=gabinete-gamer-hayom-aquario-4-cooler-rgb-preto-gb1790#breadcrumb\",\"itemListElement\":[{\"@type\":\"ListItem\",\"position\":1,\"name\":\"In\u00edcio\",\"item\":\"https:\/\/flexlan.com.br\/site\/\"},{\"@type\":\"ListItem\",\"position\":2,\"name\":\"Shop\",\"item\":\"https:\/\/flexlan.com.br\/site\/?page_id=28271\"},{\"@type\":\"ListItem\",\"position\":3,\"name\":\"GABINETE GAMER HAYOM AQUARIO 4 COOLER RGB -PRETO GB1790\"}]},{\"@type\":\"WebSite\",\"@id\":\"https:\/\/flexlan.com.br\/site\/#website\",\"url\":\"https:\/\/flexlan.com.br\/site\/\",\"name\":\"FLEXLAN Inform\u00e1tica\",\"description\":\"Suprimentos e Manuten\u00e7\u00e3o de Computadores e Notebooks\",\"publisher\":{\"@id\":\"https:\/\/flexlan.com.br\/site\/#organization\"},\"alternateName\":\"FLEXLAN Inform\u00e1tica\",\"potentialAction\":[{\"@type\":\"SearchAction\",\"target\":{\"@type\":\"EntryPoint\",\"urlTemplate\":\"https:\/\/flexlan.com.br\/site\/?s={search_term_string}\"},\"query-input\":\"required name=search_term_string\"}],\"inLanguage\":\"pt-BR\"},{\"@type\":\"Organization\",\"@id\":\"https:\/\/flexlan.com.br\/site\/#organization\",\"name\":\"Flexlan inform\u00e1tica\",\"alternateName\":\"Suprimentos e Manuten\u00e7\u00e3o de Computadores e Notebooks\",\"url\":\"https:\/\/flexlan.com.br\/site\/\",\"logo\":{\"@type\":\"ImageObject\",\"inLanguage\":\"pt-BR\",\"@id\":\"https:\/\/flexlan.com.br\/site\/#\/schema\/logo\/image\/\",\"url\":\"https:\/\/flexlan.com.br\/site\/wp-content\/uploads\/2022\/03\/Logo2022.png\",\"contentUrl\":\"https:\/\/flexlan.com.br\/site\/wp-content\/uploads\/2022\/03\/Logo2022.png\",\"width\":796,\"height\":228,\"caption\":\"Flexlan inform\u00e1tica\"},\"image\":{\"@id\":\"https:\/\/flexlan.com.br\/site\/#\/schema\/logo\/image\/\"},\"sameAs\":[\"https:\/\/www.facebook.com\/FlexLanInformatica\",\"https:\/\/instagram.com\/flexlan\"]}]}<\/script>\n<!-- \/ Yoast SEO plugin. -->","yoast_head_json":{"title":"GABINETE GAMER HAYOM AQUARIO 4 COOLER RGB -PRETO GB1790 - FLEXLAN Inform\u00e1tica","description":"Suprimentos e Manuten\u00e7\u00e3o de Computadores e Notebooks O gabinete \u00e9 elogiado por seu design bonito e funcionalidade, incluindo a presen\u00e7a de uma controladora para RGB integrada.","robots":{"index":"index","follow":"follow","max-snippet":"max-snippet:-1","max-image-preview":"max-image-preview:large","max-video-preview":"max-video-preview:-1"},"canonical":"https:\/\/flexlan.com.br\/site\/?product=gabinete-gamer-hayom-aquario-4-cooler-rgb-preto-gb1790","og_locale":"pt_BR","og_type":"article","og_title":"GABINETE GAMER HAYOM AQUARIO 4 COOLER RGB -PRETO GB1790 - FLEXLAN Inform\u00e1tica","og_description":"Suprimentos e Manuten\u00e7\u00e3o de Computadores e Notebooks O gabinete \u00e9 elogiado por seu design bonito e funcionalidade, incluindo a presen\u00e7a de uma controladora para RGB integrada.","og_url":"https:\/\/flexlan.com.br\/site\/?product=gabinete-gamer-hayom-aquario-4-cooler-rgb-preto-gb1790","og_site_name":"FLEXLAN Inform\u00e1tica","article_publisher":"https:\/\/www.facebook.com\/FlexLanInformatica","article_modified_time":"2024-09-17T16:46:42+00:00","og_image":[{"width":470,"height":543,"url":"https:\/\/flexlan.com.br\/site\/wp-content\/uploads\/2024\/09\/GABINETE-GAMER-HAYOM-AQUARIO-4-COOLER-RGB-PRETO-GB1790.png","type":"image\/png"}],"twitter_card":"summary_large_image","twitter_misc":{"Est. tempo de leitura":"1 minuto"},"schema":{"@context":"https:\/\/schema.org","@graph":[{"@type":["WebPage","ItemPage"],"@id":"https:\/\/flexlan.com.br\/site\/?product=gabinete-gamer-hayom-aquario-4-cooler-rgb-preto-gb1790","url":"https:\/\/flexlan.com.br\/site\/?product=gabinete-gamer-hayom-aquario-4-cooler-rgb-preto-gb1790","name":"GABINETE GAMER HAYOM AQUARIO 4 COOLER RGB -PRETO GB1790 - FLEXLAN Inform\u00e1tica","isPartOf":{"@id":"https:\/\/flexlan.com.br\/site\/#website"},"datePublished":"2024-09-17T16:46:39+00:00","dateModified":"2024-09-17T16:46:42+00:00","description":"Suprimentos e Manuten\u00e7\u00e3o de Computadores e Notebooks O gabinete \u00e9 elogiado por seu design bonito e funcionalidade, incluindo a presen\u00e7a de uma controladora para RGB integrada.","breadcrumb":{"@id":"https:\/\/flexlan.com.br\/site\/?product=gabinete-gamer-hayom-aquario-4-cooler-rgb-preto-gb1790#breadcrumb"},"inLanguage":"pt-BR","potentialAction":[{"@type":"ReadAction","target":["https:\/\/flexlan.com.br\/site\/?product=gabinete-gamer-hayom-aquario-4-cooler-rgb-preto-gb1790"]}]},{"@type":"BreadcrumbList","@id":"https:\/\/flexlan.com.br\/site\/?product=gabinete-gamer-hayom-aquario-4-cooler-rgb-preto-gb1790#breadcrumb","itemListElement":[{"@type":"ListItem","position":1,"name":"In\u00edcio","item":"https:\/\/flexlan.com.br\/site\/"},{"@type":"ListItem","position":2,"name":"Shop","item":"https:\/\/flexlan.com.br\/site\/?page_id=28271"},{"@type":"ListItem","position":3,"name":"GABINETE GAMER HAYOM AQUARIO 4 COOLER RGB -PRETO GB1790"}]},{"@type":"WebSite","@id":"https:\/\/flexlan.com.br\/site\/#website","url":"https:\/\/flexlan.com.br\/site\/","name":"FLEXLAN Inform\u00e1tica","description":"Suprimentos e Manuten\u00e7\u00e3o de Computadores e Notebooks","publisher":{"@id":"https:\/\/flexlan.com.br\/site\/#organization"},"alternateName":"FLEXLAN Inform\u00e1tica","potentialAction":[{"@type":"SearchAction","target":{"@type":"EntryPoint","urlTemplate":"https:\/\/flexlan.com.br\/site\/?s={search_term_string}"},"query-input":"required name=search_term_string"}],"inLanguage":"pt-BR"},{"@type":"Organization","@id":"https:\/\/flexlan.com.br\/site\/#organization","name":"Flexlan inform\u00e1tica","alternateName":"Suprimentos e Manuten\u00e7\u00e3o de Computadores e Notebooks","url":"https:\/\/flexlan.com.br\/site\/","logo":{"@type":"ImageObject","inLanguage":"pt-BR","@id":"https:\/\/flexlan.com.br\/site\/#\/schema\/logo\/image\/","url":"https:\/\/flexlan.com.br\/site\/wp-content\/uploads\/2022\/03\/Logo2022.png","contentUrl":"https:\/\/flexlan.com.br\/site\/wp-content\/uploads\/2022\/03\/Logo2022.png","width":796,"height":228,"caption":"Flexlan inform\u00e1tica"},"image":{"@id":"https:\/\/flexlan.com.br\/site\/#\/schema\/logo\/image\/"},"sameAs":["https:\/\/www.facebook.com\/FlexLanInformatica","https:\/\/instagram.com\/flexlan"]}]}},"_links":{"self":[{"href":"https:\/\/flexlan.com.br\/site\/index.php?rest_route=\/wp\/v2\/product\/28799"}],"collection":[{"href":"https:\/\/flexlan.com.br\/site\/index.php?rest_route=\/wp\/v2\/product"}],"about":[{"href":"https:\/\/flexlan.com.br\/site\/index.php?rest_route=\/wp\/v2\/types\/product"}],"replies":[{"embeddable":true,"href":"https:\/\/flexlan.com.br\/site\/index.php?rest_route=%2Fwp%2Fv2%2Fcomments&post=28799"}],"wp:featuredmedia":[{"embeddable":true,"href":"https:\/\/flexlan.com.br\/site\/index.php?rest_route=\/wp\/v2\/media\/28804"}],"wp:attachment":[{"href":"https:\/\/flexlan.com.br\/site\/index.php?rest_route=%2Fwp%2Fv2%2Fmedia&parent=28799"}],"wp:term":[{"taxonomy":"product_cat","embeddable":true,"href":"https:\/\/flexlan.com.br\/site\/index.php?rest_route=%2Fwp%2Fv2%2Fproduct_cat&post=28799"},{"taxonomy":"product_tag","embeddable":true,"href":"https:\/\/flexlan.com.br\/site\/index.php?rest_route=%2Fwp%2Fv2%2Fproduct_tag&post=28799"}],"curies":[{"name":"wp","href":"https:\/\/api.w.org\/{rel}","templated":true}]}}