{"id":28792,"date":"2024-09-12T12:07:21","date_gmt":"2024-09-12T15:07:21","guid":{"rendered":"https:\/\/flexlan.com.br\/site\/?post_type=product&#038;p=28792"},"modified":"2024-09-13T10:27:27","modified_gmt":"2024-09-13T13:27:27","slug":"controle-para-xbox-360-pc-usb-vinik-x360-preto","status":"publish","type":"product","link":"https:\/\/flexlan.com.br\/site\/?product=controle-para-xbox-360-pc-usb-vinik-x360-preto","title":{"rendered":"CONTROLE PARA XBOX 360\/ PC USB VINIK X360 &#8211; PRETO"},"content":{"rendered":"<p>Para os f\u00e3s de jogos cl\u00e1ssicos dos anos 2000, como Minecraft: Xbox 360 Edition, Call of Duty: Black Ops, entre outros jogos, a Vinik desenvolveu o controle X360, que possui entrada USB pr\u00f3pria para jogos no PC.<\/p>\n<p>Bot\u00f5es + Cabo:<br \/>\nCom design e acabamento semelhante ao controle tradicional o controle X360 tem bot\u00f5es de comando A, B, Y, X , BACK e START, LT, LB, RT, RB e dois anal\u00f3gicos, al\u00e9m dos direcionais em formato de cruz. O controle tamb\u00e9m possui cabo de 1.8M com entrada USB.<\/p>\n<p>Compatibilidade:<br \/>\n(XBOX 360, Win98, ME, 2000, 2003, XP, Vista, Windows7, 8, 10, Mac)<\/p>\n<p>Plug and Play:<br \/>\nPara facilitar o uso, o controle possui a tecnologia \u201cPlug and Play\u201d (Conecte e Jogue), que dispensa a necessidade de instala\u00e7\u00e3o de softwares. \u00c9 s\u00f3 conectar e jogar!<\/p>\n","protected":false},"excerpt":{"rendered":"<p>Para os f\u00e3s de jogos cl\u00e1ssicos dos anos 2000, como Minecraft: Xbox 360 Edition, Call of Duty: Black Ops, entre outros jogos, a Vinik desenvolveu o controle X360, que possui entrada USB pr\u00f3pria para jogos no PC.<\/p>\n","protected":false},"featured_media":28796,"comment_status":"open","ping_status":"closed","template":"","meta":{"site-sidebar-layout":"default","site-content-layout":"","ast-site-content-layout":"default","site-content-style":"default","site-sidebar-style":"default","ast-global-header-display":"","ast-banner-title-visibility":"","ast-main-header-display":"","ast-hfb-above-header-display":"","ast-hfb-below-header-display":"","ast-hfb-mobile-header-display":"","site-post-title":"","ast-breadcrumbs-content":"","ast-featured-img":"","footer-sml-layout":"","theme-transparent-header-meta":"default","adv-header-id-meta":"","stick-header-meta":"","header-above-stick-meta":"","header-main-stick-meta":"","header-below-stick-meta":"","astra-migrate-meta-layouts":"set"},"product_cat":[90,83],"product_tag":[],"yoast_head":"<!-- This site is optimized with the Yoast SEO plugin v21.1 - https:\/\/yoast.com\/wordpress\/plugins\/seo\/ -->\n<title>CONTROLE PARA XBOX 360\/ PC USB VINIK X360 - PRETO - FLEXLAN Inform\u00e1tica<\/title>\n<meta name=\"description\" content=\"Suprimentos e Manuten\u00e7\u00e3o de Computadores e Notebooks Para os f\u00e3s de jogos cl\u00e1ssicos dos anos 2000, como Minecraft: Xbox 360 Edition, Call of Duty: Black Ops, entre outros jogos, a Vinik desenvolveu o controle X360, que possui entrada USB pr\u00f3pria para jogos no PC.\" \/>\n<meta name=\"robots\" content=\"index, follow, max-snippet:-1, max-image-preview:large, max-video-preview:-1\" \/>\n<link rel=\"canonical\" href=\"https:\/\/flexlan.com.br\/site\/?product=controle-para-xbox-360-pc-usb-vinik-x360-preto\" \/>\n<meta property=\"og:locale\" content=\"pt_BR\" \/>\n<meta property=\"og:type\" content=\"article\" \/>\n<meta property=\"og:title\" content=\"CONTROLE PARA XBOX 360\/ PC USB VINIK X360 - PRETO - FLEXLAN Inform\u00e1tica\" \/>\n<meta property=\"og:description\" content=\"Suprimentos e Manuten\u00e7\u00e3o de Computadores e Notebooks Para os f\u00e3s de jogos cl\u00e1ssicos dos anos 2000, como Minecraft: Xbox 360 Edition, Call of Duty: Black Ops, entre outros jogos, a Vinik desenvolveu o controle X360, que possui entrada USB pr\u00f3pria para jogos no PC.\" \/>\n<meta property=\"og:url\" content=\"https:\/\/flexlan.com.br\/site\/?product=controle-para-xbox-360-pc-usb-vinik-x360-preto\" \/>\n<meta property=\"og:site_name\" content=\"FLEXLAN Inform\u00e1tica\" \/>\n<meta property=\"article:publisher\" content=\"https:\/\/www.facebook.com\/FlexLanInformatica\" \/>\n<meta property=\"article:modified_time\" content=\"2024-09-13T13:27:27+00:00\" \/>\n<meta property=\"og:image\" content=\"https:\/\/flexlan.com.br\/site\/wp-content\/uploads\/2024\/09\/CONTROLE-PARA-XBOX-360-E-PC-USB-VINIK-X360.jpeg\" \/>\n\t<meta property=\"og:image:width\" content=\"600\" \/>\n\t<meta property=\"og:image:height\" content=\"600\" \/>\n\t<meta property=\"og:image:type\" content=\"image\/jpeg\" \/>\n<meta name=\"twitter:card\" content=\"summary_large_image\" \/>\n<meta name=\"twitter:label1\" content=\"Est. tempo de leitura\" \/>\n\t<meta name=\"twitter:data1\" content=\"1 minuto\" \/>\n<script type=\"application\/ld+json\" class=\"yoast-schema-graph\">{\"@context\":\"https:\/\/schema.org\",\"@graph\":[{\"@type\":[\"WebPage\",\"ItemPage\"],\"@id\":\"https:\/\/flexlan.com.br\/site\/?product=controle-para-xbox-360-pc-usb-vinik-x360-preto\",\"url\":\"https:\/\/flexlan.com.br\/site\/?product=controle-para-xbox-360-pc-usb-vinik-x360-preto\",\"name\":\"CONTROLE PARA XBOX 360\/ PC USB VINIK X360 - PRETO - FLEXLAN Inform\u00e1tica\",\"isPartOf\":{\"@id\":\"https:\/\/flexlan.com.br\/site\/#website\"},\"datePublished\":\"2024-09-12T15:07:21+00:00\",\"dateModified\":\"2024-09-13T13:27:27+00:00\",\"description\":\"Suprimentos e Manuten\u00e7\u00e3o de Computadores e Notebooks Para os f\u00e3s de jogos cl\u00e1ssicos dos anos 2000, como Minecraft: Xbox 360 Edition, Call of Duty: Black Ops, entre outros jogos, a Vinik desenvolveu o controle X360, que possui entrada USB pr\u00f3pria para jogos no PC.\",\"breadcrumb\":{\"@id\":\"https:\/\/flexlan.com.br\/site\/?product=controle-para-xbox-360-pc-usb-vinik-x360-preto#breadcrumb\"},\"inLanguage\":\"pt-BR\",\"potentialAction\":[{\"@type\":\"ReadAction\",\"target\":[\"https:\/\/flexlan.com.br\/site\/?product=controle-para-xbox-360-pc-usb-vinik-x360-preto\"]}]},{\"@type\":\"BreadcrumbList\",\"@id\":\"https:\/\/flexlan.com.br\/site\/?product=controle-para-xbox-360-pc-usb-vinik-x360-preto#breadcrumb\",\"itemListElement\":[{\"@type\":\"ListItem\",\"position\":1,\"name\":\"In\u00edcio\",\"item\":\"https:\/\/flexlan.com.br\/site\/\"},{\"@type\":\"ListItem\",\"position\":2,\"name\":\"Shop\",\"item\":\"https:\/\/flexlan.com.br\/site\/?page_id=28271\"},{\"@type\":\"ListItem\",\"position\":3,\"name\":\"CONTROLE PARA XBOX 360\/ PC USB VINIK X360 &#8211; PRETO\"}]},{\"@type\":\"WebSite\",\"@id\":\"https:\/\/flexlan.com.br\/site\/#website\",\"url\":\"https:\/\/flexlan.com.br\/site\/\",\"name\":\"FLEXLAN Inform\u00e1tica\",\"description\":\"Suprimentos e Manuten\u00e7\u00e3o de Computadores e Notebooks\",\"publisher\":{\"@id\":\"https:\/\/flexlan.com.br\/site\/#organization\"},\"alternateName\":\"FLEXLAN Inform\u00e1tica\",\"potentialAction\":[{\"@type\":\"SearchAction\",\"target\":{\"@type\":\"EntryPoint\",\"urlTemplate\":\"https:\/\/flexlan.com.br\/site\/?s={search_term_string}\"},\"query-input\":\"required name=search_term_string\"}],\"inLanguage\":\"pt-BR\"},{\"@type\":\"Organization\",\"@id\":\"https:\/\/flexlan.com.br\/site\/#organization\",\"name\":\"Flexlan inform\u00e1tica\",\"alternateName\":\"Suprimentos e Manuten\u00e7\u00e3o de Computadores e Notebooks\",\"url\":\"https:\/\/flexlan.com.br\/site\/\",\"logo\":{\"@type\":\"ImageObject\",\"inLanguage\":\"pt-BR\",\"@id\":\"https:\/\/flexlan.com.br\/site\/#\/schema\/logo\/image\/\",\"url\":\"https:\/\/flexlan.com.br\/site\/wp-content\/uploads\/2022\/03\/Logo2022.png\",\"contentUrl\":\"https:\/\/flexlan.com.br\/site\/wp-content\/uploads\/2022\/03\/Logo2022.png\",\"width\":796,\"height\":228,\"caption\":\"Flexlan inform\u00e1tica\"},\"image\":{\"@id\":\"https:\/\/flexlan.com.br\/site\/#\/schema\/logo\/image\/\"},\"sameAs\":[\"https:\/\/www.facebook.com\/FlexLanInformatica\",\"https:\/\/instagram.com\/flexlan\"]}]}<\/script>\n<!-- \/ Yoast SEO plugin. -->","yoast_head_json":{"title":"CONTROLE PARA XBOX 360\/ PC USB VINIK X360 - PRETO - FLEXLAN Inform\u00e1tica","description":"Suprimentos e Manuten\u00e7\u00e3o de Computadores e Notebooks Para os f\u00e3s de jogos cl\u00e1ssicos dos anos 2000, como Minecraft: Xbox 360 Edition, Call of Duty: Black Ops, entre outros jogos, a Vinik desenvolveu o controle X360, que possui entrada USB pr\u00f3pria para jogos no PC.","robots":{"index":"index","follow":"follow","max-snippet":"max-snippet:-1","max-image-preview":"max-image-preview:large","max-video-preview":"max-video-preview:-1"},"canonical":"https:\/\/flexlan.com.br\/site\/?product=controle-para-xbox-360-pc-usb-vinik-x360-preto","og_locale":"pt_BR","og_type":"article","og_title":"CONTROLE PARA XBOX 360\/ PC USB VINIK X360 - PRETO - FLEXLAN Inform\u00e1tica","og_description":"Suprimentos e Manuten\u00e7\u00e3o de Computadores e Notebooks Para os f\u00e3s de jogos cl\u00e1ssicos dos anos 2000, como Minecraft: Xbox 360 Edition, Call of Duty: Black Ops, entre outros jogos, a Vinik desenvolveu o controle X360, que possui entrada USB pr\u00f3pria para jogos no PC.","og_url":"https:\/\/flexlan.com.br\/site\/?product=controle-para-xbox-360-pc-usb-vinik-x360-preto","og_site_name":"FLEXLAN Inform\u00e1tica","article_publisher":"https:\/\/www.facebook.com\/FlexLanInformatica","article_modified_time":"2024-09-13T13:27:27+00:00","og_image":[{"width":600,"height":600,"url":"https:\/\/flexlan.com.br\/site\/wp-content\/uploads\/2024\/09\/CONTROLE-PARA-XBOX-360-E-PC-USB-VINIK-X360.jpeg","type":"image\/jpeg"}],"twitter_card":"summary_large_image","twitter_misc":{"Est. tempo de leitura":"1 minuto"},"schema":{"@context":"https:\/\/schema.org","@graph":[{"@type":["WebPage","ItemPage"],"@id":"https:\/\/flexlan.com.br\/site\/?product=controle-para-xbox-360-pc-usb-vinik-x360-preto","url":"https:\/\/flexlan.com.br\/site\/?product=controle-para-xbox-360-pc-usb-vinik-x360-preto","name":"CONTROLE PARA XBOX 360\/ PC USB VINIK X360 - PRETO - FLEXLAN Inform\u00e1tica","isPartOf":{"@id":"https:\/\/flexlan.com.br\/site\/#website"},"datePublished":"2024-09-12T15:07:21+00:00","dateModified":"2024-09-13T13:27:27+00:00","description":"Suprimentos e Manuten\u00e7\u00e3o de Computadores e Notebooks Para os f\u00e3s de jogos cl\u00e1ssicos dos anos 2000, como Minecraft: Xbox 360 Edition, Call of Duty: Black Ops, entre outros jogos, a Vinik desenvolveu o controle X360, que possui entrada USB pr\u00f3pria para jogos no PC.","breadcrumb":{"@id":"https:\/\/flexlan.com.br\/site\/?product=controle-para-xbox-360-pc-usb-vinik-x360-preto#breadcrumb"},"inLanguage":"pt-BR","potentialAction":[{"@type":"ReadAction","target":["https:\/\/flexlan.com.br\/site\/?product=controle-para-xbox-360-pc-usb-vinik-x360-preto"]}]},{"@type":"BreadcrumbList","@id":"https:\/\/flexlan.com.br\/site\/?product=controle-para-xbox-360-pc-usb-vinik-x360-preto#breadcrumb","itemListElement":[{"@type":"ListItem","position":1,"name":"In\u00edcio","item":"https:\/\/flexlan.com.br\/site\/"},{"@type":"ListItem","position":2,"name":"Shop","item":"https:\/\/flexlan.com.br\/site\/?page_id=28271"},{"@type":"ListItem","position":3,"name":"CONTROLE PARA XBOX 360\/ PC USB VINIK X360 &#8211; PRETO"}]},{"@type":"WebSite","@id":"https:\/\/flexlan.com.br\/site\/#website","url":"https:\/\/flexlan.com.br\/site\/","name":"FLEXLAN Inform\u00e1tica","description":"Suprimentos e Manuten\u00e7\u00e3o de Computadores e Notebooks","publisher":{"@id":"https:\/\/flexlan.com.br\/site\/#organization"},"alternateName":"FLEXLAN Inform\u00e1tica","potentialAction":[{"@type":"SearchAction","target":{"@type":"EntryPoint","urlTemplate":"https:\/\/flexlan.com.br\/site\/?s={search_term_string}"},"query-input":"required name=search_term_string"}],"inLanguage":"pt-BR"},{"@type":"Organization","@id":"https:\/\/flexlan.com.br\/site\/#organization","name":"Flexlan inform\u00e1tica","alternateName":"Suprimentos e Manuten\u00e7\u00e3o de Computadores e Notebooks","url":"https:\/\/flexlan.com.br\/site\/","logo":{"@type":"ImageObject","inLanguage":"pt-BR","@id":"https:\/\/flexlan.com.br\/site\/#\/schema\/logo\/image\/","url":"https:\/\/flexlan.com.br\/site\/wp-content\/uploads\/2022\/03\/Logo2022.png","contentUrl":"https:\/\/flexlan.com.br\/site\/wp-content\/uploads\/2022\/03\/Logo2022.png","width":796,"height":228,"caption":"Flexlan inform\u00e1tica"},"image":{"@id":"https:\/\/flexlan.com.br\/site\/#\/schema\/logo\/image\/"},"sameAs":["https:\/\/www.facebook.com\/FlexLanInformatica","https:\/\/instagram.com\/flexlan"]}]}},"_links":{"self":[{"href":"https:\/\/flexlan.com.br\/site\/index.php?rest_route=\/wp\/v2\/product\/28792"}],"collection":[{"href":"https:\/\/flexlan.com.br\/site\/index.php?rest_route=\/wp\/v2\/product"}],"about":[{"href":"https:\/\/flexlan.com.br\/site\/index.php?rest_route=\/wp\/v2\/types\/product"}],"replies":[{"embeddable":true,"href":"https:\/\/flexlan.com.br\/site\/index.php?rest_route=%2Fwp%2Fv2%2Fcomments&post=28792"}],"wp:featuredmedia":[{"embeddable":true,"href":"https:\/\/flexlan.com.br\/site\/index.php?rest_route=\/wp\/v2\/media\/28796"}],"wp:attachment":[{"href":"https:\/\/flexlan.com.br\/site\/index.php?rest_route=%2Fwp%2Fv2%2Fmedia&parent=28792"}],"wp:term":[{"taxonomy":"product_cat","embeddable":true,"href":"https:\/\/flexlan.com.br\/site\/index.php?rest_route=%2Fwp%2Fv2%2Fproduct_cat&post=28792"},{"taxonomy":"product_tag","embeddable":true,"href":"https:\/\/flexlan.com.br\/site\/index.php?rest_route=%2Fwp%2Fv2%2Fproduct_tag&post=28792"}],"curies":[{"name":"wp","href":"https:\/\/api.w.org\/{rel}","templated":true}]}}