{"id":28790,"date":"2024-09-12T11:51:42","date_gmt":"2024-09-12T14:51:42","guid":{"rendered":"https:\/\/flexlan.com.br\/site\/?post_type=product&#038;p=28790"},"modified":"2024-09-12T11:51:45","modified_gmt":"2024-09-12T14:51:45","slug":"microfone-skp-com-cabo-usb-podcast-400-preto","status":"publish","type":"product","link":"https:\/\/flexlan.com.br\/site\/?product=microfone-skp-com-cabo-usb-podcast-400-preto","title":{"rendered":"MICROFONE SKP COM CABO USB PODCAST 400 -PRETO"},"content":{"rendered":"<p>ESPECIFICA\u00c7\u00d5ES:<br \/>\nMicrofone Poadcast condenser<br \/>\nPad\u00e3o polar Cardioide<br \/>\nConex\u00e3o de sa\u00edda USB tipo B \/ Plug 3.5mm<br \/>\nSistema Plug and Play- USB Connector<br \/>\nReposta de frequ\u00eancia 30-20KHz<br \/>\nSensibilidade -32dB<br \/>\nS\/n Ratio: 80db<br \/>\nN\u00edvel de Som Equivalente: &lt;22db<br \/>\nMax SPL 130dB<br \/>\nPossui controle de echo\/vol\/mute<br \/>\nInclui suporte trip\u00e9 regul\u00e1vel para o microfone e cabo<br \/>\namanho do Cabo 1,5m<\/p>\n","protected":false},"excerpt":{"rendered":"<p>SKP Pro Audio renova sua linha de Podcast com um novo conceito em microfones para est\u00fadios dom\u00e9sticos.<br \/>\nPlug and Play para gravar rapidamente suas ideias sem desperdi\u00e7ar horas de prepara\u00e7\u00e3o.<br \/>\nC\u00e1psula cardi\u00f3ide direcional para captura de voz correta rejeitando sons indesejados do ambiente.<br \/>\nConstru\u00e7\u00e3o robusta e alta resist\u00eancia para garantir m\u00e1xima durabilidade. Conecte-se a uma nova experi\u00eancia.<\/p>\n","protected":false},"featured_media":28791,"comment_status":"open","ping_status":"closed","template":"","meta":{"site-sidebar-layout":"default","site-content-layout":"","ast-site-content-layout":"default","site-content-style":"default","site-sidebar-style":"default","ast-global-header-display":"","ast-banner-title-visibility":"","ast-main-header-display":"","ast-hfb-above-header-display":"","ast-hfb-below-header-display":"","ast-hfb-mobile-header-display":"","site-post-title":"","ast-breadcrumbs-content":"","ast-featured-img":"","footer-sml-layout":"","theme-transparent-header-meta":"default","adv-header-id-meta":"","stick-header-meta":"","header-above-stick-meta":"","header-main-stick-meta":"","header-below-stick-meta":"","astra-migrate-meta-layouts":"set"},"product_cat":[52,83,57],"product_tag":[],"yoast_head":"<!-- This site is optimized with the Yoast SEO plugin v21.1 - https:\/\/yoast.com\/wordpress\/plugins\/seo\/ -->\n<title>MICROFONE SKP COM CABO USB PODCAST 400 -PRETO - FLEXLAN Inform\u00e1tica<\/title>\n<meta name=\"description\" content=\"Suprimentos e Manuten\u00e7\u00e3o de Computadores e Notebooks SKP Pro Audio renova sua linha de Podcast com um novo conceito em microfones para est\u00fadios dom\u00e9sticos.Plug and Play para gravar rapidamente suas ideias sem desperdi\u00e7ar horas de prepara\u00e7\u00e3o.C\u00e1psula cardi\u00f3ide direcional para captura de voz correta rejeitando sons indesejados do ambiente.Constru\u00e7\u00e3o robusta e alta resist\u00eancia para garantir m\u00e1xima durabilidade. Conecte-se a uma nova experi\u00eancia.\" \/>\n<meta name=\"robots\" content=\"index, follow, max-snippet:-1, max-image-preview:large, max-video-preview:-1\" \/>\n<link rel=\"canonical\" href=\"https:\/\/flexlan.com.br\/site\/?product=microfone-skp-com-cabo-usb-podcast-400-preto\" \/>\n<meta property=\"og:locale\" content=\"pt_BR\" \/>\n<meta property=\"og:type\" content=\"article\" \/>\n<meta property=\"og:title\" content=\"MICROFONE SKP COM CABO USB PODCAST 400 -PRETO - FLEXLAN Inform\u00e1tica\" \/>\n<meta property=\"og:description\" content=\"Suprimentos e Manuten\u00e7\u00e3o de Computadores e Notebooks SKP Pro Audio renova sua linha de Podcast com um novo conceito em microfones para est\u00fadios dom\u00e9sticos.Plug and Play para gravar rapidamente suas ideias sem desperdi\u00e7ar horas de prepara\u00e7\u00e3o.C\u00e1psula cardi\u00f3ide direcional para captura de voz correta rejeitando sons indesejados do ambiente.Constru\u00e7\u00e3o robusta e alta resist\u00eancia para garantir m\u00e1xima durabilidade. Conecte-se a uma nova experi\u00eancia.\" \/>\n<meta property=\"og:url\" content=\"https:\/\/flexlan.com.br\/site\/?product=microfone-skp-com-cabo-usb-podcast-400-preto\" \/>\n<meta property=\"og:site_name\" content=\"FLEXLAN Inform\u00e1tica\" \/>\n<meta property=\"article:publisher\" content=\"https:\/\/www.facebook.com\/FlexLanInformatica\" \/>\n<meta property=\"article:modified_time\" content=\"2024-09-12T14:51:45+00:00\" \/>\n<meta property=\"og:image\" content=\"https:\/\/flexlan.com.br\/site\/wp-content\/uploads\/2024\/09\/MICROFONE-SKP-COM-CABO-USB-PODCAST-400-PRETO.jpeg\" \/>\n\t<meta property=\"og:image:width\" content=\"1200\" \/>\n\t<meta property=\"og:image:height\" content=\"1200\" \/>\n\t<meta property=\"og:image:type\" content=\"image\/jpeg\" \/>\n<meta name=\"twitter:card\" content=\"summary_large_image\" \/>\n<meta name=\"twitter:label1\" content=\"Est. tempo de leitura\" \/>\n\t<meta name=\"twitter:data1\" content=\"1 minuto\" \/>\n<script type=\"application\/ld+json\" class=\"yoast-schema-graph\">{\"@context\":\"https:\/\/schema.org\",\"@graph\":[{\"@type\":[\"WebPage\",\"ItemPage\"],\"@id\":\"https:\/\/flexlan.com.br\/site\/?product=microfone-skp-com-cabo-usb-podcast-400-preto\",\"url\":\"https:\/\/flexlan.com.br\/site\/?product=microfone-skp-com-cabo-usb-podcast-400-preto\",\"name\":\"MICROFONE SKP COM CABO USB PODCAST 400 -PRETO - FLEXLAN Inform\u00e1tica\",\"isPartOf\":{\"@id\":\"https:\/\/flexlan.com.br\/site\/#website\"},\"datePublished\":\"2024-09-12T14:51:42+00:00\",\"dateModified\":\"2024-09-12T14:51:45+00:00\",\"description\":\"Suprimentos e Manuten\u00e7\u00e3o de Computadores e Notebooks SKP Pro Audio renova sua linha de Podcast com um novo conceito em microfones para est\u00fadios dom\u00e9sticos.Plug and Play para gravar rapidamente suas ideias sem desperdi\u00e7ar horas de prepara\u00e7\u00e3o.C\u00e1psula cardi\u00f3ide direcional para captura de voz correta rejeitando sons indesejados do ambiente.Constru\u00e7\u00e3o robusta e alta resist\u00eancia para garantir m\u00e1xima durabilidade. Conecte-se a uma nova experi\u00eancia.\",\"breadcrumb\":{\"@id\":\"https:\/\/flexlan.com.br\/site\/?product=microfone-skp-com-cabo-usb-podcast-400-preto#breadcrumb\"},\"inLanguage\":\"pt-BR\",\"potentialAction\":[{\"@type\":\"ReadAction\",\"target\":[\"https:\/\/flexlan.com.br\/site\/?product=microfone-skp-com-cabo-usb-podcast-400-preto\"]}]},{\"@type\":\"BreadcrumbList\",\"@id\":\"https:\/\/flexlan.com.br\/site\/?product=microfone-skp-com-cabo-usb-podcast-400-preto#breadcrumb\",\"itemListElement\":[{\"@type\":\"ListItem\",\"position\":1,\"name\":\"In\u00edcio\",\"item\":\"https:\/\/flexlan.com.br\/site\/\"},{\"@type\":\"ListItem\",\"position\":2,\"name\":\"Shop\",\"item\":\"https:\/\/flexlan.com.br\/site\/?page_id=28271\"},{\"@type\":\"ListItem\",\"position\":3,\"name\":\"MICROFONE SKP COM CABO USB PODCAST 400 -PRETO\"}]},{\"@type\":\"WebSite\",\"@id\":\"https:\/\/flexlan.com.br\/site\/#website\",\"url\":\"https:\/\/flexlan.com.br\/site\/\",\"name\":\"FLEXLAN Inform\u00e1tica\",\"description\":\"Suprimentos e Manuten\u00e7\u00e3o de Computadores e Notebooks\",\"publisher\":{\"@id\":\"https:\/\/flexlan.com.br\/site\/#organization\"},\"alternateName\":\"FLEXLAN Inform\u00e1tica\",\"potentialAction\":[{\"@type\":\"SearchAction\",\"target\":{\"@type\":\"EntryPoint\",\"urlTemplate\":\"https:\/\/flexlan.com.br\/site\/?s={search_term_string}\"},\"query-input\":\"required name=search_term_string\"}],\"inLanguage\":\"pt-BR\"},{\"@type\":\"Organization\",\"@id\":\"https:\/\/flexlan.com.br\/site\/#organization\",\"name\":\"Flexlan inform\u00e1tica\",\"alternateName\":\"Suprimentos e Manuten\u00e7\u00e3o de Computadores e Notebooks\",\"url\":\"https:\/\/flexlan.com.br\/site\/\",\"logo\":{\"@type\":\"ImageObject\",\"inLanguage\":\"pt-BR\",\"@id\":\"https:\/\/flexlan.com.br\/site\/#\/schema\/logo\/image\/\",\"url\":\"https:\/\/flexlan.com.br\/site\/wp-content\/uploads\/2022\/03\/Logo2022.png\",\"contentUrl\":\"https:\/\/flexlan.com.br\/site\/wp-content\/uploads\/2022\/03\/Logo2022.png\",\"width\":796,\"height\":228,\"caption\":\"Flexlan inform\u00e1tica\"},\"image\":{\"@id\":\"https:\/\/flexlan.com.br\/site\/#\/schema\/logo\/image\/\"},\"sameAs\":[\"https:\/\/www.facebook.com\/FlexLanInformatica\",\"https:\/\/instagram.com\/flexlan\"]}]}<\/script>\n<!-- \/ Yoast SEO plugin. -->","yoast_head_json":{"title":"MICROFONE SKP COM CABO USB PODCAST 400 -PRETO - FLEXLAN Inform\u00e1tica","description":"Suprimentos e Manuten\u00e7\u00e3o de Computadores e Notebooks SKP Pro Audio renova sua linha de Podcast com um novo conceito em microfones para est\u00fadios dom\u00e9sticos.Plug and Play para gravar rapidamente suas ideias sem desperdi\u00e7ar horas de prepara\u00e7\u00e3o.C\u00e1psula cardi\u00f3ide direcional para captura de voz correta rejeitando sons indesejados do ambiente.Constru\u00e7\u00e3o robusta e alta resist\u00eancia para garantir m\u00e1xima durabilidade. Conecte-se a uma nova experi\u00eancia.","robots":{"index":"index","follow":"follow","max-snippet":"max-snippet:-1","max-image-preview":"max-image-preview:large","max-video-preview":"max-video-preview:-1"},"canonical":"https:\/\/flexlan.com.br\/site\/?product=microfone-skp-com-cabo-usb-podcast-400-preto","og_locale":"pt_BR","og_type":"article","og_title":"MICROFONE SKP COM CABO USB PODCAST 400 -PRETO - FLEXLAN Inform\u00e1tica","og_description":"Suprimentos e Manuten\u00e7\u00e3o de Computadores e Notebooks SKP Pro Audio renova sua linha de Podcast com um novo conceito em microfones para est\u00fadios dom\u00e9sticos.Plug and Play para gravar rapidamente suas ideias sem desperdi\u00e7ar horas de prepara\u00e7\u00e3o.C\u00e1psula cardi\u00f3ide direcional para captura de voz correta rejeitando sons indesejados do ambiente.Constru\u00e7\u00e3o robusta e alta resist\u00eancia para garantir m\u00e1xima durabilidade. Conecte-se a uma nova experi\u00eancia.","og_url":"https:\/\/flexlan.com.br\/site\/?product=microfone-skp-com-cabo-usb-podcast-400-preto","og_site_name":"FLEXLAN Inform\u00e1tica","article_publisher":"https:\/\/www.facebook.com\/FlexLanInformatica","article_modified_time":"2024-09-12T14:51:45+00:00","og_image":[{"width":1200,"height":1200,"url":"https:\/\/flexlan.com.br\/site\/wp-content\/uploads\/2024\/09\/MICROFONE-SKP-COM-CABO-USB-PODCAST-400-PRETO.jpeg","type":"image\/jpeg"}],"twitter_card":"summary_large_image","twitter_misc":{"Est. tempo de leitura":"1 minuto"},"schema":{"@context":"https:\/\/schema.org","@graph":[{"@type":["WebPage","ItemPage"],"@id":"https:\/\/flexlan.com.br\/site\/?product=microfone-skp-com-cabo-usb-podcast-400-preto","url":"https:\/\/flexlan.com.br\/site\/?product=microfone-skp-com-cabo-usb-podcast-400-preto","name":"MICROFONE SKP COM CABO USB PODCAST 400 -PRETO - FLEXLAN Inform\u00e1tica","isPartOf":{"@id":"https:\/\/flexlan.com.br\/site\/#website"},"datePublished":"2024-09-12T14:51:42+00:00","dateModified":"2024-09-12T14:51:45+00:00","description":"Suprimentos e Manuten\u00e7\u00e3o de Computadores e Notebooks SKP Pro Audio renova sua linha de Podcast com um novo conceito em microfones para est\u00fadios dom\u00e9sticos.Plug and Play para gravar rapidamente suas ideias sem desperdi\u00e7ar horas de prepara\u00e7\u00e3o.C\u00e1psula cardi\u00f3ide direcional para captura de voz correta rejeitando sons indesejados do ambiente.Constru\u00e7\u00e3o robusta e alta resist\u00eancia para garantir m\u00e1xima durabilidade. Conecte-se a uma nova experi\u00eancia.","breadcrumb":{"@id":"https:\/\/flexlan.com.br\/site\/?product=microfone-skp-com-cabo-usb-podcast-400-preto#breadcrumb"},"inLanguage":"pt-BR","potentialAction":[{"@type":"ReadAction","target":["https:\/\/flexlan.com.br\/site\/?product=microfone-skp-com-cabo-usb-podcast-400-preto"]}]},{"@type":"BreadcrumbList","@id":"https:\/\/flexlan.com.br\/site\/?product=microfone-skp-com-cabo-usb-podcast-400-preto#breadcrumb","itemListElement":[{"@type":"ListItem","position":1,"name":"In\u00edcio","item":"https:\/\/flexlan.com.br\/site\/"},{"@type":"ListItem","position":2,"name":"Shop","item":"https:\/\/flexlan.com.br\/site\/?page_id=28271"},{"@type":"ListItem","position":3,"name":"MICROFONE SKP COM CABO USB PODCAST 400 -PRETO"}]},{"@type":"WebSite","@id":"https:\/\/flexlan.com.br\/site\/#website","url":"https:\/\/flexlan.com.br\/site\/","name":"FLEXLAN Inform\u00e1tica","description":"Suprimentos e Manuten\u00e7\u00e3o de Computadores e Notebooks","publisher":{"@id":"https:\/\/flexlan.com.br\/site\/#organization"},"alternateName":"FLEXLAN Inform\u00e1tica","potentialAction":[{"@type":"SearchAction","target":{"@type":"EntryPoint","urlTemplate":"https:\/\/flexlan.com.br\/site\/?s={search_term_string}"},"query-input":"required name=search_term_string"}],"inLanguage":"pt-BR"},{"@type":"Organization","@id":"https:\/\/flexlan.com.br\/site\/#organization","name":"Flexlan inform\u00e1tica","alternateName":"Suprimentos e Manuten\u00e7\u00e3o de Computadores e Notebooks","url":"https:\/\/flexlan.com.br\/site\/","logo":{"@type":"ImageObject","inLanguage":"pt-BR","@id":"https:\/\/flexlan.com.br\/site\/#\/schema\/logo\/image\/","url":"https:\/\/flexlan.com.br\/site\/wp-content\/uploads\/2022\/03\/Logo2022.png","contentUrl":"https:\/\/flexlan.com.br\/site\/wp-content\/uploads\/2022\/03\/Logo2022.png","width":796,"height":228,"caption":"Flexlan inform\u00e1tica"},"image":{"@id":"https:\/\/flexlan.com.br\/site\/#\/schema\/logo\/image\/"},"sameAs":["https:\/\/www.facebook.com\/FlexLanInformatica","https:\/\/instagram.com\/flexlan"]}]}},"_links":{"self":[{"href":"https:\/\/flexlan.com.br\/site\/index.php?rest_route=\/wp\/v2\/product\/28790"}],"collection":[{"href":"https:\/\/flexlan.com.br\/site\/index.php?rest_route=\/wp\/v2\/product"}],"about":[{"href":"https:\/\/flexlan.com.br\/site\/index.php?rest_route=\/wp\/v2\/types\/product"}],"replies":[{"embeddable":true,"href":"https:\/\/flexlan.com.br\/site\/index.php?rest_route=%2Fwp%2Fv2%2Fcomments&post=28790"}],"wp:featuredmedia":[{"embeddable":true,"href":"https:\/\/flexlan.com.br\/site\/index.php?rest_route=\/wp\/v2\/media\/28791"}],"wp:attachment":[{"href":"https:\/\/flexlan.com.br\/site\/index.php?rest_route=%2Fwp%2Fv2%2Fmedia&parent=28790"}],"wp:term":[{"taxonomy":"product_cat","embeddable":true,"href":"https:\/\/flexlan.com.br\/site\/index.php?rest_route=%2Fwp%2Fv2%2Fproduct_cat&post=28790"},{"taxonomy":"product_tag","embeddable":true,"href":"https:\/\/flexlan.com.br\/site\/index.php?rest_route=%2Fwp%2Fv2%2Fproduct_tag&post=28790"}],"curies":[{"name":"wp","href":"https:\/\/api.w.org\/{rel}","templated":true}]}}