{"id":28735,"date":"2024-05-11T10:16:46","date_gmt":"2024-05-11T13:16:46","guid":{"rendered":"https:\/\/flexlan.com.br\/site\/?post_type=product&#038;p=28735"},"modified":"2024-09-13T10:27:54","modified_gmt":"2024-09-13T13:27:54","slug":"controle-sony-dualsense-ps5-sem-fio-branco","status":"publish","type":"product","link":"https:\/\/flexlan.com.br\/site\/?product=controle-sony-dualsense-ps5-sem-fio-branco","title":{"rendered":"CONTROLE SONY DUALSENSE PS5 SEM FIO &#8211; BRANCO"},"content":{"rendered":"<div class=\"sc-7e0ca514-1 GiPKU\">\n<p><strong>Caracter\u00edsticas:<\/strong><\/p>\n<p>&#8211; Marca: Sony<\/p>\n<p>&#8211; Modelo: DualSense<\/p>\n<p>&nbsp;<\/p>\n<p><strong>Especifica\u00e7\u00f5es<\/strong><\/p>\n<p>&nbsp;<\/p>\n<p><strong>F\u00edsico:<\/strong><\/p>\n<p>&#8211; Cor: Branco<\/p>\n<p>&#8211; Hardware Compat\u00edvel: PlayStation\u00ae5<\/p>\n<p>&#8211; Dimens\u00f5es: 160 x 66 x 106 mm<\/p>\n<p>&nbsp;<\/p>\n<p><strong>Bot\u00f5es:<\/strong><\/p>\n<p>&#8211; Bot\u00e3o PS<\/p>\n<p>&#8211; Bot\u00e3o Criar<\/p>\n<p>&#8211; Bot\u00e3o Options<\/p>\n<p>&#8211; Bot\u00f5es direcionais (Cima\/Baixo\/Esquerda\/Direita)<\/p>\n<p>&#8211; Bot\u00f5es de A\u00e7\u00e3o (Tri\u00e2ngulo, C\u00edrculo, Cruz, Quadrado)<\/p>\n<p>&#8211; Bot\u00f5es R1\/L1, Bot\u00f5es R2\/L2 (com efeitos de gatilho)<\/p>\n<p>&#8211; Controle esquerdo \/ bot\u00e3o L3<\/p>\n<p>&#8211; Controle direito \/ bot\u00e3o R3<\/p>\n<p>&#8211; Bot\u00e3o do Touch Pad<\/p>\n<p>&#8211; Bot\u00e3o MUTE<\/p>\n<p>&nbsp;<\/p>\n<p><strong>Touch Pad:<\/strong><\/p>\n<p>&#8211; 2 Point Touch Pad<\/p>\n<p>&#8211; Capacitive Type<\/p>\n<p>&#8211; Click Mechanism<\/p>\n<p>&nbsp;<\/p>\n<p><strong>Sensor de Movimento:<\/strong><\/p>\n<p>&#8211; Sistema sensor de movimento com 6 eixos (girosc\u00f3pio de 3 eixos + aceler\u00f4metro de 3 eixos)<\/p>\n<p>&nbsp;<\/p>\n<p><strong>Bateria:<\/strong><\/p>\n<p>&#8211; Tipo: Bateria de \u00edon-l\u00edtio recarreg\u00e1vel embutida<\/p>\n<p>&#8211; Voltagem: DC 3.65V<\/p>\n<p>&#8211; Capacidade: 1560mAh<\/p>\n<p>&nbsp;<\/p>\n<p><strong>Comunica\u00e7\u00e3o:<\/strong><\/p>\n<p>&#8211; Sem Fio: Bluetooth Ver5.1<\/p>\n<p>&#8211; Com Fio: USB connection (HID, Audio)<\/p>\n<p>&nbsp;<\/p>\n<p><strong>Resposta:<\/strong><\/p>\n<p>&#8211; Efeitos de gatilho (nos bot\u00f5es R2\/L2)<\/p>\n<p>&#8211; Vibra\u00e7\u00e3o (resposta t\u00e1til com atuador duplo)<\/p>\n<p>&#8211; Indicadores (indicador de luz \/ indicador de jogador \/ indicador do MUTE)<\/p>\n<p>&nbsp;<\/p>\n<p><strong>\u00c1udio:<\/strong><\/p>\n<p>&#8211; Microfone embutido<\/p>\n<p>&#8211; Alto-Falante Mono integrado, entrada para Headset Stereo<\/p>\n<p>&#8211; Output : 48kHz\/16bit, Input : 24kHz\/16bit<\/p>\n<p>&nbsp;<\/p>\n<p><strong>D\u00ea vida ao mundo dos jogos<\/strong><\/p>\n<p>&#8211; Sinta suas a\u00e7\u00f5es no jogo e ambiente simulado por meio de feedback t\u00e1til.<\/p>\n<p>&#8211; Experimente for\u00e7a e tens\u00e3o variadas na ponta dos dedos com gatilhos adaptativos.<\/p>\n<p>&nbsp;<\/p>\n<p><strong>Encontre sua voz, compartilhe sua paix\u00e3o<\/strong><\/p>\n<p>&#8211; Converse online atrav\u00e9s do microfone embutido.<\/p>\n<p>&#8211; Conecte um fone de ouvido diretamente pelo conector de 3.5 mm.<\/p>\n<p>&#8211; Ligue e desligue a captura de voz usando o bot\u00e3o de mudo dedicado.<\/p>\n<p>&#8211; Grave e transmita seus momentos de jogo \u00e9picos com o bot\u00e3o de cria\u00e7\u00e3o.<\/p>\n<p>&nbsp;<\/p>\n<p><strong>Um \u00edcone de jogo em suas m\u00e3os<\/strong><\/p>\n<p>&#8211; Desfrute de um design confort\u00e1vel e evolu\u00eddo com um layout ic\u00f4nico e sticks aprimorados.<\/p>\n<p>&#8211; Carregue e jogue com uma bateria embutida e porta USB Type-C.<\/p>\n<p>&#8211; Interaja intuitivamente com jogos selecionados usando o sensor de movimento integrado.<\/p>\n<p>&#8211; Ou\u00e7a efeitos sonoros de alta fidelidade atrav\u00e9s do alto-falante embutido em jogos compat\u00edveis.<\/p>\n<p>&nbsp;<\/p>\n<p><strong>Conte\u00fado da Embalagem:<\/strong><\/p>\n<p>&#8211; Controlador sem fio DualSense<\/p>\n<p>&#8211; Manual de instru\u00e7\u00f5es<\/p>\n<\/div>\n<p>&nbsp;<\/p>\n<div class=\"sc-7e0ca514-2 cKkhYq\" data-testid=\"InfoGarantia\">\n<div class=\"sc-7e0ca514-4 ikipIN\">\n<h3>Garantia:<\/h3>\n<\/div>\n<div class=\"sc-7e0ca514-3 lnNTXx\">12 meses de garantia<\/div>\n<\/div>\n","protected":false},"excerpt":{"rendered":"<p>Sinta o feedback fisicamente responsivo \u00e0s suas a\u00e7\u00f5es no jogo com atuadores duplos que substituem os motores tradicionais. Em suas m\u00e3os, essas vibra\u00e7\u00f5es din\u00e2micas podem simular a sensa\u00e7\u00e3o de tudo, desde ambientes at\u00e9 o recuo de diferentes armas.<\/p>\n","protected":false},"featured_media":28738,"comment_status":"open","ping_status":"closed","template":"","meta":{"site-sidebar-layout":"default","site-content-layout":"","ast-site-content-layout":"default","site-content-style":"default","site-sidebar-style":"default","ast-global-header-display":"","ast-banner-title-visibility":"","ast-main-header-display":"","ast-hfb-above-header-display":"","ast-hfb-below-header-display":"","ast-hfb-mobile-header-display":"","site-post-title":"","ast-breadcrumbs-content":"","ast-featured-img":"","footer-sml-layout":"","theme-transparent-header-meta":"default","adv-header-id-meta":"","stick-header-meta":"","header-above-stick-meta":"","header-main-stick-meta":"","header-below-stick-meta":"","astra-migrate-meta-layouts":"set"},"product_cat":[90,83],"product_tag":[],"yoast_head":"<!-- This site is optimized with the Yoast SEO plugin v21.1 - https:\/\/yoast.com\/wordpress\/plugins\/seo\/ -->\n<title>CONTROLE SONY DUALSENSE PS5 SEM FIO - BRANCO - FLEXLAN Inform\u00e1tica<\/title>\n<meta name=\"description\" content=\"Suprimentos e Manuten\u00e7\u00e3o de Computadores e Notebooks Sinta o feedback fisicamente responsivo \u00e0s suas a\u00e7\u00f5es no jogo com atuadores duplos que substituem os motores tradicionais. Em suas m\u00e3os, essas vibra\u00e7\u00f5es din\u00e2micas podem simular a sensa\u00e7\u00e3o de tudo, desde ambientes at\u00e9 o recuo de diferentes armas.\" \/>\n<meta name=\"robots\" content=\"index, follow, max-snippet:-1, max-image-preview:large, max-video-preview:-1\" \/>\n<link rel=\"canonical\" href=\"https:\/\/flexlan.com.br\/site\/?product=controle-sony-dualsense-ps5-sem-fio-branco\" \/>\n<meta property=\"og:locale\" content=\"pt_BR\" \/>\n<meta property=\"og:type\" content=\"article\" \/>\n<meta property=\"og:title\" content=\"CONTROLE SONY DUALSENSE PS5 SEM FIO - BRANCO - FLEXLAN Inform\u00e1tica\" \/>\n<meta property=\"og:description\" content=\"Suprimentos e Manuten\u00e7\u00e3o de Computadores e Notebooks Sinta o feedback fisicamente responsivo \u00e0s suas a\u00e7\u00f5es no jogo com atuadores duplos que substituem os motores tradicionais. Em suas m\u00e3os, essas vibra\u00e7\u00f5es din\u00e2micas podem simular a sensa\u00e7\u00e3o de tudo, desde ambientes at\u00e9 o recuo de diferentes armas.\" \/>\n<meta property=\"og:url\" content=\"https:\/\/flexlan.com.br\/site\/?product=controle-sony-dualsense-ps5-sem-fio-branco\" \/>\n<meta property=\"og:site_name\" content=\"FLEXLAN Inform\u00e1tica\" \/>\n<meta property=\"article:publisher\" content=\"https:\/\/www.facebook.com\/FlexLanInformatica\" \/>\n<meta property=\"article:modified_time\" content=\"2024-09-13T13:27:54+00:00\" \/>\n<meta property=\"og:image\" content=\"https:\/\/flexlan.com.br\/site\/wp-content\/uploads\/2024\/05\/CONTROLE-SONY-DUALSENSE-PS5-SEM-FIO-BRANCO.jpg\" \/>\n\t<meta property=\"og:image:width\" content=\"1000\" \/>\n\t<meta property=\"og:image:height\" content=\"1000\" \/>\n\t<meta property=\"og:image:type\" content=\"image\/jpeg\" \/>\n<meta name=\"twitter:card\" content=\"summary_large_image\" \/>\n<meta name=\"twitter:label1\" content=\"Est. tempo de leitura\" \/>\n\t<meta name=\"twitter:data1\" content=\"2 minutos\" \/>\n<script type=\"application\/ld+json\" class=\"yoast-schema-graph\">{\"@context\":\"https:\/\/schema.org\",\"@graph\":[{\"@type\":[\"WebPage\",\"ItemPage\"],\"@id\":\"https:\/\/flexlan.com.br\/site\/?product=controle-sony-dualsense-ps5-sem-fio-branco\",\"url\":\"https:\/\/flexlan.com.br\/site\/?product=controle-sony-dualsense-ps5-sem-fio-branco\",\"name\":\"CONTROLE SONY DUALSENSE PS5 SEM FIO - BRANCO - FLEXLAN Inform\u00e1tica\",\"isPartOf\":{\"@id\":\"https:\/\/flexlan.com.br\/site\/#website\"},\"datePublished\":\"2024-05-11T13:16:46+00:00\",\"dateModified\":\"2024-09-13T13:27:54+00:00\",\"description\":\"Suprimentos e Manuten\u00e7\u00e3o de Computadores e Notebooks Sinta o feedback fisicamente responsivo \u00e0s suas a\u00e7\u00f5es no jogo com atuadores duplos que substituem os motores tradicionais. Em suas m\u00e3os, essas vibra\u00e7\u00f5es din\u00e2micas podem simular a sensa\u00e7\u00e3o de tudo, desde ambientes at\u00e9 o recuo de diferentes armas.\",\"breadcrumb\":{\"@id\":\"https:\/\/flexlan.com.br\/site\/?product=controle-sony-dualsense-ps5-sem-fio-branco#breadcrumb\"},\"inLanguage\":\"pt-BR\",\"potentialAction\":[{\"@type\":\"ReadAction\",\"target\":[\"https:\/\/flexlan.com.br\/site\/?product=controle-sony-dualsense-ps5-sem-fio-branco\"]}]},{\"@type\":\"BreadcrumbList\",\"@id\":\"https:\/\/flexlan.com.br\/site\/?product=controle-sony-dualsense-ps5-sem-fio-branco#breadcrumb\",\"itemListElement\":[{\"@type\":\"ListItem\",\"position\":1,\"name\":\"In\u00edcio\",\"item\":\"https:\/\/flexlan.com.br\/site\/\"},{\"@type\":\"ListItem\",\"position\":2,\"name\":\"Shop\",\"item\":\"https:\/\/flexlan.com.br\/site\/?page_id=28271\"},{\"@type\":\"ListItem\",\"position\":3,\"name\":\"CONTROLE SONY DUALSENSE PS5 SEM FIO &#8211; BRANCO\"}]},{\"@type\":\"WebSite\",\"@id\":\"https:\/\/flexlan.com.br\/site\/#website\",\"url\":\"https:\/\/flexlan.com.br\/site\/\",\"name\":\"FLEXLAN Inform\u00e1tica\",\"description\":\"Suprimentos e Manuten\u00e7\u00e3o de Computadores e Notebooks\",\"publisher\":{\"@id\":\"https:\/\/flexlan.com.br\/site\/#organization\"},\"alternateName\":\"FLEXLAN Inform\u00e1tica\",\"potentialAction\":[{\"@type\":\"SearchAction\",\"target\":{\"@type\":\"EntryPoint\",\"urlTemplate\":\"https:\/\/flexlan.com.br\/site\/?s={search_term_string}\"},\"query-input\":\"required name=search_term_string\"}],\"inLanguage\":\"pt-BR\"},{\"@type\":\"Organization\",\"@id\":\"https:\/\/flexlan.com.br\/site\/#organization\",\"name\":\"Flexlan inform\u00e1tica\",\"alternateName\":\"Suprimentos e Manuten\u00e7\u00e3o de Computadores e Notebooks\",\"url\":\"https:\/\/flexlan.com.br\/site\/\",\"logo\":{\"@type\":\"ImageObject\",\"inLanguage\":\"pt-BR\",\"@id\":\"https:\/\/flexlan.com.br\/site\/#\/schema\/logo\/image\/\",\"url\":\"https:\/\/flexlan.com.br\/site\/wp-content\/uploads\/2022\/03\/Logo2022.png\",\"contentUrl\":\"https:\/\/flexlan.com.br\/site\/wp-content\/uploads\/2022\/03\/Logo2022.png\",\"width\":796,\"height\":228,\"caption\":\"Flexlan inform\u00e1tica\"},\"image\":{\"@id\":\"https:\/\/flexlan.com.br\/site\/#\/schema\/logo\/image\/\"},\"sameAs\":[\"https:\/\/www.facebook.com\/FlexLanInformatica\",\"https:\/\/instagram.com\/flexlan\"]}]}<\/script>\n<!-- \/ Yoast SEO plugin. -->","yoast_head_json":{"title":"CONTROLE SONY DUALSENSE PS5 SEM FIO - BRANCO - FLEXLAN Inform\u00e1tica","description":"Suprimentos e Manuten\u00e7\u00e3o de Computadores e Notebooks Sinta o feedback fisicamente responsivo \u00e0s suas a\u00e7\u00f5es no jogo com atuadores duplos que substituem os motores tradicionais. Em suas m\u00e3os, essas vibra\u00e7\u00f5es din\u00e2micas podem simular a sensa\u00e7\u00e3o de tudo, desde ambientes at\u00e9 o recuo de diferentes armas.","robots":{"index":"index","follow":"follow","max-snippet":"max-snippet:-1","max-image-preview":"max-image-preview:large","max-video-preview":"max-video-preview:-1"},"canonical":"https:\/\/flexlan.com.br\/site\/?product=controle-sony-dualsense-ps5-sem-fio-branco","og_locale":"pt_BR","og_type":"article","og_title":"CONTROLE SONY DUALSENSE PS5 SEM FIO - BRANCO - FLEXLAN Inform\u00e1tica","og_description":"Suprimentos e Manuten\u00e7\u00e3o de Computadores e Notebooks Sinta o feedback fisicamente responsivo \u00e0s suas a\u00e7\u00f5es no jogo com atuadores duplos que substituem os motores tradicionais. Em suas m\u00e3os, essas vibra\u00e7\u00f5es din\u00e2micas podem simular a sensa\u00e7\u00e3o de tudo, desde ambientes at\u00e9 o recuo de diferentes armas.","og_url":"https:\/\/flexlan.com.br\/site\/?product=controle-sony-dualsense-ps5-sem-fio-branco","og_site_name":"FLEXLAN Inform\u00e1tica","article_publisher":"https:\/\/www.facebook.com\/FlexLanInformatica","article_modified_time":"2024-09-13T13:27:54+00:00","og_image":[{"width":1000,"height":1000,"url":"https:\/\/flexlan.com.br\/site\/wp-content\/uploads\/2024\/05\/CONTROLE-SONY-DUALSENSE-PS5-SEM-FIO-BRANCO.jpg","type":"image\/jpeg"}],"twitter_card":"summary_large_image","twitter_misc":{"Est. tempo de leitura":"2 minutos"},"schema":{"@context":"https:\/\/schema.org","@graph":[{"@type":["WebPage","ItemPage"],"@id":"https:\/\/flexlan.com.br\/site\/?product=controle-sony-dualsense-ps5-sem-fio-branco","url":"https:\/\/flexlan.com.br\/site\/?product=controle-sony-dualsense-ps5-sem-fio-branco","name":"CONTROLE SONY DUALSENSE PS5 SEM FIO - BRANCO - FLEXLAN Inform\u00e1tica","isPartOf":{"@id":"https:\/\/flexlan.com.br\/site\/#website"},"datePublished":"2024-05-11T13:16:46+00:00","dateModified":"2024-09-13T13:27:54+00:00","description":"Suprimentos e Manuten\u00e7\u00e3o de Computadores e Notebooks Sinta o feedback fisicamente responsivo \u00e0s suas a\u00e7\u00f5es no jogo com atuadores duplos que substituem os motores tradicionais. Em suas m\u00e3os, essas vibra\u00e7\u00f5es din\u00e2micas podem simular a sensa\u00e7\u00e3o de tudo, desde ambientes at\u00e9 o recuo de diferentes armas.","breadcrumb":{"@id":"https:\/\/flexlan.com.br\/site\/?product=controle-sony-dualsense-ps5-sem-fio-branco#breadcrumb"},"inLanguage":"pt-BR","potentialAction":[{"@type":"ReadAction","target":["https:\/\/flexlan.com.br\/site\/?product=controle-sony-dualsense-ps5-sem-fio-branco"]}]},{"@type":"BreadcrumbList","@id":"https:\/\/flexlan.com.br\/site\/?product=controle-sony-dualsense-ps5-sem-fio-branco#breadcrumb","itemListElement":[{"@type":"ListItem","position":1,"name":"In\u00edcio","item":"https:\/\/flexlan.com.br\/site\/"},{"@type":"ListItem","position":2,"name":"Shop","item":"https:\/\/flexlan.com.br\/site\/?page_id=28271"},{"@type":"ListItem","position":3,"name":"CONTROLE SONY DUALSENSE PS5 SEM FIO &#8211; BRANCO"}]},{"@type":"WebSite","@id":"https:\/\/flexlan.com.br\/site\/#website","url":"https:\/\/flexlan.com.br\/site\/","name":"FLEXLAN Inform\u00e1tica","description":"Suprimentos e Manuten\u00e7\u00e3o de Computadores e Notebooks","publisher":{"@id":"https:\/\/flexlan.com.br\/site\/#organization"},"alternateName":"FLEXLAN Inform\u00e1tica","potentialAction":[{"@type":"SearchAction","target":{"@type":"EntryPoint","urlTemplate":"https:\/\/flexlan.com.br\/site\/?s={search_term_string}"},"query-input":"required name=search_term_string"}],"inLanguage":"pt-BR"},{"@type":"Organization","@id":"https:\/\/flexlan.com.br\/site\/#organization","name":"Flexlan inform\u00e1tica","alternateName":"Suprimentos e Manuten\u00e7\u00e3o de Computadores e Notebooks","url":"https:\/\/flexlan.com.br\/site\/","logo":{"@type":"ImageObject","inLanguage":"pt-BR","@id":"https:\/\/flexlan.com.br\/site\/#\/schema\/logo\/image\/","url":"https:\/\/flexlan.com.br\/site\/wp-content\/uploads\/2022\/03\/Logo2022.png","contentUrl":"https:\/\/flexlan.com.br\/site\/wp-content\/uploads\/2022\/03\/Logo2022.png","width":796,"height":228,"caption":"Flexlan inform\u00e1tica"},"image":{"@id":"https:\/\/flexlan.com.br\/site\/#\/schema\/logo\/image\/"},"sameAs":["https:\/\/www.facebook.com\/FlexLanInformatica","https:\/\/instagram.com\/flexlan"]}]}},"_links":{"self":[{"href":"https:\/\/flexlan.com.br\/site\/index.php?rest_route=\/wp\/v2\/product\/28735"}],"collection":[{"href":"https:\/\/flexlan.com.br\/site\/index.php?rest_route=\/wp\/v2\/product"}],"about":[{"href":"https:\/\/flexlan.com.br\/site\/index.php?rest_route=\/wp\/v2\/types\/product"}],"replies":[{"embeddable":true,"href":"https:\/\/flexlan.com.br\/site\/index.php?rest_route=%2Fwp%2Fv2%2Fcomments&post=28735"}],"wp:featuredmedia":[{"embeddable":true,"href":"https:\/\/flexlan.com.br\/site\/index.php?rest_route=\/wp\/v2\/media\/28738"}],"wp:attachment":[{"href":"https:\/\/flexlan.com.br\/site\/index.php?rest_route=%2Fwp%2Fv2%2Fmedia&parent=28735"}],"wp:term":[{"taxonomy":"product_cat","embeddable":true,"href":"https:\/\/flexlan.com.br\/site\/index.php?rest_route=%2Fwp%2Fv2%2Fproduct_cat&post=28735"},{"taxonomy":"product_tag","embeddable":true,"href":"https:\/\/flexlan.com.br\/site\/index.php?rest_route=%2Fwp%2Fv2%2Fproduct_tag&post=28735"}],"curies":[{"name":"wp","href":"https:\/\/api.w.org\/{rel}","templated":true}]}}