{"id":28715,"date":"2024-04-11T16:50:21","date_gmt":"2024-04-11T19:50:21","guid":{"rendered":"https:\/\/flexlan.com.br\/site\/?post_type=product&#038;p=28715"},"modified":"2024-04-11T17:01:19","modified_gmt":"2024-04-11T20:01:19","slug":"monitor-led-215-acer-ea220q-hbi-full-hd-vga-hdmi","status":"publish","type":"product","link":"https:\/\/flexlan.com.br\/site\/?product=monitor-led-215-acer-ea220q-hbi-full-hd-vga-hdmi","title":{"rendered":"MONITOR LED 21,5  ACER EA220Q HBI  FULL HD VGA\/HDMI AMD RADEON FREESYN"},"content":{"rendered":"<p><strong>Especifica\u00e7\u00f5es t\u00e9cnicas<\/strong><\/p>\n<p><strong>sobre o produto :<\/strong><br \/>\n<strong>prazo de expedi\u00e7\u00e3o :<\/strong>\u00a03<br \/>\n<strong>resolu\u00e7\u00e3o :<\/strong>\u00a0full hd (1920&#215;1080)<br \/>\n<strong>conectividade :<\/strong>\u00a0hdmi,vga<br \/>\n<strong>design :<\/strong>\u00a0inclina\u00e7\u00e3o de tela &#8211; tilt,borda fina &#8211; zero frame<br \/>\n<strong>tecnologia :<\/strong>\u00a0acer vision care<br \/>\n<strong>tamanho da tela :<\/strong>\u00a021.5 polegadas<br \/>\n<strong>contraste e brilho :<\/strong>\u00a0250 nits<br \/>\n<strong>ilumina\u00e7\u00e3o :<\/strong>\u00a0led<br \/>\n<strong>tipo de painel :<\/strong>\u00a0va<br \/>\n<strong>sincroniza\u00e7\u00e3o de gpu :<\/strong>\u00a0freesync<br \/>\n<strong>resolu\u00e7\u00e3o de tela :<\/strong>\u00a0hdmi: full hd 1920 x 1080 100 hz vga: full hd 1920 x 1080 75 hz<br \/>\n<strong>conex\u00e3o :<\/strong>\u00a0hdmi \/ vga<br \/>\n<strong>brilho :<\/strong>\u00a0250 nits<br \/>\n<strong>tempo de resposta :<\/strong>\u00a08 ms cinza para cinza (g to g)<br \/>\n<strong>contraste :<\/strong>\u00a03000:1<br \/>\n<strong>atualiza\u00e7\u00e3o :<\/strong>\u00a0at\u00e9 100 hz<br \/>\n<strong>interfaces\/portas :<\/strong>\u00a01x vga 1x hdmi(1.4) e entrada de alimenta\u00e7\u00e3o<br \/>\n<strong>inclina\u00e7\u00e3o :<\/strong>\u00a0-5\u00ba a aproximadamente ~15\u00ba<br \/>\n<strong>conte\u00fado da embalagem :<\/strong>\u00a0acompanha fonte de alimenta\u00e7\u00e3o na caixa quando ela for externa monitor\/ suportes \/ manual em portugu\u00eas \/ termo de garantia \/ 1x cabo de energia e 1x cabo hdmi<br \/>\n<strong>cores :<\/strong>\u00a016.7 milh\u00f5es<br \/>\n<strong>\u00e2ngulo de vis\u00e3o :<\/strong>\u00a0178\u00ba esquerda \/ direita e 178\u00ba cima \/ baixo<br \/>\n<strong>fura\u00e7\u00e3o :<\/strong>\u00a0vesa (montagem na parede) 100 x 100 mm<br \/>\n<strong>icone acer vision care :<\/strong>\u00a0acer vision care<br \/>\n<strong>icone low dimming :<\/strong>\u00a0low dimming<br \/>\n<strong>icone flicker-less :<\/strong>\u00a0flicker-less<br \/>\n<strong>icone borda fina &#8211; zero frame :<\/strong>\u00a0borda fina &#8211; zero frame<br \/>\n<strong>icone resolu\u00e7\u00e3o de tela monitores :<\/strong>\u00a0amd freesync<\/p>\n<p><strong>Garantia : <\/strong>12<\/p>\n","protected":false},"excerpt":{"rendered":"<p>Especifica\u00e7\u00f5es t\u00e9cnicas sobre o produto : prazo de expedi\u00e7\u00e3o :\u00a03 resolu\u00e7\u00e3o :\u00a0full hd (1920&#215;1080) conectividade :\u00a0hdmi,vga design :\u00a0inclina\u00e7\u00e3o de tela &#8211; tilt,borda fina &#8211; zero frame tecnologia :\u00a0acer vision care tamanho da tela :\u00a021.5 polegadas contraste e brilho :\u00a0250 nits ilumina\u00e7\u00e3o :\u00a0led tipo de painel :\u00a0va sincroniza\u00e7\u00e3o de gpu :\u00a0freesync resolu\u00e7\u00e3o de tela :\u00a0hdmi: full &hellip;<\/p>\n<p class=\"read-more\"> <a class=\"\" href=\"https:\/\/flexlan.com.br\/site\/?product=monitor-led-215-acer-ea220q-hbi-full-hd-vga-hdmi\"> <span class=\"screen-reader-text\">MONITOR LED 21,5  ACER EA220Q HBI  FULL HD VGA\/HDMI AMD RADEON FREESYN<\/span> Leia mais &raquo;<\/a><\/p>\n","protected":false},"featured_media":28719,"comment_status":"open","ping_status":"closed","template":"","meta":{"site-sidebar-layout":"default","site-content-layout":"","ast-site-content-layout":"default","site-content-style":"default","site-sidebar-style":"default","ast-global-header-display":"","ast-banner-title-visibility":"","ast-main-header-display":"","ast-hfb-above-header-display":"","ast-hfb-below-header-display":"","ast-hfb-mobile-header-display":"","site-post-title":"","ast-breadcrumbs-content":"","ast-featured-img":"","footer-sml-layout":"","theme-transparent-header-meta":"default","adv-header-id-meta":"","stick-header-meta":"","header-above-stick-meta":"","header-main-stick-meta":"","header-below-stick-meta":"","astra-migrate-meta-layouts":"set"},"product_cat":[83,26],"product_tag":[],"yoast_head":"<!-- This site is optimized with the Yoast SEO plugin v21.1 - https:\/\/yoast.com\/wordpress\/plugins\/seo\/ -->\n<title>MONITOR LED 21,5 ACER EA220Q HBI FULL HD VGA\/HDMI AMD RADEON FREESYN - FLEXLAN Inform\u00e1tica<\/title>\n<meta name=\"description\" content=\"Suprimentos e Manuten\u00e7\u00e3o de Computadores e Notebooks Modelo:monitor acer 21.5\u201d zero frame led va fhd 100hz 8ms amd radeon freesync\u2122 1x vga 1x hdmi ea220q hbiresolu\u00e7\u00e3o de tela: hdmi: full hd 1920 x 1080 100 hz vga: full hd 1920 x 1080 75 hzconex\u00e3o: hdmi \/ vga brilho: 250 nitstempo de resposta: 8 ms cinza para cinza (g to g)contraste: 3000:1atualiza\u00e7\u00e3o: at\u00e9 100 hzinterfaces\/portas: 1x vga 1x hdmi(1.4).\" \/>\n<meta name=\"robots\" content=\"index, follow, max-snippet:-1, max-image-preview:large, max-video-preview:-1\" \/>\n<link rel=\"canonical\" href=\"https:\/\/flexlan.com.br\/site\/?product=monitor-led-215-acer-ea220q-hbi-full-hd-vga-hdmi\" \/>\n<meta property=\"og:locale\" content=\"pt_BR\" \/>\n<meta property=\"og:type\" content=\"article\" \/>\n<meta property=\"og:title\" content=\"MONITOR LED 21,5 ACER EA220Q HBI FULL HD VGA\/HDMI AMD RADEON FREESYN - FLEXLAN Inform\u00e1tica\" \/>\n<meta property=\"og:description\" content=\"Suprimentos e Manuten\u00e7\u00e3o de Computadores e Notebooks Modelo:monitor acer 21.5\u201d zero frame led va fhd 100hz 8ms amd radeon freesync\u2122 1x vga 1x hdmi ea220q hbiresolu\u00e7\u00e3o de tela: hdmi: full hd 1920 x 1080 100 hz vga: full hd 1920 x 1080 75 hzconex\u00e3o: hdmi \/ vga brilho: 250 nitstempo de resposta: 8 ms cinza para cinza (g to g)contraste: 3000:1atualiza\u00e7\u00e3o: at\u00e9 100 hzinterfaces\/portas: 1x vga 1x hdmi(1.4).\" \/>\n<meta property=\"og:url\" content=\"https:\/\/flexlan.com.br\/site\/?product=monitor-led-215-acer-ea220q-hbi-full-hd-vga-hdmi\" \/>\n<meta property=\"og:site_name\" content=\"FLEXLAN Inform\u00e1tica\" \/>\n<meta property=\"article:publisher\" content=\"https:\/\/www.facebook.com\/FlexLanInformatica\" \/>\n<meta property=\"article:modified_time\" content=\"2024-04-11T20:01:19+00:00\" \/>\n<meta property=\"og:image\" content=\"https:\/\/flexlan.com.br\/site\/wp-content\/uploads\/2024\/04\/MONITOR-LED-215-ACER-EA220Q-HBI-FULL-HD-VGA-HDMI.jpg\" \/>\n\t<meta property=\"og:image:width\" content=\"1000\" \/>\n\t<meta property=\"og:image:height\" content=\"1000\" \/>\n\t<meta property=\"og:image:type\" content=\"image\/jpeg\" \/>\n<meta name=\"twitter:card\" content=\"summary_large_image\" \/>\n<meta name=\"twitter:label1\" content=\"Est. tempo de leitura\" \/>\n\t<meta name=\"twitter:data1\" content=\"2 minutos\" \/>\n<script type=\"application\/ld+json\" class=\"yoast-schema-graph\">{\"@context\":\"https:\/\/schema.org\",\"@graph\":[{\"@type\":[\"WebPage\",\"ItemPage\"],\"@id\":\"https:\/\/flexlan.com.br\/site\/?product=monitor-led-215-acer-ea220q-hbi-full-hd-vga-hdmi\",\"url\":\"https:\/\/flexlan.com.br\/site\/?product=monitor-led-215-acer-ea220q-hbi-full-hd-vga-hdmi\",\"name\":\"MONITOR LED 21,5 ACER EA220Q HBI FULL HD VGA\/HDMI AMD RADEON FREESYN - FLEXLAN Inform\u00e1tica\",\"isPartOf\":{\"@id\":\"https:\/\/flexlan.com.br\/site\/#website\"},\"datePublished\":\"2024-04-11T19:50:21+00:00\",\"dateModified\":\"2024-04-11T20:01:19+00:00\",\"description\":\"Suprimentos e Manuten\u00e7\u00e3o de Computadores e Notebooks Modelo:monitor acer 21.5\u201d zero frame led va fhd 100hz 8ms amd radeon freesync\u2122 1x vga 1x hdmi ea220q hbiresolu\u00e7\u00e3o de tela: hdmi: full hd 1920 x 1080 100 hz vga: full hd 1920 x 1080 75 hzconex\u00e3o: hdmi \/ vga brilho: 250 nitstempo de resposta: 8 ms cinza para cinza (g to g)contraste: 3000:1atualiza\u00e7\u00e3o: at\u00e9 100 hzinterfaces\/portas: 1x vga 1x hdmi(1.4).\",\"breadcrumb\":{\"@id\":\"https:\/\/flexlan.com.br\/site\/?product=monitor-led-215-acer-ea220q-hbi-full-hd-vga-hdmi#breadcrumb\"},\"inLanguage\":\"pt-BR\",\"potentialAction\":[{\"@type\":\"ReadAction\",\"target\":[\"https:\/\/flexlan.com.br\/site\/?product=monitor-led-215-acer-ea220q-hbi-full-hd-vga-hdmi\"]}]},{\"@type\":\"BreadcrumbList\",\"@id\":\"https:\/\/flexlan.com.br\/site\/?product=monitor-led-215-acer-ea220q-hbi-full-hd-vga-hdmi#breadcrumb\",\"itemListElement\":[{\"@type\":\"ListItem\",\"position\":1,\"name\":\"In\u00edcio\",\"item\":\"https:\/\/flexlan.com.br\/site\/\"},{\"@type\":\"ListItem\",\"position\":2,\"name\":\"Shop\",\"item\":\"https:\/\/flexlan.com.br\/site\/?page_id=28271\"},{\"@type\":\"ListItem\",\"position\":3,\"name\":\"MONITOR LED 21,5 ACER EA220Q HBI FULL HD VGA\/HDMI AMD RADEON FREESYN\"}]},{\"@type\":\"WebSite\",\"@id\":\"https:\/\/flexlan.com.br\/site\/#website\",\"url\":\"https:\/\/flexlan.com.br\/site\/\",\"name\":\"FLEXLAN Inform\u00e1tica\",\"description\":\"Suprimentos e Manuten\u00e7\u00e3o de Computadores e Notebooks\",\"publisher\":{\"@id\":\"https:\/\/flexlan.com.br\/site\/#organization\"},\"alternateName\":\"FLEXLAN Inform\u00e1tica\",\"potentialAction\":[{\"@type\":\"SearchAction\",\"target\":{\"@type\":\"EntryPoint\",\"urlTemplate\":\"https:\/\/flexlan.com.br\/site\/?s={search_term_string}\"},\"query-input\":\"required name=search_term_string\"}],\"inLanguage\":\"pt-BR\"},{\"@type\":\"Organization\",\"@id\":\"https:\/\/flexlan.com.br\/site\/#organization\",\"name\":\"Flexlan inform\u00e1tica\",\"alternateName\":\"Suprimentos e Manuten\u00e7\u00e3o de Computadores e Notebooks\",\"url\":\"https:\/\/flexlan.com.br\/site\/\",\"logo\":{\"@type\":\"ImageObject\",\"inLanguage\":\"pt-BR\",\"@id\":\"https:\/\/flexlan.com.br\/site\/#\/schema\/logo\/image\/\",\"url\":\"https:\/\/flexlan.com.br\/site\/wp-content\/uploads\/2022\/03\/Logo2022.png\",\"contentUrl\":\"https:\/\/flexlan.com.br\/site\/wp-content\/uploads\/2022\/03\/Logo2022.png\",\"width\":796,\"height\":228,\"caption\":\"Flexlan inform\u00e1tica\"},\"image\":{\"@id\":\"https:\/\/flexlan.com.br\/site\/#\/schema\/logo\/image\/\"},\"sameAs\":[\"https:\/\/www.facebook.com\/FlexLanInformatica\",\"https:\/\/instagram.com\/flexlan\"]}]}<\/script>\n<!-- \/ Yoast SEO plugin. -->","yoast_head_json":{"title":"MONITOR LED 21,5 ACER EA220Q HBI FULL HD VGA\/HDMI AMD RADEON FREESYN - FLEXLAN Inform\u00e1tica","description":"Suprimentos e Manuten\u00e7\u00e3o de Computadores e Notebooks Modelo:monitor acer 21.5\u201d zero frame led va fhd 100hz 8ms amd radeon freesync\u2122 1x vga 1x hdmi ea220q hbiresolu\u00e7\u00e3o de tela: hdmi: full hd 1920 x 1080 100 hz vga: full hd 1920 x 1080 75 hzconex\u00e3o: hdmi \/ vga brilho: 250 nitstempo de resposta: 8 ms cinza para cinza (g to g)contraste: 3000:1atualiza\u00e7\u00e3o: at\u00e9 100 hzinterfaces\/portas: 1x vga 1x hdmi(1.4).","robots":{"index":"index","follow":"follow","max-snippet":"max-snippet:-1","max-image-preview":"max-image-preview:large","max-video-preview":"max-video-preview:-1"},"canonical":"https:\/\/flexlan.com.br\/site\/?product=monitor-led-215-acer-ea220q-hbi-full-hd-vga-hdmi","og_locale":"pt_BR","og_type":"article","og_title":"MONITOR LED 21,5 ACER EA220Q HBI FULL HD VGA\/HDMI AMD RADEON FREESYN - FLEXLAN Inform\u00e1tica","og_description":"Suprimentos e Manuten\u00e7\u00e3o de Computadores e Notebooks Modelo:monitor acer 21.5\u201d zero frame led va fhd 100hz 8ms amd radeon freesync\u2122 1x vga 1x hdmi ea220q hbiresolu\u00e7\u00e3o de tela: hdmi: full hd 1920 x 1080 100 hz vga: full hd 1920 x 1080 75 hzconex\u00e3o: hdmi \/ vga brilho: 250 nitstempo de resposta: 8 ms cinza para cinza (g to g)contraste: 3000:1atualiza\u00e7\u00e3o: at\u00e9 100 hzinterfaces\/portas: 1x vga 1x hdmi(1.4).","og_url":"https:\/\/flexlan.com.br\/site\/?product=monitor-led-215-acer-ea220q-hbi-full-hd-vga-hdmi","og_site_name":"FLEXLAN Inform\u00e1tica","article_publisher":"https:\/\/www.facebook.com\/FlexLanInformatica","article_modified_time":"2024-04-11T20:01:19+00:00","og_image":[{"width":1000,"height":1000,"url":"https:\/\/flexlan.com.br\/site\/wp-content\/uploads\/2024\/04\/MONITOR-LED-215-ACER-EA220Q-HBI-FULL-HD-VGA-HDMI.jpg","type":"image\/jpeg"}],"twitter_card":"summary_large_image","twitter_misc":{"Est. tempo de leitura":"2 minutos"},"schema":{"@context":"https:\/\/schema.org","@graph":[{"@type":["WebPage","ItemPage"],"@id":"https:\/\/flexlan.com.br\/site\/?product=monitor-led-215-acer-ea220q-hbi-full-hd-vga-hdmi","url":"https:\/\/flexlan.com.br\/site\/?product=monitor-led-215-acer-ea220q-hbi-full-hd-vga-hdmi","name":"MONITOR LED 21,5 ACER EA220Q HBI FULL HD VGA\/HDMI AMD RADEON FREESYN - FLEXLAN Inform\u00e1tica","isPartOf":{"@id":"https:\/\/flexlan.com.br\/site\/#website"},"datePublished":"2024-04-11T19:50:21+00:00","dateModified":"2024-04-11T20:01:19+00:00","description":"Suprimentos e Manuten\u00e7\u00e3o de Computadores e Notebooks Modelo:monitor acer 21.5\u201d zero frame led va fhd 100hz 8ms amd radeon freesync\u2122 1x vga 1x hdmi ea220q hbiresolu\u00e7\u00e3o de tela: hdmi: full hd 1920 x 1080 100 hz vga: full hd 1920 x 1080 75 hzconex\u00e3o: hdmi \/ vga brilho: 250 nitstempo de resposta: 8 ms cinza para cinza (g to g)contraste: 3000:1atualiza\u00e7\u00e3o: at\u00e9 100 hzinterfaces\/portas: 1x vga 1x hdmi(1.4).","breadcrumb":{"@id":"https:\/\/flexlan.com.br\/site\/?product=monitor-led-215-acer-ea220q-hbi-full-hd-vga-hdmi#breadcrumb"},"inLanguage":"pt-BR","potentialAction":[{"@type":"ReadAction","target":["https:\/\/flexlan.com.br\/site\/?product=monitor-led-215-acer-ea220q-hbi-full-hd-vga-hdmi"]}]},{"@type":"BreadcrumbList","@id":"https:\/\/flexlan.com.br\/site\/?product=monitor-led-215-acer-ea220q-hbi-full-hd-vga-hdmi#breadcrumb","itemListElement":[{"@type":"ListItem","position":1,"name":"In\u00edcio","item":"https:\/\/flexlan.com.br\/site\/"},{"@type":"ListItem","position":2,"name":"Shop","item":"https:\/\/flexlan.com.br\/site\/?page_id=28271"},{"@type":"ListItem","position":3,"name":"MONITOR LED 21,5 ACER EA220Q HBI FULL HD VGA\/HDMI AMD RADEON FREESYN"}]},{"@type":"WebSite","@id":"https:\/\/flexlan.com.br\/site\/#website","url":"https:\/\/flexlan.com.br\/site\/","name":"FLEXLAN Inform\u00e1tica","description":"Suprimentos e Manuten\u00e7\u00e3o de Computadores e Notebooks","publisher":{"@id":"https:\/\/flexlan.com.br\/site\/#organization"},"alternateName":"FLEXLAN Inform\u00e1tica","potentialAction":[{"@type":"SearchAction","target":{"@type":"EntryPoint","urlTemplate":"https:\/\/flexlan.com.br\/site\/?s={search_term_string}"},"query-input":"required name=search_term_string"}],"inLanguage":"pt-BR"},{"@type":"Organization","@id":"https:\/\/flexlan.com.br\/site\/#organization","name":"Flexlan inform\u00e1tica","alternateName":"Suprimentos e Manuten\u00e7\u00e3o de Computadores e Notebooks","url":"https:\/\/flexlan.com.br\/site\/","logo":{"@type":"ImageObject","inLanguage":"pt-BR","@id":"https:\/\/flexlan.com.br\/site\/#\/schema\/logo\/image\/","url":"https:\/\/flexlan.com.br\/site\/wp-content\/uploads\/2022\/03\/Logo2022.png","contentUrl":"https:\/\/flexlan.com.br\/site\/wp-content\/uploads\/2022\/03\/Logo2022.png","width":796,"height":228,"caption":"Flexlan inform\u00e1tica"},"image":{"@id":"https:\/\/flexlan.com.br\/site\/#\/schema\/logo\/image\/"},"sameAs":["https:\/\/www.facebook.com\/FlexLanInformatica","https:\/\/instagram.com\/flexlan"]}]}},"_links":{"self":[{"href":"https:\/\/flexlan.com.br\/site\/index.php?rest_route=\/wp\/v2\/product\/28715"}],"collection":[{"href":"https:\/\/flexlan.com.br\/site\/index.php?rest_route=\/wp\/v2\/product"}],"about":[{"href":"https:\/\/flexlan.com.br\/site\/index.php?rest_route=\/wp\/v2\/types\/product"}],"replies":[{"embeddable":true,"href":"https:\/\/flexlan.com.br\/site\/index.php?rest_route=%2Fwp%2Fv2%2Fcomments&post=28715"}],"wp:featuredmedia":[{"embeddable":true,"href":"https:\/\/flexlan.com.br\/site\/index.php?rest_route=\/wp\/v2\/media\/28719"}],"wp:attachment":[{"href":"https:\/\/flexlan.com.br\/site\/index.php?rest_route=%2Fwp%2Fv2%2Fmedia&parent=28715"}],"wp:term":[{"taxonomy":"product_cat","embeddable":true,"href":"https:\/\/flexlan.com.br\/site\/index.php?rest_route=%2Fwp%2Fv2%2Fproduct_cat&post=28715"},{"taxonomy":"product_tag","embeddable":true,"href":"https:\/\/flexlan.com.br\/site\/index.php?rest_route=%2Fwp%2Fv2%2Fproduct_tag&post=28715"}],"curies":[{"name":"wp","href":"https:\/\/api.w.org\/{rel}","templated":true}]}}