{"id":28675,"date":"2024-02-20T14:42:04","date_gmt":"2024-02-20T17:42:04","guid":{"rendered":"https:\/\/flexlan.com.br\/site\/?post_type=product&#038;p=28675"},"modified":"2024-02-20T14:42:07","modified_gmt":"2024-02-20T17:42:07","slug":"multifuncional-hp-2774-deskjet-ink-a-wifi-preta","status":"publish","type":"product","link":"https:\/\/flexlan.com.br\/site\/?product=multifuncional-hp-2774-deskjet-ink-a-wifi-preta","title":{"rendered":"MULTIFUNCIONAL HP 2774 DESKJET INK A WIFI &#8211; PRETA"},"content":{"rendered":"<p><strong>Caracter\u00edsticas:<\/strong><br \/>\n&#8211; Marca: HP<br \/>\n&#8211; Modelo: 7FR22A AK4<br \/>\n&#8211; Cor: Preto<\/p>\n<p><strong>Especifica\u00e7\u00f5es T\u00e9cnicas:<\/strong><br \/>\n&#8211; Fun\u00e7\u00f5es: Impress\u00e3o, c\u00f3pia, digitaliza\u00e7\u00e3o<br \/>\n&#8211; Tecnologia de impress\u00e3o: Jato de Tinta T\u00e9rmico HP<br \/>\n&#8211; Monocrom\u00e1tica ou Colorida: Colorida<br \/>\n&#8211; Velocidade de Impress\u00e3o (em preto): At\u00e9 7,5 ppm; Sa\u00edda da primeira p\u00e1gina: At\u00e9 15 segundos<br \/>\n&#8211; Velocidade de Impress\u00e3o (em cores): At\u00e9 5,5 ppm; Sa\u00edda da primeira p\u00e1gina: At\u00e9 19 segundos<br \/>\n&#8211; Resolu\u00e7\u00e3o de impress\u00e3o m\u00e1xima em preto: At\u00e9 1200 x 1200 dpi renderizados<br \/>\n&#8211; Resolu\u00e7\u00e3o de impress\u00e3o m\u00e1xima em cores: At\u00e9 4800 x 1200 dpi otimizados em cores (ao imprimir de um computador em pap\u00e9is fotogr\u00e1ficos selecionados HP e 1200 dpi de entrada).<br \/>\n&#8211; Resolu\u00e7\u00e3o de C\u00f3pia m\u00e1xima em preto: At\u00e9 300 x 300 dpi;<br \/>\n&#8211; Resolu\u00e7\u00e3o de C\u00f3pia m\u00e1xima em cores: At\u00e9 300 x 300 dpi;<br \/>\n&#8211; Fax: n\u00e3o<br \/>\n&#8211; Modos de entrada de digitaliza\u00e7\u00e3o: Digitaliza\u00e7\u00e3o no painel frontal<br \/>\n&#8211; Tamanho m\u00e1ximo do scanner: Base plana: 216 x 297 mm<br \/>\n&#8211; Digitaliza\u00e7\u00e3o em Cores: Sim<br \/>\n&#8211; Tipo de Digitaliza\u00e7\u00e3o: Base plana, alimentador autom\u00e1tico de documentos CIS<br \/>\n&#8211; Resolu\u00e7\u00e3o de Digitaliza\u00e7\u00e3o: Hardware: At\u00e9 1200 x 1200 dpi; \u00d3tica: At\u00e9 1200 dp<br \/>\n&#8211; Formatos dos arquivos digitalizados: JPEG, TIFF, PDF, BMP, PNG<br \/>\n&#8211; Profundidade de BITS \/ N\u00edveis de Tons de Cinza: 24 bits\/256<br \/>\n&#8211; WiFi: Sim, Wi-Fi 802.11b\/g\/n incorporado<br \/>\n&#8211; Conectividade Padr\u00e3o: 1 Hi-Speed USB 2.0<br \/>\n&#8211; Capacidade de impress\u00e3o m\u00f3vel: Aplicativo HP Smart; Apple AirPrintTM<br \/>\n&#8211; Ciclo mensal: At\u00e9 1000 p\u00e1ginas<br \/>\n&#8211; Tipos de m\u00eddia suportados: Papel comum, papel fotogr\u00e1fico, papel para brochura<\/p>\n<p>Manuseamento de papel:<br \/>\n&#8211; Capacidades de entrada: At\u00e9 60 folhas Padr\u00e3o; At\u00e9 5 envelopes; At\u00e9 20 cart\u00f5es; At\u00e9 10 folhas Etiquetas; At\u00e9 60 folhas Of\u00edcio<br \/>\n&#8211; Alimentador autom\u00e1tico de documentos: N\u00e3o<br \/>\n&#8211; Capacidades de sa\u00edda: At\u00e9 25 folhas Padr\u00e3o At\u00e9 5 envelopes At\u00e9 20 cart\u00f5es At\u00e9 10 folhas Etiquetas At\u00e9 25 folhas Of\u00edcio<br \/>\n&#8211; Op\u00e7\u00f5es de frente e verso: Manual (fornecido suporte de driver)<br \/>\n&#8211; Alimentador de envelopes: N\u00e3o<br \/>\n&#8211; Bandejas standard de papel: 1<\/p>\n<p>Cartuchos:<br \/>\n&#8211; Cartuchos inclusos: Sim<br \/>\n&#8211; N\u00famero de cartuchos: 2 ( 1 preto e 1 tricolor)<\/p>\n<p>Cartuchos substitutos:<br \/>\n&#8211; Cartucho de tinta colorida original HP 667 Ink Advantage (imprime aproximadamente 100 p\u00e1ginas) 3YM78AL;<br \/>\n&#8211; Cartucho de tinta preta original HP 667 Ink Advantage (imprime aproximadamente 120 p\u00e1ginas) 3YM79AL;<br \/>\n&#8211; Cartucho de tinta preta original de alto rendimento HP 667XL Ink Advantage (imprime aproximadamente 480 p\u00e1ginas) 3YM81AL;<br \/>\n&#8211; Cartucho de tinta colorida original de alto rendimento HP 667XL Ink Advantage (imprime aproximadamente 330 p\u00e1ginas) 3YM80AL.<br \/>\n&#8211; O n\u00famero de p\u00e1ginas impressas varia de acordo com o conte\u00fado da impress\u00e3o e outros fatores.<\/p>\n<p>Peso e Dimens\u00f5es:<br \/>\n&#8211; L x P x A Min\u00edmas: 0,43 x 0,31 x 0,16 Cm<br \/>\n&#8211; L x P x A M\u00e1ximo: 0,43 x 0,55 x 0,25 Cm (extens\u00e3o de sa\u00edda totalmente para fora)<br \/>\n&#8211; Peso l\u00edquido: 3,42kg<\/p>\n<p><strong>Conte\u00fado da Embalagem:<\/strong><br \/>\n&#8211; 01 7FR22A Multifuncional HP DeskJet Ink Advantage 2774<br \/>\n&#8211; 01 Cartucho preto de instala\u00e7\u00e3o HP 667<br \/>\n&#8211; 01 Cartucho colorido de instala\u00e7\u00e3o HP 667<br \/>\n&#8211; 01 Folheto regulamentar<br \/>\n&#8211; 01 Guia de configura\u00e7\u00e3o<br \/>\n&#8211; 01 Guia de refer\u00eancia01<br \/>\n&#8211; Cabo de alimenta\u00e7\u00e3o de 1,5 m<\/p>\n","protected":false},"excerpt":{"rendered":"<p>Projetado para ajudar a mant\u00ea-lo conectado. O Wi-Fi\u00ae de banda dupla com redefini\u00e7\u00e3o autom\u00e1tica permite melhor alcance e conex\u00f5es mais r\u00e1pidas e confi\u00e1veis. Al\u00e9m disso, voc\u00ea pode conectar-se facilmente atrav\u00e9s da sua porta USB.<\/p>\n","protected":false},"featured_media":28678,"comment_status":"open","ping_status":"closed","template":"","meta":{"site-sidebar-layout":"default","site-content-layout":"","ast-site-content-layout":"default","site-content-style":"default","site-sidebar-style":"default","ast-global-header-display":"","ast-banner-title-visibility":"","ast-main-header-display":"","ast-hfb-above-header-display":"","ast-hfb-below-header-display":"","ast-hfb-mobile-header-display":"","site-post-title":"","ast-breadcrumbs-content":"","ast-featured-img":"","footer-sml-layout":"","theme-transparent-header-meta":"default","adv-header-id-meta":"","stick-header-meta":"","header-above-stick-meta":"","header-main-stick-meta":"","header-below-stick-meta":"","astra-migrate-meta-layouts":"set"},"product_cat":[22,47],"product_tag":[],"yoast_head":"<!-- This site is optimized with the Yoast SEO plugin v21.1 - https:\/\/yoast.com\/wordpress\/plugins\/seo\/ -->\n<title>MULTIFUNCIONAL HP 2774 DESKJET INK A WIFI - PRETA - FLEXLAN Inform\u00e1tica<\/title>\n<meta name=\"description\" content=\"Suprimentos e Manuten\u00e7\u00e3o de Computadores e Notebooks Projetado para ajudar a mant\u00ea-lo conectado. O Wi-Fi\u00ae de banda dupla com redefini\u00e7\u00e3o autom\u00e1tica permite melhor alcance e conex\u00f5es mais r\u00e1pidas e confi\u00e1veis. Al\u00e9m disso, voc\u00ea pode conectar-se facilmente atrav\u00e9s da sua porta USB.\" \/>\n<meta name=\"robots\" content=\"index, follow, max-snippet:-1, max-image-preview:large, max-video-preview:-1\" \/>\n<link rel=\"canonical\" href=\"https:\/\/flexlan.com.br\/site\/?product=multifuncional-hp-2774-deskjet-ink-a-wifi-preta\" \/>\n<meta property=\"og:locale\" content=\"pt_BR\" \/>\n<meta property=\"og:type\" content=\"article\" \/>\n<meta property=\"og:title\" content=\"MULTIFUNCIONAL HP 2774 DESKJET INK A WIFI - PRETA - FLEXLAN Inform\u00e1tica\" \/>\n<meta property=\"og:description\" content=\"Suprimentos e Manuten\u00e7\u00e3o de Computadores e Notebooks Projetado para ajudar a mant\u00ea-lo conectado. O Wi-Fi\u00ae de banda dupla com redefini\u00e7\u00e3o autom\u00e1tica permite melhor alcance e conex\u00f5es mais r\u00e1pidas e confi\u00e1veis. Al\u00e9m disso, voc\u00ea pode conectar-se facilmente atrav\u00e9s da sua porta USB.\" \/>\n<meta property=\"og:url\" content=\"https:\/\/flexlan.com.br\/site\/?product=multifuncional-hp-2774-deskjet-ink-a-wifi-preta\" \/>\n<meta property=\"og:site_name\" content=\"FLEXLAN Inform\u00e1tica\" \/>\n<meta property=\"article:publisher\" content=\"https:\/\/www.facebook.com\/FlexLanInformatica\" \/>\n<meta property=\"article:modified_time\" content=\"2024-02-20T17:42:07+00:00\" \/>\n<meta property=\"og:image\" content=\"https:\/\/flexlan.com.br\/site\/wp-content\/uploads\/2024\/02\/MULTIFUNCIONAL-HP-2774-DESKJET-INK-A-PRETA.jpg\" \/>\n\t<meta property=\"og:image:width\" content=\"1000\" \/>\n\t<meta property=\"og:image:height\" content=\"1000\" \/>\n\t<meta property=\"og:image:type\" content=\"image\/jpeg\" \/>\n<meta name=\"twitter:card\" content=\"summary_large_image\" \/>\n<meta name=\"twitter:label1\" content=\"Est. tempo de leitura\" \/>\n\t<meta name=\"twitter:data1\" content=\"3 minutos\" \/>\n<script type=\"application\/ld+json\" class=\"yoast-schema-graph\">{\"@context\":\"https:\/\/schema.org\",\"@graph\":[{\"@type\":[\"WebPage\",\"ItemPage\"],\"@id\":\"https:\/\/flexlan.com.br\/site\/?product=multifuncional-hp-2774-deskjet-ink-a-wifi-preta\",\"url\":\"https:\/\/flexlan.com.br\/site\/?product=multifuncional-hp-2774-deskjet-ink-a-wifi-preta\",\"name\":\"MULTIFUNCIONAL HP 2774 DESKJET INK A WIFI - PRETA - FLEXLAN Inform\u00e1tica\",\"isPartOf\":{\"@id\":\"https:\/\/flexlan.com.br\/site\/#website\"},\"datePublished\":\"2024-02-20T17:42:04+00:00\",\"dateModified\":\"2024-02-20T17:42:07+00:00\",\"description\":\"Suprimentos e Manuten\u00e7\u00e3o de Computadores e Notebooks Projetado para ajudar a mant\u00ea-lo conectado. O Wi-Fi\u00ae de banda dupla com redefini\u00e7\u00e3o autom\u00e1tica permite melhor alcance e conex\u00f5es mais r\u00e1pidas e confi\u00e1veis. Al\u00e9m disso, voc\u00ea pode conectar-se facilmente atrav\u00e9s da sua porta USB.\",\"breadcrumb\":{\"@id\":\"https:\/\/flexlan.com.br\/site\/?product=multifuncional-hp-2774-deskjet-ink-a-wifi-preta#breadcrumb\"},\"inLanguage\":\"pt-BR\",\"potentialAction\":[{\"@type\":\"ReadAction\",\"target\":[\"https:\/\/flexlan.com.br\/site\/?product=multifuncional-hp-2774-deskjet-ink-a-wifi-preta\"]}]},{\"@type\":\"BreadcrumbList\",\"@id\":\"https:\/\/flexlan.com.br\/site\/?product=multifuncional-hp-2774-deskjet-ink-a-wifi-preta#breadcrumb\",\"itemListElement\":[{\"@type\":\"ListItem\",\"position\":1,\"name\":\"In\u00edcio\",\"item\":\"https:\/\/flexlan.com.br\/site\/\"},{\"@type\":\"ListItem\",\"position\":2,\"name\":\"Shop\",\"item\":\"https:\/\/flexlan.com.br\/site\/?page_id=28271\"},{\"@type\":\"ListItem\",\"position\":3,\"name\":\"MULTIFUNCIONAL HP 2774 DESKJET INK A WIFI &#8211; PRETA\"}]},{\"@type\":\"WebSite\",\"@id\":\"https:\/\/flexlan.com.br\/site\/#website\",\"url\":\"https:\/\/flexlan.com.br\/site\/\",\"name\":\"FLEXLAN Inform\u00e1tica\",\"description\":\"Suprimentos e Manuten\u00e7\u00e3o de Computadores e Notebooks\",\"publisher\":{\"@id\":\"https:\/\/flexlan.com.br\/site\/#organization\"},\"alternateName\":\"FLEXLAN Inform\u00e1tica\",\"potentialAction\":[{\"@type\":\"SearchAction\",\"target\":{\"@type\":\"EntryPoint\",\"urlTemplate\":\"https:\/\/flexlan.com.br\/site\/?s={search_term_string}\"},\"query-input\":\"required name=search_term_string\"}],\"inLanguage\":\"pt-BR\"},{\"@type\":\"Organization\",\"@id\":\"https:\/\/flexlan.com.br\/site\/#organization\",\"name\":\"Flexlan inform\u00e1tica\",\"alternateName\":\"Suprimentos e Manuten\u00e7\u00e3o de Computadores e Notebooks\",\"url\":\"https:\/\/flexlan.com.br\/site\/\",\"logo\":{\"@type\":\"ImageObject\",\"inLanguage\":\"pt-BR\",\"@id\":\"https:\/\/flexlan.com.br\/site\/#\/schema\/logo\/image\/\",\"url\":\"https:\/\/flexlan.com.br\/site\/wp-content\/uploads\/2022\/03\/Logo2022.png\",\"contentUrl\":\"https:\/\/flexlan.com.br\/site\/wp-content\/uploads\/2022\/03\/Logo2022.png\",\"width\":796,\"height\":228,\"caption\":\"Flexlan inform\u00e1tica\"},\"image\":{\"@id\":\"https:\/\/flexlan.com.br\/site\/#\/schema\/logo\/image\/\"},\"sameAs\":[\"https:\/\/www.facebook.com\/FlexLanInformatica\",\"https:\/\/instagram.com\/flexlan\"]}]}<\/script>\n<!-- \/ Yoast SEO plugin. -->","yoast_head_json":{"title":"MULTIFUNCIONAL HP 2774 DESKJET INK A WIFI - PRETA - FLEXLAN Inform\u00e1tica","description":"Suprimentos e Manuten\u00e7\u00e3o de Computadores e Notebooks Projetado para ajudar a mant\u00ea-lo conectado. O Wi-Fi\u00ae de banda dupla com redefini\u00e7\u00e3o autom\u00e1tica permite melhor alcance e conex\u00f5es mais r\u00e1pidas e confi\u00e1veis. Al\u00e9m disso, voc\u00ea pode conectar-se facilmente atrav\u00e9s da sua porta USB.","robots":{"index":"index","follow":"follow","max-snippet":"max-snippet:-1","max-image-preview":"max-image-preview:large","max-video-preview":"max-video-preview:-1"},"canonical":"https:\/\/flexlan.com.br\/site\/?product=multifuncional-hp-2774-deskjet-ink-a-wifi-preta","og_locale":"pt_BR","og_type":"article","og_title":"MULTIFUNCIONAL HP 2774 DESKJET INK A WIFI - PRETA - FLEXLAN Inform\u00e1tica","og_description":"Suprimentos e Manuten\u00e7\u00e3o de Computadores e Notebooks Projetado para ajudar a mant\u00ea-lo conectado. O Wi-Fi\u00ae de banda dupla com redefini\u00e7\u00e3o autom\u00e1tica permite melhor alcance e conex\u00f5es mais r\u00e1pidas e confi\u00e1veis. Al\u00e9m disso, voc\u00ea pode conectar-se facilmente atrav\u00e9s da sua porta USB.","og_url":"https:\/\/flexlan.com.br\/site\/?product=multifuncional-hp-2774-deskjet-ink-a-wifi-preta","og_site_name":"FLEXLAN Inform\u00e1tica","article_publisher":"https:\/\/www.facebook.com\/FlexLanInformatica","article_modified_time":"2024-02-20T17:42:07+00:00","og_image":[{"width":1000,"height":1000,"url":"https:\/\/flexlan.com.br\/site\/wp-content\/uploads\/2024\/02\/MULTIFUNCIONAL-HP-2774-DESKJET-INK-A-PRETA.jpg","type":"image\/jpeg"}],"twitter_card":"summary_large_image","twitter_misc":{"Est. tempo de leitura":"3 minutos"},"schema":{"@context":"https:\/\/schema.org","@graph":[{"@type":["WebPage","ItemPage"],"@id":"https:\/\/flexlan.com.br\/site\/?product=multifuncional-hp-2774-deskjet-ink-a-wifi-preta","url":"https:\/\/flexlan.com.br\/site\/?product=multifuncional-hp-2774-deskjet-ink-a-wifi-preta","name":"MULTIFUNCIONAL HP 2774 DESKJET INK A WIFI - PRETA - FLEXLAN Inform\u00e1tica","isPartOf":{"@id":"https:\/\/flexlan.com.br\/site\/#website"},"datePublished":"2024-02-20T17:42:04+00:00","dateModified":"2024-02-20T17:42:07+00:00","description":"Suprimentos e Manuten\u00e7\u00e3o de Computadores e Notebooks Projetado para ajudar a mant\u00ea-lo conectado. O Wi-Fi\u00ae de banda dupla com redefini\u00e7\u00e3o autom\u00e1tica permite melhor alcance e conex\u00f5es mais r\u00e1pidas e confi\u00e1veis. Al\u00e9m disso, voc\u00ea pode conectar-se facilmente atrav\u00e9s da sua porta USB.","breadcrumb":{"@id":"https:\/\/flexlan.com.br\/site\/?product=multifuncional-hp-2774-deskjet-ink-a-wifi-preta#breadcrumb"},"inLanguage":"pt-BR","potentialAction":[{"@type":"ReadAction","target":["https:\/\/flexlan.com.br\/site\/?product=multifuncional-hp-2774-deskjet-ink-a-wifi-preta"]}]},{"@type":"BreadcrumbList","@id":"https:\/\/flexlan.com.br\/site\/?product=multifuncional-hp-2774-deskjet-ink-a-wifi-preta#breadcrumb","itemListElement":[{"@type":"ListItem","position":1,"name":"In\u00edcio","item":"https:\/\/flexlan.com.br\/site\/"},{"@type":"ListItem","position":2,"name":"Shop","item":"https:\/\/flexlan.com.br\/site\/?page_id=28271"},{"@type":"ListItem","position":3,"name":"MULTIFUNCIONAL HP 2774 DESKJET INK A WIFI &#8211; PRETA"}]},{"@type":"WebSite","@id":"https:\/\/flexlan.com.br\/site\/#website","url":"https:\/\/flexlan.com.br\/site\/","name":"FLEXLAN Inform\u00e1tica","description":"Suprimentos e Manuten\u00e7\u00e3o de Computadores e Notebooks","publisher":{"@id":"https:\/\/flexlan.com.br\/site\/#organization"},"alternateName":"FLEXLAN Inform\u00e1tica","potentialAction":[{"@type":"SearchAction","target":{"@type":"EntryPoint","urlTemplate":"https:\/\/flexlan.com.br\/site\/?s={search_term_string}"},"query-input":"required name=search_term_string"}],"inLanguage":"pt-BR"},{"@type":"Organization","@id":"https:\/\/flexlan.com.br\/site\/#organization","name":"Flexlan inform\u00e1tica","alternateName":"Suprimentos e Manuten\u00e7\u00e3o de Computadores e Notebooks","url":"https:\/\/flexlan.com.br\/site\/","logo":{"@type":"ImageObject","inLanguage":"pt-BR","@id":"https:\/\/flexlan.com.br\/site\/#\/schema\/logo\/image\/","url":"https:\/\/flexlan.com.br\/site\/wp-content\/uploads\/2022\/03\/Logo2022.png","contentUrl":"https:\/\/flexlan.com.br\/site\/wp-content\/uploads\/2022\/03\/Logo2022.png","width":796,"height":228,"caption":"Flexlan inform\u00e1tica"},"image":{"@id":"https:\/\/flexlan.com.br\/site\/#\/schema\/logo\/image\/"},"sameAs":["https:\/\/www.facebook.com\/FlexLanInformatica","https:\/\/instagram.com\/flexlan"]}]}},"_links":{"self":[{"href":"https:\/\/flexlan.com.br\/site\/index.php?rest_route=\/wp\/v2\/product\/28675"}],"collection":[{"href":"https:\/\/flexlan.com.br\/site\/index.php?rest_route=\/wp\/v2\/product"}],"about":[{"href":"https:\/\/flexlan.com.br\/site\/index.php?rest_route=\/wp\/v2\/types\/product"}],"replies":[{"embeddable":true,"href":"https:\/\/flexlan.com.br\/site\/index.php?rest_route=%2Fwp%2Fv2%2Fcomments&post=28675"}],"wp:featuredmedia":[{"embeddable":true,"href":"https:\/\/flexlan.com.br\/site\/index.php?rest_route=\/wp\/v2\/media\/28678"}],"wp:attachment":[{"href":"https:\/\/flexlan.com.br\/site\/index.php?rest_route=%2Fwp%2Fv2%2Fmedia&parent=28675"}],"wp:term":[{"taxonomy":"product_cat","embeddable":true,"href":"https:\/\/flexlan.com.br\/site\/index.php?rest_route=%2Fwp%2Fv2%2Fproduct_cat&post=28675"},{"taxonomy":"product_tag","embeddable":true,"href":"https:\/\/flexlan.com.br\/site\/index.php?rest_route=%2Fwp%2Fv2%2Fproduct_tag&post=28675"}],"curies":[{"name":"wp","href":"https:\/\/api.w.org\/{rel}","templated":true}]}}