{"id":28651,"date":"2024-02-01T15:48:44","date_gmt":"2024-02-01T18:48:44","guid":{"rendered":"https:\/\/flexlan.com.br\/site\/?post_type=product&#038;p=28651"},"modified":"2024-02-01T15:48:46","modified_gmt":"2024-02-01T18:48:46","slug":"fone-de-ouvido-philips-wireless-bluetooth-preto-tah1108bk-55","status":"publish","type":"product","link":"https:\/\/flexlan.com.br\/site\/?product=fone-de-ouvido-philips-wireless-bluetooth-preto-tah1108bk-55","title":{"rendered":"FONE DE OUVIDO PHILIPS WIRELESS BLUETOOTH PRETO &#8211; TAH1108BK\/55"},"content":{"rendered":"<p>FONE DE OUVIDO PHILIPS WIRELESS BLUETOOTH PRETO &#8211; TAH1108BK\/55<\/p>\n<p>O Fone de Ouvido Bluetooth Philips TAH1108BK\/55 \u00e9 perfeito para quem procura qualidade de \u00e1udio, conforto e praticidade.<\/p>\n<p>Com design dobr\u00e1vel, ele pode ser facilmente transportado na mochila ou bolsa, facilitando o uso em qualquer lugar.<\/p>\n<p>Al\u00e9m disso, possui microfone integrado, permitindo atender chamadas telef\u00f4nicas sem precisar tirar o celular do bolso.<\/p>\n<p>RIVERS DE ALTO-FALANTES DE 30MM<br \/>\nOs drivers de 30mm garantem uma reprodu\u00e7\u00e3o de \u00e1udio excepcional, com graves profundos e agudos cristalinos.<\/p>\n<p>15H DE REPRODU\u00c7\u00c3O<br \/>\nCom apenas 2 horas de carregamento, voc\u00ea ter\u00e1 at\u00e9 15 horas de reprodu\u00e7\u00e3o cont\u00ednua. E se estiver com pressa, em apenas 15 minutos de carga, ter\u00e1 mais 3 horas de m\u00fasica sem interrup\u00e7\u00f5es.<\/p>\n<p>DESIGN PLANO DOBR\u00c1VEL<br \/>\nO design plano dobr\u00e1vel do fone de ouvido o torna compacto e f\u00e1cil de transportar. Aproveite sua trilha sonora favorita em qualquer lugar.<\/p>\n<p>Caracter\u00edsticas<br \/>\nTipo: Headphone<br \/>\nConex\u00f5es: Bluetooth<br \/>\nSensibilidade: 110dB<\/p>\n<p>Especifica\u00e7\u00f5es T\u00e9cnicas<br \/>\nModelo: TAH1108BK\/55<br \/>\nCor: Preto<br \/>\nPot\u00eancia: 30mW<br \/>\nImped\u00e2ncia: 32?<br \/>\nFrequ\u00eancia: 20-20.000 Hz<br \/>\nEAN: 4895229134508<br \/>\nGarantia: 12 meses<\/p>\n","protected":false},"excerpt":{"rendered":"<p>O Fone de Ouvido Bluetooth Philips TAH1108BK\/55 \u00e9 perfeito para quem procura qualidade de \u00e1udio, conforto e praticidade.<\/p>\n<p>Com design dobr\u00e1vel, ele pode ser facilmente transportado na mochila ou bolsa, facilitando o uso em qualquer lugar.<\/p>\n<p>Al\u00e9m disso, possui microfone integrado, permitindo atender chamadas telef\u00f4nicas sem precisar tirar o celular do bolso.<\/p>\n","protected":false},"featured_media":28652,"comment_status":"open","ping_status":"closed","template":"","meta":{"site-sidebar-layout":"default","site-content-layout":"","ast-site-content-layout":"default","site-content-style":"default","site-sidebar-style":"default","ast-global-header-display":"","ast-banner-title-visibility":"","ast-main-header-display":"","ast-hfb-above-header-display":"","ast-hfb-below-header-display":"","ast-hfb-mobile-header-display":"","site-post-title":"","ast-breadcrumbs-content":"","ast-featured-img":"","footer-sml-layout":"","theme-transparent-header-meta":"default","adv-header-id-meta":"","stick-header-meta":"","header-above-stick-meta":"","header-main-stick-meta":"","header-below-stick-meta":"","astra-migrate-meta-layouts":"set"},"product_cat":[52,54],"product_tag":[],"yoast_head":"<!-- This site is optimized with the Yoast SEO plugin v21.1 - https:\/\/yoast.com\/wordpress\/plugins\/seo\/ -->\n<title>FONE DE OUVIDO PHILIPS WIRELESS BLUETOOTH PRETO - TAH1108BK\/55 - FLEXLAN Inform\u00e1tica<\/title>\n<meta name=\"description\" content=\"O Fone de Ouvido Bluetooth Philips TAH1108BK\/55 \u00e9 perfeito para quem procura qualidade de \u00e1udio, conforto e praticidade.Com design dobr\u00e1vel, ele pode ser facilmente transportado na mochila ou bolsa, facilitando o uso em qualquer lugar.Al\u00e9m disso, possui microfone integrado, permitindo atender chamadas telef\u00f4nicas sem precisar tirar o celular do bolso.\" \/>\n<meta name=\"robots\" content=\"index, follow, max-snippet:-1, max-image-preview:large, max-video-preview:-1\" \/>\n<link rel=\"canonical\" href=\"https:\/\/flexlan.com.br\/site\/?product=fone-de-ouvido-philips-wireless-bluetooth-preto-tah1108bk-55\" \/>\n<meta property=\"og:locale\" content=\"pt_BR\" \/>\n<meta property=\"og:type\" content=\"article\" \/>\n<meta property=\"og:title\" content=\"FONE DE OUVIDO PHILIPS WIRELESS BLUETOOTH PRETO - TAH1108BK\/55 - FLEXLAN Inform\u00e1tica\" \/>\n<meta property=\"og:description\" content=\"O Fone de Ouvido Bluetooth Philips TAH1108BK\/55 \u00e9 perfeito para quem procura qualidade de \u00e1udio, conforto e praticidade.Com design dobr\u00e1vel, ele pode ser facilmente transportado na mochila ou bolsa, facilitando o uso em qualquer lugar.Al\u00e9m disso, possui microfone integrado, permitindo atender chamadas telef\u00f4nicas sem precisar tirar o celular do bolso.\" \/>\n<meta property=\"og:url\" content=\"https:\/\/flexlan.com.br\/site\/?product=fone-de-ouvido-philips-wireless-bluetooth-preto-tah1108bk-55\" \/>\n<meta property=\"og:site_name\" content=\"FLEXLAN Inform\u00e1tica\" \/>\n<meta property=\"article:publisher\" content=\"https:\/\/www.facebook.com\/FlexLanInformatica\" \/>\n<meta property=\"article:modified_time\" content=\"2024-02-01T18:48:46+00:00\" \/>\n<meta property=\"og:image\" content=\"https:\/\/flexlan.com.br\/site\/wp-content\/uploads\/2024\/02\/FONE-DE-OUVIDO-PHILIPS-WIRELESS-BLUETOOTH-PRETO.jpg\" \/>\n\t<meta property=\"og:image:width\" content=\"700\" \/>\n\t<meta property=\"og:image:height\" content=\"700\" \/>\n\t<meta property=\"og:image:type\" content=\"image\/jpeg\" \/>\n<meta name=\"twitter:card\" content=\"summary_large_image\" \/>\n<meta name=\"twitter:label1\" content=\"Est. tempo de leitura\" \/>\n\t<meta name=\"twitter:data1\" content=\"1 minuto\" \/>\n<script type=\"application\/ld+json\" class=\"yoast-schema-graph\">{\"@context\":\"https:\/\/schema.org\",\"@graph\":[{\"@type\":[\"WebPage\",\"ItemPage\"],\"@id\":\"https:\/\/flexlan.com.br\/site\/?product=fone-de-ouvido-philips-wireless-bluetooth-preto-tah1108bk-55\",\"url\":\"https:\/\/flexlan.com.br\/site\/?product=fone-de-ouvido-philips-wireless-bluetooth-preto-tah1108bk-55\",\"name\":\"FONE DE OUVIDO PHILIPS WIRELESS BLUETOOTH PRETO - TAH1108BK\/55 - FLEXLAN Inform\u00e1tica\",\"isPartOf\":{\"@id\":\"https:\/\/flexlan.com.br\/site\/#website\"},\"datePublished\":\"2024-02-01T18:48:44+00:00\",\"dateModified\":\"2024-02-01T18:48:46+00:00\",\"description\":\"O Fone de Ouvido Bluetooth Philips TAH1108BK\/55 \u00e9 perfeito para quem procura qualidade de \u00e1udio, conforto e praticidade.Com design dobr\u00e1vel, ele pode ser facilmente transportado na mochila ou bolsa, facilitando o uso em qualquer lugar.Al\u00e9m disso, possui microfone integrado, permitindo atender chamadas telef\u00f4nicas sem precisar tirar o celular do bolso.\",\"breadcrumb\":{\"@id\":\"https:\/\/flexlan.com.br\/site\/?product=fone-de-ouvido-philips-wireless-bluetooth-preto-tah1108bk-55#breadcrumb\"},\"inLanguage\":\"pt-BR\",\"potentialAction\":[{\"@type\":\"ReadAction\",\"target\":[\"https:\/\/flexlan.com.br\/site\/?product=fone-de-ouvido-philips-wireless-bluetooth-preto-tah1108bk-55\"]}]},{\"@type\":\"BreadcrumbList\",\"@id\":\"https:\/\/flexlan.com.br\/site\/?product=fone-de-ouvido-philips-wireless-bluetooth-preto-tah1108bk-55#breadcrumb\",\"itemListElement\":[{\"@type\":\"ListItem\",\"position\":1,\"name\":\"In\u00edcio\",\"item\":\"https:\/\/flexlan.com.br\/site\/\"},{\"@type\":\"ListItem\",\"position\":2,\"name\":\"Shop\",\"item\":\"https:\/\/flexlan.com.br\/site\/?page_id=28271\"},{\"@type\":\"ListItem\",\"position\":3,\"name\":\"FONE DE OUVIDO PHILIPS WIRELESS BLUETOOTH PRETO &#8211; TAH1108BK\/55\"}]},{\"@type\":\"WebSite\",\"@id\":\"https:\/\/flexlan.com.br\/site\/#website\",\"url\":\"https:\/\/flexlan.com.br\/site\/\",\"name\":\"FLEXLAN Inform\u00e1tica\",\"description\":\"Suprimentos e Manuten\u00e7\u00e3o de Computadores e Notebooks\",\"publisher\":{\"@id\":\"https:\/\/flexlan.com.br\/site\/#organization\"},\"alternateName\":\"FLEXLAN Inform\u00e1tica\",\"potentialAction\":[{\"@type\":\"SearchAction\",\"target\":{\"@type\":\"EntryPoint\",\"urlTemplate\":\"https:\/\/flexlan.com.br\/site\/?s={search_term_string}\"},\"query-input\":\"required name=search_term_string\"}],\"inLanguage\":\"pt-BR\"},{\"@type\":\"Organization\",\"@id\":\"https:\/\/flexlan.com.br\/site\/#organization\",\"name\":\"Flexlan inform\u00e1tica\",\"alternateName\":\"Suprimentos e Manuten\u00e7\u00e3o de Computadores e Notebooks\",\"url\":\"https:\/\/flexlan.com.br\/site\/\",\"logo\":{\"@type\":\"ImageObject\",\"inLanguage\":\"pt-BR\",\"@id\":\"https:\/\/flexlan.com.br\/site\/#\/schema\/logo\/image\/\",\"url\":\"https:\/\/flexlan.com.br\/site\/wp-content\/uploads\/2022\/03\/Logo2022.png\",\"contentUrl\":\"https:\/\/flexlan.com.br\/site\/wp-content\/uploads\/2022\/03\/Logo2022.png\",\"width\":796,\"height\":228,\"caption\":\"Flexlan inform\u00e1tica\"},\"image\":{\"@id\":\"https:\/\/flexlan.com.br\/site\/#\/schema\/logo\/image\/\"},\"sameAs\":[\"https:\/\/www.facebook.com\/FlexLanInformatica\",\"https:\/\/instagram.com\/flexlan\"]}]}<\/script>\n<!-- \/ Yoast SEO plugin. -->","yoast_head_json":{"title":"FONE DE OUVIDO PHILIPS WIRELESS BLUETOOTH PRETO - TAH1108BK\/55 - FLEXLAN Inform\u00e1tica","description":"O Fone de Ouvido Bluetooth Philips TAH1108BK\/55 \u00e9 perfeito para quem procura qualidade de \u00e1udio, conforto e praticidade.Com design dobr\u00e1vel, ele pode ser facilmente transportado na mochila ou bolsa, facilitando o uso em qualquer lugar.Al\u00e9m disso, possui microfone integrado, permitindo atender chamadas telef\u00f4nicas sem precisar tirar o celular do bolso.","robots":{"index":"index","follow":"follow","max-snippet":"max-snippet:-1","max-image-preview":"max-image-preview:large","max-video-preview":"max-video-preview:-1"},"canonical":"https:\/\/flexlan.com.br\/site\/?product=fone-de-ouvido-philips-wireless-bluetooth-preto-tah1108bk-55","og_locale":"pt_BR","og_type":"article","og_title":"FONE DE OUVIDO PHILIPS WIRELESS BLUETOOTH PRETO - TAH1108BK\/55 - FLEXLAN Inform\u00e1tica","og_description":"O Fone de Ouvido Bluetooth Philips TAH1108BK\/55 \u00e9 perfeito para quem procura qualidade de \u00e1udio, conforto e praticidade.Com design dobr\u00e1vel, ele pode ser facilmente transportado na mochila ou bolsa, facilitando o uso em qualquer lugar.Al\u00e9m disso, possui microfone integrado, permitindo atender chamadas telef\u00f4nicas sem precisar tirar o celular do bolso.","og_url":"https:\/\/flexlan.com.br\/site\/?product=fone-de-ouvido-philips-wireless-bluetooth-preto-tah1108bk-55","og_site_name":"FLEXLAN Inform\u00e1tica","article_publisher":"https:\/\/www.facebook.com\/FlexLanInformatica","article_modified_time":"2024-02-01T18:48:46+00:00","og_image":[{"width":700,"height":700,"url":"https:\/\/flexlan.com.br\/site\/wp-content\/uploads\/2024\/02\/FONE-DE-OUVIDO-PHILIPS-WIRELESS-BLUETOOTH-PRETO.jpg","type":"image\/jpeg"}],"twitter_card":"summary_large_image","twitter_misc":{"Est. tempo de leitura":"1 minuto"},"schema":{"@context":"https:\/\/schema.org","@graph":[{"@type":["WebPage","ItemPage"],"@id":"https:\/\/flexlan.com.br\/site\/?product=fone-de-ouvido-philips-wireless-bluetooth-preto-tah1108bk-55","url":"https:\/\/flexlan.com.br\/site\/?product=fone-de-ouvido-philips-wireless-bluetooth-preto-tah1108bk-55","name":"FONE DE OUVIDO PHILIPS WIRELESS BLUETOOTH PRETO - TAH1108BK\/55 - FLEXLAN Inform\u00e1tica","isPartOf":{"@id":"https:\/\/flexlan.com.br\/site\/#website"},"datePublished":"2024-02-01T18:48:44+00:00","dateModified":"2024-02-01T18:48:46+00:00","description":"O Fone de Ouvido Bluetooth Philips TAH1108BK\/55 \u00e9 perfeito para quem procura qualidade de \u00e1udio, conforto e praticidade.Com design dobr\u00e1vel, ele pode ser facilmente transportado na mochila ou bolsa, facilitando o uso em qualquer lugar.Al\u00e9m disso, possui microfone integrado, permitindo atender chamadas telef\u00f4nicas sem precisar tirar o celular do bolso.","breadcrumb":{"@id":"https:\/\/flexlan.com.br\/site\/?product=fone-de-ouvido-philips-wireless-bluetooth-preto-tah1108bk-55#breadcrumb"},"inLanguage":"pt-BR","potentialAction":[{"@type":"ReadAction","target":["https:\/\/flexlan.com.br\/site\/?product=fone-de-ouvido-philips-wireless-bluetooth-preto-tah1108bk-55"]}]},{"@type":"BreadcrumbList","@id":"https:\/\/flexlan.com.br\/site\/?product=fone-de-ouvido-philips-wireless-bluetooth-preto-tah1108bk-55#breadcrumb","itemListElement":[{"@type":"ListItem","position":1,"name":"In\u00edcio","item":"https:\/\/flexlan.com.br\/site\/"},{"@type":"ListItem","position":2,"name":"Shop","item":"https:\/\/flexlan.com.br\/site\/?page_id=28271"},{"@type":"ListItem","position":3,"name":"FONE DE OUVIDO PHILIPS WIRELESS BLUETOOTH PRETO &#8211; TAH1108BK\/55"}]},{"@type":"WebSite","@id":"https:\/\/flexlan.com.br\/site\/#website","url":"https:\/\/flexlan.com.br\/site\/","name":"FLEXLAN Inform\u00e1tica","description":"Suprimentos e Manuten\u00e7\u00e3o de Computadores e Notebooks","publisher":{"@id":"https:\/\/flexlan.com.br\/site\/#organization"},"alternateName":"FLEXLAN Inform\u00e1tica","potentialAction":[{"@type":"SearchAction","target":{"@type":"EntryPoint","urlTemplate":"https:\/\/flexlan.com.br\/site\/?s={search_term_string}"},"query-input":"required name=search_term_string"}],"inLanguage":"pt-BR"},{"@type":"Organization","@id":"https:\/\/flexlan.com.br\/site\/#organization","name":"Flexlan inform\u00e1tica","alternateName":"Suprimentos e Manuten\u00e7\u00e3o de Computadores e Notebooks","url":"https:\/\/flexlan.com.br\/site\/","logo":{"@type":"ImageObject","inLanguage":"pt-BR","@id":"https:\/\/flexlan.com.br\/site\/#\/schema\/logo\/image\/","url":"https:\/\/flexlan.com.br\/site\/wp-content\/uploads\/2022\/03\/Logo2022.png","contentUrl":"https:\/\/flexlan.com.br\/site\/wp-content\/uploads\/2022\/03\/Logo2022.png","width":796,"height":228,"caption":"Flexlan inform\u00e1tica"},"image":{"@id":"https:\/\/flexlan.com.br\/site\/#\/schema\/logo\/image\/"},"sameAs":["https:\/\/www.facebook.com\/FlexLanInformatica","https:\/\/instagram.com\/flexlan"]}]}},"_links":{"self":[{"href":"https:\/\/flexlan.com.br\/site\/index.php?rest_route=\/wp\/v2\/product\/28651"}],"collection":[{"href":"https:\/\/flexlan.com.br\/site\/index.php?rest_route=\/wp\/v2\/product"}],"about":[{"href":"https:\/\/flexlan.com.br\/site\/index.php?rest_route=\/wp\/v2\/types\/product"}],"replies":[{"embeddable":true,"href":"https:\/\/flexlan.com.br\/site\/index.php?rest_route=%2Fwp%2Fv2%2Fcomments&post=28651"}],"wp:featuredmedia":[{"embeddable":true,"href":"https:\/\/flexlan.com.br\/site\/index.php?rest_route=\/wp\/v2\/media\/28652"}],"wp:attachment":[{"href":"https:\/\/flexlan.com.br\/site\/index.php?rest_route=%2Fwp%2Fv2%2Fmedia&parent=28651"}],"wp:term":[{"taxonomy":"product_cat","embeddable":true,"href":"https:\/\/flexlan.com.br\/site\/index.php?rest_route=%2Fwp%2Fv2%2Fproduct_cat&post=28651"},{"taxonomy":"product_tag","embeddable":true,"href":"https:\/\/flexlan.com.br\/site\/index.php?rest_route=%2Fwp%2Fv2%2Fproduct_tag&post=28651"}],"curies":[{"name":"wp","href":"https:\/\/api.w.org\/{rel}","templated":true}]}}