{"id":28553,"date":"2023-10-27T14:03:04","date_gmt":"2023-10-27T17:03:04","guid":{"rendered":"https:\/\/flexlan.com.br\/site\/?post_type=product&#038;p=28553"},"modified":"2023-10-27T14:03:06","modified_gmt":"2023-10-27T17:03:06","slug":"gabinete-gamer-indux-preto-lateral-vidro-vinik-ggivtbk","status":"publish","type":"product","link":"https:\/\/flexlan.com.br\/site\/?product=gabinete-gamer-indux-preto-lateral-vidro-vinik-ggivtbk","title":{"rendered":"GABINETE GAMER INDUX PRETO LATERAL VIDRO &#8211; VINIK GGIVTBK"},"content":{"rendered":"<p><b>Especifica\u00e7\u00f5es T\u00e9cnicas:<\/b><br \/>\nFormato: Mid-tower;<br \/>\nFrontal em ABS, lateral em vidro temperado;<br \/>\nEspessura do chassi: 0,4mm;<br \/>\nDimens\u00f5es do produto (CxLxA): 370x185x413mm;<br \/>\nDimens\u00f5es da caixa (CxLxA): 475x236x470mm;<\/p>\n<p><b>Painel frontal<\/b><br \/>\n1x USB 3.0;<br \/>\n2x USB 2.0;<br \/>\n1x HD Audio 3,5mm;<br \/>\n1x Microfone 3,5mm;<\/p>\n<p><b>Compatibilidade<\/b><br \/>\nArmazenamento: 2x 3.5&#8243; + 2x 2.5&#8243;<br \/>\nPlaca M\u00e3e: Mini ITX, Micro ATX e ATX;<br \/>\nPosi\u00e7\u00e3o da fonte: Inferior (ATX);<br \/>\nCPU Cooler: At\u00e9 155mm;<br \/>\nPlaca de v\u00eddeo: At\u00e9 300mm;<\/p>\n<p><b>Refrigera\u00e7\u00e3o<\/b><br \/>\nFans<br \/>\n3x 120mm &#8211; Frontal;<br \/>\n2x 120mm &#8211; Superior;<br \/>\n1x 120mm &#8211; Traseiro;<\/p>\n<p>*Fans e fonte n\u00e3o inclu\u00eddos<\/p>\n","protected":false},"excerpt":{"rendered":"<p>Especifica\u00e7\u00f5es T\u00e9cnicas: Formato: Mid-tower; Frontal em ABS, lateral em vidro temperado; Espessura do chassi: 0,4mm; Dimens\u00f5es do produto (CxLxA): 370x185x413mm; Dimens\u00f5es da caixa (CxLxA): 475x236x470mm; Painel frontal 1x USB 3.0; 2x USB 2.0; 1x HD Audio 3,5mm; 1x Microfone 3,5mm; Compatibilidade Armazenamento: 2x 3.5&#8243; + 2x 2.5&#8243; Placa M\u00e3e: Mini ITX, Micro ATX e ATX; &hellip;<\/p>\n<p class=\"read-more\"> <a class=\"\" href=\"https:\/\/flexlan.com.br\/site\/?product=gabinete-gamer-indux-preto-lateral-vidro-vinik-ggivtbk\"> <span class=\"screen-reader-text\">GABINETE GAMER INDUX PRETO LATERAL VIDRO &#8211; VINIK GGIVTBK<\/span> Leia mais &raquo;<\/a><\/p>\n","protected":false},"featured_media":28557,"comment_status":"open","ping_status":"closed","template":"","meta":{"site-sidebar-layout":"default","site-content-layout":"","ast-site-content-layout":"default","site-content-style":"default","site-sidebar-style":"default","ast-global-header-display":"","ast-banner-title-visibility":"","ast-main-header-display":"","ast-hfb-above-header-display":"","ast-hfb-below-header-display":"","ast-hfb-mobile-header-display":"","site-post-title":"","ast-breadcrumbs-content":"","ast-featured-img":"","footer-sml-layout":"","theme-transparent-header-meta":"default","adv-header-id-meta":"","stick-header-meta":"","header-above-stick-meta":"","header-main-stick-meta":"","header-below-stick-meta":"","astra-migrate-meta-layouts":"set"},"product_cat":[21,31],"product_tag":[],"yoast_head":"<!-- This site is optimized with the Yoast SEO plugin v21.1 - https:\/\/yoast.com\/wordpress\/plugins\/seo\/ -->\n<title>GABINETE GAMER INDUX PRETO LATERAL VIDRO - VINIK GGIVTBK - FLEXLAN Inform\u00e1tica<\/title>\n<meta name=\"description\" content=\"Suprimentos e Manuten\u00e7\u00e3o de Computadores e Notebooks\" \/>\n<meta name=\"robots\" content=\"index, follow, max-snippet:-1, max-image-preview:large, max-video-preview:-1\" \/>\n<link rel=\"canonical\" href=\"https:\/\/flexlan.com.br\/site\/?product=gabinete-gamer-indux-preto-lateral-vidro-vinik-ggivtbk\" \/>\n<meta property=\"og:locale\" content=\"pt_BR\" \/>\n<meta property=\"og:type\" content=\"article\" \/>\n<meta property=\"og:title\" content=\"GABINETE GAMER INDUX PRETO LATERAL VIDRO - VINIK GGIVTBK - FLEXLAN Inform\u00e1tica\" \/>\n<meta property=\"og:description\" content=\"Suprimentos e Manuten\u00e7\u00e3o de Computadores e Notebooks\" \/>\n<meta property=\"og:url\" content=\"https:\/\/flexlan.com.br\/site\/?product=gabinete-gamer-indux-preto-lateral-vidro-vinik-ggivtbk\" \/>\n<meta property=\"og:site_name\" content=\"FLEXLAN Inform\u00e1tica\" \/>\n<meta property=\"article:publisher\" content=\"https:\/\/www.facebook.com\/FlexLanInformatica\" \/>\n<meta property=\"article:modified_time\" content=\"2023-10-27T17:03:06+00:00\" \/>\n<meta property=\"og:image\" content=\"https:\/\/flexlan.com.br\/site\/wp-content\/uploads\/2023\/10\/GABINETE-GAMER-INDUX-PRETO-LATERAL-VIDRO-VINIK-GGIVTBK.jpeg\" \/>\n\t<meta property=\"og:image:width\" content=\"700\" \/>\n\t<meta property=\"og:image:height\" content=\"700\" \/>\n\t<meta property=\"og:image:type\" content=\"image\/jpeg\" \/>\n<meta name=\"twitter:card\" content=\"summary_large_image\" \/>\n<meta name=\"twitter:label1\" content=\"Est. tempo de leitura\" \/>\n\t<meta name=\"twitter:data1\" content=\"1 minuto\" \/>\n<script type=\"application\/ld+json\" class=\"yoast-schema-graph\">{\"@context\":\"https:\/\/schema.org\",\"@graph\":[{\"@type\":[\"WebPage\",\"ItemPage\"],\"@id\":\"https:\/\/flexlan.com.br\/site\/?product=gabinete-gamer-indux-preto-lateral-vidro-vinik-ggivtbk\",\"url\":\"https:\/\/flexlan.com.br\/site\/?product=gabinete-gamer-indux-preto-lateral-vidro-vinik-ggivtbk\",\"name\":\"GABINETE GAMER INDUX PRETO LATERAL VIDRO - VINIK GGIVTBK - FLEXLAN Inform\u00e1tica\",\"isPartOf\":{\"@id\":\"https:\/\/flexlan.com.br\/site\/#website\"},\"datePublished\":\"2023-10-27T17:03:04+00:00\",\"dateModified\":\"2023-10-27T17:03:06+00:00\",\"description\":\"Suprimentos e Manuten\u00e7\u00e3o de Computadores e Notebooks\",\"breadcrumb\":{\"@id\":\"https:\/\/flexlan.com.br\/site\/?product=gabinete-gamer-indux-preto-lateral-vidro-vinik-ggivtbk#breadcrumb\"},\"inLanguage\":\"pt-BR\",\"potentialAction\":[{\"@type\":\"ReadAction\",\"target\":[\"https:\/\/flexlan.com.br\/site\/?product=gabinete-gamer-indux-preto-lateral-vidro-vinik-ggivtbk\"]}]},{\"@type\":\"BreadcrumbList\",\"@id\":\"https:\/\/flexlan.com.br\/site\/?product=gabinete-gamer-indux-preto-lateral-vidro-vinik-ggivtbk#breadcrumb\",\"itemListElement\":[{\"@type\":\"ListItem\",\"position\":1,\"name\":\"In\u00edcio\",\"item\":\"https:\/\/flexlan.com.br\/site\/\"},{\"@type\":\"ListItem\",\"position\":2,\"name\":\"Shop\",\"item\":\"https:\/\/flexlan.com.br\/site\/?page_id=28271\"},{\"@type\":\"ListItem\",\"position\":3,\"name\":\"GABINETE GAMER INDUX PRETO LATERAL VIDRO &#8211; VINIK GGIVTBK\"}]},{\"@type\":\"WebSite\",\"@id\":\"https:\/\/flexlan.com.br\/site\/#website\",\"url\":\"https:\/\/flexlan.com.br\/site\/\",\"name\":\"FLEXLAN Inform\u00e1tica\",\"description\":\"Suprimentos e Manuten\u00e7\u00e3o de Computadores e Notebooks\",\"publisher\":{\"@id\":\"https:\/\/flexlan.com.br\/site\/#organization\"},\"alternateName\":\"FLEXLAN Inform\u00e1tica\",\"potentialAction\":[{\"@type\":\"SearchAction\",\"target\":{\"@type\":\"EntryPoint\",\"urlTemplate\":\"https:\/\/flexlan.com.br\/site\/?s={search_term_string}\"},\"query-input\":\"required name=search_term_string\"}],\"inLanguage\":\"pt-BR\"},{\"@type\":\"Organization\",\"@id\":\"https:\/\/flexlan.com.br\/site\/#organization\",\"name\":\"Flexlan inform\u00e1tica\",\"alternateName\":\"Suprimentos e Manuten\u00e7\u00e3o de Computadores e Notebooks\",\"url\":\"https:\/\/flexlan.com.br\/site\/\",\"logo\":{\"@type\":\"ImageObject\",\"inLanguage\":\"pt-BR\",\"@id\":\"https:\/\/flexlan.com.br\/site\/#\/schema\/logo\/image\/\",\"url\":\"https:\/\/flexlan.com.br\/site\/wp-content\/uploads\/2022\/03\/Logo2022.png\",\"contentUrl\":\"https:\/\/flexlan.com.br\/site\/wp-content\/uploads\/2022\/03\/Logo2022.png\",\"width\":796,\"height\":228,\"caption\":\"Flexlan inform\u00e1tica\"},\"image\":{\"@id\":\"https:\/\/flexlan.com.br\/site\/#\/schema\/logo\/image\/\"},\"sameAs\":[\"https:\/\/www.facebook.com\/FlexLanInformatica\",\"https:\/\/instagram.com\/flexlan\"]}]}<\/script>\n<!-- \/ Yoast SEO plugin. -->","yoast_head_json":{"title":"GABINETE GAMER INDUX PRETO LATERAL VIDRO - VINIK GGIVTBK - FLEXLAN Inform\u00e1tica","description":"Suprimentos e Manuten\u00e7\u00e3o de Computadores e Notebooks","robots":{"index":"index","follow":"follow","max-snippet":"max-snippet:-1","max-image-preview":"max-image-preview:large","max-video-preview":"max-video-preview:-1"},"canonical":"https:\/\/flexlan.com.br\/site\/?product=gabinete-gamer-indux-preto-lateral-vidro-vinik-ggivtbk","og_locale":"pt_BR","og_type":"article","og_title":"GABINETE GAMER INDUX PRETO LATERAL VIDRO - VINIK GGIVTBK - FLEXLAN Inform\u00e1tica","og_description":"Suprimentos e Manuten\u00e7\u00e3o de Computadores e Notebooks","og_url":"https:\/\/flexlan.com.br\/site\/?product=gabinete-gamer-indux-preto-lateral-vidro-vinik-ggivtbk","og_site_name":"FLEXLAN Inform\u00e1tica","article_publisher":"https:\/\/www.facebook.com\/FlexLanInformatica","article_modified_time":"2023-10-27T17:03:06+00:00","og_image":[{"width":700,"height":700,"url":"https:\/\/flexlan.com.br\/site\/wp-content\/uploads\/2023\/10\/GABINETE-GAMER-INDUX-PRETO-LATERAL-VIDRO-VINIK-GGIVTBK.jpeg","type":"image\/jpeg"}],"twitter_card":"summary_large_image","twitter_misc":{"Est. tempo de leitura":"1 minuto"},"schema":{"@context":"https:\/\/schema.org","@graph":[{"@type":["WebPage","ItemPage"],"@id":"https:\/\/flexlan.com.br\/site\/?product=gabinete-gamer-indux-preto-lateral-vidro-vinik-ggivtbk","url":"https:\/\/flexlan.com.br\/site\/?product=gabinete-gamer-indux-preto-lateral-vidro-vinik-ggivtbk","name":"GABINETE GAMER INDUX PRETO LATERAL VIDRO - VINIK GGIVTBK - FLEXLAN Inform\u00e1tica","isPartOf":{"@id":"https:\/\/flexlan.com.br\/site\/#website"},"datePublished":"2023-10-27T17:03:04+00:00","dateModified":"2023-10-27T17:03:06+00:00","description":"Suprimentos e Manuten\u00e7\u00e3o de Computadores e Notebooks","breadcrumb":{"@id":"https:\/\/flexlan.com.br\/site\/?product=gabinete-gamer-indux-preto-lateral-vidro-vinik-ggivtbk#breadcrumb"},"inLanguage":"pt-BR","potentialAction":[{"@type":"ReadAction","target":["https:\/\/flexlan.com.br\/site\/?product=gabinete-gamer-indux-preto-lateral-vidro-vinik-ggivtbk"]}]},{"@type":"BreadcrumbList","@id":"https:\/\/flexlan.com.br\/site\/?product=gabinete-gamer-indux-preto-lateral-vidro-vinik-ggivtbk#breadcrumb","itemListElement":[{"@type":"ListItem","position":1,"name":"In\u00edcio","item":"https:\/\/flexlan.com.br\/site\/"},{"@type":"ListItem","position":2,"name":"Shop","item":"https:\/\/flexlan.com.br\/site\/?page_id=28271"},{"@type":"ListItem","position":3,"name":"GABINETE GAMER INDUX PRETO LATERAL VIDRO &#8211; VINIK GGIVTBK"}]},{"@type":"WebSite","@id":"https:\/\/flexlan.com.br\/site\/#website","url":"https:\/\/flexlan.com.br\/site\/","name":"FLEXLAN Inform\u00e1tica","description":"Suprimentos e Manuten\u00e7\u00e3o de Computadores e Notebooks","publisher":{"@id":"https:\/\/flexlan.com.br\/site\/#organization"},"alternateName":"FLEXLAN Inform\u00e1tica","potentialAction":[{"@type":"SearchAction","target":{"@type":"EntryPoint","urlTemplate":"https:\/\/flexlan.com.br\/site\/?s={search_term_string}"},"query-input":"required name=search_term_string"}],"inLanguage":"pt-BR"},{"@type":"Organization","@id":"https:\/\/flexlan.com.br\/site\/#organization","name":"Flexlan inform\u00e1tica","alternateName":"Suprimentos e Manuten\u00e7\u00e3o de Computadores e Notebooks","url":"https:\/\/flexlan.com.br\/site\/","logo":{"@type":"ImageObject","inLanguage":"pt-BR","@id":"https:\/\/flexlan.com.br\/site\/#\/schema\/logo\/image\/","url":"https:\/\/flexlan.com.br\/site\/wp-content\/uploads\/2022\/03\/Logo2022.png","contentUrl":"https:\/\/flexlan.com.br\/site\/wp-content\/uploads\/2022\/03\/Logo2022.png","width":796,"height":228,"caption":"Flexlan inform\u00e1tica"},"image":{"@id":"https:\/\/flexlan.com.br\/site\/#\/schema\/logo\/image\/"},"sameAs":["https:\/\/www.facebook.com\/FlexLanInformatica","https:\/\/instagram.com\/flexlan"]}]}},"_links":{"self":[{"href":"https:\/\/flexlan.com.br\/site\/index.php?rest_route=\/wp\/v2\/product\/28553"}],"collection":[{"href":"https:\/\/flexlan.com.br\/site\/index.php?rest_route=\/wp\/v2\/product"}],"about":[{"href":"https:\/\/flexlan.com.br\/site\/index.php?rest_route=\/wp\/v2\/types\/product"}],"replies":[{"embeddable":true,"href":"https:\/\/flexlan.com.br\/site\/index.php?rest_route=%2Fwp%2Fv2%2Fcomments&post=28553"}],"wp:featuredmedia":[{"embeddable":true,"href":"https:\/\/flexlan.com.br\/site\/index.php?rest_route=\/wp\/v2\/media\/28557"}],"wp:attachment":[{"href":"https:\/\/flexlan.com.br\/site\/index.php?rest_route=%2Fwp%2Fv2%2Fmedia&parent=28553"}],"wp:term":[{"taxonomy":"product_cat","embeddable":true,"href":"https:\/\/flexlan.com.br\/site\/index.php?rest_route=%2Fwp%2Fv2%2Fproduct_cat&post=28553"},{"taxonomy":"product_tag","embeddable":true,"href":"https:\/\/flexlan.com.br\/site\/index.php?rest_route=%2Fwp%2Fv2%2Fproduct_tag&post=28553"}],"curies":[{"name":"wp","href":"https:\/\/api.w.org\/{rel}","templated":true}]}}