{"id":28509,"date":"2023-09-22T16:04:32","date_gmt":"2023-09-22T19:04:32","guid":{"rendered":"https:\/\/flexlan.com.br\/site\/?post_type=product&#038;p=28509"},"modified":"2023-09-22T16:33:43","modified_gmt":"2023-09-22T19:33:43","slug":"fonte-real-750w-pcyes-80-plus-bronze-elecv2pto750w-b","status":"publish","type":"product","link":"https:\/\/flexlan.com.br\/site\/?product=fonte-real-750w-pcyes-80-plus-bronze-elecv2pto750w-b","title":{"rendered":"FONTE REAL 750W PCYES 80 PLUS BRONZE &#8211; ELECV2PTO750W-B"},"content":{"rendered":"<p><b>Especifica\u00e7\u00f5es T\u00e9cnicas:<\/b><br \/>\nModelo: ELECTRO V2<br \/>\nPot\u00eancia \/ pico de pot\u00eancia: 750W \/ 800W<br \/>\nVoltagem \/ Corrente de entrada: 115V ~ 230V<br \/>\nPFC Ativo<br \/>\nEfici\u00eancia: &gt;82%<br \/>\nDimens\u00f5es do chassi: 140x150x86mm<br \/>\nFan: 12cm<br \/>\nTodos os cabos com revestimento<\/p>\n<p><b>Cabos:<\/b><br \/>\n1x 20+4 Pin (500mm)<br \/>\n1x 4+4P (CPU) (500mm)<br \/>\n1x PCIE [6+2Pin + 6+2Pin] (500+150mm)<br \/>\n2x [SATA + SATA + SATA] (400+150+150mm)<br \/>\n1x [Molex + Molex + Molex] (400+150+150mm)<\/p>\n<p><b>Prote\u00e7\u00f5es<\/b><br \/>\nOVP &#8211; Over Voltage Protection (Prote\u00e7\u00e3o contra sobretens\u00e3o)<br \/>\nUVP &#8211; Under Voltage Protection (Prote\u00e7\u00e3o contra subtens\u00e3o)<br \/>\nSCP &#8211; Short Circuit Protection (Prote\u00e7\u00e3o contra curto circuito)<br \/>\nOTP &#8211; Over Temperature Protection (Prote\u00e7\u00e3o contra sobre temperatura)<br \/>\nOPP &#8211; Over Power Protection (Prote\u00e7\u00e3o contra sobre pot\u00eancia)<br \/>\nOCP &#8211; Over Current Protection (Prote\u00e7\u00e3o contra sobre corrente)<br \/>\nSIP &#8211; Surge and Inrush Protection (Prote\u00e7\u00e3o contra surtos de energia)<\/p>\n<p><b>DIMENS\u00d5ES<\/b><br \/>\nProduto: 8,5cm altura x 14cm largura x 15cm profundidade<br \/>\nCaixa: 10cm altura x 19cm largura x 27cm profundidade<\/p>\n","protected":false},"excerpt":{"rendered":"<p>Esse projeto exclusivo da PCYES foi desenvolvido especialmente para os gamers mais exigentes. Compacto, robusto e com design pensado em cada detalhe para maior efici\u00eancia e adapta\u00e7\u00e3o a diferentes gabinetes.<\/p>\n","protected":false},"featured_media":28513,"comment_status":"open","ping_status":"closed","template":"","meta":{"site-sidebar-layout":"default","site-content-layout":"","ast-site-content-layout":"default","site-content-style":"default","site-sidebar-style":"default","ast-global-header-display":"","ast-banner-title-visibility":"","ast-main-header-display":"","ast-hfb-above-header-display":"","ast-hfb-below-header-display":"","ast-hfb-mobile-header-display":"","site-post-title":"","ast-breadcrumbs-content":"","ast-featured-img":"","footer-sml-layout":"","theme-transparent-header-meta":"default","adv-header-id-meta":"","stick-header-meta":"","header-above-stick-meta":"","header-main-stick-meta":"","header-below-stick-meta":"","astra-migrate-meta-layouts":"set"},"product_cat":[41,42],"product_tag":[],"yoast_head":"<!-- This site is optimized with the Yoast SEO plugin v21.1 - https:\/\/yoast.com\/wordpress\/plugins\/seo\/ -->\n<title>FONTE REAL 750W PCYES 80 PLUS BRONZE - ELECV2PTO750W-B - FLEXLAN Inform\u00e1tica<\/title>\n<meta name=\"description\" content=\"Suprimentos e Manuten\u00e7\u00e3o de Computadores e Notebooks\" \/>\n<meta name=\"robots\" content=\"index, follow, max-snippet:-1, max-image-preview:large, max-video-preview:-1\" \/>\n<link rel=\"canonical\" href=\"https:\/\/flexlan.com.br\/site\/?product=fonte-real-750w-pcyes-80-plus-bronze-elecv2pto750w-b\" \/>\n<meta property=\"og:locale\" content=\"pt_BR\" \/>\n<meta property=\"og:type\" content=\"article\" \/>\n<meta property=\"og:title\" content=\"FONTE REAL 750W PCYES 80 PLUS BRONZE - ELECV2PTO750W-B - FLEXLAN Inform\u00e1tica\" \/>\n<meta property=\"og:description\" content=\"Suprimentos e Manuten\u00e7\u00e3o de Computadores e Notebooks\" \/>\n<meta property=\"og:url\" content=\"https:\/\/flexlan.com.br\/site\/?product=fonte-real-750w-pcyes-80-plus-bronze-elecv2pto750w-b\" \/>\n<meta property=\"og:site_name\" content=\"FLEXLAN Inform\u00e1tica\" \/>\n<meta property=\"article:publisher\" content=\"https:\/\/www.facebook.com\/FlexLanInformatica\" \/>\n<meta property=\"article:modified_time\" content=\"2023-09-22T19:33:43+00:00\" \/>\n<meta property=\"og:image\" content=\"https:\/\/flexlan.com.br\/site\/wp-content\/uploads\/2023\/09\/FONTE-REAL-750W-PCYES-80-PLUS-BRONZE-ELECV2PTO750W-B.jpeg\" \/>\n\t<meta property=\"og:image:width\" content=\"700\" \/>\n\t<meta property=\"og:image:height\" content=\"700\" \/>\n\t<meta property=\"og:image:type\" content=\"image\/jpeg\" \/>\n<meta name=\"twitter:card\" content=\"summary_large_image\" \/>\n<meta name=\"twitter:label1\" content=\"Est. tempo de leitura\" \/>\n\t<meta name=\"twitter:data1\" content=\"1 minuto\" \/>\n<script type=\"application\/ld+json\" class=\"yoast-schema-graph\">{\"@context\":\"https:\/\/schema.org\",\"@graph\":[{\"@type\":[\"WebPage\",\"ItemPage\"],\"@id\":\"https:\/\/flexlan.com.br\/site\/?product=fonte-real-750w-pcyes-80-plus-bronze-elecv2pto750w-b\",\"url\":\"https:\/\/flexlan.com.br\/site\/?product=fonte-real-750w-pcyes-80-plus-bronze-elecv2pto750w-b\",\"name\":\"FONTE REAL 750W PCYES 80 PLUS BRONZE - ELECV2PTO750W-B - FLEXLAN Inform\u00e1tica\",\"isPartOf\":{\"@id\":\"https:\/\/flexlan.com.br\/site\/#website\"},\"datePublished\":\"2023-09-22T19:04:32+00:00\",\"dateModified\":\"2023-09-22T19:33:43+00:00\",\"description\":\"Suprimentos e Manuten\u00e7\u00e3o de Computadores e Notebooks\",\"breadcrumb\":{\"@id\":\"https:\/\/flexlan.com.br\/site\/?product=fonte-real-750w-pcyes-80-plus-bronze-elecv2pto750w-b#breadcrumb\"},\"inLanguage\":\"pt-BR\",\"potentialAction\":[{\"@type\":\"ReadAction\",\"target\":[\"https:\/\/flexlan.com.br\/site\/?product=fonte-real-750w-pcyes-80-plus-bronze-elecv2pto750w-b\"]}]},{\"@type\":\"BreadcrumbList\",\"@id\":\"https:\/\/flexlan.com.br\/site\/?product=fonte-real-750w-pcyes-80-plus-bronze-elecv2pto750w-b#breadcrumb\",\"itemListElement\":[{\"@type\":\"ListItem\",\"position\":1,\"name\":\"In\u00edcio\",\"item\":\"https:\/\/flexlan.com.br\/site\/\"},{\"@type\":\"ListItem\",\"position\":2,\"name\":\"Shop\",\"item\":\"https:\/\/flexlan.com.br\/site\/?page_id=28271\"},{\"@type\":\"ListItem\",\"position\":3,\"name\":\"FONTE REAL 750W PCYES 80 PLUS BRONZE &#8211; ELECV2PTO750W-B\"}]},{\"@type\":\"WebSite\",\"@id\":\"https:\/\/flexlan.com.br\/site\/#website\",\"url\":\"https:\/\/flexlan.com.br\/site\/\",\"name\":\"FLEXLAN Inform\u00e1tica\",\"description\":\"Suprimentos e Manuten\u00e7\u00e3o de Computadores e Notebooks\",\"publisher\":{\"@id\":\"https:\/\/flexlan.com.br\/site\/#organization\"},\"alternateName\":\"FLEXLAN Inform\u00e1tica\",\"potentialAction\":[{\"@type\":\"SearchAction\",\"target\":{\"@type\":\"EntryPoint\",\"urlTemplate\":\"https:\/\/flexlan.com.br\/site\/?s={search_term_string}\"},\"query-input\":\"required name=search_term_string\"}],\"inLanguage\":\"pt-BR\"},{\"@type\":\"Organization\",\"@id\":\"https:\/\/flexlan.com.br\/site\/#organization\",\"name\":\"Flexlan inform\u00e1tica\",\"alternateName\":\"Suprimentos e Manuten\u00e7\u00e3o de Computadores e Notebooks\",\"url\":\"https:\/\/flexlan.com.br\/site\/\",\"logo\":{\"@type\":\"ImageObject\",\"inLanguage\":\"pt-BR\",\"@id\":\"https:\/\/flexlan.com.br\/site\/#\/schema\/logo\/image\/\",\"url\":\"https:\/\/flexlan.com.br\/site\/wp-content\/uploads\/2022\/03\/Logo2022.png\",\"contentUrl\":\"https:\/\/flexlan.com.br\/site\/wp-content\/uploads\/2022\/03\/Logo2022.png\",\"width\":796,\"height\":228,\"caption\":\"Flexlan inform\u00e1tica\"},\"image\":{\"@id\":\"https:\/\/flexlan.com.br\/site\/#\/schema\/logo\/image\/\"},\"sameAs\":[\"https:\/\/www.facebook.com\/FlexLanInformatica\",\"https:\/\/instagram.com\/flexlan\"]}]}<\/script>\n<!-- \/ Yoast SEO plugin. -->","yoast_head_json":{"title":"FONTE REAL 750W PCYES 80 PLUS BRONZE - ELECV2PTO750W-B - FLEXLAN Inform\u00e1tica","description":"Suprimentos e Manuten\u00e7\u00e3o de Computadores e Notebooks","robots":{"index":"index","follow":"follow","max-snippet":"max-snippet:-1","max-image-preview":"max-image-preview:large","max-video-preview":"max-video-preview:-1"},"canonical":"https:\/\/flexlan.com.br\/site\/?product=fonte-real-750w-pcyes-80-plus-bronze-elecv2pto750w-b","og_locale":"pt_BR","og_type":"article","og_title":"FONTE REAL 750W PCYES 80 PLUS BRONZE - ELECV2PTO750W-B - FLEXLAN Inform\u00e1tica","og_description":"Suprimentos e Manuten\u00e7\u00e3o de Computadores e Notebooks","og_url":"https:\/\/flexlan.com.br\/site\/?product=fonte-real-750w-pcyes-80-plus-bronze-elecv2pto750w-b","og_site_name":"FLEXLAN Inform\u00e1tica","article_publisher":"https:\/\/www.facebook.com\/FlexLanInformatica","article_modified_time":"2023-09-22T19:33:43+00:00","og_image":[{"width":700,"height":700,"url":"https:\/\/flexlan.com.br\/site\/wp-content\/uploads\/2023\/09\/FONTE-REAL-750W-PCYES-80-PLUS-BRONZE-ELECV2PTO750W-B.jpeg","type":"image\/jpeg"}],"twitter_card":"summary_large_image","twitter_misc":{"Est. tempo de leitura":"1 minuto"},"schema":{"@context":"https:\/\/schema.org","@graph":[{"@type":["WebPage","ItemPage"],"@id":"https:\/\/flexlan.com.br\/site\/?product=fonte-real-750w-pcyes-80-plus-bronze-elecv2pto750w-b","url":"https:\/\/flexlan.com.br\/site\/?product=fonte-real-750w-pcyes-80-plus-bronze-elecv2pto750w-b","name":"FONTE REAL 750W PCYES 80 PLUS BRONZE - ELECV2PTO750W-B - FLEXLAN Inform\u00e1tica","isPartOf":{"@id":"https:\/\/flexlan.com.br\/site\/#website"},"datePublished":"2023-09-22T19:04:32+00:00","dateModified":"2023-09-22T19:33:43+00:00","description":"Suprimentos e Manuten\u00e7\u00e3o de Computadores e Notebooks","breadcrumb":{"@id":"https:\/\/flexlan.com.br\/site\/?product=fonte-real-750w-pcyes-80-plus-bronze-elecv2pto750w-b#breadcrumb"},"inLanguage":"pt-BR","potentialAction":[{"@type":"ReadAction","target":["https:\/\/flexlan.com.br\/site\/?product=fonte-real-750w-pcyes-80-plus-bronze-elecv2pto750w-b"]}]},{"@type":"BreadcrumbList","@id":"https:\/\/flexlan.com.br\/site\/?product=fonte-real-750w-pcyes-80-plus-bronze-elecv2pto750w-b#breadcrumb","itemListElement":[{"@type":"ListItem","position":1,"name":"In\u00edcio","item":"https:\/\/flexlan.com.br\/site\/"},{"@type":"ListItem","position":2,"name":"Shop","item":"https:\/\/flexlan.com.br\/site\/?page_id=28271"},{"@type":"ListItem","position":3,"name":"FONTE REAL 750W PCYES 80 PLUS BRONZE &#8211; ELECV2PTO750W-B"}]},{"@type":"WebSite","@id":"https:\/\/flexlan.com.br\/site\/#website","url":"https:\/\/flexlan.com.br\/site\/","name":"FLEXLAN Inform\u00e1tica","description":"Suprimentos e Manuten\u00e7\u00e3o de Computadores e Notebooks","publisher":{"@id":"https:\/\/flexlan.com.br\/site\/#organization"},"alternateName":"FLEXLAN Inform\u00e1tica","potentialAction":[{"@type":"SearchAction","target":{"@type":"EntryPoint","urlTemplate":"https:\/\/flexlan.com.br\/site\/?s={search_term_string}"},"query-input":"required name=search_term_string"}],"inLanguage":"pt-BR"},{"@type":"Organization","@id":"https:\/\/flexlan.com.br\/site\/#organization","name":"Flexlan inform\u00e1tica","alternateName":"Suprimentos e Manuten\u00e7\u00e3o de Computadores e Notebooks","url":"https:\/\/flexlan.com.br\/site\/","logo":{"@type":"ImageObject","inLanguage":"pt-BR","@id":"https:\/\/flexlan.com.br\/site\/#\/schema\/logo\/image\/","url":"https:\/\/flexlan.com.br\/site\/wp-content\/uploads\/2022\/03\/Logo2022.png","contentUrl":"https:\/\/flexlan.com.br\/site\/wp-content\/uploads\/2022\/03\/Logo2022.png","width":796,"height":228,"caption":"Flexlan inform\u00e1tica"},"image":{"@id":"https:\/\/flexlan.com.br\/site\/#\/schema\/logo\/image\/"},"sameAs":["https:\/\/www.facebook.com\/FlexLanInformatica","https:\/\/instagram.com\/flexlan"]}]}},"_links":{"self":[{"href":"https:\/\/flexlan.com.br\/site\/index.php?rest_route=\/wp\/v2\/product\/28509"}],"collection":[{"href":"https:\/\/flexlan.com.br\/site\/index.php?rest_route=\/wp\/v2\/product"}],"about":[{"href":"https:\/\/flexlan.com.br\/site\/index.php?rest_route=\/wp\/v2\/types\/product"}],"replies":[{"embeddable":true,"href":"https:\/\/flexlan.com.br\/site\/index.php?rest_route=%2Fwp%2Fv2%2Fcomments&post=28509"}],"wp:featuredmedia":[{"embeddable":true,"href":"https:\/\/flexlan.com.br\/site\/index.php?rest_route=\/wp\/v2\/media\/28513"}],"wp:attachment":[{"href":"https:\/\/flexlan.com.br\/site\/index.php?rest_route=%2Fwp%2Fv2%2Fmedia&parent=28509"}],"wp:term":[{"taxonomy":"product_cat","embeddable":true,"href":"https:\/\/flexlan.com.br\/site\/index.php?rest_route=%2Fwp%2Fv2%2Fproduct_cat&post=28509"},{"taxonomy":"product_tag","embeddable":true,"href":"https:\/\/flexlan.com.br\/site\/index.php?rest_route=%2Fwp%2Fv2%2Fproduct_tag&post=28509"}],"curies":[{"name":"wp","href":"https:\/\/api.w.org\/{rel}","templated":true}]}}