{"id":28493,"date":"2023-09-21T15:00:41","date_gmt":"2023-09-21T18:00:41","guid":{"rendered":"https:\/\/flexlan.com.br\/site\/?post_type=product&#038;p=28493"},"modified":"2023-09-21T15:02:37","modified_gmt":"2023-09-21T18:02:37","slug":"fone-headset-vinik-go-play-fm35-preto","status":"publish","type":"product","link":"https:\/\/flexlan.com.br\/site\/?product=fone-headset-vinik-go-play-fm35-preto","title":{"rendered":"FONE DE OUVIDO HEADSET VINIK GO PLAY FM35 PRETO"},"content":{"rendered":"<p>FONE HEADSET GO PLAY FM35 PRETO COM MICROFONE<\/p>\n<p>&#8211; Controlador de volume<br \/>\n&#8211; Possui microfone<br \/>\n&#8211; Ideal para uso em casa ou escrit\u00f3rio<br \/>\n&#8211; Menor peso, maior conforto no uso<br \/>\n&#8211; Ajuste de tamanho deslizante individual<br \/>\n&#8211; Almofadas em espuma<br \/>\n&#8211; Regulagem da haste do microfone<\/p>\n<p>Dados t\u00e9cnicos:<br \/>\nDi\u00e2metro do alto falante: 40mm<br \/>\nSensibilidade: 105 dB \u00b1 2dB<br \/>\nImped\u00e2ncia: 32 Ohms \u00b1 3%<br \/>\nResposta de frequ\u00eancia: 20 Hz &#8211; 20 Khz;<br \/>\nPot\u00eancia: 100mW<br \/>\nMicrofone: omnidirecional<br \/>\nSensibilidade do microfone: -58 dB \u00b1 2dB<br \/>\nFrequ\u00eancia de resposta do microfone: 30Hz &#8211; 16 kHz<br \/>\nCabo: 1,60 metros<br \/>\nConector: 3.5mm (P2)<\/p>\n","protected":false},"excerpt":{"rendered":"<p>FONE HEADSET GO PLAY FM35 PRETO COM MICROFONE &#8211; Controlador de volume &#8211; Possui microfone &#8211; Ideal para uso em casa ou escrit\u00f3rio &#8211; Menor peso, maior conforto no uso &#8211; Ajuste de tamanho deslizante individual &#8211; Almofadas em espuma &#8211; Regulagem da haste do microfone Dados t\u00e9cnicos: Di\u00e2metro do alto falante: 40mm Sensibilidade: 105 &hellip;<\/p>\n<p class=\"read-more\"> <a class=\"\" href=\"https:\/\/flexlan.com.br\/site\/?product=fone-headset-vinik-go-play-fm35-preto\"> <span class=\"screen-reader-text\">FONE DE OUVIDO HEADSET VINIK GO PLAY FM35 PRETO<\/span> Leia mais &raquo;<\/a><\/p>\n","protected":false},"featured_media":28497,"comment_status":"open","ping_status":"closed","template":"","meta":{"site-sidebar-layout":"default","site-content-layout":"","ast-site-content-layout":"default","site-content-style":"default","site-sidebar-style":"default","ast-global-header-display":"","ast-banner-title-visibility":"","ast-main-header-display":"","ast-hfb-above-header-display":"","ast-hfb-below-header-display":"","ast-hfb-mobile-header-display":"","site-post-title":"","ast-breadcrumbs-content":"","ast-featured-img":"","footer-sml-layout":"","theme-transparent-header-meta":"default","adv-header-id-meta":"","stick-header-meta":"","header-above-stick-meta":"","header-main-stick-meta":"","header-below-stick-meta":"","astra-migrate-meta-layouts":"set"},"product_cat":[52,54],"product_tag":[],"yoast_head":"<!-- This site is optimized with the Yoast SEO plugin v21.1 - https:\/\/yoast.com\/wordpress\/plugins\/seo\/ -->\n<title>FONE DE OUVIDO HEADSET VINIK GO PLAY FM35 PRETO - FLEXLAN Inform\u00e1tica<\/title>\n<meta name=\"description\" content=\"O headset GO PLAY possui ajuste de tamanho deslizante individual, regulagem da haste do microfone e almofadas em espuma, para que voc\u00ea tenha todo o conforto necess\u00e1rio.\" \/>\n<meta name=\"robots\" content=\"index, follow, max-snippet:-1, max-image-preview:large, max-video-preview:-1\" \/>\n<link rel=\"canonical\" href=\"https:\/\/flexlan.com.br\/site\/?product=fone-headset-vinik-go-play-fm35-preto\" \/>\n<meta property=\"og:locale\" content=\"pt_BR\" \/>\n<meta property=\"og:type\" content=\"article\" \/>\n<meta property=\"og:title\" content=\"FONE DE OUVIDO HEADSET VINIK GO PLAY FM35 PRETO - FLEXLAN Inform\u00e1tica\" \/>\n<meta property=\"og:description\" content=\"O headset GO PLAY possui ajuste de tamanho deslizante individual, regulagem da haste do microfone e almofadas em espuma, para que voc\u00ea tenha todo o conforto necess\u00e1rio.\" \/>\n<meta property=\"og:url\" content=\"https:\/\/flexlan.com.br\/site\/?product=fone-headset-vinik-go-play-fm35-preto\" \/>\n<meta property=\"og:site_name\" content=\"FLEXLAN Inform\u00e1tica\" \/>\n<meta property=\"article:publisher\" content=\"https:\/\/www.facebook.com\/FlexLanInformatica\" \/>\n<meta property=\"article:modified_time\" content=\"2023-09-21T18:02:37+00:00\" \/>\n<meta property=\"og:image\" content=\"https:\/\/flexlan.com.br\/site\/wp-content\/uploads\/2023\/09\/FONE-HEADSET-VINIK-GO-PLAY-FM35-PRETO.jpeg\" \/>\n\t<meta property=\"og:image:width\" content=\"700\" \/>\n\t<meta property=\"og:image:height\" content=\"700\" \/>\n\t<meta property=\"og:image:type\" content=\"image\/jpeg\" \/>\n<meta name=\"twitter:card\" content=\"summary_large_image\" \/>\n<meta name=\"twitter:label1\" content=\"Est. tempo de leitura\" \/>\n\t<meta name=\"twitter:data1\" content=\"1 minuto\" \/>\n<script type=\"application\/ld+json\" class=\"yoast-schema-graph\">{\"@context\":\"https:\/\/schema.org\",\"@graph\":[{\"@type\":[\"WebPage\",\"ItemPage\"],\"@id\":\"https:\/\/flexlan.com.br\/site\/?product=fone-headset-vinik-go-play-fm35-preto\",\"url\":\"https:\/\/flexlan.com.br\/site\/?product=fone-headset-vinik-go-play-fm35-preto\",\"name\":\"FONE DE OUVIDO HEADSET VINIK GO PLAY FM35 PRETO - FLEXLAN Inform\u00e1tica\",\"isPartOf\":{\"@id\":\"https:\/\/flexlan.com.br\/site\/#website\"},\"datePublished\":\"2023-09-21T18:00:41+00:00\",\"dateModified\":\"2023-09-21T18:02:37+00:00\",\"description\":\"O headset GO PLAY possui ajuste de tamanho deslizante individual, regulagem da haste do microfone e almofadas em espuma, para que voc\u00ea tenha todo o conforto necess\u00e1rio.\",\"breadcrumb\":{\"@id\":\"https:\/\/flexlan.com.br\/site\/?product=fone-headset-vinik-go-play-fm35-preto#breadcrumb\"},\"inLanguage\":\"pt-BR\",\"potentialAction\":[{\"@type\":\"ReadAction\",\"target\":[\"https:\/\/flexlan.com.br\/site\/?product=fone-headset-vinik-go-play-fm35-preto\"]}]},{\"@type\":\"BreadcrumbList\",\"@id\":\"https:\/\/flexlan.com.br\/site\/?product=fone-headset-vinik-go-play-fm35-preto#breadcrumb\",\"itemListElement\":[{\"@type\":\"ListItem\",\"position\":1,\"name\":\"In\u00edcio\",\"item\":\"https:\/\/flexlan.com.br\/site\/\"},{\"@type\":\"ListItem\",\"position\":2,\"name\":\"Shop\",\"item\":\"https:\/\/flexlan.com.br\/site\/?page_id=28271\"},{\"@type\":\"ListItem\",\"position\":3,\"name\":\"FONE DE OUVIDO HEADSET VINIK GO PLAY FM35 PRETO\"}]},{\"@type\":\"WebSite\",\"@id\":\"https:\/\/flexlan.com.br\/site\/#website\",\"url\":\"https:\/\/flexlan.com.br\/site\/\",\"name\":\"FLEXLAN Inform\u00e1tica\",\"description\":\"Suprimentos e Manuten\u00e7\u00e3o de Computadores e Notebooks\",\"publisher\":{\"@id\":\"https:\/\/flexlan.com.br\/site\/#organization\"},\"alternateName\":\"FLEXLAN Inform\u00e1tica\",\"potentialAction\":[{\"@type\":\"SearchAction\",\"target\":{\"@type\":\"EntryPoint\",\"urlTemplate\":\"https:\/\/flexlan.com.br\/site\/?s={search_term_string}\"},\"query-input\":\"required name=search_term_string\"}],\"inLanguage\":\"pt-BR\"},{\"@type\":\"Organization\",\"@id\":\"https:\/\/flexlan.com.br\/site\/#organization\",\"name\":\"Flexlan inform\u00e1tica\",\"alternateName\":\"Suprimentos e Manuten\u00e7\u00e3o de Computadores e Notebooks\",\"url\":\"https:\/\/flexlan.com.br\/site\/\",\"logo\":{\"@type\":\"ImageObject\",\"inLanguage\":\"pt-BR\",\"@id\":\"https:\/\/flexlan.com.br\/site\/#\/schema\/logo\/image\/\",\"url\":\"https:\/\/flexlan.com.br\/site\/wp-content\/uploads\/2022\/03\/Logo2022.png\",\"contentUrl\":\"https:\/\/flexlan.com.br\/site\/wp-content\/uploads\/2022\/03\/Logo2022.png\",\"width\":796,\"height\":228,\"caption\":\"Flexlan inform\u00e1tica\"},\"image\":{\"@id\":\"https:\/\/flexlan.com.br\/site\/#\/schema\/logo\/image\/\"},\"sameAs\":[\"https:\/\/www.facebook.com\/FlexLanInformatica\",\"https:\/\/instagram.com\/flexlan\"]}]}<\/script>\n<!-- \/ Yoast SEO plugin. -->","yoast_head_json":{"title":"FONE DE OUVIDO HEADSET VINIK GO PLAY FM35 PRETO - FLEXLAN Inform\u00e1tica","description":"O headset GO PLAY possui ajuste de tamanho deslizante individual, regulagem da haste do microfone e almofadas em espuma, para que voc\u00ea tenha todo o conforto necess\u00e1rio.","robots":{"index":"index","follow":"follow","max-snippet":"max-snippet:-1","max-image-preview":"max-image-preview:large","max-video-preview":"max-video-preview:-1"},"canonical":"https:\/\/flexlan.com.br\/site\/?product=fone-headset-vinik-go-play-fm35-preto","og_locale":"pt_BR","og_type":"article","og_title":"FONE DE OUVIDO HEADSET VINIK GO PLAY FM35 PRETO - FLEXLAN Inform\u00e1tica","og_description":"O headset GO PLAY possui ajuste de tamanho deslizante individual, regulagem da haste do microfone e almofadas em espuma, para que voc\u00ea tenha todo o conforto necess\u00e1rio.","og_url":"https:\/\/flexlan.com.br\/site\/?product=fone-headset-vinik-go-play-fm35-preto","og_site_name":"FLEXLAN Inform\u00e1tica","article_publisher":"https:\/\/www.facebook.com\/FlexLanInformatica","article_modified_time":"2023-09-21T18:02:37+00:00","og_image":[{"width":700,"height":700,"url":"https:\/\/flexlan.com.br\/site\/wp-content\/uploads\/2023\/09\/FONE-HEADSET-VINIK-GO-PLAY-FM35-PRETO.jpeg","type":"image\/jpeg"}],"twitter_card":"summary_large_image","twitter_misc":{"Est. tempo de leitura":"1 minuto"},"schema":{"@context":"https:\/\/schema.org","@graph":[{"@type":["WebPage","ItemPage"],"@id":"https:\/\/flexlan.com.br\/site\/?product=fone-headset-vinik-go-play-fm35-preto","url":"https:\/\/flexlan.com.br\/site\/?product=fone-headset-vinik-go-play-fm35-preto","name":"FONE DE OUVIDO HEADSET VINIK GO PLAY FM35 PRETO - FLEXLAN Inform\u00e1tica","isPartOf":{"@id":"https:\/\/flexlan.com.br\/site\/#website"},"datePublished":"2023-09-21T18:00:41+00:00","dateModified":"2023-09-21T18:02:37+00:00","description":"O headset GO PLAY possui ajuste de tamanho deslizante individual, regulagem da haste do microfone e almofadas em espuma, para que voc\u00ea tenha todo o conforto necess\u00e1rio.","breadcrumb":{"@id":"https:\/\/flexlan.com.br\/site\/?product=fone-headset-vinik-go-play-fm35-preto#breadcrumb"},"inLanguage":"pt-BR","potentialAction":[{"@type":"ReadAction","target":["https:\/\/flexlan.com.br\/site\/?product=fone-headset-vinik-go-play-fm35-preto"]}]},{"@type":"BreadcrumbList","@id":"https:\/\/flexlan.com.br\/site\/?product=fone-headset-vinik-go-play-fm35-preto#breadcrumb","itemListElement":[{"@type":"ListItem","position":1,"name":"In\u00edcio","item":"https:\/\/flexlan.com.br\/site\/"},{"@type":"ListItem","position":2,"name":"Shop","item":"https:\/\/flexlan.com.br\/site\/?page_id=28271"},{"@type":"ListItem","position":3,"name":"FONE DE OUVIDO HEADSET VINIK GO PLAY FM35 PRETO"}]},{"@type":"WebSite","@id":"https:\/\/flexlan.com.br\/site\/#website","url":"https:\/\/flexlan.com.br\/site\/","name":"FLEXLAN Inform\u00e1tica","description":"Suprimentos e Manuten\u00e7\u00e3o de Computadores e Notebooks","publisher":{"@id":"https:\/\/flexlan.com.br\/site\/#organization"},"alternateName":"FLEXLAN Inform\u00e1tica","potentialAction":[{"@type":"SearchAction","target":{"@type":"EntryPoint","urlTemplate":"https:\/\/flexlan.com.br\/site\/?s={search_term_string}"},"query-input":"required name=search_term_string"}],"inLanguage":"pt-BR"},{"@type":"Organization","@id":"https:\/\/flexlan.com.br\/site\/#organization","name":"Flexlan inform\u00e1tica","alternateName":"Suprimentos e Manuten\u00e7\u00e3o de Computadores e Notebooks","url":"https:\/\/flexlan.com.br\/site\/","logo":{"@type":"ImageObject","inLanguage":"pt-BR","@id":"https:\/\/flexlan.com.br\/site\/#\/schema\/logo\/image\/","url":"https:\/\/flexlan.com.br\/site\/wp-content\/uploads\/2022\/03\/Logo2022.png","contentUrl":"https:\/\/flexlan.com.br\/site\/wp-content\/uploads\/2022\/03\/Logo2022.png","width":796,"height":228,"caption":"Flexlan inform\u00e1tica"},"image":{"@id":"https:\/\/flexlan.com.br\/site\/#\/schema\/logo\/image\/"},"sameAs":["https:\/\/www.facebook.com\/FlexLanInformatica","https:\/\/instagram.com\/flexlan"]}]}},"_links":{"self":[{"href":"https:\/\/flexlan.com.br\/site\/index.php?rest_route=\/wp\/v2\/product\/28493"}],"collection":[{"href":"https:\/\/flexlan.com.br\/site\/index.php?rest_route=\/wp\/v2\/product"}],"about":[{"href":"https:\/\/flexlan.com.br\/site\/index.php?rest_route=\/wp\/v2\/types\/product"}],"replies":[{"embeddable":true,"href":"https:\/\/flexlan.com.br\/site\/index.php?rest_route=%2Fwp%2Fv2%2Fcomments&post=28493"}],"wp:featuredmedia":[{"embeddable":true,"href":"https:\/\/flexlan.com.br\/site\/index.php?rest_route=\/wp\/v2\/media\/28497"}],"wp:attachment":[{"href":"https:\/\/flexlan.com.br\/site\/index.php?rest_route=%2Fwp%2Fv2%2Fmedia&parent=28493"}],"wp:term":[{"taxonomy":"product_cat","embeddable":true,"href":"https:\/\/flexlan.com.br\/site\/index.php?rest_route=%2Fwp%2Fv2%2Fproduct_cat&post=28493"},{"taxonomy":"product_tag","embeddable":true,"href":"https:\/\/flexlan.com.br\/site\/index.php?rest_route=%2Fwp%2Fv2%2Fproduct_tag&post=28493"}],"curies":[{"name":"wp","href":"https:\/\/api.w.org\/{rel}","templated":true}]}}