{"id":28461,"date":"2023-07-03T16:24:12","date_gmt":"2023-07-03T16:24:12","guid":{"rendered":"https:\/\/flexlan.com.br\/site\/?post_type=product&#038;p=28461"},"modified":"2023-07-03T16:24:13","modified_gmt":"2023-07-03T16:24:13","slug":"fone-de-ouvido-bluetooth-w1-touch-preto","status":"publish","type":"product","link":"https:\/\/flexlan.com.br\/site\/?product=fone-de-ouvido-bluetooth-w1-touch-preto","title":{"rendered":"FONE DE OUVIDO BLUETOOTH W1 TOUCH  PRETO"},"content":{"rendered":"<p>Fone sem fio est\u00e9reo real (TWS) que podem ser usados separadamente ou pareados.<\/p>\n<p>Vers\u00e3o Bluetooth: 5.0<br \/>\nFrequ\u00eancia Bluetooth: 2. 4GHZ<br \/>\nAlcance do Bluetooth: 10 metros em linha reta sem obst\u00e1culos<br \/>\nCapacidade da bateria:<br \/>\nFone: 50 mA em bateria de l\u00edtio recarreg\u00e1vel<br \/>\nEstojo de carga: 400 mA<br \/>\nTempo de execu\u00e7\u00e3o \/ fala em modo individual: 5 &#8211; 6 horas<br \/>\nModo de execu\u00e7\u00e3o simult\u00e2neo: 4 -5 horas<br \/>\nTempo de bateria em repouso:<br \/>\nModo individual: 100 horas<br \/>\nModo simult\u00e2neo: 60 horas<\/p>\n<p>Tempo de recarga da bateria:<br \/>\nFones: Aprox. 1 hora<br \/>\nEstojo: Aprox. 2 horas<\/p>\n<p>Dimens\u00f5es:<br \/>\nFones: 40x25x15mm (cada)<br \/>\nEstojo de carga: 25x80x30mm<\/p>\n<p>Peso:<br \/>\nFones: 4,5g (cada)<br \/>\nEstojo de carga: 29g<\/p>\n<p>Itens inclusos na embalagem:<br \/>\n1 par de fones<br \/>\n2 pares de borrachas auriculares extras<br \/>\n1 estojo carregador<br \/>\n1 mini cabo USB para recarga<br \/>\n1 manual de instru\u00e7\u00f5es<\/p>\n","protected":false},"excerpt":{"rendered":"<p>Os fones W1 touch da Vinik vieram para te dar mais liberdade a cada batida da sua m\u00fasica preferida! Seja em casa, no trabalho ou praticando atividades ao ar livre, os fones W1 Touch n\u00e3o te deixam sair do ritmo!<\/p>\n","protected":false},"featured_media":28465,"comment_status":"open","ping_status":"closed","template":"","meta":{"site-sidebar-layout":"default","site-content-layout":"default","ast-site-content-layout":"","site-content-style":"default","site-sidebar-style":"default","ast-global-header-display":"","ast-banner-title-visibility":"","ast-main-header-display":"","ast-hfb-above-header-display":"","ast-hfb-below-header-display":"","ast-hfb-mobile-header-display":"","site-post-title":"","ast-breadcrumbs-content":"","ast-featured-img":"","footer-sml-layout":"","theme-transparent-header-meta":"default","adv-header-id-meta":"","stick-header-meta":"","header-above-stick-meta":"","header-main-stick-meta":"","header-below-stick-meta":"","astra-migrate-meta-layouts":""},"product_cat":[52,54],"product_tag":[],"yoast_head":"<!-- This site is optimized with the Yoast SEO plugin v21.1 - https:\/\/yoast.com\/wordpress\/plugins\/seo\/ -->\n<title>FONE DE OUVIDO BLUETOOTH W1 TOUCH PRETO - FLEXLAN Inform\u00e1tica<\/title>\n<meta name=\"description\" content=\"Suprimentos e Manuten\u00e7\u00e3o de Computadores e Notebooks\" \/>\n<meta name=\"robots\" content=\"index, follow, max-snippet:-1, max-image-preview:large, max-video-preview:-1\" \/>\n<link rel=\"canonical\" href=\"https:\/\/flexlan.com.br\/site\/?product=fone-de-ouvido-bluetooth-w1-touch-preto\" \/>\n<meta property=\"og:locale\" content=\"pt_BR\" \/>\n<meta property=\"og:type\" content=\"article\" \/>\n<meta property=\"og:title\" content=\"FONE DE OUVIDO BLUETOOTH W1 TOUCH PRETO - FLEXLAN Inform\u00e1tica\" \/>\n<meta property=\"og:description\" content=\"Suprimentos e Manuten\u00e7\u00e3o de Computadores e Notebooks\" \/>\n<meta property=\"og:url\" content=\"https:\/\/flexlan.com.br\/site\/?product=fone-de-ouvido-bluetooth-w1-touch-preto\" \/>\n<meta property=\"og:site_name\" content=\"FLEXLAN Inform\u00e1tica\" \/>\n<meta property=\"article:publisher\" content=\"https:\/\/www.facebook.com\/FlexLanInformatica\" \/>\n<meta property=\"article:modified_time\" content=\"2023-07-03T16:24:13+00:00\" \/>\n<meta property=\"og:image\" content=\"https:\/\/i0.wp.com\/flexlan.com.br\/site\/wp-content\/uploads\/2023\/07\/FONE-DE-OUVIDO-BLUETOOTH-W1-TOUCH-PRETO.jpg?fit=700%2C700&ssl=1\" \/>\n\t<meta property=\"og:image:width\" content=\"700\" \/>\n\t<meta property=\"og:image:height\" content=\"700\" \/>\n\t<meta property=\"og:image:type\" content=\"image\/jpeg\" \/>\n<meta name=\"twitter:card\" content=\"summary_large_image\" \/>\n<meta name=\"twitter:label1\" content=\"Est. tempo de leitura\" \/>\n\t<meta name=\"twitter:data1\" content=\"1 minuto\" \/>\n<script type=\"application\/ld+json\" class=\"yoast-schema-graph\">{\"@context\":\"https:\/\/schema.org\",\"@graph\":[{\"@type\":[\"WebPage\",\"ItemPage\"],\"@id\":\"https:\/\/flexlan.com.br\/site\/?product=fone-de-ouvido-bluetooth-w1-touch-preto\",\"url\":\"https:\/\/flexlan.com.br\/site\/?product=fone-de-ouvido-bluetooth-w1-touch-preto\",\"name\":\"FONE DE OUVIDO BLUETOOTH W1 TOUCH PRETO - FLEXLAN Inform\u00e1tica\",\"isPartOf\":{\"@id\":\"https:\/\/flexlan.com.br\/site\/#website\"},\"datePublished\":\"2023-07-03T16:24:12+00:00\",\"dateModified\":\"2023-07-03T16:24:13+00:00\",\"description\":\"Suprimentos e Manuten\u00e7\u00e3o de Computadores e Notebooks\",\"breadcrumb\":{\"@id\":\"https:\/\/flexlan.com.br\/site\/?product=fone-de-ouvido-bluetooth-w1-touch-preto#breadcrumb\"},\"inLanguage\":\"pt-BR\",\"potentialAction\":[{\"@type\":\"ReadAction\",\"target\":[\"https:\/\/flexlan.com.br\/site\/?product=fone-de-ouvido-bluetooth-w1-touch-preto\"]}]},{\"@type\":\"BreadcrumbList\",\"@id\":\"https:\/\/flexlan.com.br\/site\/?product=fone-de-ouvido-bluetooth-w1-touch-preto#breadcrumb\",\"itemListElement\":[{\"@type\":\"ListItem\",\"position\":1,\"name\":\"In\u00edcio\",\"item\":\"https:\/\/flexlan.com.br\/site\/\"},{\"@type\":\"ListItem\",\"position\":2,\"name\":\"Shop\",\"item\":\"https:\/\/flexlan.com.br\/site\/?page_id=28271\"},{\"@type\":\"ListItem\",\"position\":3,\"name\":\"FONE DE OUVIDO BLUETOOTH W1 TOUCH PRETO\"}]},{\"@type\":\"WebSite\",\"@id\":\"https:\/\/flexlan.com.br\/site\/#website\",\"url\":\"https:\/\/flexlan.com.br\/site\/\",\"name\":\"FLEXLAN Inform\u00e1tica\",\"description\":\"Suprimentos e Manuten\u00e7\u00e3o de Computadores e Notebooks\",\"publisher\":{\"@id\":\"https:\/\/flexlan.com.br\/site\/#organization\"},\"alternateName\":\"FLEXLAN Inform\u00e1tica\",\"potentialAction\":[{\"@type\":\"SearchAction\",\"target\":{\"@type\":\"EntryPoint\",\"urlTemplate\":\"https:\/\/flexlan.com.br\/site\/?s={search_term_string}\"},\"query-input\":\"required name=search_term_string\"}],\"inLanguage\":\"pt-BR\"},{\"@type\":\"Organization\",\"@id\":\"https:\/\/flexlan.com.br\/site\/#organization\",\"name\":\"Flexlan inform\u00e1tica\",\"alternateName\":\"Suprimentos e Manuten\u00e7\u00e3o de Computadores e Notebooks\",\"url\":\"https:\/\/flexlan.com.br\/site\/\",\"logo\":{\"@type\":\"ImageObject\",\"inLanguage\":\"pt-BR\",\"@id\":\"https:\/\/flexlan.com.br\/site\/#\/schema\/logo\/image\/\",\"url\":\"https:\/\/flexlan.com.br\/site\/wp-content\/uploads\/2022\/03\/Logo2022.png\",\"contentUrl\":\"https:\/\/flexlan.com.br\/site\/wp-content\/uploads\/2022\/03\/Logo2022.png\",\"width\":796,\"height\":228,\"caption\":\"Flexlan inform\u00e1tica\"},\"image\":{\"@id\":\"https:\/\/flexlan.com.br\/site\/#\/schema\/logo\/image\/\"},\"sameAs\":[\"https:\/\/www.facebook.com\/FlexLanInformatica\",\"https:\/\/instagram.com\/flexlan\"]}]}<\/script>\n<!-- \/ Yoast SEO plugin. -->","yoast_head_json":{"title":"FONE DE OUVIDO BLUETOOTH W1 TOUCH PRETO - FLEXLAN Inform\u00e1tica","description":"Suprimentos e Manuten\u00e7\u00e3o de Computadores e Notebooks","robots":{"index":"index","follow":"follow","max-snippet":"max-snippet:-1","max-image-preview":"max-image-preview:large","max-video-preview":"max-video-preview:-1"},"canonical":"https:\/\/flexlan.com.br\/site\/?product=fone-de-ouvido-bluetooth-w1-touch-preto","og_locale":"pt_BR","og_type":"article","og_title":"FONE DE OUVIDO BLUETOOTH W1 TOUCH PRETO - FLEXLAN Inform\u00e1tica","og_description":"Suprimentos e Manuten\u00e7\u00e3o de Computadores e Notebooks","og_url":"https:\/\/flexlan.com.br\/site\/?product=fone-de-ouvido-bluetooth-w1-touch-preto","og_site_name":"FLEXLAN Inform\u00e1tica","article_publisher":"https:\/\/www.facebook.com\/FlexLanInformatica","article_modified_time":"2023-07-03T16:24:13+00:00","og_image":[{"width":700,"height":700,"url":"https:\/\/i0.wp.com\/flexlan.com.br\/site\/wp-content\/uploads\/2023\/07\/FONE-DE-OUVIDO-BLUETOOTH-W1-TOUCH-PRETO.jpg?fit=700%2C700&ssl=1","type":"image\/jpeg"}],"twitter_card":"summary_large_image","twitter_misc":{"Est. tempo de leitura":"1 minuto"},"schema":{"@context":"https:\/\/schema.org","@graph":[{"@type":["WebPage","ItemPage"],"@id":"https:\/\/flexlan.com.br\/site\/?product=fone-de-ouvido-bluetooth-w1-touch-preto","url":"https:\/\/flexlan.com.br\/site\/?product=fone-de-ouvido-bluetooth-w1-touch-preto","name":"FONE DE OUVIDO BLUETOOTH W1 TOUCH PRETO - FLEXLAN Inform\u00e1tica","isPartOf":{"@id":"https:\/\/flexlan.com.br\/site\/#website"},"datePublished":"2023-07-03T16:24:12+00:00","dateModified":"2023-07-03T16:24:13+00:00","description":"Suprimentos e Manuten\u00e7\u00e3o de Computadores e Notebooks","breadcrumb":{"@id":"https:\/\/flexlan.com.br\/site\/?product=fone-de-ouvido-bluetooth-w1-touch-preto#breadcrumb"},"inLanguage":"pt-BR","potentialAction":[{"@type":"ReadAction","target":["https:\/\/flexlan.com.br\/site\/?product=fone-de-ouvido-bluetooth-w1-touch-preto"]}]},{"@type":"BreadcrumbList","@id":"https:\/\/flexlan.com.br\/site\/?product=fone-de-ouvido-bluetooth-w1-touch-preto#breadcrumb","itemListElement":[{"@type":"ListItem","position":1,"name":"In\u00edcio","item":"https:\/\/flexlan.com.br\/site\/"},{"@type":"ListItem","position":2,"name":"Shop","item":"https:\/\/flexlan.com.br\/site\/?page_id=28271"},{"@type":"ListItem","position":3,"name":"FONE DE OUVIDO BLUETOOTH W1 TOUCH PRETO"}]},{"@type":"WebSite","@id":"https:\/\/flexlan.com.br\/site\/#website","url":"https:\/\/flexlan.com.br\/site\/","name":"FLEXLAN Inform\u00e1tica","description":"Suprimentos e Manuten\u00e7\u00e3o de Computadores e Notebooks","publisher":{"@id":"https:\/\/flexlan.com.br\/site\/#organization"},"alternateName":"FLEXLAN Inform\u00e1tica","potentialAction":[{"@type":"SearchAction","target":{"@type":"EntryPoint","urlTemplate":"https:\/\/flexlan.com.br\/site\/?s={search_term_string}"},"query-input":"required name=search_term_string"}],"inLanguage":"pt-BR"},{"@type":"Organization","@id":"https:\/\/flexlan.com.br\/site\/#organization","name":"Flexlan inform\u00e1tica","alternateName":"Suprimentos e Manuten\u00e7\u00e3o de Computadores e Notebooks","url":"https:\/\/flexlan.com.br\/site\/","logo":{"@type":"ImageObject","inLanguage":"pt-BR","@id":"https:\/\/flexlan.com.br\/site\/#\/schema\/logo\/image\/","url":"https:\/\/flexlan.com.br\/site\/wp-content\/uploads\/2022\/03\/Logo2022.png","contentUrl":"https:\/\/flexlan.com.br\/site\/wp-content\/uploads\/2022\/03\/Logo2022.png","width":796,"height":228,"caption":"Flexlan inform\u00e1tica"},"image":{"@id":"https:\/\/flexlan.com.br\/site\/#\/schema\/logo\/image\/"},"sameAs":["https:\/\/www.facebook.com\/FlexLanInformatica","https:\/\/instagram.com\/flexlan"]}]}},"_links":{"self":[{"href":"https:\/\/flexlan.com.br\/site\/index.php?rest_route=\/wp\/v2\/product\/28461"}],"collection":[{"href":"https:\/\/flexlan.com.br\/site\/index.php?rest_route=\/wp\/v2\/product"}],"about":[{"href":"https:\/\/flexlan.com.br\/site\/index.php?rest_route=\/wp\/v2\/types\/product"}],"replies":[{"embeddable":true,"href":"https:\/\/flexlan.com.br\/site\/index.php?rest_route=%2Fwp%2Fv2%2Fcomments&post=28461"}],"wp:featuredmedia":[{"embeddable":true,"href":"https:\/\/flexlan.com.br\/site\/index.php?rest_route=\/wp\/v2\/media\/28465"}],"wp:attachment":[{"href":"https:\/\/flexlan.com.br\/site\/index.php?rest_route=%2Fwp%2Fv2%2Fmedia&parent=28461"}],"wp:term":[{"taxonomy":"product_cat","embeddable":true,"href":"https:\/\/flexlan.com.br\/site\/index.php?rest_route=%2Fwp%2Fv2%2Fproduct_cat&post=28461"},{"taxonomy":"product_tag","embeddable":true,"href":"https:\/\/flexlan.com.br\/site\/index.php?rest_route=%2Fwp%2Fv2%2Fproduct_tag&post=28461"}],"curies":[{"name":"wp","href":"https:\/\/api.w.org\/{rel}","templated":true}]}}