{"id":28409,"date":"2023-04-19T14:48:01","date_gmt":"2023-04-19T14:48:01","guid":{"rendered":"https:\/\/flexlan.com.br\/site\/?post_type=product&#038;p=28409"},"modified":"2024-05-20T16:09:40","modified_gmt":"2024-05-20T19:09:40","slug":"impressora-bematech-nao-fiscal-mp4200-th-adv-usb-ethernet-serial","status":"publish","type":"product","link":"https:\/\/flexlan.com.br\/site\/?product=impressora-bematech-nao-fiscal-mp4200-th-adv-usb-ethernet-serial","title":{"rendered":"IMPRESSORA BEMATECH NAO FISCAL MP4200 TH ADV USB ETHERNET SERIAL"},"content":{"rendered":"<p><b>Especifica\u00e7\u00f5es T\u00e9cnicas<\/b><br \/>\n&#8211; Velocidade de impress\u00e3o: 250 mm\/s<br \/>\n&#8211; Velocidade de avan\u00e7o de papel: 52 lps<br \/>\n&#8211; N\u00ba de caracteres por linha: 24, 32, 48 ,64, ou 21,28, 42, 56<br \/>\n&#8211; Guilhotina: vida \u00fatil: 2 milh\u00f5es de cortes<br \/>\n&#8211; Interface de comunica\u00e7\u00e3o<br \/>\n&#8211; Interface Padr\u00e3o: USB \/ Segunda interface opcional e modular: Serial RS-232, Ethernet ou Wi-Fi<br \/>\n&#8211; Alimenta\u00e7\u00e3o: 100 a 240 VAC (externa) 50 a 60 Hz<br \/>\n&#8211; M\u00e9todo de impress\u00e3o: T\u00e9rmico<br \/>\n&#8211; Modo de impress\u00e3o: Normal, expandido na horizontal, expandido na vertical, expandido na vertical e horizontal, enfatizado, it\u00e1lico, invertido, negrito, sublinhado, sobrescrito, subscrito.<br \/>\n&#8211; Drivers e softwares: Win 95 \/ 98 \/ ME , NT 4.0 , Windows 2000 , Win XP \/ Vista \/ 7\/10, JAVAPOS, OPOS, DLL (Windows) \/ SO (Linux) \/ Driver de Spooler<br \/>\n&#8211; Sensores: Fim de papel, pr\u00f3ximo do fim de papel, tampa aberta, Temperatura da Cabe\u00e7a de Impress\u00e3o<br \/>\n&#8211; Vida \u00fatil do mecanismo de impress\u00e3o: 200Km<br \/>\n&#8211; Acionamento de gaveta: 1 conector RJ-12 com capacidade de conex\u00e3o de 2 gavetas<br \/>\n&#8211; Troca de Bobina : Easy load<br \/>\n&#8211; Temperatura de opera\u00e7\u00e3o: 0 a 40\u00baC<br \/>\n&#8211; Umidade de opera\u00e7\u00e3o: 10 a 90<\/p>\n<p>Dimens\u00f5es:<br \/>\n&#8211; Altura: 14,6 cm<br \/>\n&#8211; Largura: 15,0 cm<br \/>\n&#8211; Profundidade: 21,8 cm<br \/>\n&#8211; Massa: 1,2 Kg<\/p>\n<p>Dimens\u00f5es do Papel:<br \/>\n&#8211; Largura: 58 a 82,5 mm<br \/>\n&#8211; Di\u00e2metro externo: 102 mm<br \/>\n&#8211; Espessura: 56 a 107 \u00b5m<\/p>\n<p>Imagens de car\u00e1ter ilustrativo<\/p>\n<p>&nbsp;<\/p>\n<p><strong>Garantia do Fornecedor<\/strong><\/p>\n<p>36 Meses<\/p>\n","protected":false},"excerpt":{"rendered":"<p>Impressora N\u00e3o Fiscal Bematech MP-4200 TH BR Guilhotina USB. Menos problemas para o seu neg\u00f3cio. Com o sistema Easy Recovery System o atolamento de papel \u00e9 resolvido de forma r\u00e1pida para voltar a trabalhar normalmente. Seu trabalho feito mais r\u00e1pido.<\/p>\n","protected":false},"featured_media":28412,"comment_status":"open","ping_status":"closed","template":"","meta":{"site-sidebar-layout":"default","site-content-layout":"default","ast-site-content-layout":"","site-content-style":"default","site-sidebar-style":"default","ast-global-header-display":"","ast-banner-title-visibility":"","ast-main-header-display":"","ast-hfb-above-header-display":"","ast-hfb-below-header-display":"","ast-hfb-mobile-header-display":"","site-post-title":"","ast-breadcrumbs-content":"","ast-featured-img":"","footer-sml-layout":"","theme-transparent-header-meta":"default","adv-header-id-meta":"","stick-header-meta":"","header-above-stick-meta":"","header-main-stick-meta":"","header-below-stick-meta":"","astra-migrate-meta-layouts":""},"product_cat":[22,50],"product_tag":[],"yoast_head":"<!-- This site is optimized with the Yoast SEO plugin v21.1 - https:\/\/yoast.com\/wordpress\/plugins\/seo\/ -->\n<title>IMPRESSORA BEMATECH NAO FISCAL MP4200 TH ADV USB ETHERNET SERIAL - FLEXLAN Inform\u00e1tica<\/title>\n<meta name=\"description\" content=\"Suprimentos e Manuten\u00e7\u00e3o de Computadores e Notebooks\" \/>\n<meta name=\"robots\" content=\"index, follow, max-snippet:-1, max-image-preview:large, max-video-preview:-1\" \/>\n<link rel=\"canonical\" href=\"https:\/\/flexlan.com.br\/site\/?product=impressora-bematech-nao-fiscal-mp4200-th-adv-usb-ethernet-serial\" \/>\n<meta property=\"og:locale\" content=\"pt_BR\" \/>\n<meta property=\"og:type\" content=\"article\" \/>\n<meta property=\"og:title\" content=\"IMPRESSORA BEMATECH NAO FISCAL MP4200 TH ADV USB ETHERNET SERIAL - FLEXLAN Inform\u00e1tica\" \/>\n<meta property=\"og:description\" content=\"Suprimentos e Manuten\u00e7\u00e3o de Computadores e Notebooks\" \/>\n<meta property=\"og:url\" content=\"https:\/\/flexlan.com.br\/site\/?product=impressora-bematech-nao-fiscal-mp4200-th-adv-usb-ethernet-serial\" \/>\n<meta property=\"og:site_name\" content=\"FLEXLAN Inform\u00e1tica\" \/>\n<meta property=\"article:publisher\" content=\"https:\/\/www.facebook.com\/FlexLanInformatica\" \/>\n<meta property=\"article:modified_time\" content=\"2024-05-20T19:09:40+00:00\" \/>\n<meta property=\"og:image\" content=\"https:\/\/i0.wp.com\/flexlan.com.br\/site\/wp-content\/uploads\/2023\/04\/IMPRESSORA-BEMATECH-NAO-FISCAL-MP4200-TH-ADV-USB-ETHERNET-SERIAL.jpg?fit=1000%2C1000&ssl=1\" \/>\n\t<meta property=\"og:image:width\" content=\"1000\" \/>\n\t<meta property=\"og:image:height\" content=\"1000\" \/>\n\t<meta property=\"og:image:type\" content=\"image\/jpeg\" \/>\n<meta name=\"twitter:card\" content=\"summary_large_image\" \/>\n<meta name=\"twitter:label1\" content=\"Est. tempo de leitura\" \/>\n\t<meta name=\"twitter:data1\" content=\"1 minuto\" \/>\n<script type=\"application\/ld+json\" class=\"yoast-schema-graph\">{\"@context\":\"https:\/\/schema.org\",\"@graph\":[{\"@type\":[\"WebPage\",\"ItemPage\"],\"@id\":\"https:\/\/flexlan.com.br\/site\/?product=impressora-bematech-nao-fiscal-mp4200-th-adv-usb-ethernet-serial\",\"url\":\"https:\/\/flexlan.com.br\/site\/?product=impressora-bematech-nao-fiscal-mp4200-th-adv-usb-ethernet-serial\",\"name\":\"IMPRESSORA BEMATECH NAO FISCAL MP4200 TH ADV USB ETHERNET SERIAL - FLEXLAN Inform\u00e1tica\",\"isPartOf\":{\"@id\":\"https:\/\/flexlan.com.br\/site\/#website\"},\"datePublished\":\"2023-04-19T14:48:01+00:00\",\"dateModified\":\"2024-05-20T19:09:40+00:00\",\"description\":\"Suprimentos e Manuten\u00e7\u00e3o de Computadores e Notebooks\",\"breadcrumb\":{\"@id\":\"https:\/\/flexlan.com.br\/site\/?product=impressora-bematech-nao-fiscal-mp4200-th-adv-usb-ethernet-serial#breadcrumb\"},\"inLanguage\":\"pt-BR\",\"potentialAction\":[{\"@type\":\"ReadAction\",\"target\":[\"https:\/\/flexlan.com.br\/site\/?product=impressora-bematech-nao-fiscal-mp4200-th-adv-usb-ethernet-serial\"]}]},{\"@type\":\"BreadcrumbList\",\"@id\":\"https:\/\/flexlan.com.br\/site\/?product=impressora-bematech-nao-fiscal-mp4200-th-adv-usb-ethernet-serial#breadcrumb\",\"itemListElement\":[{\"@type\":\"ListItem\",\"position\":1,\"name\":\"In\u00edcio\",\"item\":\"https:\/\/flexlan.com.br\/site\/\"},{\"@type\":\"ListItem\",\"position\":2,\"name\":\"Shop\",\"item\":\"https:\/\/flexlan.com.br\/site\/?page_id=28271\"},{\"@type\":\"ListItem\",\"position\":3,\"name\":\"IMPRESSORA BEMATECH NAO FISCAL MP4200 TH ADV USB ETHERNET SERIAL\"}]},{\"@type\":\"WebSite\",\"@id\":\"https:\/\/flexlan.com.br\/site\/#website\",\"url\":\"https:\/\/flexlan.com.br\/site\/\",\"name\":\"FLEXLAN Inform\u00e1tica\",\"description\":\"Suprimentos e Manuten\u00e7\u00e3o de Computadores e Notebooks\",\"publisher\":{\"@id\":\"https:\/\/flexlan.com.br\/site\/#organization\"},\"alternateName\":\"FLEXLAN Inform\u00e1tica\",\"potentialAction\":[{\"@type\":\"SearchAction\",\"target\":{\"@type\":\"EntryPoint\",\"urlTemplate\":\"https:\/\/flexlan.com.br\/site\/?s={search_term_string}\"},\"query-input\":\"required name=search_term_string\"}],\"inLanguage\":\"pt-BR\"},{\"@type\":\"Organization\",\"@id\":\"https:\/\/flexlan.com.br\/site\/#organization\",\"name\":\"Flexlan inform\u00e1tica\",\"alternateName\":\"Suprimentos e Manuten\u00e7\u00e3o de Computadores e Notebooks\",\"url\":\"https:\/\/flexlan.com.br\/site\/\",\"logo\":{\"@type\":\"ImageObject\",\"inLanguage\":\"pt-BR\",\"@id\":\"https:\/\/flexlan.com.br\/site\/#\/schema\/logo\/image\/\",\"url\":\"https:\/\/flexlan.com.br\/site\/wp-content\/uploads\/2022\/03\/Logo2022.png\",\"contentUrl\":\"https:\/\/flexlan.com.br\/site\/wp-content\/uploads\/2022\/03\/Logo2022.png\",\"width\":796,\"height\":228,\"caption\":\"Flexlan inform\u00e1tica\"},\"image\":{\"@id\":\"https:\/\/flexlan.com.br\/site\/#\/schema\/logo\/image\/\"},\"sameAs\":[\"https:\/\/www.facebook.com\/FlexLanInformatica\",\"https:\/\/instagram.com\/flexlan\"]}]}<\/script>\n<!-- \/ Yoast SEO plugin. -->","yoast_head_json":{"title":"IMPRESSORA BEMATECH NAO FISCAL MP4200 TH ADV USB ETHERNET SERIAL - FLEXLAN Inform\u00e1tica","description":"Suprimentos e Manuten\u00e7\u00e3o de Computadores e Notebooks","robots":{"index":"index","follow":"follow","max-snippet":"max-snippet:-1","max-image-preview":"max-image-preview:large","max-video-preview":"max-video-preview:-1"},"canonical":"https:\/\/flexlan.com.br\/site\/?product=impressora-bematech-nao-fiscal-mp4200-th-adv-usb-ethernet-serial","og_locale":"pt_BR","og_type":"article","og_title":"IMPRESSORA BEMATECH NAO FISCAL MP4200 TH ADV USB ETHERNET SERIAL - FLEXLAN Inform\u00e1tica","og_description":"Suprimentos e Manuten\u00e7\u00e3o de Computadores e Notebooks","og_url":"https:\/\/flexlan.com.br\/site\/?product=impressora-bematech-nao-fiscal-mp4200-th-adv-usb-ethernet-serial","og_site_name":"FLEXLAN Inform\u00e1tica","article_publisher":"https:\/\/www.facebook.com\/FlexLanInformatica","article_modified_time":"2024-05-20T19:09:40+00:00","og_image":[{"width":1000,"height":1000,"url":"https:\/\/i0.wp.com\/flexlan.com.br\/site\/wp-content\/uploads\/2023\/04\/IMPRESSORA-BEMATECH-NAO-FISCAL-MP4200-TH-ADV-USB-ETHERNET-SERIAL.jpg?fit=1000%2C1000&ssl=1","type":"image\/jpeg"}],"twitter_card":"summary_large_image","twitter_misc":{"Est. tempo de leitura":"1 minuto"},"schema":{"@context":"https:\/\/schema.org","@graph":[{"@type":["WebPage","ItemPage"],"@id":"https:\/\/flexlan.com.br\/site\/?product=impressora-bematech-nao-fiscal-mp4200-th-adv-usb-ethernet-serial","url":"https:\/\/flexlan.com.br\/site\/?product=impressora-bematech-nao-fiscal-mp4200-th-adv-usb-ethernet-serial","name":"IMPRESSORA BEMATECH NAO FISCAL MP4200 TH ADV USB ETHERNET SERIAL - FLEXLAN Inform\u00e1tica","isPartOf":{"@id":"https:\/\/flexlan.com.br\/site\/#website"},"datePublished":"2023-04-19T14:48:01+00:00","dateModified":"2024-05-20T19:09:40+00:00","description":"Suprimentos e Manuten\u00e7\u00e3o de Computadores e Notebooks","breadcrumb":{"@id":"https:\/\/flexlan.com.br\/site\/?product=impressora-bematech-nao-fiscal-mp4200-th-adv-usb-ethernet-serial#breadcrumb"},"inLanguage":"pt-BR","potentialAction":[{"@type":"ReadAction","target":["https:\/\/flexlan.com.br\/site\/?product=impressora-bematech-nao-fiscal-mp4200-th-adv-usb-ethernet-serial"]}]},{"@type":"BreadcrumbList","@id":"https:\/\/flexlan.com.br\/site\/?product=impressora-bematech-nao-fiscal-mp4200-th-adv-usb-ethernet-serial#breadcrumb","itemListElement":[{"@type":"ListItem","position":1,"name":"In\u00edcio","item":"https:\/\/flexlan.com.br\/site\/"},{"@type":"ListItem","position":2,"name":"Shop","item":"https:\/\/flexlan.com.br\/site\/?page_id=28271"},{"@type":"ListItem","position":3,"name":"IMPRESSORA BEMATECH NAO FISCAL MP4200 TH ADV USB ETHERNET SERIAL"}]},{"@type":"WebSite","@id":"https:\/\/flexlan.com.br\/site\/#website","url":"https:\/\/flexlan.com.br\/site\/","name":"FLEXLAN Inform\u00e1tica","description":"Suprimentos e Manuten\u00e7\u00e3o de Computadores e Notebooks","publisher":{"@id":"https:\/\/flexlan.com.br\/site\/#organization"},"alternateName":"FLEXLAN Inform\u00e1tica","potentialAction":[{"@type":"SearchAction","target":{"@type":"EntryPoint","urlTemplate":"https:\/\/flexlan.com.br\/site\/?s={search_term_string}"},"query-input":"required name=search_term_string"}],"inLanguage":"pt-BR"},{"@type":"Organization","@id":"https:\/\/flexlan.com.br\/site\/#organization","name":"Flexlan inform\u00e1tica","alternateName":"Suprimentos e Manuten\u00e7\u00e3o de Computadores e Notebooks","url":"https:\/\/flexlan.com.br\/site\/","logo":{"@type":"ImageObject","inLanguage":"pt-BR","@id":"https:\/\/flexlan.com.br\/site\/#\/schema\/logo\/image\/","url":"https:\/\/flexlan.com.br\/site\/wp-content\/uploads\/2022\/03\/Logo2022.png","contentUrl":"https:\/\/flexlan.com.br\/site\/wp-content\/uploads\/2022\/03\/Logo2022.png","width":796,"height":228,"caption":"Flexlan inform\u00e1tica"},"image":{"@id":"https:\/\/flexlan.com.br\/site\/#\/schema\/logo\/image\/"},"sameAs":["https:\/\/www.facebook.com\/FlexLanInformatica","https:\/\/instagram.com\/flexlan"]}]}},"_links":{"self":[{"href":"https:\/\/flexlan.com.br\/site\/index.php?rest_route=\/wp\/v2\/product\/28409"}],"collection":[{"href":"https:\/\/flexlan.com.br\/site\/index.php?rest_route=\/wp\/v2\/product"}],"about":[{"href":"https:\/\/flexlan.com.br\/site\/index.php?rest_route=\/wp\/v2\/types\/product"}],"replies":[{"embeddable":true,"href":"https:\/\/flexlan.com.br\/site\/index.php?rest_route=%2Fwp%2Fv2%2Fcomments&post=28409"}],"wp:featuredmedia":[{"embeddable":true,"href":"https:\/\/flexlan.com.br\/site\/index.php?rest_route=\/wp\/v2\/media\/28412"}],"wp:attachment":[{"href":"https:\/\/flexlan.com.br\/site\/index.php?rest_route=%2Fwp%2Fv2%2Fmedia&parent=28409"}],"wp:term":[{"taxonomy":"product_cat","embeddable":true,"href":"https:\/\/flexlan.com.br\/site\/index.php?rest_route=%2Fwp%2Fv2%2Fproduct_cat&post=28409"},{"taxonomy":"product_tag","embeddable":true,"href":"https:\/\/flexlan.com.br\/site\/index.php?rest_route=%2Fwp%2Fv2%2Fproduct_tag&post=28409"}],"curies":[{"name":"wp","href":"https:\/\/api.w.org\/{rel}","templated":true}]}}