{"id":28397,"date":"2023-03-05T13:56:37","date_gmt":"2023-03-05T16:56:37","guid":{"rendered":"https:\/\/flexlan.com.br\/site\/?post_type=product&#038;p=28397"},"modified":"2024-04-20T12:11:32","modified_gmt":"2024-04-20T15:11:32","slug":"monitor-led-samsung-gamer-24-full-hd-t350-lf24t350fhlmzd","status":"publish","type":"product","link":"https:\/\/flexlan.com.br\/site\/?product=monitor-led-samsung-gamer-24-full-hd-t350-lf24t350fhlmzd","title":{"rendered":"MONITOR LED SAMSUNG GAMER 24 FULL HD  T350 &#8211; LF24T350FHLMZD"},"content":{"rendered":"<div class=\"sc-80fa11ba-1 dMnxrr\">\n<p><strong>Caracter\u00edsticas:<\/strong><\/p>\n<p>&#8211; Marca: Samsung<\/p>\n<p>&#8211; Modelo: LF24T350FHLMZD<\/p>\n<p>&nbsp;<\/p>\n<p><strong>Especifica\u00e7\u00f5es:<\/strong><\/p>\n<p><strong>Tela:\u00a0<\/strong><\/p>\n<p>&#8211; Tamanho da Tela: 24&#8243;<\/p>\n<p>&#8211; Tipo de Painel: IPS<\/p>\n<p>&#8211; Curvatura da Tela: Plano<\/p>\n<p>&#8211; Brilho (t\u00edpico): 250 cd\/m\u00b2<\/p>\n<p>&#8211; Contraste Est\u00e1tico: 1000:1<\/p>\n<p>&#8211; Resolu\u00e7\u00e3o: 1,920 x 1,080<\/p>\n<p>&#8211; Propor\u00e7\u00e3o de Tela: 16:09<\/p>\n<p>&#8211; Tempo de Resposta: 5 ms<\/p>\n<p>&#8211; Taxa de Atualiza\u00e7\u00e3o: Max 75Hz<\/p>\n<p>&#8211; \u00c2ngulo de Vis\u00e3o (Horizontal \/ Vertical): 178\u00b0\/178\u00b0<\/p>\n<p>&#8211; Suporte de Cores: Max 16.7M<\/p>\n<p>&nbsp;<\/p>\n<p><strong>Entrada de Sinal:<\/strong><\/p>\n<p>&#8211; 1x D-Sub<\/p>\n<p>&#8211; 1x HDMI 1.4<\/p>\n<p>&nbsp;<\/p>\n<p><strong>Recursos:<\/strong><\/p>\n<p>&#8211; Recursos Especiais: Eco Saving Plus, Eye Saver Mode, Flicker Free, Game mode, Image Size, FreeSync, Off Timer Plus<\/p>\n<p>&#8211; Certifica\u00e7\u00e3o Windows: Windows 10<\/p>\n<p>&nbsp;<\/p>\n<p><strong>Design:<\/strong><\/p>\n<p>&#8211; Cor: Preto<\/p>\n<p>&#8211; Inclina\u00e7\u00e3o Ajust\u00e1vel: -2.0\u00b0 ~ +20.0\u00b0<\/p>\n<p>&#8211; VESA (mm): 100 x 100<\/p>\n<p>&nbsp;<\/p>\n<p><strong>Energia:<\/strong><\/p>\n<p>&#8211; Fonte de Alimenta\u00e7\u00e3o: AC 100-240V<\/p>\n<p>&#8211; Tipo: Adaptador Externo<\/p>\n<p>&nbsp;<\/p>\n<p><strong>Condi\u00e7\u00f5es de Opera\u00e7\u00e3o:<\/strong><\/p>\n<p>&#8211; Temperatura: 10\u2103~ 40\u2103 \u2103<\/p>\n<p>&#8211; Umidade: 10% ~ 80%, Non-condensing %<\/p>\n<p>&nbsp;<\/p>\n<p><strong>Conte\u00fado da Embalagem:<\/strong><\/p>\n<p>&#8211; Monitor Gamer Samsung LED 24<\/p>\n<p>&#8211; Cabo HDMI<\/p>\n<\/div>\n<p>&nbsp;<\/p>\n<div class=\"sc-80fa11ba-2 djKSbF\" data-testid=\"InfoGarantia\">\n<div class=\"sc-80fa11ba-4 hdSjpO\">\n<h3>Garantia:<\/h3>\n<\/div>\n<div class=\"sc-80fa11ba-3 hCpUwi\">12 meses de garantia.<\/div>\n<\/div>\n","protected":false},"excerpt":{"rendered":"<p>Design minimalista, concentra\u00e7\u00e3o m\u00e1xima. A tela com 3 lados sem borda traz uma est\u00e9tica limpa e moderna para qualquer ambiente de trabalho. Em um setup com v\u00e1rios monitores, se alinham perfeitamente para uma Design minimalista, concentra\u00e7\u00e3o m\u00e1xima.<\/p>\n","protected":false},"featured_media":28401,"comment_status":"open","ping_status":"closed","template":"","meta":{"site-sidebar-layout":"default","site-content-layout":"default","ast-site-content-layout":"","site-content-style":"default","site-sidebar-style":"default","ast-global-header-display":"","ast-banner-title-visibility":"","ast-main-header-display":"","ast-hfb-above-header-display":"","ast-hfb-below-header-display":"","ast-hfb-mobile-header-display":"","site-post-title":"","ast-breadcrumbs-content":"","ast-featured-img":"","footer-sml-layout":"","theme-transparent-header-meta":"default","adv-header-id-meta":"","stick-header-meta":"","header-above-stick-meta":"","header-main-stick-meta":"","header-below-stick-meta":"","astra-migrate-meta-layouts":""},"product_cat":[83,26],"product_tag":[],"yoast_head":"<!-- This site is optimized with the Yoast SEO plugin v21.1 - https:\/\/yoast.com\/wordpress\/plugins\/seo\/ -->\n<title>MONITOR LED SAMSUNG GAMER 24 FULL HD T350 - LF24T350FHLMZD - FLEXLAN Inform\u00e1tica<\/title>\n<meta name=\"description\" content=\"Suprimentos e Manuten\u00e7\u00e3o de Computadores e Notebooks\" \/>\n<meta name=\"robots\" content=\"index, follow, max-snippet:-1, max-image-preview:large, max-video-preview:-1\" \/>\n<link rel=\"canonical\" href=\"https:\/\/flexlan.com.br\/site\/?product=monitor-led-samsung-gamer-24-full-hd-t350-lf24t350fhlmzd\" \/>\n<meta property=\"og:locale\" content=\"pt_BR\" \/>\n<meta property=\"og:type\" content=\"article\" \/>\n<meta property=\"og:title\" content=\"MONITOR LED SAMSUNG GAMER 24 FULL HD T350 - LF24T350FHLMZD - FLEXLAN Inform\u00e1tica\" \/>\n<meta property=\"og:description\" content=\"Suprimentos e Manuten\u00e7\u00e3o de Computadores e Notebooks\" \/>\n<meta property=\"og:url\" content=\"https:\/\/flexlan.com.br\/site\/?product=monitor-led-samsung-gamer-24-full-hd-t350-lf24t350fhlmzd\" \/>\n<meta property=\"og:site_name\" content=\"FLEXLAN Inform\u00e1tica\" \/>\n<meta property=\"article:publisher\" content=\"https:\/\/www.facebook.com\/FlexLanInformatica\" \/>\n<meta property=\"article:modified_time\" content=\"2024-04-20T15:11:32+00:00\" \/>\n<meta property=\"og:image\" content=\"https:\/\/flexlan.com.br\/site\/wp-content\/uploads\/2023\/03\/MONITOR-LED-SAMSUNG-GAMER-24-FHD-T350-LF24T350FHLMZD.jpg\" \/>\n\t<meta property=\"og:image:width\" content=\"1000\" \/>\n\t<meta property=\"og:image:height\" content=\"1000\" \/>\n\t<meta property=\"og:image:type\" content=\"image\/jpeg\" \/>\n<meta name=\"twitter:card\" content=\"summary_large_image\" \/>\n<meta name=\"twitter:label1\" content=\"Est. tempo de leitura\" \/>\n\t<meta name=\"twitter:data1\" content=\"1 minuto\" \/>\n<script type=\"application\/ld+json\" class=\"yoast-schema-graph\">{\"@context\":\"https:\/\/schema.org\",\"@graph\":[{\"@type\":[\"WebPage\",\"ItemPage\"],\"@id\":\"https:\/\/flexlan.com.br\/site\/?product=monitor-led-samsung-gamer-24-full-hd-t350-lf24t350fhlmzd\",\"url\":\"https:\/\/flexlan.com.br\/site\/?product=monitor-led-samsung-gamer-24-full-hd-t350-lf24t350fhlmzd\",\"name\":\"MONITOR LED SAMSUNG GAMER 24 FULL HD T350 - LF24T350FHLMZD - FLEXLAN Inform\u00e1tica\",\"isPartOf\":{\"@id\":\"https:\/\/flexlan.com.br\/site\/#website\"},\"datePublished\":\"2023-03-05T16:56:37+00:00\",\"dateModified\":\"2024-04-20T15:11:32+00:00\",\"description\":\"Suprimentos e Manuten\u00e7\u00e3o de Computadores e Notebooks\",\"breadcrumb\":{\"@id\":\"https:\/\/flexlan.com.br\/site\/?product=monitor-led-samsung-gamer-24-full-hd-t350-lf24t350fhlmzd#breadcrumb\"},\"inLanguage\":\"pt-BR\",\"potentialAction\":[{\"@type\":\"ReadAction\",\"target\":[\"https:\/\/flexlan.com.br\/site\/?product=monitor-led-samsung-gamer-24-full-hd-t350-lf24t350fhlmzd\"]}]},{\"@type\":\"BreadcrumbList\",\"@id\":\"https:\/\/flexlan.com.br\/site\/?product=monitor-led-samsung-gamer-24-full-hd-t350-lf24t350fhlmzd#breadcrumb\",\"itemListElement\":[{\"@type\":\"ListItem\",\"position\":1,\"name\":\"In\u00edcio\",\"item\":\"https:\/\/flexlan.com.br\/site\/\"},{\"@type\":\"ListItem\",\"position\":2,\"name\":\"Shop\",\"item\":\"https:\/\/flexlan.com.br\/site\/?page_id=28271\"},{\"@type\":\"ListItem\",\"position\":3,\"name\":\"MONITOR LED SAMSUNG GAMER 24 FULL HD T350 &#8211; LF24T350FHLMZD\"}]},{\"@type\":\"WebSite\",\"@id\":\"https:\/\/flexlan.com.br\/site\/#website\",\"url\":\"https:\/\/flexlan.com.br\/site\/\",\"name\":\"FLEXLAN Inform\u00e1tica\",\"description\":\"Suprimentos e Manuten\u00e7\u00e3o de Computadores e Notebooks\",\"publisher\":{\"@id\":\"https:\/\/flexlan.com.br\/site\/#organization\"},\"alternateName\":\"FLEXLAN Inform\u00e1tica\",\"potentialAction\":[{\"@type\":\"SearchAction\",\"target\":{\"@type\":\"EntryPoint\",\"urlTemplate\":\"https:\/\/flexlan.com.br\/site\/?s={search_term_string}\"},\"query-input\":\"required name=search_term_string\"}],\"inLanguage\":\"pt-BR\"},{\"@type\":\"Organization\",\"@id\":\"https:\/\/flexlan.com.br\/site\/#organization\",\"name\":\"Flexlan inform\u00e1tica\",\"alternateName\":\"Suprimentos e Manuten\u00e7\u00e3o de Computadores e Notebooks\",\"url\":\"https:\/\/flexlan.com.br\/site\/\",\"logo\":{\"@type\":\"ImageObject\",\"inLanguage\":\"pt-BR\",\"@id\":\"https:\/\/flexlan.com.br\/site\/#\/schema\/logo\/image\/\",\"url\":\"https:\/\/flexlan.com.br\/site\/wp-content\/uploads\/2022\/03\/Logo2022.png\",\"contentUrl\":\"https:\/\/flexlan.com.br\/site\/wp-content\/uploads\/2022\/03\/Logo2022.png\",\"width\":796,\"height\":228,\"caption\":\"Flexlan inform\u00e1tica\"},\"image\":{\"@id\":\"https:\/\/flexlan.com.br\/site\/#\/schema\/logo\/image\/\"},\"sameAs\":[\"https:\/\/www.facebook.com\/FlexLanInformatica\",\"https:\/\/instagram.com\/flexlan\"]}]}<\/script>\n<!-- \/ Yoast SEO plugin. -->","yoast_head_json":{"title":"MONITOR LED SAMSUNG GAMER 24 FULL HD T350 - LF24T350FHLMZD - FLEXLAN Inform\u00e1tica","description":"Suprimentos e Manuten\u00e7\u00e3o de Computadores e Notebooks","robots":{"index":"index","follow":"follow","max-snippet":"max-snippet:-1","max-image-preview":"max-image-preview:large","max-video-preview":"max-video-preview:-1"},"canonical":"https:\/\/flexlan.com.br\/site\/?product=monitor-led-samsung-gamer-24-full-hd-t350-lf24t350fhlmzd","og_locale":"pt_BR","og_type":"article","og_title":"MONITOR LED SAMSUNG GAMER 24 FULL HD T350 - LF24T350FHLMZD - FLEXLAN Inform\u00e1tica","og_description":"Suprimentos e Manuten\u00e7\u00e3o de Computadores e Notebooks","og_url":"https:\/\/flexlan.com.br\/site\/?product=monitor-led-samsung-gamer-24-full-hd-t350-lf24t350fhlmzd","og_site_name":"FLEXLAN Inform\u00e1tica","article_publisher":"https:\/\/www.facebook.com\/FlexLanInformatica","article_modified_time":"2024-04-20T15:11:32+00:00","og_image":[{"width":1000,"height":1000,"url":"https:\/\/flexlan.com.br\/site\/wp-content\/uploads\/2023\/03\/MONITOR-LED-SAMSUNG-GAMER-24-FHD-T350-LF24T350FHLMZD.jpg","type":"image\/jpeg"}],"twitter_card":"summary_large_image","twitter_misc":{"Est. tempo de leitura":"1 minuto"},"schema":{"@context":"https:\/\/schema.org","@graph":[{"@type":["WebPage","ItemPage"],"@id":"https:\/\/flexlan.com.br\/site\/?product=monitor-led-samsung-gamer-24-full-hd-t350-lf24t350fhlmzd","url":"https:\/\/flexlan.com.br\/site\/?product=monitor-led-samsung-gamer-24-full-hd-t350-lf24t350fhlmzd","name":"MONITOR LED SAMSUNG GAMER 24 FULL HD T350 - LF24T350FHLMZD - FLEXLAN Inform\u00e1tica","isPartOf":{"@id":"https:\/\/flexlan.com.br\/site\/#website"},"datePublished":"2023-03-05T16:56:37+00:00","dateModified":"2024-04-20T15:11:32+00:00","description":"Suprimentos e Manuten\u00e7\u00e3o de Computadores e Notebooks","breadcrumb":{"@id":"https:\/\/flexlan.com.br\/site\/?product=monitor-led-samsung-gamer-24-full-hd-t350-lf24t350fhlmzd#breadcrumb"},"inLanguage":"pt-BR","potentialAction":[{"@type":"ReadAction","target":["https:\/\/flexlan.com.br\/site\/?product=monitor-led-samsung-gamer-24-full-hd-t350-lf24t350fhlmzd"]}]},{"@type":"BreadcrumbList","@id":"https:\/\/flexlan.com.br\/site\/?product=monitor-led-samsung-gamer-24-full-hd-t350-lf24t350fhlmzd#breadcrumb","itemListElement":[{"@type":"ListItem","position":1,"name":"In\u00edcio","item":"https:\/\/flexlan.com.br\/site\/"},{"@type":"ListItem","position":2,"name":"Shop","item":"https:\/\/flexlan.com.br\/site\/?page_id=28271"},{"@type":"ListItem","position":3,"name":"MONITOR LED SAMSUNG GAMER 24 FULL HD T350 &#8211; LF24T350FHLMZD"}]},{"@type":"WebSite","@id":"https:\/\/flexlan.com.br\/site\/#website","url":"https:\/\/flexlan.com.br\/site\/","name":"FLEXLAN Inform\u00e1tica","description":"Suprimentos e Manuten\u00e7\u00e3o de Computadores e Notebooks","publisher":{"@id":"https:\/\/flexlan.com.br\/site\/#organization"},"alternateName":"FLEXLAN Inform\u00e1tica","potentialAction":[{"@type":"SearchAction","target":{"@type":"EntryPoint","urlTemplate":"https:\/\/flexlan.com.br\/site\/?s={search_term_string}"},"query-input":"required name=search_term_string"}],"inLanguage":"pt-BR"},{"@type":"Organization","@id":"https:\/\/flexlan.com.br\/site\/#organization","name":"Flexlan inform\u00e1tica","alternateName":"Suprimentos e Manuten\u00e7\u00e3o de Computadores e Notebooks","url":"https:\/\/flexlan.com.br\/site\/","logo":{"@type":"ImageObject","inLanguage":"pt-BR","@id":"https:\/\/flexlan.com.br\/site\/#\/schema\/logo\/image\/","url":"https:\/\/flexlan.com.br\/site\/wp-content\/uploads\/2022\/03\/Logo2022.png","contentUrl":"https:\/\/flexlan.com.br\/site\/wp-content\/uploads\/2022\/03\/Logo2022.png","width":796,"height":228,"caption":"Flexlan inform\u00e1tica"},"image":{"@id":"https:\/\/flexlan.com.br\/site\/#\/schema\/logo\/image\/"},"sameAs":["https:\/\/www.facebook.com\/FlexLanInformatica","https:\/\/instagram.com\/flexlan"]}]}},"_links":{"self":[{"href":"https:\/\/flexlan.com.br\/site\/index.php?rest_route=\/wp\/v2\/product\/28397"}],"collection":[{"href":"https:\/\/flexlan.com.br\/site\/index.php?rest_route=\/wp\/v2\/product"}],"about":[{"href":"https:\/\/flexlan.com.br\/site\/index.php?rest_route=\/wp\/v2\/types\/product"}],"replies":[{"embeddable":true,"href":"https:\/\/flexlan.com.br\/site\/index.php?rest_route=%2Fwp%2Fv2%2Fcomments&post=28397"}],"wp:featuredmedia":[{"embeddable":true,"href":"https:\/\/flexlan.com.br\/site\/index.php?rest_route=\/wp\/v2\/media\/28401"}],"wp:attachment":[{"href":"https:\/\/flexlan.com.br\/site\/index.php?rest_route=%2Fwp%2Fv2%2Fmedia&parent=28397"}],"wp:term":[{"taxonomy":"product_cat","embeddable":true,"href":"https:\/\/flexlan.com.br\/site\/index.php?rest_route=%2Fwp%2Fv2%2Fproduct_cat&post=28397"},{"taxonomy":"product_tag","embeddable":true,"href":"https:\/\/flexlan.com.br\/site\/index.php?rest_route=%2Fwp%2Fv2%2Fproduct_tag&post=28397"}],"curies":[{"name":"wp","href":"https:\/\/api.w.org\/{rel}","templated":true}]}}