{"id":28392,"date":"2023-03-02T15:39:53","date_gmt":"2023-03-02T15:39:53","guid":{"rendered":"https:\/\/flexlan.com.br\/site\/?post_type=product&#038;p=28392"},"modified":"2023-03-02T15:39:53","modified_gmt":"2023-03-02T15:39:53","slug":"kit-tecladomouse-logitech-mk345-sem-fio-teclado-com-apoio","status":"publish","type":"product","link":"https:\/\/flexlan.com.br\/site\/?product=kit-tecladomouse-logitech-mk345-sem-fio-teclado-com-apoio","title":{"rendered":"KIT TECLADO+MOUSE LOGITECH  MK345 SEM FIO (TECLADO COM APOIO)"},"content":{"rendered":"<div class=\"sc-80fa11ba-1 dMnxrr\">\n<p>Caracter\u00edsticas:<\/p>\n<p>&#8211; Marca: Logitech<\/p>\n<p>&#8211; Modelo: MK345<\/p>\n<p>&nbsp;<\/p>\n<p><strong>Especifica\u00e7\u00f5es:<\/strong><\/p>\n<p>&nbsp;<\/p>\n<p><strong>Teclado:<\/strong><\/p>\n<p>&#8211; Dura\u00e7\u00e3o da bateria: 48 meses<\/p>\n<p>&#8211; Layout: ABNT 2<\/p>\n<p>&#8211; Bateria: 2-AAA<\/p>\n<p>&#8211; On \/ Off switch<\/p>\n<p>&#8211; Dist\u00e2ncia de opera\u00e7\u00e3o sem fio: m\u00e1ximo 10m<\/p>\n<p>&#8211; Sistema sem fio: Avan\u00e7ado conectividade sem fio de 2,4 GHz<\/p>\n<p>&nbsp;<\/p>\n<p><strong>Mouse:<\/strong><\/p>\n<p>&#8211; Tecnologia de sensor: Rastreamento Logitech avan\u00e7ada Optical<\/p>\n<p>&#8211; Resolu\u00e7\u00e3o: 1000 dpi<\/p>\n<p>&#8211; Dura\u00e7\u00e3o da bateria: 18 meses *<\/p>\n<p>&#8211; Bateria: 1-AA<\/p>\n<p>&#8211; On \/ Off switch: Sim<\/p>\n<p>&#8211; N\u00famero de bot\u00f5es: 3<\/p>\n<p>&#8211; Roda de rolagem<\/p>\n<p>&#8211; Dist\u00e2ncia de opera\u00e7\u00e3o sem fio: m\u00e1ximo 10m<\/p>\n<p>&#8211; Sistema sem fio: Avan\u00e7ado conectividade sem fio de 2,4 GHz<\/p>\n<p>&#8211; Interface de liga\u00e7\u00e3o: receptor USB<\/p>\n<p>&nbsp;<\/p>\n<p><strong>Requerimentos do Sistema:<\/strong><\/p>\n<p>&#8211; Windows 10, 11 ou superior<\/p>\n<p>&#8211; Chrome OS<\/p>\n<p>&#8211; Porta USB<\/p>\n<p>&nbsp;<\/p>\n<p><strong>Conte\u00fado da embalagem:<\/strong><\/p>\n<p>&#8211; 01 Teclado<\/p>\n<p>&#8211; 01 Mouse<\/p>\n<p>&#8211; 02 pilhas alcalinas AAA no teclado (pr\u00e9-instalado)<\/p>\n<p>&#8211; 01 pilha alcalina AA no mouse (pr\u00e9-instalado)<\/p>\n<p>&#8211; Receptor USB<\/p>\n<p>&#8211; Documenta\u00e7\u00e3o do usu\u00e1rio<\/p>\n<\/div>\n<p>&nbsp;<\/p>\n<div class=\"sc-80fa11ba-2 djKSbF\" data-testid=\"InfoGarantia\">\n<div class=\"sc-80fa11ba-4 hdSjpO\">\n<h3>Garantia:<\/h3>\n<\/div>\n<div class=\"sc-80fa11ba-3 hCpUwi\">12 meses de garantia<\/div>\n<\/div>\n","protected":false},"excerpt":{"rendered":"<p>O MK345 \u00e9 um combo de teclado e mouse sem fio com teclado confort\u00e1vel de tamanho padr\u00e3o e layout ABNT2 e um mouse para destros. O teclado vem com um descanso para as m\u00e3os confort\u00e1vel e texturizado, um design resistente a respingos, um acabamento brilhante e uma luz indicadora de caps lock. O mouse possui um indicador de pilha fraca, uma grande roda de rolagem e um rastreamento suave e preciso.<\/p>\n","protected":false},"featured_media":28395,"comment_status":"open","ping_status":"closed","template":"","meta":{"site-sidebar-layout":"default","site-content-layout":"default","ast-site-content-layout":"","site-content-style":"default","site-sidebar-style":"default","ast-global-header-display":"","ast-banner-title-visibility":"","ast-main-header-display":"","ast-hfb-above-header-display":"","ast-hfb-below-header-display":"","ast-hfb-mobile-header-display":"","site-post-title":"","ast-breadcrumbs-content":"","ast-featured-img":"","footer-sml-layout":"","theme-transparent-header-meta":"default","adv-header-id-meta":"","stick-header-meta":"","header-above-stick-meta":"","header-main-stick-meta":"","header-below-stick-meta":"","astra-migrate-meta-layouts":""},"product_cat":[52,53],"product_tag":[],"yoast_head":"<!-- This site is optimized with the Yoast SEO plugin v21.1 - https:\/\/yoast.com\/wordpress\/plugins\/seo\/ -->\n<title>KIT TECLADO+MOUSE LOGITECH MK345 SEM FIO (TECLADO COM APOIO) - FLEXLAN Inform\u00e1tica<\/title>\n<meta name=\"description\" content=\"Suprimentos e Manuten\u00e7\u00e3o de Computadores e Notebooks\" \/>\n<meta name=\"robots\" content=\"index, follow, max-snippet:-1, max-image-preview:large, max-video-preview:-1\" \/>\n<link rel=\"canonical\" href=\"https:\/\/flexlan.com.br\/site\/?product=kit-tecladomouse-logitech-mk345-sem-fio-teclado-com-apoio\" \/>\n<meta property=\"og:locale\" content=\"pt_BR\" \/>\n<meta property=\"og:type\" content=\"article\" \/>\n<meta property=\"og:title\" content=\"KIT TECLADO+MOUSE LOGITECH MK345 SEM FIO (TECLADO COM APOIO) - FLEXLAN Inform\u00e1tica\" \/>\n<meta property=\"og:description\" content=\"Suprimentos e Manuten\u00e7\u00e3o de Computadores e Notebooks\" \/>\n<meta property=\"og:url\" content=\"https:\/\/flexlan.com.br\/site\/?product=kit-tecladomouse-logitech-mk345-sem-fio-teclado-com-apoio\" \/>\n<meta property=\"og:site_name\" content=\"FLEXLAN Inform\u00e1tica\" \/>\n<meta property=\"article:publisher\" content=\"https:\/\/www.facebook.com\/FlexLanInformatica\" \/>\n<meta property=\"og:image\" content=\"https:\/\/i0.wp.com\/flexlan.com.br\/site\/wp-content\/uploads\/2023\/03\/KIT-TECLADOMOUSE-LOGITECH-MK345-SEM-FIO.jpg?fit=1000%2C1000&ssl=1\" \/>\n\t<meta property=\"og:image:width\" content=\"1000\" \/>\n\t<meta property=\"og:image:height\" content=\"1000\" \/>\n\t<meta property=\"og:image:type\" content=\"image\/jpeg\" \/>\n<meta name=\"twitter:card\" content=\"summary_large_image\" \/>\n<meta name=\"twitter:label1\" content=\"Est. tempo de leitura\" \/>\n\t<meta name=\"twitter:data1\" content=\"1 minuto\" \/>\n<script type=\"application\/ld+json\" class=\"yoast-schema-graph\">{\"@context\":\"https:\/\/schema.org\",\"@graph\":[{\"@type\":[\"WebPage\",\"ItemPage\"],\"@id\":\"https:\/\/flexlan.com.br\/site\/?product=kit-tecladomouse-logitech-mk345-sem-fio-teclado-com-apoio\",\"url\":\"https:\/\/flexlan.com.br\/site\/?product=kit-tecladomouse-logitech-mk345-sem-fio-teclado-com-apoio\",\"name\":\"KIT TECLADO+MOUSE LOGITECH MK345 SEM FIO (TECLADO COM APOIO) - FLEXLAN Inform\u00e1tica\",\"isPartOf\":{\"@id\":\"https:\/\/flexlan.com.br\/site\/#website\"},\"datePublished\":\"2023-03-02T15:39:53+00:00\",\"dateModified\":\"2023-03-02T15:39:53+00:00\",\"description\":\"Suprimentos e Manuten\u00e7\u00e3o de Computadores e Notebooks\",\"breadcrumb\":{\"@id\":\"https:\/\/flexlan.com.br\/site\/?product=kit-tecladomouse-logitech-mk345-sem-fio-teclado-com-apoio#breadcrumb\"},\"inLanguage\":\"pt-BR\",\"potentialAction\":[{\"@type\":\"ReadAction\",\"target\":[\"https:\/\/flexlan.com.br\/site\/?product=kit-tecladomouse-logitech-mk345-sem-fio-teclado-com-apoio\"]}]},{\"@type\":\"BreadcrumbList\",\"@id\":\"https:\/\/flexlan.com.br\/site\/?product=kit-tecladomouse-logitech-mk345-sem-fio-teclado-com-apoio#breadcrumb\",\"itemListElement\":[{\"@type\":\"ListItem\",\"position\":1,\"name\":\"In\u00edcio\",\"item\":\"https:\/\/flexlan.com.br\/site\/\"},{\"@type\":\"ListItem\",\"position\":2,\"name\":\"Shop\",\"item\":\"https:\/\/flexlan.com.br\/site\/?page_id=28271\"},{\"@type\":\"ListItem\",\"position\":3,\"name\":\"KIT TECLADO+MOUSE LOGITECH MK345 SEM FIO (TECLADO COM APOIO)\"}]},{\"@type\":\"WebSite\",\"@id\":\"https:\/\/flexlan.com.br\/site\/#website\",\"url\":\"https:\/\/flexlan.com.br\/site\/\",\"name\":\"FLEXLAN Inform\u00e1tica\",\"description\":\"Suprimentos e Manuten\u00e7\u00e3o de Computadores e Notebooks\",\"publisher\":{\"@id\":\"https:\/\/flexlan.com.br\/site\/#organization\"},\"alternateName\":\"FLEXLAN Inform\u00e1tica\",\"potentialAction\":[{\"@type\":\"SearchAction\",\"target\":{\"@type\":\"EntryPoint\",\"urlTemplate\":\"https:\/\/flexlan.com.br\/site\/?s={search_term_string}\"},\"query-input\":\"required name=search_term_string\"}],\"inLanguage\":\"pt-BR\"},{\"@type\":\"Organization\",\"@id\":\"https:\/\/flexlan.com.br\/site\/#organization\",\"name\":\"Flexlan inform\u00e1tica\",\"alternateName\":\"Suprimentos e Manuten\u00e7\u00e3o de Computadores e Notebooks\",\"url\":\"https:\/\/flexlan.com.br\/site\/\",\"logo\":{\"@type\":\"ImageObject\",\"inLanguage\":\"pt-BR\",\"@id\":\"https:\/\/flexlan.com.br\/site\/#\/schema\/logo\/image\/\",\"url\":\"https:\/\/flexlan.com.br\/site\/wp-content\/uploads\/2022\/03\/Logo2022.png\",\"contentUrl\":\"https:\/\/flexlan.com.br\/site\/wp-content\/uploads\/2022\/03\/Logo2022.png\",\"width\":796,\"height\":228,\"caption\":\"Flexlan inform\u00e1tica\"},\"image\":{\"@id\":\"https:\/\/flexlan.com.br\/site\/#\/schema\/logo\/image\/\"},\"sameAs\":[\"https:\/\/www.facebook.com\/FlexLanInformatica\",\"https:\/\/instagram.com\/flexlan\"]}]}<\/script>\n<!-- \/ Yoast SEO plugin. -->","yoast_head_json":{"title":"KIT TECLADO+MOUSE LOGITECH MK345 SEM FIO (TECLADO COM APOIO) - FLEXLAN Inform\u00e1tica","description":"Suprimentos e Manuten\u00e7\u00e3o de Computadores e Notebooks","robots":{"index":"index","follow":"follow","max-snippet":"max-snippet:-1","max-image-preview":"max-image-preview:large","max-video-preview":"max-video-preview:-1"},"canonical":"https:\/\/flexlan.com.br\/site\/?product=kit-tecladomouse-logitech-mk345-sem-fio-teclado-com-apoio","og_locale":"pt_BR","og_type":"article","og_title":"KIT TECLADO+MOUSE LOGITECH MK345 SEM FIO (TECLADO COM APOIO) - FLEXLAN Inform\u00e1tica","og_description":"Suprimentos e Manuten\u00e7\u00e3o de Computadores e Notebooks","og_url":"https:\/\/flexlan.com.br\/site\/?product=kit-tecladomouse-logitech-mk345-sem-fio-teclado-com-apoio","og_site_name":"FLEXLAN Inform\u00e1tica","article_publisher":"https:\/\/www.facebook.com\/FlexLanInformatica","og_image":[{"width":1000,"height":1000,"url":"https:\/\/i0.wp.com\/flexlan.com.br\/site\/wp-content\/uploads\/2023\/03\/KIT-TECLADOMOUSE-LOGITECH-MK345-SEM-FIO.jpg?fit=1000%2C1000&ssl=1","type":"image\/jpeg"}],"twitter_card":"summary_large_image","twitter_misc":{"Est. tempo de leitura":"1 minuto"},"schema":{"@context":"https:\/\/schema.org","@graph":[{"@type":["WebPage","ItemPage"],"@id":"https:\/\/flexlan.com.br\/site\/?product=kit-tecladomouse-logitech-mk345-sem-fio-teclado-com-apoio","url":"https:\/\/flexlan.com.br\/site\/?product=kit-tecladomouse-logitech-mk345-sem-fio-teclado-com-apoio","name":"KIT TECLADO+MOUSE LOGITECH MK345 SEM FIO (TECLADO COM APOIO) - FLEXLAN Inform\u00e1tica","isPartOf":{"@id":"https:\/\/flexlan.com.br\/site\/#website"},"datePublished":"2023-03-02T15:39:53+00:00","dateModified":"2023-03-02T15:39:53+00:00","description":"Suprimentos e Manuten\u00e7\u00e3o de Computadores e Notebooks","breadcrumb":{"@id":"https:\/\/flexlan.com.br\/site\/?product=kit-tecladomouse-logitech-mk345-sem-fio-teclado-com-apoio#breadcrumb"},"inLanguage":"pt-BR","potentialAction":[{"@type":"ReadAction","target":["https:\/\/flexlan.com.br\/site\/?product=kit-tecladomouse-logitech-mk345-sem-fio-teclado-com-apoio"]}]},{"@type":"BreadcrumbList","@id":"https:\/\/flexlan.com.br\/site\/?product=kit-tecladomouse-logitech-mk345-sem-fio-teclado-com-apoio#breadcrumb","itemListElement":[{"@type":"ListItem","position":1,"name":"In\u00edcio","item":"https:\/\/flexlan.com.br\/site\/"},{"@type":"ListItem","position":2,"name":"Shop","item":"https:\/\/flexlan.com.br\/site\/?page_id=28271"},{"@type":"ListItem","position":3,"name":"KIT TECLADO+MOUSE LOGITECH MK345 SEM FIO (TECLADO COM APOIO)"}]},{"@type":"WebSite","@id":"https:\/\/flexlan.com.br\/site\/#website","url":"https:\/\/flexlan.com.br\/site\/","name":"FLEXLAN Inform\u00e1tica","description":"Suprimentos e Manuten\u00e7\u00e3o de Computadores e Notebooks","publisher":{"@id":"https:\/\/flexlan.com.br\/site\/#organization"},"alternateName":"FLEXLAN Inform\u00e1tica","potentialAction":[{"@type":"SearchAction","target":{"@type":"EntryPoint","urlTemplate":"https:\/\/flexlan.com.br\/site\/?s={search_term_string}"},"query-input":"required name=search_term_string"}],"inLanguage":"pt-BR"},{"@type":"Organization","@id":"https:\/\/flexlan.com.br\/site\/#organization","name":"Flexlan inform\u00e1tica","alternateName":"Suprimentos e Manuten\u00e7\u00e3o de Computadores e Notebooks","url":"https:\/\/flexlan.com.br\/site\/","logo":{"@type":"ImageObject","inLanguage":"pt-BR","@id":"https:\/\/flexlan.com.br\/site\/#\/schema\/logo\/image\/","url":"https:\/\/flexlan.com.br\/site\/wp-content\/uploads\/2022\/03\/Logo2022.png","contentUrl":"https:\/\/flexlan.com.br\/site\/wp-content\/uploads\/2022\/03\/Logo2022.png","width":796,"height":228,"caption":"Flexlan inform\u00e1tica"},"image":{"@id":"https:\/\/flexlan.com.br\/site\/#\/schema\/logo\/image\/"},"sameAs":["https:\/\/www.facebook.com\/FlexLanInformatica","https:\/\/instagram.com\/flexlan"]}]}},"_links":{"self":[{"href":"https:\/\/flexlan.com.br\/site\/index.php?rest_route=\/wp\/v2\/product\/28392"}],"collection":[{"href":"https:\/\/flexlan.com.br\/site\/index.php?rest_route=\/wp\/v2\/product"}],"about":[{"href":"https:\/\/flexlan.com.br\/site\/index.php?rest_route=\/wp\/v2\/types\/product"}],"replies":[{"embeddable":true,"href":"https:\/\/flexlan.com.br\/site\/index.php?rest_route=%2Fwp%2Fv2%2Fcomments&post=28392"}],"wp:featuredmedia":[{"embeddable":true,"href":"https:\/\/flexlan.com.br\/site\/index.php?rest_route=\/wp\/v2\/media\/28395"}],"wp:attachment":[{"href":"https:\/\/flexlan.com.br\/site\/index.php?rest_route=%2Fwp%2Fv2%2Fmedia&parent=28392"}],"wp:term":[{"taxonomy":"product_cat","embeddable":true,"href":"https:\/\/flexlan.com.br\/site\/index.php?rest_route=%2Fwp%2Fv2%2Fproduct_cat&post=28392"},{"taxonomy":"product_tag","embeddable":true,"href":"https:\/\/flexlan.com.br\/site\/index.php?rest_route=%2Fwp%2Fv2%2Fproduct_tag&post=28392"}],"curies":[{"name":"wp","href":"https:\/\/api.w.org\/{rel}","templated":true}]}}