{"id":28390,"date":"2023-02-22T18:40:05","date_gmt":"2023-02-22T18:40:05","guid":{"rendered":"https:\/\/flexlan.com.br\/site\/?post_type=product&#038;p=28390"},"modified":"2023-02-22T18:40:09","modified_gmt":"2023-02-22T18:40:09","slug":"memoria-8gb-ddr4-3200mhz-kingston-fury-beast-black","status":"publish","type":"product","link":"https:\/\/flexlan.com.br\/site\/?product=memoria-8gb-ddr4-3200mhz-kingston-fury-beast-black","title":{"rendered":"MEMORIA 8GB DDR4 3200MHZ KINGSTON FURY BEAST BLACK"},"content":{"rendered":"<div class=\"sc-80fa11ba-1 dMnxrr\">\n<div>\n<div><strong>Caracteristicas:<\/strong><\/div>\n<div>&#8211;\u00a0Marca:\u00a0Kingston<\/div>\n<div>&#8211;\u00a0Modelo:\u00a0KF432C16BB\/8<\/div>\n<p><strong><br \/>\n<\/strong><\/p>\n<div><strong>Destaques:<\/strong><\/div>\n<div>&#8211;\u00a0Dissipador\u00a0de\u00a0calor\u00a0de\u00a0perfil\u00a0baixo<\/div>\n<div>&#8211;\u00a0Upgrade\u00a0de\u00a0alta\u00a0performance<\/div>\n<div>&#8211;\u00a0Intel\u00a0XMP-ready<\/div>\n<div>&#8211;\u00a0Pronto\u00a0para\u00a0AMD\u00a0Ryzen<\/div>\n<p><strong><br \/>\n<\/strong><\/p>\n<div><strong>Geral:<\/strong><\/div>\n<div>&#8211;\u00a0Fator\u00a0de\u00a0forma:\u00a0DDR4<\/div>\n<div>&#8211;\u00a0Velocidades*:\u00a03200\u00a0MHz<\/div>\n<div>&#8211;\u00a0Lat\u00eancias:\u00a0CL16<\/div>\n<div>&#8211;\u00a0Capacidades:\u00a08GB<\/div>\n<div><strong>Ambiente:<\/strong><\/div>\n<div>&#8211;\u00a0Temperatura\u00a0de\u00a0opera\u00e7\u00e3o:\u00a00\u00b0C\u00a0a\u00a085\u00b0C<\/div>\n<div><strong>Dimens\u00f5es:\u00a0<\/strong><\/div>\n<div>&#8211;\u00a0133,35\u00a0x\u00a034,1\u00a0x\u00a07,2\u00a0mm<\/div>\n<p><strong><br \/>\n<\/strong><\/p>\n<div><strong>Conte\u00fado\u00a0da\u00a0embalagem:<\/strong><\/div>\n<div>&#8211;\u00a01x\u00a0Mem\u00f3ria\u00a0Kingston\u00a0Fury\u00a0Beast\u00a08GB<\/div>\n<\/div>\n<\/div>\n<p>&nbsp;<\/p>\n<div class=\"sc-80fa11ba-2 djKSbF\" data-testid=\"InfoGarantia\">\n<div class=\"sc-80fa11ba-4 hdSjpO\">\n<h3>Garantia:<\/h3>\n<\/div>\n<div class=\"sc-80fa11ba-3 hCpUwi\">12 meses de garantia<\/div>\n<\/div>\n","protected":false},"excerpt":{"rendered":"<p>Mem\u00f3ria Kingston Fury Beast A mem\u00f3ria Kingston FURY Beast DDR4 proporciona um poderoso aumento de performance para jogos, edi\u00e7\u00e3o de v\u00eddeo e renderiza\u00e7\u00e3o. Ela faz o overclock autom\u00e1tico para a especifica\u00e7\u00e3o de maior performance do m\u00f3dulo que seja suportada pelo sistema* e est\u00e1 pronta para Intel XMP e AMD Ryzen. Com o seu dissipador de calor de perfil baixo, a mem\u00f3ria FURY Beast DDR4 permanece fria e pronta para o seu game. 100% testada na f\u00e1brica, \u00e9 a atualiza\u00e7\u00e3o definitiva para seu computador.<\/p>\n","protected":false},"featured_media":28391,"comment_status":"open","ping_status":"closed","template":"","meta":{"site-sidebar-layout":"default","site-content-layout":"default","ast-site-content-layout":"","site-content-style":"default","site-sidebar-style":"default","ast-global-header-display":"","ast-banner-title-visibility":"","ast-main-header-display":"","ast-hfb-above-header-display":"","ast-hfb-below-header-display":"","ast-hfb-mobile-header-display":"","site-post-title":"","ast-breadcrumbs-content":"","ast-featured-img":"","footer-sml-layout":"","theme-transparent-header-meta":"default","adv-header-id-meta":"","stick-header-meta":"","header-above-stick-meta":"","header-main-stick-meta":"","header-below-stick-meta":"","astra-migrate-meta-layouts":""},"product_cat":[21,32],"product_tag":[],"yoast_head":"<!-- This site is optimized with the Yoast SEO plugin v21.1 - https:\/\/yoast.com\/wordpress\/plugins\/seo\/ -->\n<title>MEMORIA 8GB DDR4 3200MHZ KINGSTON FURY BEAST BLACK - FLEXLAN Inform\u00e1tica<\/title>\n<meta name=\"description\" content=\"Suprimentos e Manuten\u00e7\u00e3o de Computadores e Notebooks\" \/>\n<meta name=\"robots\" content=\"index, follow, max-snippet:-1, max-image-preview:large, max-video-preview:-1\" \/>\n<link rel=\"canonical\" href=\"https:\/\/flexlan.com.br\/site\/?product=memoria-8gb-ddr4-3200mhz-kingston-fury-beast-black\" \/>\n<meta property=\"og:locale\" content=\"pt_BR\" \/>\n<meta property=\"og:type\" content=\"article\" \/>\n<meta property=\"og:title\" content=\"MEMORIA 8GB DDR4 3200MHZ KINGSTON FURY BEAST BLACK - FLEXLAN Inform\u00e1tica\" \/>\n<meta property=\"og:description\" content=\"Suprimentos e Manuten\u00e7\u00e3o de Computadores e Notebooks\" \/>\n<meta property=\"og:url\" content=\"https:\/\/flexlan.com.br\/site\/?product=memoria-8gb-ddr4-3200mhz-kingston-fury-beast-black\" \/>\n<meta property=\"og:site_name\" content=\"FLEXLAN Inform\u00e1tica\" \/>\n<meta property=\"article:publisher\" content=\"https:\/\/www.facebook.com\/FlexLanInformatica\" \/>\n<meta property=\"article:modified_time\" content=\"2023-02-22T18:40:09+00:00\" \/>\n<meta property=\"og:image\" content=\"https:\/\/i0.wp.com\/flexlan.com.br\/site\/wp-content\/uploads\/2023\/02\/MEMORIA-8GB-DDR4-3200MHZ-KINGSTON-FURY-BEAST-BLACK.jpg?fit=1000%2C1000&ssl=1\" \/>\n\t<meta property=\"og:image:width\" content=\"1000\" \/>\n\t<meta property=\"og:image:height\" content=\"1000\" \/>\n\t<meta property=\"og:image:type\" content=\"image\/jpeg\" \/>\n<meta name=\"twitter:card\" content=\"summary_large_image\" \/>\n<script type=\"application\/ld+json\" class=\"yoast-schema-graph\">{\"@context\":\"https:\/\/schema.org\",\"@graph\":[{\"@type\":[\"WebPage\",\"ItemPage\"],\"@id\":\"https:\/\/flexlan.com.br\/site\/?product=memoria-8gb-ddr4-3200mhz-kingston-fury-beast-black\",\"url\":\"https:\/\/flexlan.com.br\/site\/?product=memoria-8gb-ddr4-3200mhz-kingston-fury-beast-black\",\"name\":\"MEMORIA 8GB DDR4 3200MHZ KINGSTON FURY BEAST BLACK - FLEXLAN Inform\u00e1tica\",\"isPartOf\":{\"@id\":\"https:\/\/flexlan.com.br\/site\/#website\"},\"datePublished\":\"2023-02-22T18:40:05+00:00\",\"dateModified\":\"2023-02-22T18:40:09+00:00\",\"description\":\"Suprimentos e Manuten\u00e7\u00e3o de Computadores e Notebooks\",\"breadcrumb\":{\"@id\":\"https:\/\/flexlan.com.br\/site\/?product=memoria-8gb-ddr4-3200mhz-kingston-fury-beast-black#breadcrumb\"},\"inLanguage\":\"pt-BR\",\"potentialAction\":[{\"@type\":\"ReadAction\",\"target\":[\"https:\/\/flexlan.com.br\/site\/?product=memoria-8gb-ddr4-3200mhz-kingston-fury-beast-black\"]}]},{\"@type\":\"BreadcrumbList\",\"@id\":\"https:\/\/flexlan.com.br\/site\/?product=memoria-8gb-ddr4-3200mhz-kingston-fury-beast-black#breadcrumb\",\"itemListElement\":[{\"@type\":\"ListItem\",\"position\":1,\"name\":\"In\u00edcio\",\"item\":\"https:\/\/flexlan.com.br\/site\/\"},{\"@type\":\"ListItem\",\"position\":2,\"name\":\"Shop\",\"item\":\"https:\/\/flexlan.com.br\/site\/?page_id=28271\"},{\"@type\":\"ListItem\",\"position\":3,\"name\":\"MEMORIA 8GB DDR4 3200MHZ KINGSTON FURY BEAST BLACK\"}]},{\"@type\":\"WebSite\",\"@id\":\"https:\/\/flexlan.com.br\/site\/#website\",\"url\":\"https:\/\/flexlan.com.br\/site\/\",\"name\":\"FLEXLAN Inform\u00e1tica\",\"description\":\"Suprimentos e Manuten\u00e7\u00e3o de Computadores e Notebooks\",\"publisher\":{\"@id\":\"https:\/\/flexlan.com.br\/site\/#organization\"},\"alternateName\":\"FLEXLAN Inform\u00e1tica\",\"potentialAction\":[{\"@type\":\"SearchAction\",\"target\":{\"@type\":\"EntryPoint\",\"urlTemplate\":\"https:\/\/flexlan.com.br\/site\/?s={search_term_string}\"},\"query-input\":\"required name=search_term_string\"}],\"inLanguage\":\"pt-BR\"},{\"@type\":\"Organization\",\"@id\":\"https:\/\/flexlan.com.br\/site\/#organization\",\"name\":\"Flexlan inform\u00e1tica\",\"alternateName\":\"Suprimentos e Manuten\u00e7\u00e3o de Computadores e Notebooks\",\"url\":\"https:\/\/flexlan.com.br\/site\/\",\"logo\":{\"@type\":\"ImageObject\",\"inLanguage\":\"pt-BR\",\"@id\":\"https:\/\/flexlan.com.br\/site\/#\/schema\/logo\/image\/\",\"url\":\"https:\/\/flexlan.com.br\/site\/wp-content\/uploads\/2022\/03\/Logo2022.png\",\"contentUrl\":\"https:\/\/flexlan.com.br\/site\/wp-content\/uploads\/2022\/03\/Logo2022.png\",\"width\":796,\"height\":228,\"caption\":\"Flexlan inform\u00e1tica\"},\"image\":{\"@id\":\"https:\/\/flexlan.com.br\/site\/#\/schema\/logo\/image\/\"},\"sameAs\":[\"https:\/\/www.facebook.com\/FlexLanInformatica\",\"https:\/\/instagram.com\/flexlan\"]}]}<\/script>\n<!-- \/ Yoast SEO plugin. -->","yoast_head_json":{"title":"MEMORIA 8GB DDR4 3200MHZ KINGSTON FURY BEAST BLACK - FLEXLAN Inform\u00e1tica","description":"Suprimentos e Manuten\u00e7\u00e3o de Computadores e Notebooks","robots":{"index":"index","follow":"follow","max-snippet":"max-snippet:-1","max-image-preview":"max-image-preview:large","max-video-preview":"max-video-preview:-1"},"canonical":"https:\/\/flexlan.com.br\/site\/?product=memoria-8gb-ddr4-3200mhz-kingston-fury-beast-black","og_locale":"pt_BR","og_type":"article","og_title":"MEMORIA 8GB DDR4 3200MHZ KINGSTON FURY BEAST BLACK - FLEXLAN Inform\u00e1tica","og_description":"Suprimentos e Manuten\u00e7\u00e3o de Computadores e Notebooks","og_url":"https:\/\/flexlan.com.br\/site\/?product=memoria-8gb-ddr4-3200mhz-kingston-fury-beast-black","og_site_name":"FLEXLAN Inform\u00e1tica","article_publisher":"https:\/\/www.facebook.com\/FlexLanInformatica","article_modified_time":"2023-02-22T18:40:09+00:00","og_image":[{"width":1000,"height":1000,"url":"https:\/\/i0.wp.com\/flexlan.com.br\/site\/wp-content\/uploads\/2023\/02\/MEMORIA-8GB-DDR4-3200MHZ-KINGSTON-FURY-BEAST-BLACK.jpg?fit=1000%2C1000&ssl=1","type":"image\/jpeg"}],"twitter_card":"summary_large_image","schema":{"@context":"https:\/\/schema.org","@graph":[{"@type":["WebPage","ItemPage"],"@id":"https:\/\/flexlan.com.br\/site\/?product=memoria-8gb-ddr4-3200mhz-kingston-fury-beast-black","url":"https:\/\/flexlan.com.br\/site\/?product=memoria-8gb-ddr4-3200mhz-kingston-fury-beast-black","name":"MEMORIA 8GB DDR4 3200MHZ KINGSTON FURY BEAST BLACK - FLEXLAN Inform\u00e1tica","isPartOf":{"@id":"https:\/\/flexlan.com.br\/site\/#website"},"datePublished":"2023-02-22T18:40:05+00:00","dateModified":"2023-02-22T18:40:09+00:00","description":"Suprimentos e Manuten\u00e7\u00e3o de Computadores e Notebooks","breadcrumb":{"@id":"https:\/\/flexlan.com.br\/site\/?product=memoria-8gb-ddr4-3200mhz-kingston-fury-beast-black#breadcrumb"},"inLanguage":"pt-BR","potentialAction":[{"@type":"ReadAction","target":["https:\/\/flexlan.com.br\/site\/?product=memoria-8gb-ddr4-3200mhz-kingston-fury-beast-black"]}]},{"@type":"BreadcrumbList","@id":"https:\/\/flexlan.com.br\/site\/?product=memoria-8gb-ddr4-3200mhz-kingston-fury-beast-black#breadcrumb","itemListElement":[{"@type":"ListItem","position":1,"name":"In\u00edcio","item":"https:\/\/flexlan.com.br\/site\/"},{"@type":"ListItem","position":2,"name":"Shop","item":"https:\/\/flexlan.com.br\/site\/?page_id=28271"},{"@type":"ListItem","position":3,"name":"MEMORIA 8GB DDR4 3200MHZ KINGSTON FURY BEAST BLACK"}]},{"@type":"WebSite","@id":"https:\/\/flexlan.com.br\/site\/#website","url":"https:\/\/flexlan.com.br\/site\/","name":"FLEXLAN Inform\u00e1tica","description":"Suprimentos e Manuten\u00e7\u00e3o de Computadores e Notebooks","publisher":{"@id":"https:\/\/flexlan.com.br\/site\/#organization"},"alternateName":"FLEXLAN Inform\u00e1tica","potentialAction":[{"@type":"SearchAction","target":{"@type":"EntryPoint","urlTemplate":"https:\/\/flexlan.com.br\/site\/?s={search_term_string}"},"query-input":"required name=search_term_string"}],"inLanguage":"pt-BR"},{"@type":"Organization","@id":"https:\/\/flexlan.com.br\/site\/#organization","name":"Flexlan inform\u00e1tica","alternateName":"Suprimentos e Manuten\u00e7\u00e3o de Computadores e Notebooks","url":"https:\/\/flexlan.com.br\/site\/","logo":{"@type":"ImageObject","inLanguage":"pt-BR","@id":"https:\/\/flexlan.com.br\/site\/#\/schema\/logo\/image\/","url":"https:\/\/flexlan.com.br\/site\/wp-content\/uploads\/2022\/03\/Logo2022.png","contentUrl":"https:\/\/flexlan.com.br\/site\/wp-content\/uploads\/2022\/03\/Logo2022.png","width":796,"height":228,"caption":"Flexlan inform\u00e1tica"},"image":{"@id":"https:\/\/flexlan.com.br\/site\/#\/schema\/logo\/image\/"},"sameAs":["https:\/\/www.facebook.com\/FlexLanInformatica","https:\/\/instagram.com\/flexlan"]}]}},"_links":{"self":[{"href":"https:\/\/flexlan.com.br\/site\/index.php?rest_route=\/wp\/v2\/product\/28390"}],"collection":[{"href":"https:\/\/flexlan.com.br\/site\/index.php?rest_route=\/wp\/v2\/product"}],"about":[{"href":"https:\/\/flexlan.com.br\/site\/index.php?rest_route=\/wp\/v2\/types\/product"}],"replies":[{"embeddable":true,"href":"https:\/\/flexlan.com.br\/site\/index.php?rest_route=%2Fwp%2Fv2%2Fcomments&post=28390"}],"wp:featuredmedia":[{"embeddable":true,"href":"https:\/\/flexlan.com.br\/site\/index.php?rest_route=\/wp\/v2\/media\/28391"}],"wp:attachment":[{"href":"https:\/\/flexlan.com.br\/site\/index.php?rest_route=%2Fwp%2Fv2%2Fmedia&parent=28390"}],"wp:term":[{"taxonomy":"product_cat","embeddable":true,"href":"https:\/\/flexlan.com.br\/site\/index.php?rest_route=%2Fwp%2Fv2%2Fproduct_cat&post=28390"},{"taxonomy":"product_tag","embeddable":true,"href":"https:\/\/flexlan.com.br\/site\/index.php?rest_route=%2Fwp%2Fv2%2Fproduct_tag&post=28390"}],"curies":[{"name":"wp","href":"https:\/\/api.w.org\/{rel}","templated":true}]}}