{"id":28346,"date":"2023-01-11T17:30:57","date_gmt":"2023-01-11T17:30:57","guid":{"rendered":"https:\/\/flexlan.com.br\/site\/?post_type=product&#038;p=28346"},"modified":"2023-01-11T17:30:58","modified_gmt":"2023-01-11T17:30:58","slug":"placa-de-video-pny-quadro-t600-4gb-gddr6-128-bits","status":"publish","type":"product","link":"https:\/\/flexlan.com.br\/site\/?product=placa-de-video-pny-quadro-t600-4gb-gddr6-128-bits","title":{"rendered":"PLACA DE VIDEO PNY QUADRO T600 4GB GDDR6 128 BITS"},"content":{"rendered":"<p>ESPECIFICA\u00c7\u00d5ES:<\/p>\n<p>&#8211; Mem\u00f3ria da GPU: 4GB GDDR6<br \/>\n&#8211; Interface de Mem\u00f3ria: 128-bits<br \/>\n&#8211; Largura de Banda de Mem\u00f3ria: at\u00e9 160GB<br \/>\n&#8211; NVIDIA CUDA\u00ae Cores: 640<br \/>\n&#8211; Interface do Sistema: PCI Express 3.0 x16<br \/>\n&#8211; Conex\u00f5es: 4x mini DisplayPort 1.4<br \/>\n&#8211; Consumo M\u00e1ximo: 40 W<br \/>\n&#8211; Formato: Single Slot &#8211; Low Profile<\/p>\n<p>Resolu\u00e7\u00e3o Digital M\u00e1xima: 7680 x 4320 at 60 Hz<br \/>\nM\u00e1ximo de telas: 4x at 5K | 5120 x 2880 at 60 Hz<\/p>\n<p>Conte\u00fado da Embalagem:<\/p>\n<p>&#8211; Placa Gr\u00e1fica Profissional NVIDIA\u00ae Quadro\u00ae T600<br \/>\n&#8211; Bracket Low-Profile (SFF) instalado na placa<br \/>\n&#8211; Bracket Full-Height (ATX) n\u00e3o instalado na placa<br \/>\n&#8211; Guia r\u00e1pido de utiliza\u00e7\u00e3o impresso<br \/>\n&#8211; 03x Adaptador mDisplayPort para DP<br \/>\n&#8211; 01x Adaptador mDisplayPort para DVI<\/p>\n<p>Peso bruto: 0,56Kg<br \/>\nDimens\u00f5es: 5cm x 18cm x 33cm (AxLxC)<\/p>\n<p>Garantia: 03 anos.<\/p>\n","protected":false},"excerpt":{"rendered":"<p>As GPUs discretas NVIDIA fornecem desempenho e recursos, muito al\u00e9m do que est\u00e1 dispon\u00edvel em gr\u00e1ficos integrados, para uma ampla gama de fluxos de trabalho profissionais, desde a cria\u00e7\u00e3o, edi\u00e7\u00e3o e visualiza\u00e7\u00e3o de modelos 2D e 3D e v\u00eddeo, at\u00e9 o trabalho com v\u00e1rios aplicativos em v\u00e1rios monitores.<\/p>\n<p>Como parte da fam\u00edlia NVIDIA RTX de GPUs profissionais, a NVIDIA T600 oferece desempenho, recursos, confiabilidade e suporte que os clientes corporativos esperam das solu\u00e7\u00f5es de computa\u00e7\u00e3o visual profissional da NVIDIA.<\/p>\n","protected":false},"featured_media":28350,"comment_status":"open","ping_status":"closed","template":"","meta":{"site-sidebar-layout":"default","site-content-layout":"default","ast-site-content-layout":"","site-content-style":"default","site-sidebar-style":"default","ast-global-header-display":"","ast-banner-title-visibility":"","ast-main-header-display":"","ast-hfb-above-header-display":"","ast-hfb-below-header-display":"","ast-hfb-mobile-header-display":"","site-post-title":"","ast-breadcrumbs-content":"","ast-featured-img":"","footer-sml-layout":"","theme-transparent-header-meta":"default","adv-header-id-meta":"","stick-header-meta":"","header-above-stick-meta":"","header-main-stick-meta":"","header-below-stick-meta":"","astra-migrate-meta-layouts":""},"product_cat":[21,29],"product_tag":[],"yoast_head":"<!-- This site is optimized with the Yoast SEO plugin v21.1 - https:\/\/yoast.com\/wordpress\/plugins\/seo\/ -->\n<title>PLACA DE VIDEO PNY QUADRO T600 4GB GDDR6 128 BITS - FLEXLAN Inform\u00e1tica<\/title>\n<meta name=\"description\" content=\"Suprimentos e Manuten\u00e7\u00e3o de Computadores e Notebooks\" \/>\n<meta name=\"robots\" content=\"index, follow, max-snippet:-1, max-image-preview:large, max-video-preview:-1\" \/>\n<link rel=\"canonical\" href=\"https:\/\/flexlan.com.br\/site\/?product=placa-de-video-pny-quadro-t600-4gb-gddr6-128-bits\" \/>\n<meta property=\"og:locale\" content=\"pt_BR\" \/>\n<meta property=\"og:type\" content=\"article\" \/>\n<meta property=\"og:title\" content=\"PLACA DE VIDEO PNY QUADRO T600 4GB GDDR6 128 BITS - FLEXLAN Inform\u00e1tica\" \/>\n<meta property=\"og:description\" content=\"Suprimentos e Manuten\u00e7\u00e3o de Computadores e Notebooks\" \/>\n<meta property=\"og:url\" content=\"https:\/\/flexlan.com.br\/site\/?product=placa-de-video-pny-quadro-t600-4gb-gddr6-128-bits\" \/>\n<meta property=\"og:site_name\" content=\"FLEXLAN Inform\u00e1tica\" \/>\n<meta property=\"article:publisher\" content=\"https:\/\/www.facebook.com\/FlexLanInformatica\" \/>\n<meta property=\"article:modified_time\" content=\"2023-01-11T17:30:58+00:00\" \/>\n<meta property=\"og:image\" content=\"https:\/\/i0.wp.com\/flexlan.com.br\/site\/wp-content\/uploads\/2023\/01\/PLACA-DE-VIDEO-PNY-QUADRO-T600-4GB-GDDR6-128-BITS.jpg?fit=700%2C700&ssl=1\" \/>\n\t<meta property=\"og:image:width\" content=\"700\" \/>\n\t<meta property=\"og:image:height\" content=\"700\" \/>\n\t<meta property=\"og:image:type\" content=\"image\/jpeg\" \/>\n<meta name=\"twitter:card\" content=\"summary_large_image\" \/>\n<meta name=\"twitter:label1\" content=\"Est. tempo de leitura\" \/>\n\t<meta name=\"twitter:data1\" content=\"1 minuto\" \/>\n<script type=\"application\/ld+json\" class=\"yoast-schema-graph\">{\"@context\":\"https:\/\/schema.org\",\"@graph\":[{\"@type\":[\"WebPage\",\"ItemPage\"],\"@id\":\"https:\/\/flexlan.com.br\/site\/?product=placa-de-video-pny-quadro-t600-4gb-gddr6-128-bits\",\"url\":\"https:\/\/flexlan.com.br\/site\/?product=placa-de-video-pny-quadro-t600-4gb-gddr6-128-bits\",\"name\":\"PLACA DE VIDEO PNY QUADRO T600 4GB GDDR6 128 BITS - FLEXLAN Inform\u00e1tica\",\"isPartOf\":{\"@id\":\"https:\/\/flexlan.com.br\/site\/#website\"},\"datePublished\":\"2023-01-11T17:30:57+00:00\",\"dateModified\":\"2023-01-11T17:30:58+00:00\",\"description\":\"Suprimentos e Manuten\u00e7\u00e3o de Computadores e Notebooks\",\"breadcrumb\":{\"@id\":\"https:\/\/flexlan.com.br\/site\/?product=placa-de-video-pny-quadro-t600-4gb-gddr6-128-bits#breadcrumb\"},\"inLanguage\":\"pt-BR\",\"potentialAction\":[{\"@type\":\"ReadAction\",\"target\":[\"https:\/\/flexlan.com.br\/site\/?product=placa-de-video-pny-quadro-t600-4gb-gddr6-128-bits\"]}]},{\"@type\":\"BreadcrumbList\",\"@id\":\"https:\/\/flexlan.com.br\/site\/?product=placa-de-video-pny-quadro-t600-4gb-gddr6-128-bits#breadcrumb\",\"itemListElement\":[{\"@type\":\"ListItem\",\"position\":1,\"name\":\"In\u00edcio\",\"item\":\"https:\/\/flexlan.com.br\/site\/\"},{\"@type\":\"ListItem\",\"position\":2,\"name\":\"Shop\",\"item\":\"https:\/\/flexlan.com.br\/site\/?page_id=28271\"},{\"@type\":\"ListItem\",\"position\":3,\"name\":\"PLACA DE VIDEO PNY QUADRO T600 4GB GDDR6 128 BITS\"}]},{\"@type\":\"WebSite\",\"@id\":\"https:\/\/flexlan.com.br\/site\/#website\",\"url\":\"https:\/\/flexlan.com.br\/site\/\",\"name\":\"FLEXLAN Inform\u00e1tica\",\"description\":\"Suprimentos e Manuten\u00e7\u00e3o de Computadores e Notebooks\",\"publisher\":{\"@id\":\"https:\/\/flexlan.com.br\/site\/#organization\"},\"alternateName\":\"FLEXLAN Inform\u00e1tica\",\"potentialAction\":[{\"@type\":\"SearchAction\",\"target\":{\"@type\":\"EntryPoint\",\"urlTemplate\":\"https:\/\/flexlan.com.br\/site\/?s={search_term_string}\"},\"query-input\":\"required name=search_term_string\"}],\"inLanguage\":\"pt-BR\"},{\"@type\":\"Organization\",\"@id\":\"https:\/\/flexlan.com.br\/site\/#organization\",\"name\":\"Flexlan inform\u00e1tica\",\"alternateName\":\"Suprimentos e Manuten\u00e7\u00e3o de Computadores e Notebooks\",\"url\":\"https:\/\/flexlan.com.br\/site\/\",\"logo\":{\"@type\":\"ImageObject\",\"inLanguage\":\"pt-BR\",\"@id\":\"https:\/\/flexlan.com.br\/site\/#\/schema\/logo\/image\/\",\"url\":\"https:\/\/flexlan.com.br\/site\/wp-content\/uploads\/2022\/03\/Logo2022.png\",\"contentUrl\":\"https:\/\/flexlan.com.br\/site\/wp-content\/uploads\/2022\/03\/Logo2022.png\",\"width\":796,\"height\":228,\"caption\":\"Flexlan inform\u00e1tica\"},\"image\":{\"@id\":\"https:\/\/flexlan.com.br\/site\/#\/schema\/logo\/image\/\"},\"sameAs\":[\"https:\/\/www.facebook.com\/FlexLanInformatica\",\"https:\/\/instagram.com\/flexlan\"]}]}<\/script>\n<!-- \/ Yoast SEO plugin. -->","yoast_head_json":{"title":"PLACA DE VIDEO PNY QUADRO T600 4GB GDDR6 128 BITS - FLEXLAN Inform\u00e1tica","description":"Suprimentos e Manuten\u00e7\u00e3o de Computadores e Notebooks","robots":{"index":"index","follow":"follow","max-snippet":"max-snippet:-1","max-image-preview":"max-image-preview:large","max-video-preview":"max-video-preview:-1"},"canonical":"https:\/\/flexlan.com.br\/site\/?product=placa-de-video-pny-quadro-t600-4gb-gddr6-128-bits","og_locale":"pt_BR","og_type":"article","og_title":"PLACA DE VIDEO PNY QUADRO T600 4GB GDDR6 128 BITS - FLEXLAN Inform\u00e1tica","og_description":"Suprimentos e Manuten\u00e7\u00e3o de Computadores e Notebooks","og_url":"https:\/\/flexlan.com.br\/site\/?product=placa-de-video-pny-quadro-t600-4gb-gddr6-128-bits","og_site_name":"FLEXLAN Inform\u00e1tica","article_publisher":"https:\/\/www.facebook.com\/FlexLanInformatica","article_modified_time":"2023-01-11T17:30:58+00:00","og_image":[{"width":700,"height":700,"url":"https:\/\/i0.wp.com\/flexlan.com.br\/site\/wp-content\/uploads\/2023\/01\/PLACA-DE-VIDEO-PNY-QUADRO-T600-4GB-GDDR6-128-BITS.jpg?fit=700%2C700&ssl=1","type":"image\/jpeg"}],"twitter_card":"summary_large_image","twitter_misc":{"Est. tempo de leitura":"1 minuto"},"schema":{"@context":"https:\/\/schema.org","@graph":[{"@type":["WebPage","ItemPage"],"@id":"https:\/\/flexlan.com.br\/site\/?product=placa-de-video-pny-quadro-t600-4gb-gddr6-128-bits","url":"https:\/\/flexlan.com.br\/site\/?product=placa-de-video-pny-quadro-t600-4gb-gddr6-128-bits","name":"PLACA DE VIDEO PNY QUADRO T600 4GB GDDR6 128 BITS - FLEXLAN Inform\u00e1tica","isPartOf":{"@id":"https:\/\/flexlan.com.br\/site\/#website"},"datePublished":"2023-01-11T17:30:57+00:00","dateModified":"2023-01-11T17:30:58+00:00","description":"Suprimentos e Manuten\u00e7\u00e3o de Computadores e Notebooks","breadcrumb":{"@id":"https:\/\/flexlan.com.br\/site\/?product=placa-de-video-pny-quadro-t600-4gb-gddr6-128-bits#breadcrumb"},"inLanguage":"pt-BR","potentialAction":[{"@type":"ReadAction","target":["https:\/\/flexlan.com.br\/site\/?product=placa-de-video-pny-quadro-t600-4gb-gddr6-128-bits"]}]},{"@type":"BreadcrumbList","@id":"https:\/\/flexlan.com.br\/site\/?product=placa-de-video-pny-quadro-t600-4gb-gddr6-128-bits#breadcrumb","itemListElement":[{"@type":"ListItem","position":1,"name":"In\u00edcio","item":"https:\/\/flexlan.com.br\/site\/"},{"@type":"ListItem","position":2,"name":"Shop","item":"https:\/\/flexlan.com.br\/site\/?page_id=28271"},{"@type":"ListItem","position":3,"name":"PLACA DE VIDEO PNY QUADRO T600 4GB GDDR6 128 BITS"}]},{"@type":"WebSite","@id":"https:\/\/flexlan.com.br\/site\/#website","url":"https:\/\/flexlan.com.br\/site\/","name":"FLEXLAN Inform\u00e1tica","description":"Suprimentos e Manuten\u00e7\u00e3o de Computadores e Notebooks","publisher":{"@id":"https:\/\/flexlan.com.br\/site\/#organization"},"alternateName":"FLEXLAN Inform\u00e1tica","potentialAction":[{"@type":"SearchAction","target":{"@type":"EntryPoint","urlTemplate":"https:\/\/flexlan.com.br\/site\/?s={search_term_string}"},"query-input":"required name=search_term_string"}],"inLanguage":"pt-BR"},{"@type":"Organization","@id":"https:\/\/flexlan.com.br\/site\/#organization","name":"Flexlan inform\u00e1tica","alternateName":"Suprimentos e Manuten\u00e7\u00e3o de Computadores e Notebooks","url":"https:\/\/flexlan.com.br\/site\/","logo":{"@type":"ImageObject","inLanguage":"pt-BR","@id":"https:\/\/flexlan.com.br\/site\/#\/schema\/logo\/image\/","url":"https:\/\/flexlan.com.br\/site\/wp-content\/uploads\/2022\/03\/Logo2022.png","contentUrl":"https:\/\/flexlan.com.br\/site\/wp-content\/uploads\/2022\/03\/Logo2022.png","width":796,"height":228,"caption":"Flexlan inform\u00e1tica"},"image":{"@id":"https:\/\/flexlan.com.br\/site\/#\/schema\/logo\/image\/"},"sameAs":["https:\/\/www.facebook.com\/FlexLanInformatica","https:\/\/instagram.com\/flexlan"]}]}},"_links":{"self":[{"href":"https:\/\/flexlan.com.br\/site\/index.php?rest_route=\/wp\/v2\/product\/28346"}],"collection":[{"href":"https:\/\/flexlan.com.br\/site\/index.php?rest_route=\/wp\/v2\/product"}],"about":[{"href":"https:\/\/flexlan.com.br\/site\/index.php?rest_route=\/wp\/v2\/types\/product"}],"replies":[{"embeddable":true,"href":"https:\/\/flexlan.com.br\/site\/index.php?rest_route=%2Fwp%2Fv2%2Fcomments&post=28346"}],"wp:featuredmedia":[{"embeddable":true,"href":"https:\/\/flexlan.com.br\/site\/index.php?rest_route=\/wp\/v2\/media\/28350"}],"wp:attachment":[{"href":"https:\/\/flexlan.com.br\/site\/index.php?rest_route=%2Fwp%2Fv2%2Fmedia&parent=28346"}],"wp:term":[{"taxonomy":"product_cat","embeddable":true,"href":"https:\/\/flexlan.com.br\/site\/index.php?rest_route=%2Fwp%2Fv2%2Fproduct_cat&post=28346"},{"taxonomy":"product_tag","embeddable":true,"href":"https:\/\/flexlan.com.br\/site\/index.php?rest_route=%2Fwp%2Fv2%2Fproduct_tag&post=28346"}],"curies":[{"name":"wp","href":"https:\/\/api.w.org\/{rel}","templated":true}]}}