{"id":27946,"date":"2022-08-01T14:42:23","date_gmt":"2022-08-01T14:42:23","guid":{"rendered":"https:\/\/flexlan.com.br\/site\/?post_type=product&#038;p=27946"},"modified":"2022-08-01T14:42:24","modified_gmt":"2022-08-01T14:42:24","slug":"placa-mae-pcware-ipmh510g-ddr4-lga-1200","status":"publish","type":"product","link":"https:\/\/flexlan.com.br\/site\/?product=placa-mae-pcware-ipmh510g-ddr4-lga-1200","title":{"rendered":"PLACA MAE PCWARE IPMH510G DDR4 LGA 1200"},"content":{"rendered":"<p>CARACTER\u00cdSTICAS:<br \/>\n&#8211; Marca: PC Ware<br \/>\n&#8211; Modelo: IPMH510G<\/p>\n<p>ESPECIFICA\u00c7\u00d5ES:<br \/>\n&#8211; Socket Placa M\u00e3e LGA1200<br \/>\n&#8211; Chipset Placa M\u00e3e INTEL H510<br \/>\n&#8211; Slots de Mem\u00f3ria: 2<br \/>\n&#8211; Tipo de Mem\u00f3ria: DDR4<br \/>\n&#8211; Mem\u00f3ria Clock: 3200MHz<br \/>\n&#8211; Capacidade de Mem\u00f3ria: 64GB<br \/>\n&#8211; Suporta CPU at\u00e9 125W<br \/>\n&#8211; Sa\u00eddas de V\u00eddeo: VGA, HDMI<br \/>\n&#8211; PCIe Express x16<br \/>\n&#8211; 1x PCI Express 4.0 X16<br \/>\n&#8211; PCIe Express x1<br \/>\n&#8211; 1 Slots PCI Placa M\u00e3e: N\u00e3o<\/p>\n<p>&#8211; \u00c1udio Placa M\u00e3e: Realtek ALC887 codec<\/p>\n<p>&#8211; Rede: 100\/1000<br \/>\n&#8211; Sata 3 GB\/s: N\u00e3o<br \/>\n&#8211; Sata 6 GB\/s: 4 Portas<br \/>\n&#8211; USB 2.0: 4 Portas<br \/>\n&#8211; USB 3.0: N\u00e3o<\/p>\n<p>Conex\u00f5es:<br \/>\n&#8211; HDMI: Sim<br \/>\n&#8211; PS2: Sim<br \/>\n&#8211; Serial: N\u00e3o<br \/>\n&#8211; Porta Paralela: N\u00e3o<br \/>\n&#8211; Formato M-ATX RAID: N\u00e3o<br \/>\n&#8211; Portas USB 3.1 (Tipo C): N\u00e3o<br \/>\n&#8211; Portas USB 3.1 (Tipo A): N\u00e3o<br \/>\n&#8211; Conex\u00e3o M.2: 1<br \/>\n&#8211; 2242\/2260\/2280<br \/>\n&#8211; SATA\/PCIE X2<br \/>\n&#8211; Sata Express: N\u00e3o<br \/>\n&#8211; WI-FI 6: N\u00e3o<br \/>\n&#8211; Wi-Fi: N\u00e3o<br \/>\n&#8211; Portas USB 3.2 (Tipo C): N\u00e3o<br \/>\n&#8211; Portas USB 3.2 (Tipo A): N\u00e3o<br \/>\n&#8211; Portas USB 3.2: 2<br \/>\n&#8211; Portas USB 3.1: N\u00e3o<\/p>\n<p>CONTE\u00daDO DA EMBALAGEM:<br \/>\n&#8211; 1x Placa M\u00e3e P\/ Processador Intel.<\/p>\n<p>Garantia do Fornecedor<\/p>\n<p>12 Meses<\/p>\n","protected":false},"excerpt":{"rendered":"<p>Suporta processadores de 10\u00aa e 11\u00aa gera\u00e7\u00e3o Intel\u00ae Core i9 \/ Intel\u00ae Core i7 \/ Intel\u00ae Core i5 \/ Intel\u00ae Core i3 \/ Intel\u00ae Pentium\u00ae\/Intel\u00ae Celeron\u00ae.<\/p>\n","protected":false},"featured_media":27949,"comment_status":"open","ping_status":"closed","template":"","meta":{"site-sidebar-layout":"default","site-content-layout":"default","ast-site-content-layout":"","site-content-style":"default","site-sidebar-style":"default","ast-global-header-display":"","ast-banner-title-visibility":"","ast-main-header-display":"","ast-hfb-above-header-display":"","ast-hfb-below-header-display":"","ast-hfb-mobile-header-display":"","site-post-title":"","ast-breadcrumbs-content":"","ast-featured-img":"","footer-sml-layout":"","theme-transparent-header-meta":"default","adv-header-id-meta":"","stick-header-meta":"","header-above-stick-meta":"","header-main-stick-meta":"","header-below-stick-meta":"","astra-migrate-meta-layouts":""},"product_cat":[21,28],"product_tag":[],"yoast_head":"<!-- This site is optimized with the Yoast SEO plugin v21.1 - https:\/\/yoast.com\/wordpress\/plugins\/seo\/ -->\n<title>PLACA MAE PCWARE IPMH510G DDR4 LGA 1200 - FLEXLAN Inform\u00e1tica<\/title>\n<meta name=\"description\" content=\"Suprimentos e Manuten\u00e7\u00e3o de Computadores e Notebooks\" \/>\n<meta name=\"robots\" content=\"index, follow, max-snippet:-1, max-image-preview:large, max-video-preview:-1\" \/>\n<link rel=\"canonical\" href=\"https:\/\/flexlan.com.br\/site\/?product=placa-mae-pcware-ipmh510g-ddr4-lga-1200\" \/>\n<meta property=\"og:locale\" content=\"pt_BR\" \/>\n<meta property=\"og:type\" content=\"article\" \/>\n<meta property=\"og:title\" content=\"PLACA MAE PCWARE IPMH510G DDR4 LGA 1200 - FLEXLAN Inform\u00e1tica\" \/>\n<meta property=\"og:description\" content=\"Suprimentos e Manuten\u00e7\u00e3o de Computadores e Notebooks\" \/>\n<meta property=\"og:url\" content=\"https:\/\/flexlan.com.br\/site\/?product=placa-mae-pcware-ipmh510g-ddr4-lga-1200\" \/>\n<meta property=\"og:site_name\" content=\"FLEXLAN Inform\u00e1tica\" \/>\n<meta property=\"article:publisher\" content=\"https:\/\/www.facebook.com\/FlexLanInformatica\" \/>\n<meta property=\"article:modified_time\" content=\"2022-08-01T14:42:24+00:00\" \/>\n<meta property=\"og:image\" content=\"https:\/\/i0.wp.com\/flexlan.com.br\/site\/wp-content\/uploads\/2022\/08\/PLACA-MAE-PCWARE-IPMH510G-DDR4-LGA-1200.jpg?fit=1000%2C1000&ssl=1\" \/>\n\t<meta property=\"og:image:width\" content=\"1000\" \/>\n\t<meta property=\"og:image:height\" content=\"1000\" \/>\n\t<meta property=\"og:image:type\" content=\"image\/jpeg\" \/>\n<meta name=\"twitter:card\" content=\"summary_large_image\" \/>\n<meta name=\"twitter:label1\" content=\"Est. tempo de leitura\" \/>\n\t<meta name=\"twitter:data1\" content=\"1 minuto\" \/>\n<script type=\"application\/ld+json\" class=\"yoast-schema-graph\">{\"@context\":\"https:\/\/schema.org\",\"@graph\":[{\"@type\":[\"WebPage\",\"ItemPage\"],\"@id\":\"https:\/\/flexlan.com.br\/site\/?product=placa-mae-pcware-ipmh510g-ddr4-lga-1200\",\"url\":\"https:\/\/flexlan.com.br\/site\/?product=placa-mae-pcware-ipmh510g-ddr4-lga-1200\",\"name\":\"PLACA MAE PCWARE IPMH510G DDR4 LGA 1200 - FLEXLAN Inform\u00e1tica\",\"isPartOf\":{\"@id\":\"https:\/\/flexlan.com.br\/site\/#website\"},\"datePublished\":\"2022-08-01T14:42:23+00:00\",\"dateModified\":\"2022-08-01T14:42:24+00:00\",\"description\":\"Suprimentos e Manuten\u00e7\u00e3o de Computadores e Notebooks\",\"breadcrumb\":{\"@id\":\"https:\/\/flexlan.com.br\/site\/?product=placa-mae-pcware-ipmh510g-ddr4-lga-1200#breadcrumb\"},\"inLanguage\":\"pt-BR\",\"potentialAction\":[{\"@type\":\"ReadAction\",\"target\":[\"https:\/\/flexlan.com.br\/site\/?product=placa-mae-pcware-ipmh510g-ddr4-lga-1200\"]}]},{\"@type\":\"BreadcrumbList\",\"@id\":\"https:\/\/flexlan.com.br\/site\/?product=placa-mae-pcware-ipmh510g-ddr4-lga-1200#breadcrumb\",\"itemListElement\":[{\"@type\":\"ListItem\",\"position\":1,\"name\":\"In\u00edcio\",\"item\":\"https:\/\/flexlan.com.br\/site\/\"},{\"@type\":\"ListItem\",\"position\":2,\"name\":\"Shop\",\"item\":\"https:\/\/flexlan.com.br\/site\/?page_id=28271\"},{\"@type\":\"ListItem\",\"position\":3,\"name\":\"PLACA MAE PCWARE IPMH510G DDR4 LGA 1200\"}]},{\"@type\":\"WebSite\",\"@id\":\"https:\/\/flexlan.com.br\/site\/#website\",\"url\":\"https:\/\/flexlan.com.br\/site\/\",\"name\":\"FLEXLAN Inform\u00e1tica\",\"description\":\"Suprimentos e Manuten\u00e7\u00e3o de Computadores e Notebooks\",\"publisher\":{\"@id\":\"https:\/\/flexlan.com.br\/site\/#organization\"},\"alternateName\":\"FLEXLAN Inform\u00e1tica\",\"potentialAction\":[{\"@type\":\"SearchAction\",\"target\":{\"@type\":\"EntryPoint\",\"urlTemplate\":\"https:\/\/flexlan.com.br\/site\/?s={search_term_string}\"},\"query-input\":\"required name=search_term_string\"}],\"inLanguage\":\"pt-BR\"},{\"@type\":\"Organization\",\"@id\":\"https:\/\/flexlan.com.br\/site\/#organization\",\"name\":\"Flexlan inform\u00e1tica\",\"alternateName\":\"Suprimentos e Manuten\u00e7\u00e3o de Computadores e Notebooks\",\"url\":\"https:\/\/flexlan.com.br\/site\/\",\"logo\":{\"@type\":\"ImageObject\",\"inLanguage\":\"pt-BR\",\"@id\":\"https:\/\/flexlan.com.br\/site\/#\/schema\/logo\/image\/\",\"url\":\"https:\/\/flexlan.com.br\/site\/wp-content\/uploads\/2022\/03\/Logo2022.png\",\"contentUrl\":\"https:\/\/flexlan.com.br\/site\/wp-content\/uploads\/2022\/03\/Logo2022.png\",\"width\":796,\"height\":228,\"caption\":\"Flexlan inform\u00e1tica\"},\"image\":{\"@id\":\"https:\/\/flexlan.com.br\/site\/#\/schema\/logo\/image\/\"},\"sameAs\":[\"https:\/\/www.facebook.com\/FlexLanInformatica\",\"https:\/\/instagram.com\/flexlan\"]}]}<\/script>\n<!-- \/ Yoast SEO plugin. -->","yoast_head_json":{"title":"PLACA MAE PCWARE IPMH510G DDR4 LGA 1200 - FLEXLAN Inform\u00e1tica","description":"Suprimentos e Manuten\u00e7\u00e3o de Computadores e Notebooks","robots":{"index":"index","follow":"follow","max-snippet":"max-snippet:-1","max-image-preview":"max-image-preview:large","max-video-preview":"max-video-preview:-1"},"canonical":"https:\/\/flexlan.com.br\/site\/?product=placa-mae-pcware-ipmh510g-ddr4-lga-1200","og_locale":"pt_BR","og_type":"article","og_title":"PLACA MAE PCWARE IPMH510G DDR4 LGA 1200 - FLEXLAN Inform\u00e1tica","og_description":"Suprimentos e Manuten\u00e7\u00e3o de Computadores e Notebooks","og_url":"https:\/\/flexlan.com.br\/site\/?product=placa-mae-pcware-ipmh510g-ddr4-lga-1200","og_site_name":"FLEXLAN Inform\u00e1tica","article_publisher":"https:\/\/www.facebook.com\/FlexLanInformatica","article_modified_time":"2022-08-01T14:42:24+00:00","og_image":[{"width":1000,"height":1000,"url":"https:\/\/i0.wp.com\/flexlan.com.br\/site\/wp-content\/uploads\/2022\/08\/PLACA-MAE-PCWARE-IPMH510G-DDR4-LGA-1200.jpg?fit=1000%2C1000&ssl=1","type":"image\/jpeg"}],"twitter_card":"summary_large_image","twitter_misc":{"Est. tempo de leitura":"1 minuto"},"schema":{"@context":"https:\/\/schema.org","@graph":[{"@type":["WebPage","ItemPage"],"@id":"https:\/\/flexlan.com.br\/site\/?product=placa-mae-pcware-ipmh510g-ddr4-lga-1200","url":"https:\/\/flexlan.com.br\/site\/?product=placa-mae-pcware-ipmh510g-ddr4-lga-1200","name":"PLACA MAE PCWARE IPMH510G DDR4 LGA 1200 - FLEXLAN Inform\u00e1tica","isPartOf":{"@id":"https:\/\/flexlan.com.br\/site\/#website"},"datePublished":"2022-08-01T14:42:23+00:00","dateModified":"2022-08-01T14:42:24+00:00","description":"Suprimentos e Manuten\u00e7\u00e3o de Computadores e Notebooks","breadcrumb":{"@id":"https:\/\/flexlan.com.br\/site\/?product=placa-mae-pcware-ipmh510g-ddr4-lga-1200#breadcrumb"},"inLanguage":"pt-BR","potentialAction":[{"@type":"ReadAction","target":["https:\/\/flexlan.com.br\/site\/?product=placa-mae-pcware-ipmh510g-ddr4-lga-1200"]}]},{"@type":"BreadcrumbList","@id":"https:\/\/flexlan.com.br\/site\/?product=placa-mae-pcware-ipmh510g-ddr4-lga-1200#breadcrumb","itemListElement":[{"@type":"ListItem","position":1,"name":"In\u00edcio","item":"https:\/\/flexlan.com.br\/site\/"},{"@type":"ListItem","position":2,"name":"Shop","item":"https:\/\/flexlan.com.br\/site\/?page_id=28271"},{"@type":"ListItem","position":3,"name":"PLACA MAE PCWARE IPMH510G DDR4 LGA 1200"}]},{"@type":"WebSite","@id":"https:\/\/flexlan.com.br\/site\/#website","url":"https:\/\/flexlan.com.br\/site\/","name":"FLEXLAN Inform\u00e1tica","description":"Suprimentos e Manuten\u00e7\u00e3o de Computadores e Notebooks","publisher":{"@id":"https:\/\/flexlan.com.br\/site\/#organization"},"alternateName":"FLEXLAN Inform\u00e1tica","potentialAction":[{"@type":"SearchAction","target":{"@type":"EntryPoint","urlTemplate":"https:\/\/flexlan.com.br\/site\/?s={search_term_string}"},"query-input":"required name=search_term_string"}],"inLanguage":"pt-BR"},{"@type":"Organization","@id":"https:\/\/flexlan.com.br\/site\/#organization","name":"Flexlan inform\u00e1tica","alternateName":"Suprimentos e Manuten\u00e7\u00e3o de Computadores e Notebooks","url":"https:\/\/flexlan.com.br\/site\/","logo":{"@type":"ImageObject","inLanguage":"pt-BR","@id":"https:\/\/flexlan.com.br\/site\/#\/schema\/logo\/image\/","url":"https:\/\/flexlan.com.br\/site\/wp-content\/uploads\/2022\/03\/Logo2022.png","contentUrl":"https:\/\/flexlan.com.br\/site\/wp-content\/uploads\/2022\/03\/Logo2022.png","width":796,"height":228,"caption":"Flexlan inform\u00e1tica"},"image":{"@id":"https:\/\/flexlan.com.br\/site\/#\/schema\/logo\/image\/"},"sameAs":["https:\/\/www.facebook.com\/FlexLanInformatica","https:\/\/instagram.com\/flexlan"]}]}},"_links":{"self":[{"href":"https:\/\/flexlan.com.br\/site\/index.php?rest_route=\/wp\/v2\/product\/27946"}],"collection":[{"href":"https:\/\/flexlan.com.br\/site\/index.php?rest_route=\/wp\/v2\/product"}],"about":[{"href":"https:\/\/flexlan.com.br\/site\/index.php?rest_route=\/wp\/v2\/types\/product"}],"replies":[{"embeddable":true,"href":"https:\/\/flexlan.com.br\/site\/index.php?rest_route=%2Fwp%2Fv2%2Fcomments&post=27946"}],"wp:featuredmedia":[{"embeddable":true,"href":"https:\/\/flexlan.com.br\/site\/index.php?rest_route=\/wp\/v2\/media\/27949"}],"wp:attachment":[{"href":"https:\/\/flexlan.com.br\/site\/index.php?rest_route=%2Fwp%2Fv2%2Fmedia&parent=27946"}],"wp:term":[{"taxonomy":"product_cat","embeddable":true,"href":"https:\/\/flexlan.com.br\/site\/index.php?rest_route=%2Fwp%2Fv2%2Fproduct_cat&post=27946"},{"taxonomy":"product_tag","embeddable":true,"href":"https:\/\/flexlan.com.br\/site\/index.php?rest_route=%2Fwp%2Fv2%2Fproduct_tag&post=27946"}],"curies":[{"name":"wp","href":"https:\/\/api.w.org\/{rel}","templated":true}]}}