{"id":21482,"date":"2021-10-26T16:39:06","date_gmt":"2021-10-26T16:39:06","guid":{"rendered":"https:\/\/flexlan.com.br\/site\/?post_type=product&#038;p=21482"},"modified":"2026-05-04T15:59:04","modified_gmt":"2026-05-04T18:59:04","slug":"placa-mae-asrock-h110m-hg4-ddr4-lga-1151-6-7o-geracao","status":"publish","type":"product","link":"https:\/\/flexlan.com.br\/site\/?product=placa-mae-asrock-h110m-hg4-ddr4-lga-1151-6-7o-geracao","title":{"rendered":"PLACA-MAE ASROCK H110M-HG4  DDR4 LGA 1151  6\u00b0\/ 7\u00ba GERACAO"},"content":{"rendered":"<p>Caracter\u00edsticas:<br \/>\n&#8211; Marca: ASROCK<br \/>\n&#8211; Modelo: H110M-HG4<\/p>\n<p>Especifica\u00e7\u00f5es:<\/p>\n<p>CPU:<br \/>\n&#8211; Suporta Processadores Intel Core i7\/i5\/i3\/Pentium\/Celeron 6\u00aa \/ 7\u00aa Gera\u00e7\u00e3o (Socket 1151)<br \/>\n&#8211; Suporta CPU up to 91W<br \/>\n&#8211; Design Digi Power<br \/>\n&#8211; 5 Power Phase design<br \/>\n&#8211; Suporta Tecnologia Intel Turbo Boost 2.0 <\/p>\n<p>Chipset:<br \/>\n&#8211; Intel H110 <\/p>\n<p>Mem\u00f3ria:<br \/>\n&#8211; Tecnologia de mem\u00f3ria DDR4 Dual Channel<br \/>\n&#8211; 2 x DDR4 slots DIMM<br \/>\n&#8211; Suporta DDR4 2400\/2133 n\u00e3o-ECC, sem-buffer*<br \/>\n&#8211; Suporta m\u00f3dulos de mem\u00f3ria UDIMM ECC (opera em modo n\u00e3o-ECC)<br \/>\n&#8211; Capacidade m\u00e1xima de mem\u00f3ria do sistema: 32GB**<br \/>\n&#8211; Suporta Intel Extreme Memory Profile (XMP) 2.0<\/p>\n<p>*CPU Intel de 7\u00aa Gera\u00e7\u00e3o suporta DDR4 at\u00e9 2400; CPU Intel de 6\u00aa Gera\u00e7\u00e3o suporta DDR4 at\u00e9 2133.<\/p>\n<p>**Devido a limita\u00e7\u00f5es do sistema operacional, o tamanho da mem\u00f3ria pode ser menor que 4GB para a reserva de uso do sistema no Windows 32-bit. No Windows 64-bit com CPU de 64-bit, n\u00e3o existe esta limita\u00e7\u00e3o.<\/p>\n<p>BIOS:<br \/>\n&#8211; BIOS Legal 64Mb AMI UEFI com suporte a interface gr\u00e1fica Multi-idioma<br \/>\n&#8211; Eventos de Despertar Compat\u00edveis com ACPI 5.0<br \/>\n&#8211; Suporta SMBIOS 2.7<br \/>\n&#8211; CPU, DRAM, PCH 1.0V, VCCIO Voltage Multi-adjustment<\/p>\n<p>Gr\u00e1ficos:<br \/>\n&#8211; Suporta Gr\u00e1ficos Intel HD Embutido : Intel Quick Sync Video com AVC, MVC (S3D) e MPEG-2 Full HW Encode1, Intel InTru 3D, Intel Clear Tecnologia de V\u00eddeo HD, Intel Insider, Intel HD Graphics 510\/530<br \/>\n&#8211; Pixel Shader 5.0, DirectX 12<br \/>\n&#8211; Mem\u00f3ria compartilhada m\u00e1xima 1024MB* (*O tamanho m\u00e1ximo da mem\u00f3ria compartilhada pode variar em diferentes sistemas operacionais.. Gr\u00e1ficos Intel HD Embutidos e a sa\u00edda VGA s\u00f3 podem ser usadas com processadores que possuem GPU integrada.)<br \/>\n&#8211; Dupla Sa\u00edda Gr\u00e1fica: suporta portas HDMI e D-Sub por conectores independentes<br \/>\n&#8211; Suporta HDMI com resolu\u00e7\u00e3o m\u00e1xima de 4K x 2K (4096&#215;2160) @ 24Hz \/ (3840&#215;2160) @ 30Hz<br \/>\n&#8211; Suporta D-Sub com resolu\u00e7\u00e3o m\u00e1xima de 1920&#215;1200 @ 60Hz<br \/>\n&#8211; Suporta Sincronismo Autom\u00e1tico de L\u00e1bios, Cores Profundas (12bpc), xvYCC e HBR (High Bit Rate Audio \/ \u00c1udio de Alto Bit Rate) com HDMI (Monitor HDMI compat\u00edvel necess\u00e1rio)<br \/>\n&#8211; Suporta Codecs de M\u00eddia Acelerados: HEVC, VP8, VP9<br \/>\n&#8211; Suporta HDCP com a Porta HDMI<br \/>\n&#8211; Suporta reprodu\u00e7\u00e3o Full HD 1080p de Blu-ray (BD) com as porta HDMI <\/p>\n<p>\u00c1udio:<br \/>\n&#8211; \u00c1udio HD 7.1 Canais (Codec de \u00c1udio Realtek ALC887)* (*Para configurar o \u00c1udio HD 7.1 Canais, \u00e9 necess\u00e1rio utilizar um modulo de \u00e1udio HD do painel frontal e ativar o recurso \u00e1udio de multi-canal no driver de \u00e1udio.)<br \/>\n&#8211; Suporta Prote\u00e7\u00e3o Contra Oscila\u00e7\u00e3o (Prote\u00e7\u00e3o Total Contra Picos ASRock)<br \/>\n&#8211; Capacitores de \u00c1udio ELNA<\/p>\n<p>Rede:<br \/>\n&#8211; Rede PCIE 1x Gigabit 10\/100\/1000 Mb\/s<br \/>\n&#8211; Realtek RTL8111GR\/RTL8111C<br \/>\n&#8211; Suporta Wake-On-LAN<br \/>\n&#8211; Suporta Prote\u00e7\u00e3o Contra Raios\/ESD (ASRock Full Spike Protection)<br \/>\n&#8211; Suporta Detec\u00e7\u00e3o de Cabo de Rede<br \/>\n&#8211; Suporta PXE<\/p>\n<p>Slots:<br \/>\n&#8211; 1 x slot PCI Express 3.0 x16 (PCIE1: modo x16)* (*SSD NVMe como discos de boot)<br \/>\n&#8211; 2 x slots PCI Express 2.0 x1<\/p>\n<p>Armazenamento:<br \/>\n&#8211; 4 x conectores SATA3 6.0 Gb\/s, suportando NCQ, AHCI e Hot Plug<\/p>\n<p>Conectores:<br \/>\n&#8211; 1 x conector de Porta de Impress\u00e3o<br \/>\n&#8211; 1 x conector para COM<br \/>\n&#8211; 1 x Conector TPM<br \/>\n&#8211; 1 x Conector de Speaker e Intrus\u00e3o do Gabinete<br \/>\n&#8211; 1 x conector de Vento\u00ednha da CPU (4-pin)<br \/>\n&#8211; 2 x Conectores de Vento\u00ednha do Gabinete (4-pin)*<br \/>\n&#8211; 1 x Conector de energia ATX 24 pinos<br \/>\n&#8211; 1 x Conector de Energia 12V 8 pinos<br \/>\n&#8211; 1 x Conector de painel de \u00e1udio frontal<br \/>\n&#8211; 2 x conectores USB 2.0 (suportando 4 portas USB 2.0) (Suporta Prote\u00e7\u00e3o Contra ESD (ASRock Full Spike Protection))<br \/>\n&#8211; 1 x conector USB 3.0 (suporta 2 portas USB 3.0) (Suporta Prote\u00e7\u00e3o Contra ESD (ASRock Full Spike Protection))**<\/p>\n<p>Painel Traseiro:<br \/>\n&#8211; 1 x Porta de Mouse \/ Teclado PS\/2<br \/>\n&#8211; 1 x Porta D-Sub<br \/>\n&#8211; 1 x Porta HDMI<br \/>\n&#8211; 4 x portas USB 2.0 (Suporta Prote\u00e7\u00e3o Contra ESD (ASRock Full Spike Protection))*<br \/>\n&#8211; 2 x portas USB 3.0 (Suporta Prote\u00e7\u00e3o Contra ESD (ASRock Full Spike Protection))*<br \/>\n&#8211; 1 x Porta de Rede RJ-45 com LED (LED de Acesso e LED de Velocidade)<br \/>\n&#8211; Conectores de \u00c1udio HD: Entrada de Linha \/ Alto-Falante Frontal \/ Microfone<\/p>\n<p>Formato:<br \/>\n&#8211; Formato Micro ATX: 8.9-in x 7.2-in, 22.6 cm x 18.3 cm<br \/>\n&#8211; Design com Capacitores S\u00f3lidos<\/p>\n<p>SO:<br \/>\n&#8211; Microsoft Windows 10 64-bit \/ 8.1 64-bit \/ 7 32-bit \/ 7 64-bit* (*Para instalar o Windows 7, \u00e9 necess\u00e1rio um disco de instala\u00e7\u00e3o modificado com os drivers xHCI embutidos no ISO. Por favor consulte o Manual do Usu\u00e1rio para mais instru\u00e7\u00f5es detalhadas. Para driver atualizado do Windows10, por favor visite o website da ASRock para mais detalhes.) <\/p>\n<p>Certifica\u00e7\u00f5es:<br \/>\n&#8211; FCC, CE, WHQL <\/p>\n<p>Conte\u00fado da Embalagem:<br \/>\n&#8211; 01 Placa-M\u00e3e ASRock<br \/>\n&#8211; 01 Guia R\u00e1pido de Instala\u00e7\u00e3o<br \/>\n&#8211; 01 CD de Suporte<br \/>\n&#8211; 01 Protetor E\/S<br \/>\n&#8211; 02 Cabos de dados SATA <\/p>\n","protected":false},"excerpt":{"rendered":"<p>Caracter\u00edsticas: &#8211; Marca: ASROCK &#8211; Modelo: H110M-HG4 Especifica\u00e7\u00f5es: CPU: &#8211; Suporta Processadores Intel Core i7\/i5\/i3\/Pentium\/Celeron 6\u00aa \/ 7\u00aa Gera\u00e7\u00e3o (Socket 1151) &#8211; Suporta CPU up to 91W &#8211; Design Digi Power &#8211; 5 Power Phase design &#8211; Suporta Tecnologia Intel Turbo Boost 2.0 Chipset: &#8211; Intel H110 Mem\u00f3ria: &#8211; Tecnologia de mem\u00f3ria DDR4 Dual Channel &hellip;<\/p>\n<p class=\"read-more\"> <a class=\"\" href=\"https:\/\/flexlan.com.br\/site\/?product=placa-mae-asrock-h110m-hg4-ddr4-lga-1151-6-7o-geracao\"> <span class=\"screen-reader-text\">PLACA-MAE ASROCK H110M-HG4  DDR4 LGA 1151  6\u00b0\/ 7\u00ba GERACAO<\/span> Leia mais &raquo;<\/a><\/p>\n","protected":false},"featured_media":21486,"comment_status":"open","ping_status":"closed","template":"","meta":{"site-sidebar-layout":"default","site-content-layout":"","ast-site-content-layout":"","site-content-style":"default","site-sidebar-style":"default","ast-global-header-display":"","ast-banner-title-visibility":"","ast-main-header-display":"","ast-hfb-above-header-display":"","ast-hfb-below-header-display":"","ast-hfb-mobile-header-display":"","site-post-title":"","ast-breadcrumbs-content":"","ast-featured-img":"","footer-sml-layout":"","theme-transparent-header-meta":"","adv-header-id-meta":"","stick-header-meta":"","header-above-stick-meta":"","header-main-stick-meta":"","header-below-stick-meta":"","astra-migrate-meta-layouts":""},"product_cat":[21,28],"product_tag":[],"yoast_head":"<!-- This site is optimized with the Yoast SEO plugin v21.1 - https:\/\/yoast.com\/wordpress\/plugins\/seo\/ -->\n<title>PLACA-MAE ASROCK H110M-HG4 DDR4 LGA 1151 6\u00b0\/ 7\u00ba GERACAO - FLEXLAN Inform\u00e1tica<\/title>\n<meta name=\"description\" content=\"Suprimentos e Manuten\u00e7\u00e3o de Computadores e Notebooks\" \/>\n<meta name=\"robots\" content=\"index, follow, max-snippet:-1, max-image-preview:large, max-video-preview:-1\" \/>\n<link rel=\"canonical\" href=\"https:\/\/flexlan.com.br\/site\/?product=placa-mae-asrock-h110m-hg4-ddr4-lga-1151-6-7o-geracao\" \/>\n<meta property=\"og:locale\" content=\"pt_BR\" \/>\n<meta property=\"og:type\" content=\"article\" \/>\n<meta property=\"og:title\" content=\"PLACA-MAE ASROCK H110M-HG4 DDR4 LGA 1151 6\u00b0\/ 7\u00ba GERACAO - FLEXLAN Inform\u00e1tica\" \/>\n<meta property=\"og:description\" content=\"Suprimentos e Manuten\u00e7\u00e3o de Computadores e Notebooks\" \/>\n<meta property=\"og:url\" content=\"https:\/\/flexlan.com.br\/site\/?product=placa-mae-asrock-h110m-hg4-ddr4-lga-1151-6-7o-geracao\" \/>\n<meta property=\"og:site_name\" content=\"FLEXLAN Inform\u00e1tica\" \/>\n<meta property=\"article:publisher\" content=\"https:\/\/www.facebook.com\/FlexLanInformatica\" \/>\n<meta property=\"article:modified_time\" content=\"2026-05-04T18:59:04+00:00\" \/>\n<meta property=\"og:image\" content=\"https:\/\/i0.wp.com\/flexlan.com.br\/site\/wp-content\/uploads\/2021\/10\/PLACA-MAE-ASROCK-H110M-HG4-DDR4-LGA-1151.jpg?fit=1000%2C1000&ssl=1\" \/>\n\t<meta property=\"og:image:width\" content=\"1000\" \/>\n\t<meta property=\"og:image:height\" content=\"1000\" \/>\n\t<meta property=\"og:image:type\" content=\"image\/jpeg\" \/>\n<meta name=\"twitter:card\" content=\"summary_large_image\" \/>\n<meta name=\"twitter:label1\" content=\"Est. tempo de leitura\" \/>\n\t<meta name=\"twitter:data1\" content=\"4 minutos\" \/>\n<script type=\"application\/ld+json\" class=\"yoast-schema-graph\">{\"@context\":\"https:\/\/schema.org\",\"@graph\":[{\"@type\":[\"WebPage\",\"ItemPage\"],\"@id\":\"https:\/\/flexlan.com.br\/site\/?product=placa-mae-asrock-h110m-hg4-ddr4-lga-1151-6-7o-geracao\",\"url\":\"https:\/\/flexlan.com.br\/site\/?product=placa-mae-asrock-h110m-hg4-ddr4-lga-1151-6-7o-geracao\",\"name\":\"PLACA-MAE ASROCK H110M-HG4 DDR4 LGA 1151 6\u00b0\/ 7\u00ba GERACAO - FLEXLAN Inform\u00e1tica\",\"isPartOf\":{\"@id\":\"https:\/\/flexlan.com.br\/site\/#website\"},\"datePublished\":\"2021-10-26T16:39:06+00:00\",\"dateModified\":\"2026-05-04T18:59:04+00:00\",\"description\":\"Suprimentos e Manuten\u00e7\u00e3o de Computadores e Notebooks\",\"breadcrumb\":{\"@id\":\"https:\/\/flexlan.com.br\/site\/?product=placa-mae-asrock-h110m-hg4-ddr4-lga-1151-6-7o-geracao#breadcrumb\"},\"inLanguage\":\"pt-BR\",\"potentialAction\":[{\"@type\":\"ReadAction\",\"target\":[\"https:\/\/flexlan.com.br\/site\/?product=placa-mae-asrock-h110m-hg4-ddr4-lga-1151-6-7o-geracao\"]}]},{\"@type\":\"BreadcrumbList\",\"@id\":\"https:\/\/flexlan.com.br\/site\/?product=placa-mae-asrock-h110m-hg4-ddr4-lga-1151-6-7o-geracao#breadcrumb\",\"itemListElement\":[{\"@type\":\"ListItem\",\"position\":1,\"name\":\"In\u00edcio\",\"item\":\"https:\/\/flexlan.com.br\/site\/\"},{\"@type\":\"ListItem\",\"position\":2,\"name\":\"Shop\",\"item\":\"https:\/\/flexlan.com.br\/site\/?page_id=28271\"},{\"@type\":\"ListItem\",\"position\":3,\"name\":\"PLACA-MAE ASROCK H110M-HG4 DDR4 LGA 1151 6\u00b0\/ 7\u00ba GERACAO\"}]},{\"@type\":\"WebSite\",\"@id\":\"https:\/\/flexlan.com.br\/site\/#website\",\"url\":\"https:\/\/flexlan.com.br\/site\/\",\"name\":\"FLEXLAN Inform\u00e1tica\",\"description\":\"Suprimentos e Manuten\u00e7\u00e3o de Computadores e Notebooks\",\"publisher\":{\"@id\":\"https:\/\/flexlan.com.br\/site\/#organization\"},\"alternateName\":\"FLEXLAN Inform\u00e1tica\",\"potentialAction\":[{\"@type\":\"SearchAction\",\"target\":{\"@type\":\"EntryPoint\",\"urlTemplate\":\"https:\/\/flexlan.com.br\/site\/?s={search_term_string}\"},\"query-input\":\"required name=search_term_string\"}],\"inLanguage\":\"pt-BR\"},{\"@type\":\"Organization\",\"@id\":\"https:\/\/flexlan.com.br\/site\/#organization\",\"name\":\"Flexlan inform\u00e1tica\",\"alternateName\":\"Suprimentos e Manuten\u00e7\u00e3o de Computadores e Notebooks\",\"url\":\"https:\/\/flexlan.com.br\/site\/\",\"logo\":{\"@type\":\"ImageObject\",\"inLanguage\":\"pt-BR\",\"@id\":\"https:\/\/flexlan.com.br\/site\/#\/schema\/logo\/image\/\",\"url\":\"https:\/\/flexlan.com.br\/site\/wp-content\/uploads\/2022\/03\/Logo2022.png\",\"contentUrl\":\"https:\/\/flexlan.com.br\/site\/wp-content\/uploads\/2022\/03\/Logo2022.png\",\"width\":796,\"height\":228,\"caption\":\"Flexlan inform\u00e1tica\"},\"image\":{\"@id\":\"https:\/\/flexlan.com.br\/site\/#\/schema\/logo\/image\/\"},\"sameAs\":[\"https:\/\/www.facebook.com\/FlexLanInformatica\",\"https:\/\/instagram.com\/flexlan\"]}]}<\/script>\n<!-- \/ Yoast SEO plugin. -->","yoast_head_json":{"title":"PLACA-MAE ASROCK H110M-HG4 DDR4 LGA 1151 6\u00b0\/ 7\u00ba GERACAO - FLEXLAN Inform\u00e1tica","description":"Suprimentos e Manuten\u00e7\u00e3o de Computadores e Notebooks","robots":{"index":"index","follow":"follow","max-snippet":"max-snippet:-1","max-image-preview":"max-image-preview:large","max-video-preview":"max-video-preview:-1"},"canonical":"https:\/\/flexlan.com.br\/site\/?product=placa-mae-asrock-h110m-hg4-ddr4-lga-1151-6-7o-geracao","og_locale":"pt_BR","og_type":"article","og_title":"PLACA-MAE ASROCK H110M-HG4 DDR4 LGA 1151 6\u00b0\/ 7\u00ba GERACAO - FLEXLAN Inform\u00e1tica","og_description":"Suprimentos e Manuten\u00e7\u00e3o de Computadores e Notebooks","og_url":"https:\/\/flexlan.com.br\/site\/?product=placa-mae-asrock-h110m-hg4-ddr4-lga-1151-6-7o-geracao","og_site_name":"FLEXLAN Inform\u00e1tica","article_publisher":"https:\/\/www.facebook.com\/FlexLanInformatica","article_modified_time":"2026-05-04T18:59:04+00:00","og_image":[{"width":1000,"height":1000,"url":"https:\/\/i0.wp.com\/flexlan.com.br\/site\/wp-content\/uploads\/2021\/10\/PLACA-MAE-ASROCK-H110M-HG4-DDR4-LGA-1151.jpg?fit=1000%2C1000&ssl=1","type":"image\/jpeg"}],"twitter_card":"summary_large_image","twitter_misc":{"Est. tempo de leitura":"4 minutos"},"schema":{"@context":"https:\/\/schema.org","@graph":[{"@type":["WebPage","ItemPage"],"@id":"https:\/\/flexlan.com.br\/site\/?product=placa-mae-asrock-h110m-hg4-ddr4-lga-1151-6-7o-geracao","url":"https:\/\/flexlan.com.br\/site\/?product=placa-mae-asrock-h110m-hg4-ddr4-lga-1151-6-7o-geracao","name":"PLACA-MAE ASROCK H110M-HG4 DDR4 LGA 1151 6\u00b0\/ 7\u00ba GERACAO - FLEXLAN Inform\u00e1tica","isPartOf":{"@id":"https:\/\/flexlan.com.br\/site\/#website"},"datePublished":"2021-10-26T16:39:06+00:00","dateModified":"2026-05-04T18:59:04+00:00","description":"Suprimentos e Manuten\u00e7\u00e3o de Computadores e Notebooks","breadcrumb":{"@id":"https:\/\/flexlan.com.br\/site\/?product=placa-mae-asrock-h110m-hg4-ddr4-lga-1151-6-7o-geracao#breadcrumb"},"inLanguage":"pt-BR","potentialAction":[{"@type":"ReadAction","target":["https:\/\/flexlan.com.br\/site\/?product=placa-mae-asrock-h110m-hg4-ddr4-lga-1151-6-7o-geracao"]}]},{"@type":"BreadcrumbList","@id":"https:\/\/flexlan.com.br\/site\/?product=placa-mae-asrock-h110m-hg4-ddr4-lga-1151-6-7o-geracao#breadcrumb","itemListElement":[{"@type":"ListItem","position":1,"name":"In\u00edcio","item":"https:\/\/flexlan.com.br\/site\/"},{"@type":"ListItem","position":2,"name":"Shop","item":"https:\/\/flexlan.com.br\/site\/?page_id=28271"},{"@type":"ListItem","position":3,"name":"PLACA-MAE ASROCK H110M-HG4 DDR4 LGA 1151 6\u00b0\/ 7\u00ba GERACAO"}]},{"@type":"WebSite","@id":"https:\/\/flexlan.com.br\/site\/#website","url":"https:\/\/flexlan.com.br\/site\/","name":"FLEXLAN Inform\u00e1tica","description":"Suprimentos e Manuten\u00e7\u00e3o de Computadores e Notebooks","publisher":{"@id":"https:\/\/flexlan.com.br\/site\/#organization"},"alternateName":"FLEXLAN Inform\u00e1tica","potentialAction":[{"@type":"SearchAction","target":{"@type":"EntryPoint","urlTemplate":"https:\/\/flexlan.com.br\/site\/?s={search_term_string}"},"query-input":"required name=search_term_string"}],"inLanguage":"pt-BR"},{"@type":"Organization","@id":"https:\/\/flexlan.com.br\/site\/#organization","name":"Flexlan inform\u00e1tica","alternateName":"Suprimentos e Manuten\u00e7\u00e3o de Computadores e Notebooks","url":"https:\/\/flexlan.com.br\/site\/","logo":{"@type":"ImageObject","inLanguage":"pt-BR","@id":"https:\/\/flexlan.com.br\/site\/#\/schema\/logo\/image\/","url":"https:\/\/flexlan.com.br\/site\/wp-content\/uploads\/2022\/03\/Logo2022.png","contentUrl":"https:\/\/flexlan.com.br\/site\/wp-content\/uploads\/2022\/03\/Logo2022.png","width":796,"height":228,"caption":"Flexlan inform\u00e1tica"},"image":{"@id":"https:\/\/flexlan.com.br\/site\/#\/schema\/logo\/image\/"},"sameAs":["https:\/\/www.facebook.com\/FlexLanInformatica","https:\/\/instagram.com\/flexlan"]}]}},"_links":{"self":[{"href":"https:\/\/flexlan.com.br\/site\/index.php?rest_route=\/wp\/v2\/product\/21482"}],"collection":[{"href":"https:\/\/flexlan.com.br\/site\/index.php?rest_route=\/wp\/v2\/product"}],"about":[{"href":"https:\/\/flexlan.com.br\/site\/index.php?rest_route=\/wp\/v2\/types\/product"}],"replies":[{"embeddable":true,"href":"https:\/\/flexlan.com.br\/site\/index.php?rest_route=%2Fwp%2Fv2%2Fcomments&post=21482"}],"wp:featuredmedia":[{"embeddable":true,"href":"https:\/\/flexlan.com.br\/site\/index.php?rest_route=\/wp\/v2\/media\/21486"}],"wp:attachment":[{"href":"https:\/\/flexlan.com.br\/site\/index.php?rest_route=%2Fwp%2Fv2%2Fmedia&parent=21482"}],"wp:term":[{"taxonomy":"product_cat","embeddable":true,"href":"https:\/\/flexlan.com.br\/site\/index.php?rest_route=%2Fwp%2Fv2%2Fproduct_cat&post=21482"},{"taxonomy":"product_tag","embeddable":true,"href":"https:\/\/flexlan.com.br\/site\/index.php?rest_route=%2Fwp%2Fv2%2Fproduct_tag&post=21482"}],"curies":[{"name":"wp","href":"https:\/\/api.w.org\/{rel}","templated":true}]}}