{"id":21311,"date":"2021-10-22T14:49:37","date_gmt":"2021-10-22T14:49:37","guid":{"rendered":"https:\/\/flexlan.com.br\/site\/?post_type=product&#038;p=21311"},"modified":"2023-02-22T18:33:07","modified_gmt":"2023-02-22T18:33:07","slug":"memoria-8gb-ddr4-2666mhz-corsair-vengeance-lpx-cmk8gx4m1a2666c16","status":"publish","type":"product","link":"https:\/\/flexlan.com.br\/site\/?product=memoria-8gb-ddr4-2666mhz-corsair-vengeance-lpx-cmk8gx4m1a2666c16","title":{"rendered":"MEMORIA 8GB DDR4 3000MHZ  CORSAIR VENGEANCE LCPX CMK8GX4M1D3000C16"},"content":{"rendered":"<p>Caracter\u00edsticas:<\/p>\n<p>&#8211; Marca: Corsair<\/p>\n<p>&#8211; Modelo: CMK8GX4M1D3000C16<\/p>\n<p>Especifica\u00e7\u00f5es:<\/p>\n<p>&#8211; Cor: Preto<\/p>\n<p>&#8211; S\u00e9rie: Vengeance LPX<\/p>\n<p>&#8211; Tipo de mem\u00f3ria: DDR4<\/p>\n<p>&#8211; Capacidade total: 8GB (1 x 8GB)<\/p>\n<p>&#8211; Lat\u00eancia: 16-20-20-38<\/p>\n<p>&#8211; Tens\u00e3o: 1.35V<\/p>\n<p>&#8211; Velocidade: 3000 Mhz<\/p>\n<p>&#8211; Lat\u00eancia SPD: 15-15-15-36<\/p>\n<p>&#8211; Velocidade SPD: 2133 Mhz<\/p>\n<p>&#8211; Tens\u00e3o SPD: 1.2V<\/p>\n<p>&#8211; Classifica\u00e7\u00e3o de velocidade: PC4-24000 (3000MHz)<\/p>\n<p>&#8211; Dissipador: Alum\u00ednio Anodizado<\/p>\n<p>&#8211; Formato: DIMM<\/p>\n<p>&#8211; Perfil de desempenho: XMP 2.0<\/p>\n<p>&#8211; Pinagem: 288-pin<\/p>\n<p>Conte\u00fado da embalagem:<\/p>\n<p>&#8211; 1 x Kit de Mem\u00f3ria Corsair Vengeance LPX 8GB (1x8GB)<\/p>\n","protected":false},"excerpt":{"rendered":"<p>A mem\u00f3ria Vengeance LPX foi projetada para overclocking de alto desempenho. O dissipador de calor \u00e9 feito de alum\u00ednio puro para uma dissipa\u00e7\u00e3o de calor mais r\u00e1pida, e o PCB de oito camadas ajuda a gerenciar o calor e fornece um n\u00edvel superior de overclock.<\/p>\n","protected":false},"featured_media":21312,"comment_status":"open","ping_status":"closed","template":"","meta":{"site-sidebar-layout":"default","site-content-layout":"default","ast-site-content-layout":"","site-content-style":"default","site-sidebar-style":"default","ast-global-header-display":"","ast-banner-title-visibility":"","ast-main-header-display":"","ast-hfb-above-header-display":"","ast-hfb-below-header-display":"","ast-hfb-mobile-header-display":"","site-post-title":"","ast-breadcrumbs-content":"","ast-featured-img":"","footer-sml-layout":"","theme-transparent-header-meta":"default","adv-header-id-meta":"","stick-header-meta":"","header-above-stick-meta":"","header-main-stick-meta":"","header-below-stick-meta":"","astra-migrate-meta-layouts":""},"product_cat":[21,32],"product_tag":[],"yoast_head":"<!-- This site is optimized with the Yoast SEO plugin v21.1 - https:\/\/yoast.com\/wordpress\/plugins\/seo\/ -->\n<title>MEMORIA 8GB DDR4 3000MHZ CORSAIR VENGEANCE LCPX CMK8GX4M1D3000C16 - FLEXLAN Inform\u00e1tica<\/title>\n<meta name=\"description\" content=\"Suprimentos e Manuten\u00e7\u00e3o de Computadores e Notebooks\" \/>\n<meta name=\"robots\" content=\"index, follow, max-snippet:-1, max-image-preview:large, max-video-preview:-1\" \/>\n<link rel=\"canonical\" href=\"https:\/\/flexlan.com.br\/site\/?product=memoria-8gb-ddr4-2666mhz-corsair-vengeance-lpx-cmk8gx4m1a2666c16\" \/>\n<meta property=\"og:locale\" content=\"pt_BR\" \/>\n<meta property=\"og:type\" content=\"article\" \/>\n<meta property=\"og:title\" content=\"MEMORIA 8GB DDR4 3000MHZ CORSAIR VENGEANCE LCPX CMK8GX4M1D3000C16 - FLEXLAN Inform\u00e1tica\" \/>\n<meta property=\"og:description\" content=\"Suprimentos e Manuten\u00e7\u00e3o de Computadores e Notebooks\" \/>\n<meta property=\"og:url\" content=\"https:\/\/flexlan.com.br\/site\/?product=memoria-8gb-ddr4-2666mhz-corsair-vengeance-lpx-cmk8gx4m1a2666c16\" \/>\n<meta property=\"og:site_name\" content=\"FLEXLAN Inform\u00e1tica\" \/>\n<meta property=\"article:publisher\" content=\"https:\/\/www.facebook.com\/FlexLanInformatica\" \/>\n<meta property=\"article:modified_time\" content=\"2023-02-22T18:33:07+00:00\" \/>\n<meta property=\"og:image\" content=\"https:\/\/i0.wp.com\/flexlan.com.br\/site\/wp-content\/uploads\/2021\/10\/MEMORIA-8GB-DDR4-2666MHZ-CORSAIR-VENGEANCE-LPX.jpg?fit=1000%2C1000&ssl=1\" \/>\n\t<meta property=\"og:image:width\" content=\"1000\" \/>\n\t<meta property=\"og:image:height\" content=\"1000\" \/>\n\t<meta property=\"og:image:type\" content=\"image\/jpeg\" \/>\n<meta name=\"twitter:card\" content=\"summary_large_image\" \/>\n<meta name=\"twitter:label1\" content=\"Est. tempo de leitura\" \/>\n\t<meta name=\"twitter:data1\" content=\"1 minuto\" \/>\n<script type=\"application\/ld+json\" class=\"yoast-schema-graph\">{\"@context\":\"https:\/\/schema.org\",\"@graph\":[{\"@type\":[\"WebPage\",\"ItemPage\"],\"@id\":\"https:\/\/flexlan.com.br\/site\/?product=memoria-8gb-ddr4-2666mhz-corsair-vengeance-lpx-cmk8gx4m1a2666c16\",\"url\":\"https:\/\/flexlan.com.br\/site\/?product=memoria-8gb-ddr4-2666mhz-corsair-vengeance-lpx-cmk8gx4m1a2666c16\",\"name\":\"MEMORIA 8GB DDR4 3000MHZ CORSAIR VENGEANCE LCPX CMK8GX4M1D3000C16 - FLEXLAN Inform\u00e1tica\",\"isPartOf\":{\"@id\":\"https:\/\/flexlan.com.br\/site\/#website\"},\"datePublished\":\"2021-10-22T14:49:37+00:00\",\"dateModified\":\"2023-02-22T18:33:07+00:00\",\"description\":\"Suprimentos e Manuten\u00e7\u00e3o de Computadores e Notebooks\",\"breadcrumb\":{\"@id\":\"https:\/\/flexlan.com.br\/site\/?product=memoria-8gb-ddr4-2666mhz-corsair-vengeance-lpx-cmk8gx4m1a2666c16#breadcrumb\"},\"inLanguage\":\"pt-BR\",\"potentialAction\":[{\"@type\":\"ReadAction\",\"target\":[\"https:\/\/flexlan.com.br\/site\/?product=memoria-8gb-ddr4-2666mhz-corsair-vengeance-lpx-cmk8gx4m1a2666c16\"]}]},{\"@type\":\"BreadcrumbList\",\"@id\":\"https:\/\/flexlan.com.br\/site\/?product=memoria-8gb-ddr4-2666mhz-corsair-vengeance-lpx-cmk8gx4m1a2666c16#breadcrumb\",\"itemListElement\":[{\"@type\":\"ListItem\",\"position\":1,\"name\":\"In\u00edcio\",\"item\":\"https:\/\/flexlan.com.br\/site\/\"},{\"@type\":\"ListItem\",\"position\":2,\"name\":\"Shop\",\"item\":\"https:\/\/flexlan.com.br\/site\/?page_id=28271\"},{\"@type\":\"ListItem\",\"position\":3,\"name\":\"MEMORIA 8GB DDR4 3000MHZ CORSAIR VENGEANCE LCPX CMK8GX4M1D3000C16\"}]},{\"@type\":\"WebSite\",\"@id\":\"https:\/\/flexlan.com.br\/site\/#website\",\"url\":\"https:\/\/flexlan.com.br\/site\/\",\"name\":\"FLEXLAN Inform\u00e1tica\",\"description\":\"Suprimentos e Manuten\u00e7\u00e3o de Computadores e Notebooks\",\"publisher\":{\"@id\":\"https:\/\/flexlan.com.br\/site\/#organization\"},\"alternateName\":\"FLEXLAN Inform\u00e1tica\",\"potentialAction\":[{\"@type\":\"SearchAction\",\"target\":{\"@type\":\"EntryPoint\",\"urlTemplate\":\"https:\/\/flexlan.com.br\/site\/?s={search_term_string}\"},\"query-input\":\"required name=search_term_string\"}],\"inLanguage\":\"pt-BR\"},{\"@type\":\"Organization\",\"@id\":\"https:\/\/flexlan.com.br\/site\/#organization\",\"name\":\"Flexlan inform\u00e1tica\",\"alternateName\":\"Suprimentos e Manuten\u00e7\u00e3o de Computadores e Notebooks\",\"url\":\"https:\/\/flexlan.com.br\/site\/\",\"logo\":{\"@type\":\"ImageObject\",\"inLanguage\":\"pt-BR\",\"@id\":\"https:\/\/flexlan.com.br\/site\/#\/schema\/logo\/image\/\",\"url\":\"https:\/\/flexlan.com.br\/site\/wp-content\/uploads\/2022\/03\/Logo2022.png\",\"contentUrl\":\"https:\/\/flexlan.com.br\/site\/wp-content\/uploads\/2022\/03\/Logo2022.png\",\"width\":796,\"height\":228,\"caption\":\"Flexlan inform\u00e1tica\"},\"image\":{\"@id\":\"https:\/\/flexlan.com.br\/site\/#\/schema\/logo\/image\/\"},\"sameAs\":[\"https:\/\/www.facebook.com\/FlexLanInformatica\",\"https:\/\/instagram.com\/flexlan\"]}]}<\/script>\n<!-- \/ Yoast SEO plugin. -->","yoast_head_json":{"title":"MEMORIA 8GB DDR4 3000MHZ CORSAIR VENGEANCE LCPX CMK8GX4M1D3000C16 - FLEXLAN Inform\u00e1tica","description":"Suprimentos e Manuten\u00e7\u00e3o de Computadores e Notebooks","robots":{"index":"index","follow":"follow","max-snippet":"max-snippet:-1","max-image-preview":"max-image-preview:large","max-video-preview":"max-video-preview:-1"},"canonical":"https:\/\/flexlan.com.br\/site\/?product=memoria-8gb-ddr4-2666mhz-corsair-vengeance-lpx-cmk8gx4m1a2666c16","og_locale":"pt_BR","og_type":"article","og_title":"MEMORIA 8GB DDR4 3000MHZ CORSAIR VENGEANCE LCPX CMK8GX4M1D3000C16 - FLEXLAN Inform\u00e1tica","og_description":"Suprimentos e Manuten\u00e7\u00e3o de Computadores e Notebooks","og_url":"https:\/\/flexlan.com.br\/site\/?product=memoria-8gb-ddr4-2666mhz-corsair-vengeance-lpx-cmk8gx4m1a2666c16","og_site_name":"FLEXLAN Inform\u00e1tica","article_publisher":"https:\/\/www.facebook.com\/FlexLanInformatica","article_modified_time":"2023-02-22T18:33:07+00:00","og_image":[{"width":1000,"height":1000,"url":"https:\/\/i0.wp.com\/flexlan.com.br\/site\/wp-content\/uploads\/2021\/10\/MEMORIA-8GB-DDR4-2666MHZ-CORSAIR-VENGEANCE-LPX.jpg?fit=1000%2C1000&ssl=1","type":"image\/jpeg"}],"twitter_card":"summary_large_image","twitter_misc":{"Est. tempo de leitura":"1 minuto"},"schema":{"@context":"https:\/\/schema.org","@graph":[{"@type":["WebPage","ItemPage"],"@id":"https:\/\/flexlan.com.br\/site\/?product=memoria-8gb-ddr4-2666mhz-corsair-vengeance-lpx-cmk8gx4m1a2666c16","url":"https:\/\/flexlan.com.br\/site\/?product=memoria-8gb-ddr4-2666mhz-corsair-vengeance-lpx-cmk8gx4m1a2666c16","name":"MEMORIA 8GB DDR4 3000MHZ CORSAIR VENGEANCE LCPX CMK8GX4M1D3000C16 - FLEXLAN Inform\u00e1tica","isPartOf":{"@id":"https:\/\/flexlan.com.br\/site\/#website"},"datePublished":"2021-10-22T14:49:37+00:00","dateModified":"2023-02-22T18:33:07+00:00","description":"Suprimentos e Manuten\u00e7\u00e3o de Computadores e Notebooks","breadcrumb":{"@id":"https:\/\/flexlan.com.br\/site\/?product=memoria-8gb-ddr4-2666mhz-corsair-vengeance-lpx-cmk8gx4m1a2666c16#breadcrumb"},"inLanguage":"pt-BR","potentialAction":[{"@type":"ReadAction","target":["https:\/\/flexlan.com.br\/site\/?product=memoria-8gb-ddr4-2666mhz-corsair-vengeance-lpx-cmk8gx4m1a2666c16"]}]},{"@type":"BreadcrumbList","@id":"https:\/\/flexlan.com.br\/site\/?product=memoria-8gb-ddr4-2666mhz-corsair-vengeance-lpx-cmk8gx4m1a2666c16#breadcrumb","itemListElement":[{"@type":"ListItem","position":1,"name":"In\u00edcio","item":"https:\/\/flexlan.com.br\/site\/"},{"@type":"ListItem","position":2,"name":"Shop","item":"https:\/\/flexlan.com.br\/site\/?page_id=28271"},{"@type":"ListItem","position":3,"name":"MEMORIA 8GB DDR4 3000MHZ CORSAIR VENGEANCE LCPX CMK8GX4M1D3000C16"}]},{"@type":"WebSite","@id":"https:\/\/flexlan.com.br\/site\/#website","url":"https:\/\/flexlan.com.br\/site\/","name":"FLEXLAN Inform\u00e1tica","description":"Suprimentos e Manuten\u00e7\u00e3o de Computadores e Notebooks","publisher":{"@id":"https:\/\/flexlan.com.br\/site\/#organization"},"alternateName":"FLEXLAN Inform\u00e1tica","potentialAction":[{"@type":"SearchAction","target":{"@type":"EntryPoint","urlTemplate":"https:\/\/flexlan.com.br\/site\/?s={search_term_string}"},"query-input":"required name=search_term_string"}],"inLanguage":"pt-BR"},{"@type":"Organization","@id":"https:\/\/flexlan.com.br\/site\/#organization","name":"Flexlan inform\u00e1tica","alternateName":"Suprimentos e Manuten\u00e7\u00e3o de Computadores e Notebooks","url":"https:\/\/flexlan.com.br\/site\/","logo":{"@type":"ImageObject","inLanguage":"pt-BR","@id":"https:\/\/flexlan.com.br\/site\/#\/schema\/logo\/image\/","url":"https:\/\/flexlan.com.br\/site\/wp-content\/uploads\/2022\/03\/Logo2022.png","contentUrl":"https:\/\/flexlan.com.br\/site\/wp-content\/uploads\/2022\/03\/Logo2022.png","width":796,"height":228,"caption":"Flexlan inform\u00e1tica"},"image":{"@id":"https:\/\/flexlan.com.br\/site\/#\/schema\/logo\/image\/"},"sameAs":["https:\/\/www.facebook.com\/FlexLanInformatica","https:\/\/instagram.com\/flexlan"]}]}},"_links":{"self":[{"href":"https:\/\/flexlan.com.br\/site\/index.php?rest_route=\/wp\/v2\/product\/21311"}],"collection":[{"href":"https:\/\/flexlan.com.br\/site\/index.php?rest_route=\/wp\/v2\/product"}],"about":[{"href":"https:\/\/flexlan.com.br\/site\/index.php?rest_route=\/wp\/v2\/types\/product"}],"replies":[{"embeddable":true,"href":"https:\/\/flexlan.com.br\/site\/index.php?rest_route=%2Fwp%2Fv2%2Fcomments&post=21311"}],"wp:featuredmedia":[{"embeddable":true,"href":"https:\/\/flexlan.com.br\/site\/index.php?rest_route=\/wp\/v2\/media\/21312"}],"wp:attachment":[{"href":"https:\/\/flexlan.com.br\/site\/index.php?rest_route=%2Fwp%2Fv2%2Fmedia&parent=21311"}],"wp:term":[{"taxonomy":"product_cat","embeddable":true,"href":"https:\/\/flexlan.com.br\/site\/index.php?rest_route=%2Fwp%2Fv2%2Fproduct_cat&post=21311"},{"taxonomy":"product_tag","embeddable":true,"href":"https:\/\/flexlan.com.br\/site\/index.php?rest_route=%2Fwp%2Fv2%2Fproduct_tag&post=21311"}],"curies":[{"name":"wp","href":"https:\/\/api.w.org\/{rel}","templated":true}]}}