{"id":1921,"date":"2019-12-26T17:39:09","date_gmt":"2019-12-26T17:39:09","guid":{"rendered":"https:\/\/flexlan.com.br\/site\/?post_type=product&#038;p=1921"},"modified":"2021-01-22T13:04:10","modified_gmt":"2021-01-22T13:04:10","slug":"roteador-tp-link-tl-wr940n-wireless-n-450mbps","status":"publish","type":"product","link":"https:\/\/flexlan.com.br\/site\/?product=roteador-tp-link-tl-wr940n-wireless-n-450mbps","title":{"rendered":"ROTEADOR TP-LINK TL-WR940N WIRELESS N 450MBPS"},"content":{"rendered":"<p>CARACTER\u00cdSTICAS DE HARDWARE<br \/>\nInterface 4 Portas LAN 10\/100Mbps<br \/>\n1 Porta WAN 10\/100Mbps<br \/>\nBot\u00f5es<br \/>\nBot\u00e3o WPS\/Reset<br \/>\nSwitch Wireless Liga\/Desliga<br \/>\nBot\u00e3o Liga\/Desliga<br \/>\nAntena<br \/>\n3 antenas externas fixas de 5 dBi (RP-SMA)<br \/>\nFonte de Alimenta\u00e7\u00e3o Externa 9V\/0.6A<br \/>\nPadr\u00f5es Wireless IEEE 802.11n, IEEE 802.11g, IEEE 802.11b<br \/>\nDimens\u00f5es (L X C X A) 7.9 x 5.5 x 1.2 pol. (200 x 140 x 28mm<br \/>\nCARACTER\u00cdSTICAS WIRELESS<br \/>\nFrequ\u00eancia 2.4-2.4835GHz<br \/>\nTaxa de Sinal<br \/>\n11n: At\u00e9 450Mbps (din\u00e2mico)<br \/>\n11g: At\u00e9 54Mbps (din\u00e2mico)<br \/>\n11b: At\u00e9 11Mbps (din\u00e2mico)<br \/>\nSensibilidade de Recep\u00e7\u00e3o<br \/>\n450M: -68dBm@10% PER<br \/>\n216M: -70dBm@10% PER<br \/>\n130M: -78dBm@10% PER<br \/>\n54M: -74dBm@10% PER<br \/>\n11M: -85dBm@8% PER<br \/>\n6M: -88dBm@10% PER<br \/>\n1M: -93dBm@8% PER<br \/>\nPot\u00eancia de Transmiss\u00e3o<br \/>\nCE:<br \/>\n&lt;20dBm(2.4GHz)<br \/>\nFCC:<br \/>\n&lt;30dBm<br \/>\nModos Wireless<br \/>\nModo Roteador, Repetidor de Sinal e Modo Access Point<br \/>\nFun\u00e7\u00f5es Wireless Habilitar\/Desabilitar R\u00e1dio Wireless, Bridge WDS, WMM, Estat\u00edsticas Wireless<br \/>\nSeguran\u00e7a Wireless 64\/128\/152-bit WEP \/ WPA \/ WPA2,WPA-PSK \/ WPA2-PSK<br \/>\nCARACTER\u00cdSTICAS DE SOFTWARE<br \/>\nQoS WMM, Controle de Largura de Banda<br \/>\nTipo de WAN IP din\u00e2mico\/IP est\u00e1tico\/PPPoE\/<br \/>\nPPTP(Acesso duplo)\/L2TP(Acesso duplo)\/BigPond<br \/>\nGerenciamento Controle de Acesso<br \/>\nGerenciamento Local<br \/>\nGerenciamento Remoto<br \/>\nDHCP Servidor, Cliente DHCP, Lista de Esta\u00e7\u00f5es,<br \/>\nReserva de Endere\u00e7o<br \/>\nRedirecionamento de Portas Servidor Virtual, Porta de Disparo, UPnP, DMZ<br \/>\nDNS Din\u00e2mico DynDns, Comexe, NO-IP<br \/>\nVPN Pass-Through PPTP, L2TP, IPSec<br \/>\nControle de Acesso Controle dos Pais, Controle de Gerenciamento Local, Lista de Esta\u00e7\u00f5es, Agenda de Acesso, Regras de Gerenciamento<br \/>\nFirewall DoS, SPI Firewall<br \/>\nFiltro de Endere\u00e7o IP \/ Endere\u00e7o MAC\/Filtro de Dom\u00ednio<br \/>\nVincula\u00e7\u00e3o de endere\u00e7os IP\/MAC<br \/>\nProtocolos Suporta IPv4 e IPv6<br \/>\nRede de Visitantes 1 Rede para Convidados 2.4GHz<br \/>\n*Dispon\u00edvel \u00e0 partir da V5<br \/>\nOUTROS<br \/>\nCertifica\u00e7\u00e3o CE, FCC, RoHS<br \/>\nConte\u00fado do Pacote<br \/>\nTL-WR940N<br \/>\nFonte de Energia<br \/>\nCabo Ethernet<br \/>\nGuia de Instala\u00e7\u00e3o R\u00e1pida<\/p>\n","protected":false},"excerpt":{"rendered":"<p>O roteador tem a velocidade para trabalhar sem problemas com quase qualquer aplica\u00e7\u00e3o intensiva de largura de banda, incluindo VoIP, HD streaming ou jogos online, sem atrasos. Usando sua poderosa tecnologia N, o roteador tamb\u00e9m \u00e9 capaz de reduzir a perda de dados em longas dist\u00e2ncias e atrav\u00e9s de obst\u00e1culos transformando sua casa e at\u00e9 mesmo seu quintal em um grande hotspot.<\/p>\n","protected":false},"featured_media":1924,"comment_status":"open","ping_status":"closed","template":"","meta":{"site-sidebar-layout":"default","site-content-layout":"","ast-site-content-layout":"","site-content-style":"default","site-sidebar-style":"default","ast-global-header-display":"","ast-banner-title-visibility":"","ast-main-header-display":"","ast-hfb-above-header-display":"","ast-hfb-below-header-display":"","ast-hfb-mobile-header-display":"","site-post-title":"","ast-breadcrumbs-content":"","ast-featured-img":"","footer-sml-layout":"","theme-transparent-header-meta":"","adv-header-id-meta":"","stick-header-meta":"","header-above-stick-meta":"","header-main-stick-meta":"","header-below-stick-meta":"","astra-migrate-meta-layouts":""},"product_cat":[36,37],"product_tag":[],"yoast_head":"<!-- This site is optimized with the Yoast SEO plugin v21.1 - https:\/\/yoast.com\/wordpress\/plugins\/seo\/ -->\n<title>ROTEADOR TP-LINK TL-WR940N WIRELESS N 450MBPS - FLEXLAN Inform\u00e1tica<\/title>\n<meta name=\"description\" content=\"Suprimentos e Manuten\u00e7\u00e3o de Computadores e Notebooks\" \/>\n<meta name=\"robots\" content=\"index, follow, max-snippet:-1, max-image-preview:large, max-video-preview:-1\" \/>\n<link rel=\"canonical\" href=\"https:\/\/flexlan.com.br\/site\/?product=roteador-tp-link-tl-wr940n-wireless-n-450mbps\" \/>\n<meta property=\"og:locale\" content=\"pt_BR\" \/>\n<meta property=\"og:type\" content=\"article\" \/>\n<meta property=\"og:title\" content=\"ROTEADOR TP-LINK TL-WR940N WIRELESS N 450MBPS - FLEXLAN Inform\u00e1tica\" \/>\n<meta property=\"og:description\" content=\"Suprimentos e Manuten\u00e7\u00e3o de Computadores e Notebooks\" \/>\n<meta property=\"og:url\" content=\"https:\/\/flexlan.com.br\/site\/?product=roteador-tp-link-tl-wr940n-wireless-n-450mbps\" \/>\n<meta property=\"og:site_name\" content=\"FLEXLAN Inform\u00e1tica\" \/>\n<meta property=\"article:publisher\" content=\"https:\/\/www.facebook.com\/FlexLanInformatica\" \/>\n<meta property=\"article:modified_time\" content=\"2021-01-22T13:04:10+00:00\" \/>\n<meta property=\"og:image\" content=\"https:\/\/i0.wp.com\/flexlan.com.br\/site\/wp-content\/uploads\/2019\/12\/ROTEADOR-WIRELESS-N-450MBPS-TL-WR940N-3-ANTENAS.jpg?fit=1200%2C1200&ssl=1\" \/>\n\t<meta property=\"og:image:width\" content=\"1200\" \/>\n\t<meta property=\"og:image:height\" content=\"1200\" \/>\n\t<meta property=\"og:image:type\" content=\"image\/jpeg\" \/>\n<meta name=\"twitter:card\" content=\"summary_large_image\" \/>\n<meta name=\"twitter:label1\" content=\"Est. tempo de leitura\" \/>\n\t<meta name=\"twitter:data1\" content=\"2 minutos\" \/>\n<script type=\"application\/ld+json\" class=\"yoast-schema-graph\">{\"@context\":\"https:\/\/schema.org\",\"@graph\":[{\"@type\":[\"WebPage\",\"ItemPage\"],\"@id\":\"https:\/\/flexlan.com.br\/site\/?product=roteador-tp-link-tl-wr940n-wireless-n-450mbps\",\"url\":\"https:\/\/flexlan.com.br\/site\/?product=roteador-tp-link-tl-wr940n-wireless-n-450mbps\",\"name\":\"ROTEADOR TP-LINK TL-WR940N WIRELESS N 450MBPS - FLEXLAN Inform\u00e1tica\",\"isPartOf\":{\"@id\":\"https:\/\/flexlan.com.br\/site\/#website\"},\"datePublished\":\"2019-12-26T17:39:09+00:00\",\"dateModified\":\"2021-01-22T13:04:10+00:00\",\"description\":\"Suprimentos e Manuten\u00e7\u00e3o de Computadores e Notebooks\",\"breadcrumb\":{\"@id\":\"https:\/\/flexlan.com.br\/site\/?product=roteador-tp-link-tl-wr940n-wireless-n-450mbps#breadcrumb\"},\"inLanguage\":\"pt-BR\",\"potentialAction\":[{\"@type\":\"ReadAction\",\"target\":[\"https:\/\/flexlan.com.br\/site\/?product=roteador-tp-link-tl-wr940n-wireless-n-450mbps\"]}]},{\"@type\":\"BreadcrumbList\",\"@id\":\"https:\/\/flexlan.com.br\/site\/?product=roteador-tp-link-tl-wr940n-wireless-n-450mbps#breadcrumb\",\"itemListElement\":[{\"@type\":\"ListItem\",\"position\":1,\"name\":\"In\u00edcio\",\"item\":\"https:\/\/flexlan.com.br\/site\/\"},{\"@type\":\"ListItem\",\"position\":2,\"name\":\"Shop\",\"item\":\"https:\/\/flexlan.com.br\/site\/?page_id=28271\"},{\"@type\":\"ListItem\",\"position\":3,\"name\":\"ROTEADOR TP-LINK TL-WR940N WIRELESS N 450MBPS\"}]},{\"@type\":\"WebSite\",\"@id\":\"https:\/\/flexlan.com.br\/site\/#website\",\"url\":\"https:\/\/flexlan.com.br\/site\/\",\"name\":\"FLEXLAN Inform\u00e1tica\",\"description\":\"Suprimentos e Manuten\u00e7\u00e3o de Computadores e Notebooks\",\"publisher\":{\"@id\":\"https:\/\/flexlan.com.br\/site\/#organization\"},\"alternateName\":\"FLEXLAN Inform\u00e1tica\",\"potentialAction\":[{\"@type\":\"SearchAction\",\"target\":{\"@type\":\"EntryPoint\",\"urlTemplate\":\"https:\/\/flexlan.com.br\/site\/?s={search_term_string}\"},\"query-input\":\"required name=search_term_string\"}],\"inLanguage\":\"pt-BR\"},{\"@type\":\"Organization\",\"@id\":\"https:\/\/flexlan.com.br\/site\/#organization\",\"name\":\"Flexlan inform\u00e1tica\",\"alternateName\":\"Suprimentos e Manuten\u00e7\u00e3o de Computadores e Notebooks\",\"url\":\"https:\/\/flexlan.com.br\/site\/\",\"logo\":{\"@type\":\"ImageObject\",\"inLanguage\":\"pt-BR\",\"@id\":\"https:\/\/flexlan.com.br\/site\/#\/schema\/logo\/image\/\",\"url\":\"https:\/\/flexlan.com.br\/site\/wp-content\/uploads\/2022\/03\/Logo2022.png\",\"contentUrl\":\"https:\/\/flexlan.com.br\/site\/wp-content\/uploads\/2022\/03\/Logo2022.png\",\"width\":796,\"height\":228,\"caption\":\"Flexlan inform\u00e1tica\"},\"image\":{\"@id\":\"https:\/\/flexlan.com.br\/site\/#\/schema\/logo\/image\/\"},\"sameAs\":[\"https:\/\/www.facebook.com\/FlexLanInformatica\",\"https:\/\/instagram.com\/flexlan\"]}]}<\/script>\n<!-- \/ Yoast SEO plugin. -->","yoast_head_json":{"title":"ROTEADOR TP-LINK TL-WR940N WIRELESS N 450MBPS - FLEXLAN Inform\u00e1tica","description":"Suprimentos e Manuten\u00e7\u00e3o de Computadores e Notebooks","robots":{"index":"index","follow":"follow","max-snippet":"max-snippet:-1","max-image-preview":"max-image-preview:large","max-video-preview":"max-video-preview:-1"},"canonical":"https:\/\/flexlan.com.br\/site\/?product=roteador-tp-link-tl-wr940n-wireless-n-450mbps","og_locale":"pt_BR","og_type":"article","og_title":"ROTEADOR TP-LINK TL-WR940N WIRELESS N 450MBPS - FLEXLAN Inform\u00e1tica","og_description":"Suprimentos e Manuten\u00e7\u00e3o de Computadores e Notebooks","og_url":"https:\/\/flexlan.com.br\/site\/?product=roteador-tp-link-tl-wr940n-wireless-n-450mbps","og_site_name":"FLEXLAN Inform\u00e1tica","article_publisher":"https:\/\/www.facebook.com\/FlexLanInformatica","article_modified_time":"2021-01-22T13:04:10+00:00","og_image":[{"width":1200,"height":1200,"url":"https:\/\/i0.wp.com\/flexlan.com.br\/site\/wp-content\/uploads\/2019\/12\/ROTEADOR-WIRELESS-N-450MBPS-TL-WR940N-3-ANTENAS.jpg?fit=1200%2C1200&ssl=1","type":"image\/jpeg"}],"twitter_card":"summary_large_image","twitter_misc":{"Est. tempo de leitura":"2 minutos"},"schema":{"@context":"https:\/\/schema.org","@graph":[{"@type":["WebPage","ItemPage"],"@id":"https:\/\/flexlan.com.br\/site\/?product=roteador-tp-link-tl-wr940n-wireless-n-450mbps","url":"https:\/\/flexlan.com.br\/site\/?product=roteador-tp-link-tl-wr940n-wireless-n-450mbps","name":"ROTEADOR TP-LINK TL-WR940N WIRELESS N 450MBPS - FLEXLAN Inform\u00e1tica","isPartOf":{"@id":"https:\/\/flexlan.com.br\/site\/#website"},"datePublished":"2019-12-26T17:39:09+00:00","dateModified":"2021-01-22T13:04:10+00:00","description":"Suprimentos e Manuten\u00e7\u00e3o de Computadores e Notebooks","breadcrumb":{"@id":"https:\/\/flexlan.com.br\/site\/?product=roteador-tp-link-tl-wr940n-wireless-n-450mbps#breadcrumb"},"inLanguage":"pt-BR","potentialAction":[{"@type":"ReadAction","target":["https:\/\/flexlan.com.br\/site\/?product=roteador-tp-link-tl-wr940n-wireless-n-450mbps"]}]},{"@type":"BreadcrumbList","@id":"https:\/\/flexlan.com.br\/site\/?product=roteador-tp-link-tl-wr940n-wireless-n-450mbps#breadcrumb","itemListElement":[{"@type":"ListItem","position":1,"name":"In\u00edcio","item":"https:\/\/flexlan.com.br\/site\/"},{"@type":"ListItem","position":2,"name":"Shop","item":"https:\/\/flexlan.com.br\/site\/?page_id=28271"},{"@type":"ListItem","position":3,"name":"ROTEADOR TP-LINK TL-WR940N WIRELESS N 450MBPS"}]},{"@type":"WebSite","@id":"https:\/\/flexlan.com.br\/site\/#website","url":"https:\/\/flexlan.com.br\/site\/","name":"FLEXLAN Inform\u00e1tica","description":"Suprimentos e Manuten\u00e7\u00e3o de Computadores e Notebooks","publisher":{"@id":"https:\/\/flexlan.com.br\/site\/#organization"},"alternateName":"FLEXLAN Inform\u00e1tica","potentialAction":[{"@type":"SearchAction","target":{"@type":"EntryPoint","urlTemplate":"https:\/\/flexlan.com.br\/site\/?s={search_term_string}"},"query-input":"required name=search_term_string"}],"inLanguage":"pt-BR"},{"@type":"Organization","@id":"https:\/\/flexlan.com.br\/site\/#organization","name":"Flexlan inform\u00e1tica","alternateName":"Suprimentos e Manuten\u00e7\u00e3o de Computadores e Notebooks","url":"https:\/\/flexlan.com.br\/site\/","logo":{"@type":"ImageObject","inLanguage":"pt-BR","@id":"https:\/\/flexlan.com.br\/site\/#\/schema\/logo\/image\/","url":"https:\/\/flexlan.com.br\/site\/wp-content\/uploads\/2022\/03\/Logo2022.png","contentUrl":"https:\/\/flexlan.com.br\/site\/wp-content\/uploads\/2022\/03\/Logo2022.png","width":796,"height":228,"caption":"Flexlan inform\u00e1tica"},"image":{"@id":"https:\/\/flexlan.com.br\/site\/#\/schema\/logo\/image\/"},"sameAs":["https:\/\/www.facebook.com\/FlexLanInformatica","https:\/\/instagram.com\/flexlan"]}]}},"_links":{"self":[{"href":"https:\/\/flexlan.com.br\/site\/index.php?rest_route=\/wp\/v2\/product\/1921"}],"collection":[{"href":"https:\/\/flexlan.com.br\/site\/index.php?rest_route=\/wp\/v2\/product"}],"about":[{"href":"https:\/\/flexlan.com.br\/site\/index.php?rest_route=\/wp\/v2\/types\/product"}],"replies":[{"embeddable":true,"href":"https:\/\/flexlan.com.br\/site\/index.php?rest_route=%2Fwp%2Fv2%2Fcomments&post=1921"}],"wp:featuredmedia":[{"embeddable":true,"href":"https:\/\/flexlan.com.br\/site\/index.php?rest_route=\/wp\/v2\/media\/1924"}],"wp:attachment":[{"href":"https:\/\/flexlan.com.br\/site\/index.php?rest_route=%2Fwp%2Fv2%2Fmedia&parent=1921"}],"wp:term":[{"taxonomy":"product_cat","embeddable":true,"href":"https:\/\/flexlan.com.br\/site\/index.php?rest_route=%2Fwp%2Fv2%2Fproduct_cat&post=1921"},{"taxonomy":"product_tag","embeddable":true,"href":"https:\/\/flexlan.com.br\/site\/index.php?rest_route=%2Fwp%2Fv2%2Fproduct_tag&post=1921"}],"curies":[{"name":"wp","href":"https:\/\/api.w.org\/{rel}","templated":true}]}}