{"id":14459,"date":"2021-05-15T13:57:35","date_gmt":"2021-05-15T16:57:35","guid":{"rendered":"https:\/\/flexlan.com.br\/site\/?post_type=product&#038;p=14459"},"modified":"2024-11-19T15:26:09","modified_gmt":"2024-11-19T18:26:09","slug":"adaptador-wireless-tp-link-usb-n150mbps-tl-wn725n","status":"publish","type":"product","link":"https:\/\/flexlan.com.br\/site\/?product=adaptador-wireless-tp-link-usb-n150mbps-tl-wn725n","title":{"rendered":"ADAPTADOR WIRELESS TP-LINK USB N150MBPS TL-WN725N"},"content":{"rendered":"<p>ESPECIFICA\u00c7\u00d5ES T\u00c9CNICAS<\/p>\n<p>CARACTER\u00cdSTICAS DE HARDWARE<br \/>\nInterface: USB 2.0<br \/>\nAntena: Antena Interna<br \/>\nLED: Status<br \/>\nPeso: 2.1g<br \/>\nDimens\u00f5es (L X C X A): 0.73&#215;0.59&#215;0.28Pol.(18.6x15x7.1mm)<\/p>\n<p>CARACTER\u00cdSTICAS WIRELESS<br \/>\nPadr\u00f5es Wireless: IEEE 802.11b, IEEE 802.11g, IEEE 802.11n<br \/>\nFrequ\u00eancia: 2.400-2.4835GHz<br \/>\nTaxa de Sinal: 11b: At\u00e9 11Mbps (din\u00e2mico), 11g: At\u00e9 54Mbps (din\u00e2mico), 11n: At\u00e9 150Mbps (din\u00e2mico)<br \/>\nSensibilidade de Recep\u00e7\u00e3o: 130M: -68dBm@10% PER, 108M: -68dBm@10% PER, 54M: -68dBm@10% PER, 11M: -85dBm@8% PER, 6M: -88dBm@10% PER, 1M: -90dBm@8% PER<br \/>\nPot\u00eancia de Transmiss\u00e3o: <20dBm\nModos Wireless: Modo Ad-Hoc \/ Infraestrutural\nSeguran\u00e7a Wireless: Suporta WEP de 64\/128, WPA\/WPA2, WPA-PSK\/WPA2-PSK (TKIP \/ AES), suporta IEEE 802.1X\nTecnologia de Modula\u00e7\u00e3o: DBPSK, DQPSK, CCK, OFDM, 16-QAM, 64-QAM\n\nOUTROS\nCertifica\u00e7\u00e3o: CE, FCC, IC, RoHS\nConte\u00fado do Pacote: Adaptador USB Wireless N 150Mbps, TL-WN725N, CD de Recursos, Guia de Instala\u00e7\u00e3o R\u00e1pida.\n<\/p>\n","protected":false},"excerpt":{"rendered":"<p>&#8211; Design elegante e compacto, t\u00e3o pequeno que uma vez conectado, pode ser deixado em uma porta USB do seu Laptop<br \/>\n&#8211; Velocidade de transmiss\u00e3o Wireless de at\u00e9 150Mbps, ideais para o streaming de v\u00eddeo ou chamadas telef\u00f4nicas pela Internet<\/p>\n","protected":false},"featured_media":14462,"comment_status":"open","ping_status":"closed","template":"","meta":{"site-sidebar-layout":"default","site-content-layout":"","ast-site-content-layout":"","site-content-style":"default","site-sidebar-style":"default","ast-global-header-display":"","ast-banner-title-visibility":"","ast-main-header-display":"","ast-hfb-above-header-display":"","ast-hfb-below-header-display":"","ast-hfb-mobile-header-display":"","site-post-title":"","ast-breadcrumbs-content":"","ast-featured-img":"","footer-sml-layout":"","theme-transparent-header-meta":"","adv-header-id-meta":"","stick-header-meta":"","header-above-stick-meta":"","header-main-stick-meta":"","header-below-stick-meta":"","astra-migrate-meta-layouts":""},"product_cat":[40,36],"product_tag":[],"yoast_head":"<!-- This site is optimized with the Yoast SEO plugin v21.1 - https:\/\/yoast.com\/wordpress\/plugins\/seo\/ -->\n<title>ADAPTADOR WIRELESS TP-LINK USB N150MBPS TL-WN725N - FLEXLAN Inform\u00e1tica<\/title>\n<meta name=\"description\" content=\"Suprimentos e Manuten\u00e7\u00e3o de Computadores e Notebooks\" \/>\n<meta name=\"robots\" content=\"index, follow, max-snippet:-1, max-image-preview:large, max-video-preview:-1\" \/>\n<link rel=\"canonical\" href=\"https:\/\/flexlan.com.br\/site\/?product=adaptador-wireless-tp-link-usb-n150mbps-tl-wn725n\" \/>\n<meta property=\"og:locale\" content=\"pt_BR\" \/>\n<meta property=\"og:type\" content=\"article\" \/>\n<meta property=\"og:title\" content=\"ADAPTADOR WIRELESS TP-LINK USB N150MBPS TL-WN725N - FLEXLAN Inform\u00e1tica\" \/>\n<meta property=\"og:description\" content=\"Suprimentos e Manuten\u00e7\u00e3o de Computadores e Notebooks\" \/>\n<meta property=\"og:url\" content=\"https:\/\/flexlan.com.br\/site\/?product=adaptador-wireless-tp-link-usb-n150mbps-tl-wn725n\" \/>\n<meta property=\"og:site_name\" content=\"FLEXLAN Inform\u00e1tica\" \/>\n<meta property=\"article:publisher\" content=\"https:\/\/www.facebook.com\/FlexLanInformatica\" \/>\n<meta property=\"article:modified_time\" content=\"2024-11-19T18:26:09+00:00\" \/>\n<meta property=\"og:image\" content=\"https:\/\/flexlan.com.br\/site\/wp-content\/uploads\/2021\/05\/ADAPTADOR-WIRELESS-TP-LINK-USB-N150MBPS-TL-WN725N.jpg\" \/>\n\t<meta property=\"og:image:width\" content=\"700\" \/>\n\t<meta property=\"og:image:height\" content=\"700\" \/>\n\t<meta property=\"og:image:type\" content=\"image\/jpeg\" \/>\n<meta name=\"twitter:card\" content=\"summary_large_image\" \/>\n<script type=\"application\/ld+json\" class=\"yoast-schema-graph\">{\"@context\":\"https:\/\/schema.org\",\"@graph\":[{\"@type\":[\"WebPage\",\"ItemPage\"],\"@id\":\"https:\/\/flexlan.com.br\/site\/?product=adaptador-wireless-tp-link-usb-n150mbps-tl-wn725n\",\"url\":\"https:\/\/flexlan.com.br\/site\/?product=adaptador-wireless-tp-link-usb-n150mbps-tl-wn725n\",\"name\":\"ADAPTADOR WIRELESS TP-LINK USB N150MBPS TL-WN725N - FLEXLAN Inform\u00e1tica\",\"isPartOf\":{\"@id\":\"https:\/\/flexlan.com.br\/site\/#website\"},\"datePublished\":\"2021-05-15T16:57:35+00:00\",\"dateModified\":\"2024-11-19T18:26:09+00:00\",\"description\":\"Suprimentos e Manuten\u00e7\u00e3o de Computadores e Notebooks\",\"breadcrumb\":{\"@id\":\"https:\/\/flexlan.com.br\/site\/?product=adaptador-wireless-tp-link-usb-n150mbps-tl-wn725n#breadcrumb\"},\"inLanguage\":\"pt-BR\",\"potentialAction\":[{\"@type\":\"ReadAction\",\"target\":[\"https:\/\/flexlan.com.br\/site\/?product=adaptador-wireless-tp-link-usb-n150mbps-tl-wn725n\"]}]},{\"@type\":\"BreadcrumbList\",\"@id\":\"https:\/\/flexlan.com.br\/site\/?product=adaptador-wireless-tp-link-usb-n150mbps-tl-wn725n#breadcrumb\",\"itemListElement\":[{\"@type\":\"ListItem\",\"position\":1,\"name\":\"In\u00edcio\",\"item\":\"https:\/\/flexlan.com.br\/site\/\"},{\"@type\":\"ListItem\",\"position\":2,\"name\":\"Shop\",\"item\":\"https:\/\/flexlan.com.br\/site\/?page_id=28271\"},{\"@type\":\"ListItem\",\"position\":3,\"name\":\"ADAPTADOR WIRELESS TP-LINK USB N150MBPS TL-WN725N\"}]},{\"@type\":\"WebSite\",\"@id\":\"https:\/\/flexlan.com.br\/site\/#website\",\"url\":\"https:\/\/flexlan.com.br\/site\/\",\"name\":\"FLEXLAN Inform\u00e1tica\",\"description\":\"Suprimentos e Manuten\u00e7\u00e3o de Computadores e Notebooks\",\"publisher\":{\"@id\":\"https:\/\/flexlan.com.br\/site\/#organization\"},\"alternateName\":\"FLEXLAN Inform\u00e1tica\",\"potentialAction\":[{\"@type\":\"SearchAction\",\"target\":{\"@type\":\"EntryPoint\",\"urlTemplate\":\"https:\/\/flexlan.com.br\/site\/?s={search_term_string}\"},\"query-input\":\"required name=search_term_string\"}],\"inLanguage\":\"pt-BR\"},{\"@type\":\"Organization\",\"@id\":\"https:\/\/flexlan.com.br\/site\/#organization\",\"name\":\"Flexlan inform\u00e1tica\",\"alternateName\":\"Suprimentos e Manuten\u00e7\u00e3o de Computadores e Notebooks\",\"url\":\"https:\/\/flexlan.com.br\/site\/\",\"logo\":{\"@type\":\"ImageObject\",\"inLanguage\":\"pt-BR\",\"@id\":\"https:\/\/flexlan.com.br\/site\/#\/schema\/logo\/image\/\",\"url\":\"https:\/\/flexlan.com.br\/site\/wp-content\/uploads\/2022\/03\/Logo2022.png\",\"contentUrl\":\"https:\/\/flexlan.com.br\/site\/wp-content\/uploads\/2022\/03\/Logo2022.png\",\"width\":796,\"height\":228,\"caption\":\"Flexlan inform\u00e1tica\"},\"image\":{\"@id\":\"https:\/\/flexlan.com.br\/site\/#\/schema\/logo\/image\/\"},\"sameAs\":[\"https:\/\/www.facebook.com\/FlexLanInformatica\",\"https:\/\/instagram.com\/flexlan\"]}]}<\/script>\n<!-- \/ Yoast SEO plugin. -->","yoast_head_json":{"title":"ADAPTADOR WIRELESS TP-LINK USB N150MBPS TL-WN725N - FLEXLAN Inform\u00e1tica","description":"Suprimentos e Manuten\u00e7\u00e3o de Computadores e Notebooks","robots":{"index":"index","follow":"follow","max-snippet":"max-snippet:-1","max-image-preview":"max-image-preview:large","max-video-preview":"max-video-preview:-1"},"canonical":"https:\/\/flexlan.com.br\/site\/?product=adaptador-wireless-tp-link-usb-n150mbps-tl-wn725n","og_locale":"pt_BR","og_type":"article","og_title":"ADAPTADOR WIRELESS TP-LINK USB N150MBPS TL-WN725N - FLEXLAN Inform\u00e1tica","og_description":"Suprimentos e Manuten\u00e7\u00e3o de Computadores e Notebooks","og_url":"https:\/\/flexlan.com.br\/site\/?product=adaptador-wireless-tp-link-usb-n150mbps-tl-wn725n","og_site_name":"FLEXLAN Inform\u00e1tica","article_publisher":"https:\/\/www.facebook.com\/FlexLanInformatica","article_modified_time":"2024-11-19T18:26:09+00:00","og_image":[{"width":700,"height":700,"url":"https:\/\/flexlan.com.br\/site\/wp-content\/uploads\/2021\/05\/ADAPTADOR-WIRELESS-TP-LINK-USB-N150MBPS-TL-WN725N.jpg","type":"image\/jpeg"}],"twitter_card":"summary_large_image","schema":{"@context":"https:\/\/schema.org","@graph":[{"@type":["WebPage","ItemPage"],"@id":"https:\/\/flexlan.com.br\/site\/?product=adaptador-wireless-tp-link-usb-n150mbps-tl-wn725n","url":"https:\/\/flexlan.com.br\/site\/?product=adaptador-wireless-tp-link-usb-n150mbps-tl-wn725n","name":"ADAPTADOR WIRELESS TP-LINK USB N150MBPS TL-WN725N - FLEXLAN Inform\u00e1tica","isPartOf":{"@id":"https:\/\/flexlan.com.br\/site\/#website"},"datePublished":"2021-05-15T16:57:35+00:00","dateModified":"2024-11-19T18:26:09+00:00","description":"Suprimentos e Manuten\u00e7\u00e3o de Computadores e Notebooks","breadcrumb":{"@id":"https:\/\/flexlan.com.br\/site\/?product=adaptador-wireless-tp-link-usb-n150mbps-tl-wn725n#breadcrumb"},"inLanguage":"pt-BR","potentialAction":[{"@type":"ReadAction","target":["https:\/\/flexlan.com.br\/site\/?product=adaptador-wireless-tp-link-usb-n150mbps-tl-wn725n"]}]},{"@type":"BreadcrumbList","@id":"https:\/\/flexlan.com.br\/site\/?product=adaptador-wireless-tp-link-usb-n150mbps-tl-wn725n#breadcrumb","itemListElement":[{"@type":"ListItem","position":1,"name":"In\u00edcio","item":"https:\/\/flexlan.com.br\/site\/"},{"@type":"ListItem","position":2,"name":"Shop","item":"https:\/\/flexlan.com.br\/site\/?page_id=28271"},{"@type":"ListItem","position":3,"name":"ADAPTADOR WIRELESS TP-LINK USB N150MBPS TL-WN725N"}]},{"@type":"WebSite","@id":"https:\/\/flexlan.com.br\/site\/#website","url":"https:\/\/flexlan.com.br\/site\/","name":"FLEXLAN Inform\u00e1tica","description":"Suprimentos e Manuten\u00e7\u00e3o de Computadores e Notebooks","publisher":{"@id":"https:\/\/flexlan.com.br\/site\/#organization"},"alternateName":"FLEXLAN Inform\u00e1tica","potentialAction":[{"@type":"SearchAction","target":{"@type":"EntryPoint","urlTemplate":"https:\/\/flexlan.com.br\/site\/?s={search_term_string}"},"query-input":"required name=search_term_string"}],"inLanguage":"pt-BR"},{"@type":"Organization","@id":"https:\/\/flexlan.com.br\/site\/#organization","name":"Flexlan inform\u00e1tica","alternateName":"Suprimentos e Manuten\u00e7\u00e3o de Computadores e Notebooks","url":"https:\/\/flexlan.com.br\/site\/","logo":{"@type":"ImageObject","inLanguage":"pt-BR","@id":"https:\/\/flexlan.com.br\/site\/#\/schema\/logo\/image\/","url":"https:\/\/flexlan.com.br\/site\/wp-content\/uploads\/2022\/03\/Logo2022.png","contentUrl":"https:\/\/flexlan.com.br\/site\/wp-content\/uploads\/2022\/03\/Logo2022.png","width":796,"height":228,"caption":"Flexlan inform\u00e1tica"},"image":{"@id":"https:\/\/flexlan.com.br\/site\/#\/schema\/logo\/image\/"},"sameAs":["https:\/\/www.facebook.com\/FlexLanInformatica","https:\/\/instagram.com\/flexlan"]}]}},"_links":{"self":[{"href":"https:\/\/flexlan.com.br\/site\/index.php?rest_route=\/wp\/v2\/product\/14459"}],"collection":[{"href":"https:\/\/flexlan.com.br\/site\/index.php?rest_route=\/wp\/v2\/product"}],"about":[{"href":"https:\/\/flexlan.com.br\/site\/index.php?rest_route=\/wp\/v2\/types\/product"}],"replies":[{"embeddable":true,"href":"https:\/\/flexlan.com.br\/site\/index.php?rest_route=%2Fwp%2Fv2%2Fcomments&post=14459"}],"wp:featuredmedia":[{"embeddable":true,"href":"https:\/\/flexlan.com.br\/site\/index.php?rest_route=\/wp\/v2\/media\/14462"}],"wp:attachment":[{"href":"https:\/\/flexlan.com.br\/site\/index.php?rest_route=%2Fwp%2Fv2%2Fmedia&parent=14459"}],"wp:term":[{"taxonomy":"product_cat","embeddable":true,"href":"https:\/\/flexlan.com.br\/site\/index.php?rest_route=%2Fwp%2Fv2%2Fproduct_cat&post=14459"},{"taxonomy":"product_tag","embeddable":true,"href":"https:\/\/flexlan.com.br\/site\/index.php?rest_route=%2Fwp%2Fv2%2Fproduct_tag&post=14459"}],"curies":[{"name":"wp","href":"https:\/\/api.w.org\/{rel}","templated":true}]}}