{"id":14118,"date":"2021-05-08T14:59:10","date_gmt":"2021-05-08T14:59:10","guid":{"rendered":"https:\/\/flexlan.com.br\/site\/?post_type=product&#038;p=14118"},"modified":"2022-08-05T18:03:57","modified_gmt":"2022-08-05T18:03:57","slug":"kit-tecladomouse-gamer-hp-km300f-iluminacao-multicores-em-3-modos-usb-preto","status":"publish","type":"product","link":"https:\/\/flexlan.com.br\/site\/?product=kit-tecladomouse-gamer-hp-km300f-iluminacao-multicores-em-3-modos-usb-preto","title":{"rendered":"KIT TECLADO+MOUSE GAMER HP KM300F ILUMINA\u00c7\u00c3O MULTICORES\/ USB PRETO"},"content":{"rendered":"<p>ESPECIFICA\u00c7\u00d5ES<\/p>\n<p>*TECLADO<br \/>\nTeclado de Membrana<br \/>\nEstrutura resistente de pl\u00e1stico r\u00edgido<br \/>\nResistente \u00e0 pequenas ranhuras<br \/>\nTeclas em silk<br \/>\nIlumina\u00e7\u00e3o multicores em 3 modos (Iluminado\/Pulsando\/Vibrando)<br \/>\n12 teclas multim\u00eddia<br \/>\nComprimento do Cabo: 1,60 metros<br \/>\nCabo de PVC<br \/>\nLayout: ABNT2<br \/>\nCompat\u00edvel Sistema Operacional Windows 7\/Windows 8\/Windows 10<\/p>\n<p>*MOUSE<br \/>\nDesign ergon\u00f4mico<br \/>\nN\u00famero de bot\u00f5es: 6<br \/>\nEstrutura resistente<br \/>\nComprimento do Cabo: 1,50 metros<br \/>\nCabo de PVC<br \/>\nSensor: \u00d3ptico<br \/>\nResolu\u00e7\u00e3o M\u00e1xima: 6400DPI<\/p>\n","protected":false},"excerpt":{"rendered":"<p>O Kit Teclado e Mouse KM300 \u00e9 ideal para quem est\u00e1 entrando no mundo gamer e n\u00e3o quer ficar para tr\u00e1s, o teclado possui 12 teclas multim\u00eddia e ilumina\u00e7\u00e3o multicores em 3 modos.<br \/>\nO mouse possui um design ergon\u00f4mico, 6 teclas e DPI ajust\u00e1vel em at\u00e9 6400.<\/p>\n","protected":false},"featured_media":14119,"comment_status":"open","ping_status":"closed","template":"","meta":{"site-sidebar-layout":"default","site-content-layout":"","ast-site-content-layout":"","site-content-style":"default","site-sidebar-style":"default","ast-global-header-display":"","ast-banner-title-visibility":"","ast-main-header-display":"","ast-hfb-above-header-display":"","ast-hfb-below-header-display":"","ast-hfb-mobile-header-display":"","site-post-title":"","ast-breadcrumbs-content":"","ast-featured-img":"","footer-sml-layout":"","theme-transparent-header-meta":"","adv-header-id-meta":"","stick-header-meta":"","header-above-stick-meta":"","header-main-stick-meta":"","header-below-stick-meta":"","astra-migrate-meta-layouts":""},"product_cat":[52,53],"product_tag":[],"yoast_head":"<!-- This site is optimized with the Yoast SEO plugin v21.1 - https:\/\/yoast.com\/wordpress\/plugins\/seo\/ -->\n<title>KIT TECLADO+MOUSE GAMER HP KM300F ILUMINA\u00c7\u00c3O MULTICORES\/ USB PRETO - FLEXLAN Inform\u00e1tica<\/title>\n<meta name=\"description\" content=\"Suprimentos e Manuten\u00e7\u00e3o de Computadores e Notebooks\" \/>\n<meta name=\"robots\" content=\"index, follow, max-snippet:-1, max-image-preview:large, max-video-preview:-1\" \/>\n<link rel=\"canonical\" href=\"https:\/\/flexlan.com.br\/site\/?product=kit-tecladomouse-gamer-hp-km300f-iluminacao-multicores-em-3-modos-usb-preto\" \/>\n<meta property=\"og:locale\" content=\"pt_BR\" \/>\n<meta property=\"og:type\" content=\"article\" \/>\n<meta property=\"og:title\" content=\"KIT TECLADO+MOUSE GAMER HP KM300F ILUMINA\u00c7\u00c3O MULTICORES\/ USB PRETO - FLEXLAN Inform\u00e1tica\" \/>\n<meta property=\"og:description\" content=\"Suprimentos e Manuten\u00e7\u00e3o de Computadores e Notebooks\" \/>\n<meta property=\"og:url\" content=\"https:\/\/flexlan.com.br\/site\/?product=kit-tecladomouse-gamer-hp-km300f-iluminacao-multicores-em-3-modos-usb-preto\" \/>\n<meta property=\"og:site_name\" content=\"FLEXLAN Inform\u00e1tica\" \/>\n<meta property=\"article:publisher\" content=\"https:\/\/www.facebook.com\/FlexLanInformatica\" \/>\n<meta property=\"article:modified_time\" content=\"2022-08-05T18:03:57+00:00\" \/>\n<meta property=\"og:image\" content=\"https:\/\/i0.wp.com\/flexlan.com.br\/site\/wp-content\/uploads\/2021\/05\/KIT-TECLADOMOUSE-GAMER-HP-KM300F-USB-PRETO.jpg?fit=1000%2C1000&ssl=1\" \/>\n\t<meta property=\"og:image:width\" content=\"1000\" \/>\n\t<meta property=\"og:image:height\" content=\"1000\" \/>\n\t<meta property=\"og:image:type\" content=\"image\/jpeg\" \/>\n<meta name=\"twitter:card\" content=\"summary_large_image\" \/>\n<script type=\"application\/ld+json\" class=\"yoast-schema-graph\">{\"@context\":\"https:\/\/schema.org\",\"@graph\":[{\"@type\":[\"WebPage\",\"ItemPage\"],\"@id\":\"https:\/\/flexlan.com.br\/site\/?product=kit-tecladomouse-gamer-hp-km300f-iluminacao-multicores-em-3-modos-usb-preto\",\"url\":\"https:\/\/flexlan.com.br\/site\/?product=kit-tecladomouse-gamer-hp-km300f-iluminacao-multicores-em-3-modos-usb-preto\",\"name\":\"KIT TECLADO+MOUSE GAMER HP KM300F ILUMINA\u00c7\u00c3O MULTICORES\/ USB PRETO - FLEXLAN Inform\u00e1tica\",\"isPartOf\":{\"@id\":\"https:\/\/flexlan.com.br\/site\/#website\"},\"datePublished\":\"2021-05-08T14:59:10+00:00\",\"dateModified\":\"2022-08-05T18:03:57+00:00\",\"description\":\"Suprimentos e Manuten\u00e7\u00e3o de Computadores e Notebooks\",\"breadcrumb\":{\"@id\":\"https:\/\/flexlan.com.br\/site\/?product=kit-tecladomouse-gamer-hp-km300f-iluminacao-multicores-em-3-modos-usb-preto#breadcrumb\"},\"inLanguage\":\"pt-BR\",\"potentialAction\":[{\"@type\":\"ReadAction\",\"target\":[\"https:\/\/flexlan.com.br\/site\/?product=kit-tecladomouse-gamer-hp-km300f-iluminacao-multicores-em-3-modos-usb-preto\"]}]},{\"@type\":\"BreadcrumbList\",\"@id\":\"https:\/\/flexlan.com.br\/site\/?product=kit-tecladomouse-gamer-hp-km300f-iluminacao-multicores-em-3-modos-usb-preto#breadcrumb\",\"itemListElement\":[{\"@type\":\"ListItem\",\"position\":1,\"name\":\"In\u00edcio\",\"item\":\"https:\/\/flexlan.com.br\/site\/\"},{\"@type\":\"ListItem\",\"position\":2,\"name\":\"Shop\",\"item\":\"https:\/\/flexlan.com.br\/site\/?page_id=28271\"},{\"@type\":\"ListItem\",\"position\":3,\"name\":\"KIT TECLADO+MOUSE GAMER HP KM300F ILUMINA\u00c7\u00c3O MULTICORES\/ USB PRETO\"}]},{\"@type\":\"WebSite\",\"@id\":\"https:\/\/flexlan.com.br\/site\/#website\",\"url\":\"https:\/\/flexlan.com.br\/site\/\",\"name\":\"FLEXLAN Inform\u00e1tica\",\"description\":\"Suprimentos e Manuten\u00e7\u00e3o de Computadores e Notebooks\",\"publisher\":{\"@id\":\"https:\/\/flexlan.com.br\/site\/#organization\"},\"alternateName\":\"FLEXLAN Inform\u00e1tica\",\"potentialAction\":[{\"@type\":\"SearchAction\",\"target\":{\"@type\":\"EntryPoint\",\"urlTemplate\":\"https:\/\/flexlan.com.br\/site\/?s={search_term_string}\"},\"query-input\":\"required name=search_term_string\"}],\"inLanguage\":\"pt-BR\"},{\"@type\":\"Organization\",\"@id\":\"https:\/\/flexlan.com.br\/site\/#organization\",\"name\":\"Flexlan inform\u00e1tica\",\"alternateName\":\"Suprimentos e Manuten\u00e7\u00e3o de Computadores e Notebooks\",\"url\":\"https:\/\/flexlan.com.br\/site\/\",\"logo\":{\"@type\":\"ImageObject\",\"inLanguage\":\"pt-BR\",\"@id\":\"https:\/\/flexlan.com.br\/site\/#\/schema\/logo\/image\/\",\"url\":\"https:\/\/flexlan.com.br\/site\/wp-content\/uploads\/2022\/03\/Logo2022.png\",\"contentUrl\":\"https:\/\/flexlan.com.br\/site\/wp-content\/uploads\/2022\/03\/Logo2022.png\",\"width\":796,\"height\":228,\"caption\":\"Flexlan inform\u00e1tica\"},\"image\":{\"@id\":\"https:\/\/flexlan.com.br\/site\/#\/schema\/logo\/image\/\"},\"sameAs\":[\"https:\/\/www.facebook.com\/FlexLanInformatica\",\"https:\/\/instagram.com\/flexlan\"]}]}<\/script>\n<!-- \/ Yoast SEO plugin. -->","yoast_head_json":{"title":"KIT TECLADO+MOUSE GAMER HP KM300F ILUMINA\u00c7\u00c3O MULTICORES\/ USB PRETO - FLEXLAN Inform\u00e1tica","description":"Suprimentos e Manuten\u00e7\u00e3o de Computadores e Notebooks","robots":{"index":"index","follow":"follow","max-snippet":"max-snippet:-1","max-image-preview":"max-image-preview:large","max-video-preview":"max-video-preview:-1"},"canonical":"https:\/\/flexlan.com.br\/site\/?product=kit-tecladomouse-gamer-hp-km300f-iluminacao-multicores-em-3-modos-usb-preto","og_locale":"pt_BR","og_type":"article","og_title":"KIT TECLADO+MOUSE GAMER HP KM300F ILUMINA\u00c7\u00c3O MULTICORES\/ USB PRETO - FLEXLAN Inform\u00e1tica","og_description":"Suprimentos e Manuten\u00e7\u00e3o de Computadores e Notebooks","og_url":"https:\/\/flexlan.com.br\/site\/?product=kit-tecladomouse-gamer-hp-km300f-iluminacao-multicores-em-3-modos-usb-preto","og_site_name":"FLEXLAN Inform\u00e1tica","article_publisher":"https:\/\/www.facebook.com\/FlexLanInformatica","article_modified_time":"2022-08-05T18:03:57+00:00","og_image":[{"width":1000,"height":1000,"url":"https:\/\/i0.wp.com\/flexlan.com.br\/site\/wp-content\/uploads\/2021\/05\/KIT-TECLADOMOUSE-GAMER-HP-KM300F-USB-PRETO.jpg?fit=1000%2C1000&ssl=1","type":"image\/jpeg"}],"twitter_card":"summary_large_image","schema":{"@context":"https:\/\/schema.org","@graph":[{"@type":["WebPage","ItemPage"],"@id":"https:\/\/flexlan.com.br\/site\/?product=kit-tecladomouse-gamer-hp-km300f-iluminacao-multicores-em-3-modos-usb-preto","url":"https:\/\/flexlan.com.br\/site\/?product=kit-tecladomouse-gamer-hp-km300f-iluminacao-multicores-em-3-modos-usb-preto","name":"KIT TECLADO+MOUSE GAMER HP KM300F ILUMINA\u00c7\u00c3O MULTICORES\/ USB PRETO - FLEXLAN Inform\u00e1tica","isPartOf":{"@id":"https:\/\/flexlan.com.br\/site\/#website"},"datePublished":"2021-05-08T14:59:10+00:00","dateModified":"2022-08-05T18:03:57+00:00","description":"Suprimentos e Manuten\u00e7\u00e3o de Computadores e Notebooks","breadcrumb":{"@id":"https:\/\/flexlan.com.br\/site\/?product=kit-tecladomouse-gamer-hp-km300f-iluminacao-multicores-em-3-modos-usb-preto#breadcrumb"},"inLanguage":"pt-BR","potentialAction":[{"@type":"ReadAction","target":["https:\/\/flexlan.com.br\/site\/?product=kit-tecladomouse-gamer-hp-km300f-iluminacao-multicores-em-3-modos-usb-preto"]}]},{"@type":"BreadcrumbList","@id":"https:\/\/flexlan.com.br\/site\/?product=kit-tecladomouse-gamer-hp-km300f-iluminacao-multicores-em-3-modos-usb-preto#breadcrumb","itemListElement":[{"@type":"ListItem","position":1,"name":"In\u00edcio","item":"https:\/\/flexlan.com.br\/site\/"},{"@type":"ListItem","position":2,"name":"Shop","item":"https:\/\/flexlan.com.br\/site\/?page_id=28271"},{"@type":"ListItem","position":3,"name":"KIT TECLADO+MOUSE GAMER HP KM300F ILUMINA\u00c7\u00c3O MULTICORES\/ USB PRETO"}]},{"@type":"WebSite","@id":"https:\/\/flexlan.com.br\/site\/#website","url":"https:\/\/flexlan.com.br\/site\/","name":"FLEXLAN Inform\u00e1tica","description":"Suprimentos e Manuten\u00e7\u00e3o de Computadores e Notebooks","publisher":{"@id":"https:\/\/flexlan.com.br\/site\/#organization"},"alternateName":"FLEXLAN Inform\u00e1tica","potentialAction":[{"@type":"SearchAction","target":{"@type":"EntryPoint","urlTemplate":"https:\/\/flexlan.com.br\/site\/?s={search_term_string}"},"query-input":"required name=search_term_string"}],"inLanguage":"pt-BR"},{"@type":"Organization","@id":"https:\/\/flexlan.com.br\/site\/#organization","name":"Flexlan inform\u00e1tica","alternateName":"Suprimentos e Manuten\u00e7\u00e3o de Computadores e Notebooks","url":"https:\/\/flexlan.com.br\/site\/","logo":{"@type":"ImageObject","inLanguage":"pt-BR","@id":"https:\/\/flexlan.com.br\/site\/#\/schema\/logo\/image\/","url":"https:\/\/flexlan.com.br\/site\/wp-content\/uploads\/2022\/03\/Logo2022.png","contentUrl":"https:\/\/flexlan.com.br\/site\/wp-content\/uploads\/2022\/03\/Logo2022.png","width":796,"height":228,"caption":"Flexlan inform\u00e1tica"},"image":{"@id":"https:\/\/flexlan.com.br\/site\/#\/schema\/logo\/image\/"},"sameAs":["https:\/\/www.facebook.com\/FlexLanInformatica","https:\/\/instagram.com\/flexlan"]}]}},"_links":{"self":[{"href":"https:\/\/flexlan.com.br\/site\/index.php?rest_route=\/wp\/v2\/product\/14118"}],"collection":[{"href":"https:\/\/flexlan.com.br\/site\/index.php?rest_route=\/wp\/v2\/product"}],"about":[{"href":"https:\/\/flexlan.com.br\/site\/index.php?rest_route=\/wp\/v2\/types\/product"}],"replies":[{"embeddable":true,"href":"https:\/\/flexlan.com.br\/site\/index.php?rest_route=%2Fwp%2Fv2%2Fcomments&post=14118"}],"wp:featuredmedia":[{"embeddable":true,"href":"https:\/\/flexlan.com.br\/site\/index.php?rest_route=\/wp\/v2\/media\/14119"}],"wp:attachment":[{"href":"https:\/\/flexlan.com.br\/site\/index.php?rest_route=%2Fwp%2Fv2%2Fmedia&parent=14118"}],"wp:term":[{"taxonomy":"product_cat","embeddable":true,"href":"https:\/\/flexlan.com.br\/site\/index.php?rest_route=%2Fwp%2Fv2%2Fproduct_cat&post=14118"},{"taxonomy":"product_tag","embeddable":true,"href":"https:\/\/flexlan.com.br\/site\/index.php?rest_route=%2Fwp%2Fv2%2Fproduct_tag&post=14118"}],"curies":[{"name":"wp","href":"https:\/\/api.w.org\/{rel}","templated":true}]}}