{"id":14116,"date":"2021-05-08T14:48:36","date_gmt":"2021-05-08T14:48:36","guid":{"rendered":"https:\/\/flexlan.com.br\/site\/?post_type=product&#038;p=14116"},"modified":"2022-03-26T18:49:02","modified_gmt":"2022-03-26T18:49:02","slug":"ssd-120gb-hikvision-sata-iii-hsssdc100120g","status":"publish","type":"product","link":"https:\/\/flexlan.com.br\/site\/?product=ssd-120gb-hikvision-sata-iii-hsssdc100120g","title":{"rendered":"SSD 120GB HIKVISION SATA III HSSSDC100120G"},"content":{"rendered":"<p> Marca:<br \/>\n      Hikvision<\/p>\n<p>      Modelo:<br \/>\n      HS-SSD-C100 \/ 120G<\/p>\n<p>      Dimens\u00f5es:<br \/>\n      69,9 x 100,1 x 7,0 mm (2,75 x 3,94 x 0,28 pol.)<\/p>\n<p>      Fator de forma:<br \/>\n      2,5 polegadas<\/p>\n<p>      Capacidade total:<br \/>\n      120G<\/p>\n<p>      Max. velocidade de leitura (MB \/ s):<br \/>\n      550MB \/ S<\/p>\n<p>      Max. velocidade de grava\u00e7\u00e3o (MB \/ s):<br \/>\n      420MB \/ S<\/p>\n<p>      Max. 4K aleat\u00f3ria ler IOPS:<br \/>\n      60 mil<\/p>\n<p>      Max. aleat\u00f3ria 4K write IOPS:<br \/>\n      70 mil<\/p>\n<p>      MTBF (tempo m\u00e9dio entre falhas):<br \/>\n      2000000<\/p>\n<p>      Resist\u00eancia (TBW):<br \/>\n      50 TB<\/p>\n<p>      Interface:<br \/>\n      SATA III 6 GB \/ s<\/p>\n<p>      Flash NAND:<br \/>\n      3D TLC<\/p>\n<p>      De Meio Ambiente Temperatura de opera\u00e7\u00e3o:<br \/>\n      0 \u00b0 C a 70 \u00b0 C (32 \u00b0 F a 158 \u00b0 F)<\/p>\n<p>      Escrever (RMS m\u00e1x.):<br \/>\n      1,28 W<\/p>\n<p>      Leitura (RMS m\u00e1x.):<br \/>\n      1,25 W<\/p>\n<p>      Inativo (RMS m\u00e1x.):<br \/>\n      0,3 W<\/p>\n","protected":false},"excerpt":{"rendered":"<p>Melhore o desempenho do seu computador ou notebook, deixe seu sistema mais r\u00e1pido que nunca com a unidade de estado s\u00f3lido (SSD) SSD Hikvision 120GB SATA III 2,5&#8243; HS-SSD-C100-120G. Esse hardware \u00e9 de f\u00e1cil instala\u00e7\u00e3o e oferece uma inicializa\u00e7\u00e3o mais r\u00e1pida.<\/p>\n","protected":false},"featured_media":14117,"comment_status":"open","ping_status":"closed","template":"","meta":{"site-sidebar-layout":"default","site-content-layout":"","ast-site-content-layout":"","site-content-style":"default","site-sidebar-style":"default","ast-global-header-display":"","ast-banner-title-visibility":"","ast-main-header-display":"","ast-hfb-above-header-display":"","ast-hfb-below-header-display":"","ast-hfb-mobile-header-display":"","site-post-title":"","ast-breadcrumbs-content":"","ast-featured-img":"","footer-sml-layout":"","theme-transparent-header-meta":"","adv-header-id-meta":"","stick-header-meta":"","header-above-stick-meta":"","header-main-stick-meta":"","header-below-stick-meta":"","astra-migrate-meta-layouts":""},"product_cat":[21,30],"product_tag":[],"yoast_head":"<!-- This site is optimized with the Yoast SEO plugin v21.1 - https:\/\/yoast.com\/wordpress\/plugins\/seo\/ -->\n<title>SSD 120GB HIKVISION SATA III HSSSDC100120G - FLEXLAN Inform\u00e1tica<\/title>\n<meta name=\"description\" content=\"Suprimentos e Manuten\u00e7\u00e3o de Computadores e Notebooks\" \/>\n<meta name=\"robots\" content=\"index, follow, max-snippet:-1, max-image-preview:large, max-video-preview:-1\" \/>\n<link rel=\"canonical\" href=\"https:\/\/flexlan.com.br\/site\/?product=ssd-120gb-hikvision-sata-iii-hsssdc100120g\" \/>\n<meta property=\"og:locale\" content=\"pt_BR\" \/>\n<meta property=\"og:type\" content=\"article\" \/>\n<meta property=\"og:title\" content=\"SSD 120GB HIKVISION SATA III HSSSDC100120G - FLEXLAN Inform\u00e1tica\" \/>\n<meta property=\"og:description\" content=\"Suprimentos e Manuten\u00e7\u00e3o de Computadores e Notebooks\" \/>\n<meta property=\"og:url\" content=\"https:\/\/flexlan.com.br\/site\/?product=ssd-120gb-hikvision-sata-iii-hsssdc100120g\" \/>\n<meta property=\"og:site_name\" content=\"FLEXLAN Inform\u00e1tica\" \/>\n<meta property=\"article:publisher\" content=\"https:\/\/www.facebook.com\/FlexLanInformatica\" \/>\n<meta property=\"article:modified_time\" content=\"2022-03-26T18:49:02+00:00\" \/>\n<meta property=\"og:image\" content=\"https:\/\/i0.wp.com\/flexlan.com.br\/site\/wp-content\/uploads\/2021\/05\/SSD-120GB-HIKVISION-SATA-III-HSSSDC100120G.jpg?fit=450%2C450&ssl=1\" \/>\n\t<meta property=\"og:image:width\" content=\"450\" \/>\n\t<meta property=\"og:image:height\" content=\"450\" \/>\n\t<meta property=\"og:image:type\" content=\"image\/jpeg\" \/>\n<meta name=\"twitter:card\" content=\"summary_large_image\" \/>\n<script type=\"application\/ld+json\" class=\"yoast-schema-graph\">{\"@context\":\"https:\/\/schema.org\",\"@graph\":[{\"@type\":[\"WebPage\",\"ItemPage\"],\"@id\":\"https:\/\/flexlan.com.br\/site\/?product=ssd-120gb-hikvision-sata-iii-hsssdc100120g\",\"url\":\"https:\/\/flexlan.com.br\/site\/?product=ssd-120gb-hikvision-sata-iii-hsssdc100120g\",\"name\":\"SSD 120GB HIKVISION SATA III HSSSDC100120G - FLEXLAN Inform\u00e1tica\",\"isPartOf\":{\"@id\":\"https:\/\/flexlan.com.br\/site\/#website\"},\"datePublished\":\"2021-05-08T14:48:36+00:00\",\"dateModified\":\"2022-03-26T18:49:02+00:00\",\"description\":\"Suprimentos e Manuten\u00e7\u00e3o de Computadores e Notebooks\",\"breadcrumb\":{\"@id\":\"https:\/\/flexlan.com.br\/site\/?product=ssd-120gb-hikvision-sata-iii-hsssdc100120g#breadcrumb\"},\"inLanguage\":\"pt-BR\",\"potentialAction\":[{\"@type\":\"ReadAction\",\"target\":[\"https:\/\/flexlan.com.br\/site\/?product=ssd-120gb-hikvision-sata-iii-hsssdc100120g\"]}]},{\"@type\":\"BreadcrumbList\",\"@id\":\"https:\/\/flexlan.com.br\/site\/?product=ssd-120gb-hikvision-sata-iii-hsssdc100120g#breadcrumb\",\"itemListElement\":[{\"@type\":\"ListItem\",\"position\":1,\"name\":\"In\u00edcio\",\"item\":\"https:\/\/flexlan.com.br\/site\/\"},{\"@type\":\"ListItem\",\"position\":2,\"name\":\"Shop\",\"item\":\"https:\/\/flexlan.com.br\/site\/?page_id=28271\"},{\"@type\":\"ListItem\",\"position\":3,\"name\":\"SSD 120GB HIKVISION SATA III HSSSDC100120G\"}]},{\"@type\":\"WebSite\",\"@id\":\"https:\/\/flexlan.com.br\/site\/#website\",\"url\":\"https:\/\/flexlan.com.br\/site\/\",\"name\":\"FLEXLAN Inform\u00e1tica\",\"description\":\"Suprimentos e Manuten\u00e7\u00e3o de Computadores e Notebooks\",\"publisher\":{\"@id\":\"https:\/\/flexlan.com.br\/site\/#organization\"},\"alternateName\":\"FLEXLAN Inform\u00e1tica\",\"potentialAction\":[{\"@type\":\"SearchAction\",\"target\":{\"@type\":\"EntryPoint\",\"urlTemplate\":\"https:\/\/flexlan.com.br\/site\/?s={search_term_string}\"},\"query-input\":\"required name=search_term_string\"}],\"inLanguage\":\"pt-BR\"},{\"@type\":\"Organization\",\"@id\":\"https:\/\/flexlan.com.br\/site\/#organization\",\"name\":\"Flexlan inform\u00e1tica\",\"alternateName\":\"Suprimentos e Manuten\u00e7\u00e3o de Computadores e Notebooks\",\"url\":\"https:\/\/flexlan.com.br\/site\/\",\"logo\":{\"@type\":\"ImageObject\",\"inLanguage\":\"pt-BR\",\"@id\":\"https:\/\/flexlan.com.br\/site\/#\/schema\/logo\/image\/\",\"url\":\"https:\/\/flexlan.com.br\/site\/wp-content\/uploads\/2022\/03\/Logo2022.png\",\"contentUrl\":\"https:\/\/flexlan.com.br\/site\/wp-content\/uploads\/2022\/03\/Logo2022.png\",\"width\":796,\"height\":228,\"caption\":\"Flexlan inform\u00e1tica\"},\"image\":{\"@id\":\"https:\/\/flexlan.com.br\/site\/#\/schema\/logo\/image\/\"},\"sameAs\":[\"https:\/\/www.facebook.com\/FlexLanInformatica\",\"https:\/\/instagram.com\/flexlan\"]}]}<\/script>\n<!-- \/ Yoast SEO plugin. -->","yoast_head_json":{"title":"SSD 120GB HIKVISION SATA III HSSSDC100120G - FLEXLAN Inform\u00e1tica","description":"Suprimentos e Manuten\u00e7\u00e3o de Computadores e Notebooks","robots":{"index":"index","follow":"follow","max-snippet":"max-snippet:-1","max-image-preview":"max-image-preview:large","max-video-preview":"max-video-preview:-1"},"canonical":"https:\/\/flexlan.com.br\/site\/?product=ssd-120gb-hikvision-sata-iii-hsssdc100120g","og_locale":"pt_BR","og_type":"article","og_title":"SSD 120GB HIKVISION SATA III HSSSDC100120G - FLEXLAN Inform\u00e1tica","og_description":"Suprimentos e Manuten\u00e7\u00e3o de Computadores e Notebooks","og_url":"https:\/\/flexlan.com.br\/site\/?product=ssd-120gb-hikvision-sata-iii-hsssdc100120g","og_site_name":"FLEXLAN Inform\u00e1tica","article_publisher":"https:\/\/www.facebook.com\/FlexLanInformatica","article_modified_time":"2022-03-26T18:49:02+00:00","og_image":[{"width":450,"height":450,"url":"https:\/\/i0.wp.com\/flexlan.com.br\/site\/wp-content\/uploads\/2021\/05\/SSD-120GB-HIKVISION-SATA-III-HSSSDC100120G.jpg?fit=450%2C450&ssl=1","type":"image\/jpeg"}],"twitter_card":"summary_large_image","schema":{"@context":"https:\/\/schema.org","@graph":[{"@type":["WebPage","ItemPage"],"@id":"https:\/\/flexlan.com.br\/site\/?product=ssd-120gb-hikvision-sata-iii-hsssdc100120g","url":"https:\/\/flexlan.com.br\/site\/?product=ssd-120gb-hikvision-sata-iii-hsssdc100120g","name":"SSD 120GB HIKVISION SATA III HSSSDC100120G - FLEXLAN Inform\u00e1tica","isPartOf":{"@id":"https:\/\/flexlan.com.br\/site\/#website"},"datePublished":"2021-05-08T14:48:36+00:00","dateModified":"2022-03-26T18:49:02+00:00","description":"Suprimentos e Manuten\u00e7\u00e3o de Computadores e Notebooks","breadcrumb":{"@id":"https:\/\/flexlan.com.br\/site\/?product=ssd-120gb-hikvision-sata-iii-hsssdc100120g#breadcrumb"},"inLanguage":"pt-BR","potentialAction":[{"@type":"ReadAction","target":["https:\/\/flexlan.com.br\/site\/?product=ssd-120gb-hikvision-sata-iii-hsssdc100120g"]}]},{"@type":"BreadcrumbList","@id":"https:\/\/flexlan.com.br\/site\/?product=ssd-120gb-hikvision-sata-iii-hsssdc100120g#breadcrumb","itemListElement":[{"@type":"ListItem","position":1,"name":"In\u00edcio","item":"https:\/\/flexlan.com.br\/site\/"},{"@type":"ListItem","position":2,"name":"Shop","item":"https:\/\/flexlan.com.br\/site\/?page_id=28271"},{"@type":"ListItem","position":3,"name":"SSD 120GB HIKVISION SATA III HSSSDC100120G"}]},{"@type":"WebSite","@id":"https:\/\/flexlan.com.br\/site\/#website","url":"https:\/\/flexlan.com.br\/site\/","name":"FLEXLAN Inform\u00e1tica","description":"Suprimentos e Manuten\u00e7\u00e3o de Computadores e Notebooks","publisher":{"@id":"https:\/\/flexlan.com.br\/site\/#organization"},"alternateName":"FLEXLAN Inform\u00e1tica","potentialAction":[{"@type":"SearchAction","target":{"@type":"EntryPoint","urlTemplate":"https:\/\/flexlan.com.br\/site\/?s={search_term_string}"},"query-input":"required name=search_term_string"}],"inLanguage":"pt-BR"},{"@type":"Organization","@id":"https:\/\/flexlan.com.br\/site\/#organization","name":"Flexlan inform\u00e1tica","alternateName":"Suprimentos e Manuten\u00e7\u00e3o de Computadores e Notebooks","url":"https:\/\/flexlan.com.br\/site\/","logo":{"@type":"ImageObject","inLanguage":"pt-BR","@id":"https:\/\/flexlan.com.br\/site\/#\/schema\/logo\/image\/","url":"https:\/\/flexlan.com.br\/site\/wp-content\/uploads\/2022\/03\/Logo2022.png","contentUrl":"https:\/\/flexlan.com.br\/site\/wp-content\/uploads\/2022\/03\/Logo2022.png","width":796,"height":228,"caption":"Flexlan inform\u00e1tica"},"image":{"@id":"https:\/\/flexlan.com.br\/site\/#\/schema\/logo\/image\/"},"sameAs":["https:\/\/www.facebook.com\/FlexLanInformatica","https:\/\/instagram.com\/flexlan"]}]}},"_links":{"self":[{"href":"https:\/\/flexlan.com.br\/site\/index.php?rest_route=\/wp\/v2\/product\/14116"}],"collection":[{"href":"https:\/\/flexlan.com.br\/site\/index.php?rest_route=\/wp\/v2\/product"}],"about":[{"href":"https:\/\/flexlan.com.br\/site\/index.php?rest_route=\/wp\/v2\/types\/product"}],"replies":[{"embeddable":true,"href":"https:\/\/flexlan.com.br\/site\/index.php?rest_route=%2Fwp%2Fv2%2Fcomments&post=14116"}],"wp:featuredmedia":[{"embeddable":true,"href":"https:\/\/flexlan.com.br\/site\/index.php?rest_route=\/wp\/v2\/media\/14117"}],"wp:attachment":[{"href":"https:\/\/flexlan.com.br\/site\/index.php?rest_route=%2Fwp%2Fv2%2Fmedia&parent=14116"}],"wp:term":[{"taxonomy":"product_cat","embeddable":true,"href":"https:\/\/flexlan.com.br\/site\/index.php?rest_route=%2Fwp%2Fv2%2Fproduct_cat&post=14116"},{"taxonomy":"product_tag","embeddable":true,"href":"https:\/\/flexlan.com.br\/site\/index.php?rest_route=%2Fwp%2Fv2%2Fproduct_tag&post=14116"}],"curies":[{"name":"wp","href":"https:\/\/api.w.org\/{rel}","templated":true}]}}