{"id":13563,"date":"2021-04-25T14:52:27","date_gmt":"2021-04-25T17:52:27","guid":{"rendered":"https:\/\/flexlan.com.br\/site\/?post_type=product&#038;p=13563"},"modified":"2026-03-11T16:14:43","modified_gmt":"2026-03-11T19:14:43","slug":"ssd-480gb-kingston-sata-leitura-500mb-s-gravacao-450mb-s-sa400s37480gb","status":"publish","type":"product","link":"https:\/\/flexlan.com.br\/site\/?product=ssd-480gb-kingston-sata-leitura-500mb-s-gravacao-450mb-s-sa400s37480gb","title":{"rendered":"SSD 480GB KINGSTON SATA LEITURA 500MB\/S, &#8211; SA400S37480GB"},"content":{"rendered":"<p>Caracter\u00edsticas:<\/p>\n<p>&#8211; Marca: Kingston<\/p>\n<p>&#8211; Modelo: SA400S37\/480G<\/p>\n<p>Especifica\u00e7\u00f5es:<\/p>\n<p>&#8211; Formato: 2,5 pol <\/p>\n<p>&#8211; Interface: SATA Rev. 3.0 (6Gb\/s) \u2014 compat\u00edvel com a vers\u00e3o anterior SATA Rev. 2.0 (3Gb\/s)<\/p>\n<p>&#8211; Capacidades: 480GB<\/p>\n<p>&#8211; NAND: TLC <\/p>\n<p>&#8211; Performance de refer\u00eancia &#8211; at\u00e9 500MB\/s para leitura e 450MB\/s para grava\u00e7\u00e3o<\/p>\n<p>&#8211; Temperatura de armazenamento: -40 \u00b0C a 85 \u00b0C <\/p>\n<p>&#8211; Temperatura de opera\u00e7\u00e3o: 0 \u00b0C a 70 \u00b0C<\/p>\n<p>&#8211; Vibra\u00e7\u00e3o quando em opera\u00e7\u00e3o: 2,17G pico (7 \u2013 800 Hz)<\/p>\n<p>&#8211; Vibra\u00e7\u00e3o quando n\u00e3o est\u00e1 em opera\u00e7\u00e3o: 20G pico (10 \u2013 2000 Hz)<\/p>\n<p>&#8211; Expectativa de vida \u00fatil: 1 milh\u00e3o de horas MTB<\/p>\n<p>Benef\u00edcios: <\/p>\n<p>&#8211; 10x mais r\u00e1pido do que um disco r\u00edgido: Com incr\u00edveis velocidades de leitura\/grava\u00e7\u00e3o, o SSD A400 n\u00e3o somente ir\u00e1 aumentar o desempenho, como tamb\u00e9m poder\u00e1 ser usado para dar vida nova em computadores mais antigos. <\/p>\n<p>&#8211; Robusto: O A400 \u00e9 resistente a impactos e vibra\u00e7\u00f5es, para confiabilidade refor\u00e7ada em notebooks e outros dispositivos m\u00f3veis. <\/p>\n<p>&#8211; Ideal para desktops e notebooks: A400 tem um formato de 7 mm parase ajustar auma grande variedade de computadores. \u00c9 ideal para notebooks mais finos e computadores, ultrabooks e ultratop com espa\u00e7o limitado.<\/p>\n<p>Conte\u00fado da embalagem:<\/p>\n<p>&#8211; SSD Kingston<\/p>\n<p>Garantia<br \/>\n1 ano de garantia<\/p>\n","protected":false},"excerpt":{"rendered":"<p>Benef\u00edcios: <\/p>\n<p>&#8211; 10x mais r\u00e1pido do que um disco r\u00edgido: Com incr\u00edveis velocidades de leitura\/grava\u00e7\u00e3o, o SSD A400 n\u00e3o somente ir\u00e1 aumentar o desempenho, como tamb\u00e9m poder\u00e1 ser usado para dar vida nova em computadores mais antigos. <\/p>\n<p>&#8211; Robusto: O A400 \u00e9 resistente a impactos e vibra\u00e7\u00f5es, para confiabilidade refor\u00e7ada em notebooks e outros dispositivos m\u00f3veis. <\/p>\n<p>&#8211; Ideal para desktops e notebooks: A400 tem um formato de 7 mm para se ajustar a uma grande variedade de computadores. \u00c9 ideal para notebooks mais finos e computadores, ultrabooks e ultratop com espa\u00e7o limitado.<\/p>\n","protected":false},"featured_media":9739,"comment_status":"open","ping_status":"closed","template":"","meta":{"site-sidebar-layout":"default","site-content-layout":"","ast-site-content-layout":"","site-content-style":"default","site-sidebar-style":"default","ast-global-header-display":"","ast-banner-title-visibility":"","ast-main-header-display":"","ast-hfb-above-header-display":"","ast-hfb-below-header-display":"","ast-hfb-mobile-header-display":"","site-post-title":"","ast-breadcrumbs-content":"","ast-featured-img":"","footer-sml-layout":"","theme-transparent-header-meta":"","adv-header-id-meta":"","stick-header-meta":"","header-above-stick-meta":"","header-main-stick-meta":"","header-below-stick-meta":"","astra-migrate-meta-layouts":""},"product_cat":[21,30],"product_tag":[],"yoast_head":"<!-- This site is optimized with the Yoast SEO plugin v21.1 - https:\/\/yoast.com\/wordpress\/plugins\/seo\/ -->\n<title>SSD 480GB KINGSTON SATA LEITURA 500MB\/S, - SA400S37480GB - FLEXLAN Inform\u00e1tica<\/title>\n<meta name=\"description\" content=\"Suprimentos e Manuten\u00e7\u00e3o de Computadores e Notebooks\" \/>\n<meta name=\"robots\" content=\"index, follow, max-snippet:-1, max-image-preview:large, max-video-preview:-1\" \/>\n<link rel=\"canonical\" href=\"https:\/\/flexlan.com.br\/site\/?product=ssd-480gb-kingston-sata-leitura-500mb-s-gravacao-450mb-s-sa400s37480gb\" \/>\n<meta property=\"og:locale\" content=\"pt_BR\" \/>\n<meta property=\"og:type\" content=\"article\" \/>\n<meta property=\"og:title\" content=\"SSD 480GB KINGSTON SATA LEITURA 500MB\/S, - SA400S37480GB - FLEXLAN Inform\u00e1tica\" \/>\n<meta property=\"og:description\" content=\"Suprimentos e Manuten\u00e7\u00e3o de Computadores e Notebooks\" \/>\n<meta property=\"og:url\" content=\"https:\/\/flexlan.com.br\/site\/?product=ssd-480gb-kingston-sata-leitura-500mb-s-gravacao-450mb-s-sa400s37480gb\" \/>\n<meta property=\"og:site_name\" content=\"FLEXLAN Inform\u00e1tica\" \/>\n<meta property=\"article:publisher\" content=\"https:\/\/www.facebook.com\/FlexLanInformatica\" \/>\n<meta property=\"article:modified_time\" content=\"2026-03-11T19:14:43+00:00\" \/>\n<meta property=\"og:image\" content=\"https:\/\/flexlan.com.br\/site\/wp-content\/uploads\/2021\/01\/SSD-120GB-KINGSTON-SA400S37-Copia.jpg\" \/>\n\t<meta property=\"og:image:width\" content=\"1000\" \/>\n\t<meta property=\"og:image:height\" content=\"1000\" \/>\n\t<meta property=\"og:image:type\" content=\"image\/jpeg\" \/>\n<meta name=\"twitter:card\" content=\"summary_large_image\" \/>\n<meta name=\"twitter:label1\" content=\"Est. tempo de leitura\" \/>\n\t<meta name=\"twitter:data1\" content=\"1 minuto\" \/>\n<script type=\"application\/ld+json\" class=\"yoast-schema-graph\">{\"@context\":\"https:\/\/schema.org\",\"@graph\":[{\"@type\":[\"WebPage\",\"ItemPage\"],\"@id\":\"https:\/\/flexlan.com.br\/site\/?product=ssd-480gb-kingston-sata-leitura-500mb-s-gravacao-450mb-s-sa400s37480gb\",\"url\":\"https:\/\/flexlan.com.br\/site\/?product=ssd-480gb-kingston-sata-leitura-500mb-s-gravacao-450mb-s-sa400s37480gb\",\"name\":\"SSD 480GB KINGSTON SATA LEITURA 500MB\/S, - SA400S37480GB - FLEXLAN Inform\u00e1tica\",\"isPartOf\":{\"@id\":\"https:\/\/flexlan.com.br\/site\/#website\"},\"datePublished\":\"2021-04-25T17:52:27+00:00\",\"dateModified\":\"2026-03-11T19:14:43+00:00\",\"description\":\"Suprimentos e Manuten\u00e7\u00e3o de Computadores e Notebooks\",\"breadcrumb\":{\"@id\":\"https:\/\/flexlan.com.br\/site\/?product=ssd-480gb-kingston-sata-leitura-500mb-s-gravacao-450mb-s-sa400s37480gb#breadcrumb\"},\"inLanguage\":\"pt-BR\",\"potentialAction\":[{\"@type\":\"ReadAction\",\"target\":[\"https:\/\/flexlan.com.br\/site\/?product=ssd-480gb-kingston-sata-leitura-500mb-s-gravacao-450mb-s-sa400s37480gb\"]}]},{\"@type\":\"BreadcrumbList\",\"@id\":\"https:\/\/flexlan.com.br\/site\/?product=ssd-480gb-kingston-sata-leitura-500mb-s-gravacao-450mb-s-sa400s37480gb#breadcrumb\",\"itemListElement\":[{\"@type\":\"ListItem\",\"position\":1,\"name\":\"In\u00edcio\",\"item\":\"https:\/\/flexlan.com.br\/site\/\"},{\"@type\":\"ListItem\",\"position\":2,\"name\":\"Shop\",\"item\":\"https:\/\/flexlan.com.br\/site\/?page_id=28271\"},{\"@type\":\"ListItem\",\"position\":3,\"name\":\"SSD 480GB KINGSTON SATA LEITURA 500MB\/S, &#8211; SA400S37480GB\"}]},{\"@type\":\"WebSite\",\"@id\":\"https:\/\/flexlan.com.br\/site\/#website\",\"url\":\"https:\/\/flexlan.com.br\/site\/\",\"name\":\"FLEXLAN Inform\u00e1tica\",\"description\":\"Suprimentos e Manuten\u00e7\u00e3o de Computadores e Notebooks\",\"publisher\":{\"@id\":\"https:\/\/flexlan.com.br\/site\/#organization\"},\"alternateName\":\"FLEXLAN Inform\u00e1tica\",\"potentialAction\":[{\"@type\":\"SearchAction\",\"target\":{\"@type\":\"EntryPoint\",\"urlTemplate\":\"https:\/\/flexlan.com.br\/site\/?s={search_term_string}\"},\"query-input\":\"required name=search_term_string\"}],\"inLanguage\":\"pt-BR\"},{\"@type\":\"Organization\",\"@id\":\"https:\/\/flexlan.com.br\/site\/#organization\",\"name\":\"Flexlan inform\u00e1tica\",\"alternateName\":\"Suprimentos e Manuten\u00e7\u00e3o de Computadores e Notebooks\",\"url\":\"https:\/\/flexlan.com.br\/site\/\",\"logo\":{\"@type\":\"ImageObject\",\"inLanguage\":\"pt-BR\",\"@id\":\"https:\/\/flexlan.com.br\/site\/#\/schema\/logo\/image\/\",\"url\":\"https:\/\/flexlan.com.br\/site\/wp-content\/uploads\/2022\/03\/Logo2022.png\",\"contentUrl\":\"https:\/\/flexlan.com.br\/site\/wp-content\/uploads\/2022\/03\/Logo2022.png\",\"width\":796,\"height\":228,\"caption\":\"Flexlan inform\u00e1tica\"},\"image\":{\"@id\":\"https:\/\/flexlan.com.br\/site\/#\/schema\/logo\/image\/\"},\"sameAs\":[\"https:\/\/www.facebook.com\/FlexLanInformatica\",\"https:\/\/instagram.com\/flexlan\"]}]}<\/script>\n<!-- \/ Yoast SEO plugin. -->","yoast_head_json":{"title":"SSD 480GB KINGSTON SATA LEITURA 500MB\/S, - SA400S37480GB - FLEXLAN Inform\u00e1tica","description":"Suprimentos e Manuten\u00e7\u00e3o de Computadores e Notebooks","robots":{"index":"index","follow":"follow","max-snippet":"max-snippet:-1","max-image-preview":"max-image-preview:large","max-video-preview":"max-video-preview:-1"},"canonical":"https:\/\/flexlan.com.br\/site\/?product=ssd-480gb-kingston-sata-leitura-500mb-s-gravacao-450mb-s-sa400s37480gb","og_locale":"pt_BR","og_type":"article","og_title":"SSD 480GB KINGSTON SATA LEITURA 500MB\/S, - SA400S37480GB - FLEXLAN Inform\u00e1tica","og_description":"Suprimentos e Manuten\u00e7\u00e3o de Computadores e Notebooks","og_url":"https:\/\/flexlan.com.br\/site\/?product=ssd-480gb-kingston-sata-leitura-500mb-s-gravacao-450mb-s-sa400s37480gb","og_site_name":"FLEXLAN Inform\u00e1tica","article_publisher":"https:\/\/www.facebook.com\/FlexLanInformatica","article_modified_time":"2026-03-11T19:14:43+00:00","og_image":[{"width":1000,"height":1000,"url":"https:\/\/flexlan.com.br\/site\/wp-content\/uploads\/2021\/01\/SSD-120GB-KINGSTON-SA400S37-Copia.jpg","type":"image\/jpeg"}],"twitter_card":"summary_large_image","twitter_misc":{"Est. tempo de leitura":"1 minuto"},"schema":{"@context":"https:\/\/schema.org","@graph":[{"@type":["WebPage","ItemPage"],"@id":"https:\/\/flexlan.com.br\/site\/?product=ssd-480gb-kingston-sata-leitura-500mb-s-gravacao-450mb-s-sa400s37480gb","url":"https:\/\/flexlan.com.br\/site\/?product=ssd-480gb-kingston-sata-leitura-500mb-s-gravacao-450mb-s-sa400s37480gb","name":"SSD 480GB KINGSTON SATA LEITURA 500MB\/S, - SA400S37480GB - FLEXLAN Inform\u00e1tica","isPartOf":{"@id":"https:\/\/flexlan.com.br\/site\/#website"},"datePublished":"2021-04-25T17:52:27+00:00","dateModified":"2026-03-11T19:14:43+00:00","description":"Suprimentos e Manuten\u00e7\u00e3o de Computadores e Notebooks","breadcrumb":{"@id":"https:\/\/flexlan.com.br\/site\/?product=ssd-480gb-kingston-sata-leitura-500mb-s-gravacao-450mb-s-sa400s37480gb#breadcrumb"},"inLanguage":"pt-BR","potentialAction":[{"@type":"ReadAction","target":["https:\/\/flexlan.com.br\/site\/?product=ssd-480gb-kingston-sata-leitura-500mb-s-gravacao-450mb-s-sa400s37480gb"]}]},{"@type":"BreadcrumbList","@id":"https:\/\/flexlan.com.br\/site\/?product=ssd-480gb-kingston-sata-leitura-500mb-s-gravacao-450mb-s-sa400s37480gb#breadcrumb","itemListElement":[{"@type":"ListItem","position":1,"name":"In\u00edcio","item":"https:\/\/flexlan.com.br\/site\/"},{"@type":"ListItem","position":2,"name":"Shop","item":"https:\/\/flexlan.com.br\/site\/?page_id=28271"},{"@type":"ListItem","position":3,"name":"SSD 480GB KINGSTON SATA LEITURA 500MB\/S, &#8211; SA400S37480GB"}]},{"@type":"WebSite","@id":"https:\/\/flexlan.com.br\/site\/#website","url":"https:\/\/flexlan.com.br\/site\/","name":"FLEXLAN Inform\u00e1tica","description":"Suprimentos e Manuten\u00e7\u00e3o de Computadores e Notebooks","publisher":{"@id":"https:\/\/flexlan.com.br\/site\/#organization"},"alternateName":"FLEXLAN Inform\u00e1tica","potentialAction":[{"@type":"SearchAction","target":{"@type":"EntryPoint","urlTemplate":"https:\/\/flexlan.com.br\/site\/?s={search_term_string}"},"query-input":"required name=search_term_string"}],"inLanguage":"pt-BR"},{"@type":"Organization","@id":"https:\/\/flexlan.com.br\/site\/#organization","name":"Flexlan inform\u00e1tica","alternateName":"Suprimentos e Manuten\u00e7\u00e3o de Computadores e Notebooks","url":"https:\/\/flexlan.com.br\/site\/","logo":{"@type":"ImageObject","inLanguage":"pt-BR","@id":"https:\/\/flexlan.com.br\/site\/#\/schema\/logo\/image\/","url":"https:\/\/flexlan.com.br\/site\/wp-content\/uploads\/2022\/03\/Logo2022.png","contentUrl":"https:\/\/flexlan.com.br\/site\/wp-content\/uploads\/2022\/03\/Logo2022.png","width":796,"height":228,"caption":"Flexlan inform\u00e1tica"},"image":{"@id":"https:\/\/flexlan.com.br\/site\/#\/schema\/logo\/image\/"},"sameAs":["https:\/\/www.facebook.com\/FlexLanInformatica","https:\/\/instagram.com\/flexlan"]}]}},"_links":{"self":[{"href":"https:\/\/flexlan.com.br\/site\/index.php?rest_route=\/wp\/v2\/product\/13563"}],"collection":[{"href":"https:\/\/flexlan.com.br\/site\/index.php?rest_route=\/wp\/v2\/product"}],"about":[{"href":"https:\/\/flexlan.com.br\/site\/index.php?rest_route=\/wp\/v2\/types\/product"}],"replies":[{"embeddable":true,"href":"https:\/\/flexlan.com.br\/site\/index.php?rest_route=%2Fwp%2Fv2%2Fcomments&post=13563"}],"wp:featuredmedia":[{"embeddable":true,"href":"https:\/\/flexlan.com.br\/site\/index.php?rest_route=\/wp\/v2\/media\/9739"}],"wp:attachment":[{"href":"https:\/\/flexlan.com.br\/site\/index.php?rest_route=%2Fwp%2Fv2%2Fmedia&parent=13563"}],"wp:term":[{"taxonomy":"product_cat","embeddable":true,"href":"https:\/\/flexlan.com.br\/site\/index.php?rest_route=%2Fwp%2Fv2%2Fproduct_cat&post=13563"},{"taxonomy":"product_tag","embeddable":true,"href":"https:\/\/flexlan.com.br\/site\/index.php?rest_route=%2Fwp%2Fv2%2Fproduct_tag&post=13563"}],"curies":[{"name":"wp","href":"https:\/\/api.w.org\/{rel}","templated":true}]}}