{"id":13392,"date":"2021-04-21T14:28:26","date_gmt":"2021-04-21T14:28:26","guid":{"rendered":"https:\/\/flexlan.com.br\/site\/?post_type=product&#038;p=13392"},"modified":"2022-05-21T15:45:27","modified_gmt":"2022-05-21T15:45:27","slug":"repetidor-wireless-tp-link-dual-band-24-5ghz-ac750-re200","status":"publish","type":"product","link":"https:\/\/flexlan.com.br\/site\/?product=repetidor-wireless-tp-link-dual-band-24-5ghz-ac750-re200","title":{"rendered":"REPETIDOR WIRELESS TP-LINK DUAL BAND 2,4\/5GHZ  AC750 RE200"},"content":{"rendered":"<p>ESPECIFICA\u00c7\u00d5ES:<\/p>\n<p>RECURSOS DO HARDWARE<br \/>\nPadr\u00f5es e Protocolos: IEEE802.11ac,IEEE 802.11n, IEEE 802.11g, IEEE 802.11b<br \/>\nInterface: 1 * Porta Ethernet (RJ45) 10\/100M<br \/>\nTipo de Conector: EU<br \/>\nBot\u00e3o: Bot\u00e3o RE (Extensor de Alcance), Bot\u00e3o Reset<br \/>\nDimens\u00f5es (L X C X A): 4.3x 2.6 x 3.0in. (110.0 x 65.8 x 75.2mm)<br \/>\nAntena: 3 * antenas internas<br \/>\nConsumo de Energia: ~3.5W<\/p>\n<p>RECURSOS WIRELESS<br \/>\nFrequ\u00eancia: 2.4GHz e 5GHz<br \/>\nTaxa do Sinal: 5GHz:Up at\u00e9 433Mbps, 2.4GHz:Up at\u00e9 300Mpbs<br \/>\nSensibilidade da Recep\u00e7\u00e3o<br \/>\n2.4G: 270M: -70dBm@10% PER, 130M: -70dBm@10% PER, 108M: -73dBm@10% PER, 54M: -75dBm@10% PER, 11M: -86dBm@8% PER, 6M: -92dBm@10% PER, 1M: -94dBm@8% PER<br \/>\n5G: 390M: -60dBm@10% PER, 29.3M: -83dBm@10% PER, 180M: -64dBm@10% PER, 13.5M: -87dBm@10% PER, 78M: -68dBm@10% PER, 6.5M: -90dBm@10% PER ,54M: -75dBm@10% PER, 6M:-90dBm@10% PER<br \/>\nEIRP: < 20 dBm (EIRP)\nModos Wireless: Extensor de Alcance\nFun\u00e7\u00f5es Wireless: WMM (Wi-Fi Multim\u00eddia)\nFiltragem de Endere\u00e7o: MAC Wireless, Wireless Est\u00e1tico, Fun\u00e7\u00e3o de Login por Dom\u00ednio\nSeguran\u00e7a Wireless : WEP de 64\/128\/152-bit, WPA-PSK \/ WPA2-PSK\n<\/p>\n","protected":false},"excerpt":{"rendered":"<p>&#8211; Fortalece o sinal Wi-Fi para \u00e1reas previamente inalcan\u00e7\u00e1veis ou dif\u00edceis de se cabear com perfei\u00e7\u00e3o<br \/>\n&#8211; Compat\u00edvel com as tecnologias anteriores de dispositivos Wi-Fi de 802.11 b\/g\/n e 802.11ac<br \/>\n&#8211; Velocidade Dual Band em at\u00e9 750Mbps<br \/>\n&#8211; Tamanho compacto e design adequado para paredes tornam seu posicionamento flex\u00edvel e discreto<br \/>\n&#8211; Porta Ethernet permite o Extensor funcionar como um adaptador wireless para conectar dispositivos cabeados.<\/p>\n","protected":false},"featured_media":13395,"comment_status":"open","ping_status":"closed","template":"","meta":{"site-sidebar-layout":"default","site-content-layout":"","ast-site-content-layout":"","site-content-style":"default","site-sidebar-style":"default","ast-global-header-display":"","ast-banner-title-visibility":"","ast-main-header-display":"","ast-hfb-above-header-display":"","ast-hfb-below-header-display":"","ast-hfb-mobile-header-display":"","site-post-title":"","ast-breadcrumbs-content":"","ast-featured-img":"","footer-sml-layout":"","theme-transparent-header-meta":"","adv-header-id-meta":"","stick-header-meta":"","header-above-stick-meta":"","header-main-stick-meta":"","header-below-stick-meta":"","astra-migrate-meta-layouts":""},"product_cat":[36,39],"product_tag":[],"yoast_head":"<!-- This site is optimized with the Yoast SEO plugin v21.1 - https:\/\/yoast.com\/wordpress\/plugins\/seo\/ -->\n<title>REPETIDOR WIRELESS TP-LINK DUAL BAND 2,4\/5GHZ AC750 RE200 - FLEXLAN Inform\u00e1tica<\/title>\n<meta name=\"description\" content=\"Suprimentos e Manuten\u00e7\u00e3o de Computadores e Notebooks\" \/>\n<meta name=\"robots\" content=\"index, follow, max-snippet:-1, max-image-preview:large, max-video-preview:-1\" \/>\n<link rel=\"canonical\" href=\"https:\/\/flexlan.com.br\/site\/?product=repetidor-wireless-tp-link-dual-band-24-5ghz-ac750-re200\" \/>\n<meta property=\"og:locale\" content=\"pt_BR\" \/>\n<meta property=\"og:type\" content=\"article\" \/>\n<meta property=\"og:title\" content=\"REPETIDOR WIRELESS TP-LINK DUAL BAND 2,4\/5GHZ AC750 RE200 - FLEXLAN Inform\u00e1tica\" \/>\n<meta property=\"og:description\" content=\"Suprimentos e Manuten\u00e7\u00e3o de Computadores e Notebooks\" \/>\n<meta property=\"og:url\" content=\"https:\/\/flexlan.com.br\/site\/?product=repetidor-wireless-tp-link-dual-band-24-5ghz-ac750-re200\" \/>\n<meta property=\"og:site_name\" content=\"FLEXLAN Inform\u00e1tica\" \/>\n<meta property=\"article:publisher\" content=\"https:\/\/www.facebook.com\/FlexLanInformatica\" \/>\n<meta property=\"article:modified_time\" content=\"2022-05-21T15:45:27+00:00\" \/>\n<meta property=\"og:image\" content=\"https:\/\/i0.wp.com\/flexlan.com.br\/site\/wp-content\/uploads\/2021\/04\/REPETIDOR-WIRELESS-TP-LINK-DUAL-BAND-24-5GHZ-AC750-RE200.jpg?fit=1000%2C1000&ssl=1\" \/>\n\t<meta property=\"og:image:width\" content=\"1000\" \/>\n\t<meta property=\"og:image:height\" content=\"1000\" \/>\n\t<meta property=\"og:image:type\" content=\"image\/jpeg\" \/>\n<meta name=\"twitter:card\" content=\"summary_large_image\" \/>\n<meta name=\"twitter:label1\" content=\"Est. tempo de leitura\" \/>\n\t<meta name=\"twitter:data1\" content=\"1 minuto\" \/>\n<script type=\"application\/ld+json\" class=\"yoast-schema-graph\">{\"@context\":\"https:\/\/schema.org\",\"@graph\":[{\"@type\":[\"WebPage\",\"ItemPage\"],\"@id\":\"https:\/\/flexlan.com.br\/site\/?product=repetidor-wireless-tp-link-dual-band-24-5ghz-ac750-re200\",\"url\":\"https:\/\/flexlan.com.br\/site\/?product=repetidor-wireless-tp-link-dual-band-24-5ghz-ac750-re200\",\"name\":\"REPETIDOR WIRELESS TP-LINK DUAL BAND 2,4\/5GHZ AC750 RE200 - FLEXLAN Inform\u00e1tica\",\"isPartOf\":{\"@id\":\"https:\/\/flexlan.com.br\/site\/#website\"},\"datePublished\":\"2021-04-21T14:28:26+00:00\",\"dateModified\":\"2022-05-21T15:45:27+00:00\",\"description\":\"Suprimentos e Manuten\u00e7\u00e3o de Computadores e Notebooks\",\"breadcrumb\":{\"@id\":\"https:\/\/flexlan.com.br\/site\/?product=repetidor-wireless-tp-link-dual-band-24-5ghz-ac750-re200#breadcrumb\"},\"inLanguage\":\"pt-BR\",\"potentialAction\":[{\"@type\":\"ReadAction\",\"target\":[\"https:\/\/flexlan.com.br\/site\/?product=repetidor-wireless-tp-link-dual-band-24-5ghz-ac750-re200\"]}]},{\"@type\":\"BreadcrumbList\",\"@id\":\"https:\/\/flexlan.com.br\/site\/?product=repetidor-wireless-tp-link-dual-band-24-5ghz-ac750-re200#breadcrumb\",\"itemListElement\":[{\"@type\":\"ListItem\",\"position\":1,\"name\":\"In\u00edcio\",\"item\":\"https:\/\/flexlan.com.br\/site\/\"},{\"@type\":\"ListItem\",\"position\":2,\"name\":\"Shop\",\"item\":\"https:\/\/flexlan.com.br\/site\/?page_id=28271\"},{\"@type\":\"ListItem\",\"position\":3,\"name\":\"REPETIDOR WIRELESS TP-LINK DUAL BAND 2,4\/5GHZ AC750 RE200\"}]},{\"@type\":\"WebSite\",\"@id\":\"https:\/\/flexlan.com.br\/site\/#website\",\"url\":\"https:\/\/flexlan.com.br\/site\/\",\"name\":\"FLEXLAN Inform\u00e1tica\",\"description\":\"Suprimentos e Manuten\u00e7\u00e3o de Computadores e Notebooks\",\"publisher\":{\"@id\":\"https:\/\/flexlan.com.br\/site\/#organization\"},\"alternateName\":\"FLEXLAN Inform\u00e1tica\",\"potentialAction\":[{\"@type\":\"SearchAction\",\"target\":{\"@type\":\"EntryPoint\",\"urlTemplate\":\"https:\/\/flexlan.com.br\/site\/?s={search_term_string}\"},\"query-input\":\"required name=search_term_string\"}],\"inLanguage\":\"pt-BR\"},{\"@type\":\"Organization\",\"@id\":\"https:\/\/flexlan.com.br\/site\/#organization\",\"name\":\"Flexlan inform\u00e1tica\",\"alternateName\":\"Suprimentos e Manuten\u00e7\u00e3o de Computadores e Notebooks\",\"url\":\"https:\/\/flexlan.com.br\/site\/\",\"logo\":{\"@type\":\"ImageObject\",\"inLanguage\":\"pt-BR\",\"@id\":\"https:\/\/flexlan.com.br\/site\/#\/schema\/logo\/image\/\",\"url\":\"https:\/\/flexlan.com.br\/site\/wp-content\/uploads\/2022\/03\/Logo2022.png\",\"contentUrl\":\"https:\/\/flexlan.com.br\/site\/wp-content\/uploads\/2022\/03\/Logo2022.png\",\"width\":796,\"height\":228,\"caption\":\"Flexlan inform\u00e1tica\"},\"image\":{\"@id\":\"https:\/\/flexlan.com.br\/site\/#\/schema\/logo\/image\/\"},\"sameAs\":[\"https:\/\/www.facebook.com\/FlexLanInformatica\",\"https:\/\/instagram.com\/flexlan\"]}]}<\/script>\n<!-- \/ Yoast SEO plugin. -->","yoast_head_json":{"title":"REPETIDOR WIRELESS TP-LINK DUAL BAND 2,4\/5GHZ AC750 RE200 - FLEXLAN Inform\u00e1tica","description":"Suprimentos e Manuten\u00e7\u00e3o de Computadores e Notebooks","robots":{"index":"index","follow":"follow","max-snippet":"max-snippet:-1","max-image-preview":"max-image-preview:large","max-video-preview":"max-video-preview:-1"},"canonical":"https:\/\/flexlan.com.br\/site\/?product=repetidor-wireless-tp-link-dual-band-24-5ghz-ac750-re200","og_locale":"pt_BR","og_type":"article","og_title":"REPETIDOR WIRELESS TP-LINK DUAL BAND 2,4\/5GHZ AC750 RE200 - FLEXLAN Inform\u00e1tica","og_description":"Suprimentos e Manuten\u00e7\u00e3o de Computadores e Notebooks","og_url":"https:\/\/flexlan.com.br\/site\/?product=repetidor-wireless-tp-link-dual-band-24-5ghz-ac750-re200","og_site_name":"FLEXLAN Inform\u00e1tica","article_publisher":"https:\/\/www.facebook.com\/FlexLanInformatica","article_modified_time":"2022-05-21T15:45:27+00:00","og_image":[{"width":1000,"height":1000,"url":"https:\/\/i0.wp.com\/flexlan.com.br\/site\/wp-content\/uploads\/2021\/04\/REPETIDOR-WIRELESS-TP-LINK-DUAL-BAND-24-5GHZ-AC750-RE200.jpg?fit=1000%2C1000&ssl=1","type":"image\/jpeg"}],"twitter_card":"summary_large_image","twitter_misc":{"Est. tempo de leitura":"1 minuto"},"schema":{"@context":"https:\/\/schema.org","@graph":[{"@type":["WebPage","ItemPage"],"@id":"https:\/\/flexlan.com.br\/site\/?product=repetidor-wireless-tp-link-dual-band-24-5ghz-ac750-re200","url":"https:\/\/flexlan.com.br\/site\/?product=repetidor-wireless-tp-link-dual-band-24-5ghz-ac750-re200","name":"REPETIDOR WIRELESS TP-LINK DUAL BAND 2,4\/5GHZ AC750 RE200 - FLEXLAN Inform\u00e1tica","isPartOf":{"@id":"https:\/\/flexlan.com.br\/site\/#website"},"datePublished":"2021-04-21T14:28:26+00:00","dateModified":"2022-05-21T15:45:27+00:00","description":"Suprimentos e Manuten\u00e7\u00e3o de Computadores e Notebooks","breadcrumb":{"@id":"https:\/\/flexlan.com.br\/site\/?product=repetidor-wireless-tp-link-dual-band-24-5ghz-ac750-re200#breadcrumb"},"inLanguage":"pt-BR","potentialAction":[{"@type":"ReadAction","target":["https:\/\/flexlan.com.br\/site\/?product=repetidor-wireless-tp-link-dual-band-24-5ghz-ac750-re200"]}]},{"@type":"BreadcrumbList","@id":"https:\/\/flexlan.com.br\/site\/?product=repetidor-wireless-tp-link-dual-band-24-5ghz-ac750-re200#breadcrumb","itemListElement":[{"@type":"ListItem","position":1,"name":"In\u00edcio","item":"https:\/\/flexlan.com.br\/site\/"},{"@type":"ListItem","position":2,"name":"Shop","item":"https:\/\/flexlan.com.br\/site\/?page_id=28271"},{"@type":"ListItem","position":3,"name":"REPETIDOR WIRELESS TP-LINK DUAL BAND 2,4\/5GHZ AC750 RE200"}]},{"@type":"WebSite","@id":"https:\/\/flexlan.com.br\/site\/#website","url":"https:\/\/flexlan.com.br\/site\/","name":"FLEXLAN Inform\u00e1tica","description":"Suprimentos e Manuten\u00e7\u00e3o de Computadores e Notebooks","publisher":{"@id":"https:\/\/flexlan.com.br\/site\/#organization"},"alternateName":"FLEXLAN Inform\u00e1tica","potentialAction":[{"@type":"SearchAction","target":{"@type":"EntryPoint","urlTemplate":"https:\/\/flexlan.com.br\/site\/?s={search_term_string}"},"query-input":"required name=search_term_string"}],"inLanguage":"pt-BR"},{"@type":"Organization","@id":"https:\/\/flexlan.com.br\/site\/#organization","name":"Flexlan inform\u00e1tica","alternateName":"Suprimentos e Manuten\u00e7\u00e3o de Computadores e Notebooks","url":"https:\/\/flexlan.com.br\/site\/","logo":{"@type":"ImageObject","inLanguage":"pt-BR","@id":"https:\/\/flexlan.com.br\/site\/#\/schema\/logo\/image\/","url":"https:\/\/flexlan.com.br\/site\/wp-content\/uploads\/2022\/03\/Logo2022.png","contentUrl":"https:\/\/flexlan.com.br\/site\/wp-content\/uploads\/2022\/03\/Logo2022.png","width":796,"height":228,"caption":"Flexlan inform\u00e1tica"},"image":{"@id":"https:\/\/flexlan.com.br\/site\/#\/schema\/logo\/image\/"},"sameAs":["https:\/\/www.facebook.com\/FlexLanInformatica","https:\/\/instagram.com\/flexlan"]}]}},"_links":{"self":[{"href":"https:\/\/flexlan.com.br\/site\/index.php?rest_route=\/wp\/v2\/product\/13392"}],"collection":[{"href":"https:\/\/flexlan.com.br\/site\/index.php?rest_route=\/wp\/v2\/product"}],"about":[{"href":"https:\/\/flexlan.com.br\/site\/index.php?rest_route=\/wp\/v2\/types\/product"}],"replies":[{"embeddable":true,"href":"https:\/\/flexlan.com.br\/site\/index.php?rest_route=%2Fwp%2Fv2%2Fcomments&post=13392"}],"wp:featuredmedia":[{"embeddable":true,"href":"https:\/\/flexlan.com.br\/site\/index.php?rest_route=\/wp\/v2\/media\/13395"}],"wp:attachment":[{"href":"https:\/\/flexlan.com.br\/site\/index.php?rest_route=%2Fwp%2Fv2%2Fmedia&parent=13392"}],"wp:term":[{"taxonomy":"product_cat","embeddable":true,"href":"https:\/\/flexlan.com.br\/site\/index.php?rest_route=%2Fwp%2Fv2%2Fproduct_cat&post=13392"},{"taxonomy":"product_tag","embeddable":true,"href":"https:\/\/flexlan.com.br\/site\/index.php?rest_route=%2Fwp%2Fv2%2Fproduct_tag&post=13392"}],"curies":[{"name":"wp","href":"https:\/\/api.w.org\/{rel}","templated":true}]}}