{"id":11743,"date":"2021-03-14T01:27:49","date_gmt":"2021-03-14T04:27:49","guid":{"rendered":"https:\/\/flexlan.com.br\/site\/?post_type=product&#038;p=11743"},"modified":"2024-02-20T13:51:14","modified_gmt":"2024-02-20T16:51:14","slug":"multifuncional-hp-416-tanque-de-tinta-wifi-z4b55a","status":"publish","type":"product","link":"https:\/\/flexlan.com.br\/site\/?product=multifuncional-hp-416-tanque-de-tinta-wifi-z4b55a","title":{"rendered":"MULTIFUNCIONAL HP 416 TANQUE DE TINTA WIFI (Z4B55A)"},"content":{"rendered":"<p>Tipo de Impress\u00e3o: Tanque de Tinta<br \/>\nTipo de Impressora: Multifuncional<br \/>\nCor da Impress\u00e3o: Colorida<br \/>\nIndica\u00e7\u00e3o: Casa<br \/>\nFun\u00e7\u00f5es: Imprimir, copiar, digitalizar, sem fio<br \/>\nBluetooth: N\u00e3o<br \/>\nWi-Fi: Sim<br \/>\nUSB: 2.0<br \/>\nTipo de scanner: Base plana<\/p>\n<p>Informa\u00e7\u00f5es Adicionais do Produto: <\/p>\n<p>Admite multitarefas: N\u00e3o <\/p>\n<p>Ciclo de trabalho (mensal, A4): At\u00e9 1000 p\u00e1ginas <\/p>\n<p>Ciclo de trabalho (mensal, carta): At\u00e9 1000 p\u00e1ginas <\/p>\n<p>Sensor autom\u00e1tico de papel: N\u00e3o <\/p>\n<p>Capacidade de impress\u00e3o m\u00f3vel: HP ePrint <\/p>\n<p>Capacidade sem fios: Sim <\/p>\n<p>Conectividade, padr\u00e3o: 1 Hi-Speed USB 2.0 <\/p>\n<p>Slots de mem\u00f3ria: Nenhum\/nenhuma <\/p>\n<p>Bandeja de entrada: 60 folhas <\/p>\n<p>Capacidade de sa\u00edda: 25 folhas <\/p>\n<p>Manuseio de impress\u00f5es acabada: Folha solta <\/p>\n<p>Impress\u00e3o frente e verso: Manual (fornecido suporte de driver) <\/p>\n<p>Bandejas para papel, padr\u00e3o: 1 <\/p>\n<p>Capacidade de entrada de envelope: At\u00e9 5 envelopes<\/p>\n","protected":false},"excerpt":{"rendered":"<p>A Impressora Multifuncional 416 da HP est\u00e1 preparada para lidar com grandes volumes de trabalho por um pre\u00e7o extremamente baixo. Seu sistema de tanques de tinta de alta capacidade permitem imprimir at\u00e9 8.000 p\u00e1ginas, com baixo custo de reposi\u00e7\u00e3o.<\/p>\n","protected":false},"featured_media":11747,"comment_status":"open","ping_status":"closed","template":"","meta":{"site-sidebar-layout":"default","site-content-layout":"","ast-site-content-layout":"","site-content-style":"default","site-sidebar-style":"default","ast-global-header-display":"","ast-banner-title-visibility":"","ast-main-header-display":"","ast-hfb-above-header-display":"","ast-hfb-below-header-display":"","ast-hfb-mobile-header-display":"","site-post-title":"","ast-breadcrumbs-content":"","ast-featured-img":"","footer-sml-layout":"","theme-transparent-header-meta":"","adv-header-id-meta":"","stick-header-meta":"","header-above-stick-meta":"","header-main-stick-meta":"","header-below-stick-meta":"","astra-migrate-meta-layouts":""},"product_cat":[49,22],"product_tag":[],"yoast_head":"<!-- This site is optimized with the Yoast SEO plugin v21.1 - https:\/\/yoast.com\/wordpress\/plugins\/seo\/ -->\n<title>MULTIFUNCIONAL HP 416 TANQUE DE TINTA WIFI (Z4B55A) - FLEXLAN Inform\u00e1tica<\/title>\n<meta name=\"description\" content=\"Suprimentos e Manuten\u00e7\u00e3o de Computadores e Notebooks\" \/>\n<meta name=\"robots\" content=\"index, follow, max-snippet:-1, max-image-preview:large, max-video-preview:-1\" \/>\n<link rel=\"canonical\" href=\"https:\/\/flexlan.com.br\/site\/?product=multifuncional-hp-416-tanque-de-tinta-wifi-z4b55a\" \/>\n<meta property=\"og:locale\" content=\"pt_BR\" \/>\n<meta property=\"og:type\" content=\"article\" \/>\n<meta property=\"og:title\" content=\"MULTIFUNCIONAL HP 416 TANQUE DE TINTA WIFI (Z4B55A) - FLEXLAN Inform\u00e1tica\" \/>\n<meta property=\"og:description\" content=\"Suprimentos e Manuten\u00e7\u00e3o de Computadores e Notebooks\" \/>\n<meta property=\"og:url\" content=\"https:\/\/flexlan.com.br\/site\/?product=multifuncional-hp-416-tanque-de-tinta-wifi-z4b55a\" \/>\n<meta property=\"og:site_name\" content=\"FLEXLAN Inform\u00e1tica\" \/>\n<meta property=\"article:publisher\" content=\"https:\/\/www.facebook.com\/FlexLanInformatica\" \/>\n<meta property=\"article:modified_time\" content=\"2024-02-20T16:51:14+00:00\" \/>\n<meta property=\"og:image\" content=\"https:\/\/flexlan.com.br\/site\/wp-content\/uploads\/2021\/03\/MULTIFUNCIONAL-HP-416-TANQUE-DE-TINTA-WIFI-Z4B55A.jpg\" \/>\n\t<meta property=\"og:image:width\" content=\"1000\" \/>\n\t<meta property=\"og:image:height\" content=\"1000\" \/>\n\t<meta property=\"og:image:type\" content=\"image\/jpeg\" \/>\n<meta name=\"twitter:card\" content=\"summary_large_image\" \/>\n<meta name=\"twitter:label1\" content=\"Est. tempo de leitura\" \/>\n\t<meta name=\"twitter:data1\" content=\"1 minuto\" \/>\n<script type=\"application\/ld+json\" class=\"yoast-schema-graph\">{\"@context\":\"https:\/\/schema.org\",\"@graph\":[{\"@type\":[\"WebPage\",\"ItemPage\"],\"@id\":\"https:\/\/flexlan.com.br\/site\/?product=multifuncional-hp-416-tanque-de-tinta-wifi-z4b55a\",\"url\":\"https:\/\/flexlan.com.br\/site\/?product=multifuncional-hp-416-tanque-de-tinta-wifi-z4b55a\",\"name\":\"MULTIFUNCIONAL HP 416 TANQUE DE TINTA WIFI (Z4B55A) - FLEXLAN Inform\u00e1tica\",\"isPartOf\":{\"@id\":\"https:\/\/flexlan.com.br\/site\/#website\"},\"datePublished\":\"2021-03-14T04:27:49+00:00\",\"dateModified\":\"2024-02-20T16:51:14+00:00\",\"description\":\"Suprimentos e Manuten\u00e7\u00e3o de Computadores e Notebooks\",\"breadcrumb\":{\"@id\":\"https:\/\/flexlan.com.br\/site\/?product=multifuncional-hp-416-tanque-de-tinta-wifi-z4b55a#breadcrumb\"},\"inLanguage\":\"pt-BR\",\"potentialAction\":[{\"@type\":\"ReadAction\",\"target\":[\"https:\/\/flexlan.com.br\/site\/?product=multifuncional-hp-416-tanque-de-tinta-wifi-z4b55a\"]}]},{\"@type\":\"BreadcrumbList\",\"@id\":\"https:\/\/flexlan.com.br\/site\/?product=multifuncional-hp-416-tanque-de-tinta-wifi-z4b55a#breadcrumb\",\"itemListElement\":[{\"@type\":\"ListItem\",\"position\":1,\"name\":\"In\u00edcio\",\"item\":\"https:\/\/flexlan.com.br\/site\/\"},{\"@type\":\"ListItem\",\"position\":2,\"name\":\"Shop\",\"item\":\"https:\/\/flexlan.com.br\/site\/?page_id=28271\"},{\"@type\":\"ListItem\",\"position\":3,\"name\":\"MULTIFUNCIONAL HP 416 TANQUE DE TINTA WIFI (Z4B55A)\"}]},{\"@type\":\"WebSite\",\"@id\":\"https:\/\/flexlan.com.br\/site\/#website\",\"url\":\"https:\/\/flexlan.com.br\/site\/\",\"name\":\"FLEXLAN Inform\u00e1tica\",\"description\":\"Suprimentos e Manuten\u00e7\u00e3o de Computadores e Notebooks\",\"publisher\":{\"@id\":\"https:\/\/flexlan.com.br\/site\/#organization\"},\"alternateName\":\"FLEXLAN Inform\u00e1tica\",\"potentialAction\":[{\"@type\":\"SearchAction\",\"target\":{\"@type\":\"EntryPoint\",\"urlTemplate\":\"https:\/\/flexlan.com.br\/site\/?s={search_term_string}\"},\"query-input\":\"required name=search_term_string\"}],\"inLanguage\":\"pt-BR\"},{\"@type\":\"Organization\",\"@id\":\"https:\/\/flexlan.com.br\/site\/#organization\",\"name\":\"Flexlan inform\u00e1tica\",\"alternateName\":\"Suprimentos e Manuten\u00e7\u00e3o de Computadores e Notebooks\",\"url\":\"https:\/\/flexlan.com.br\/site\/\",\"logo\":{\"@type\":\"ImageObject\",\"inLanguage\":\"pt-BR\",\"@id\":\"https:\/\/flexlan.com.br\/site\/#\/schema\/logo\/image\/\",\"url\":\"https:\/\/flexlan.com.br\/site\/wp-content\/uploads\/2022\/03\/Logo2022.png\",\"contentUrl\":\"https:\/\/flexlan.com.br\/site\/wp-content\/uploads\/2022\/03\/Logo2022.png\",\"width\":796,\"height\":228,\"caption\":\"Flexlan inform\u00e1tica\"},\"image\":{\"@id\":\"https:\/\/flexlan.com.br\/site\/#\/schema\/logo\/image\/\"},\"sameAs\":[\"https:\/\/www.facebook.com\/FlexLanInformatica\",\"https:\/\/instagram.com\/flexlan\"]}]}<\/script>\n<!-- \/ Yoast SEO plugin. -->","yoast_head_json":{"title":"MULTIFUNCIONAL HP 416 TANQUE DE TINTA WIFI (Z4B55A) - FLEXLAN Inform\u00e1tica","description":"Suprimentos e Manuten\u00e7\u00e3o de Computadores e Notebooks","robots":{"index":"index","follow":"follow","max-snippet":"max-snippet:-1","max-image-preview":"max-image-preview:large","max-video-preview":"max-video-preview:-1"},"canonical":"https:\/\/flexlan.com.br\/site\/?product=multifuncional-hp-416-tanque-de-tinta-wifi-z4b55a","og_locale":"pt_BR","og_type":"article","og_title":"MULTIFUNCIONAL HP 416 TANQUE DE TINTA WIFI (Z4B55A) - FLEXLAN Inform\u00e1tica","og_description":"Suprimentos e Manuten\u00e7\u00e3o de Computadores e Notebooks","og_url":"https:\/\/flexlan.com.br\/site\/?product=multifuncional-hp-416-tanque-de-tinta-wifi-z4b55a","og_site_name":"FLEXLAN Inform\u00e1tica","article_publisher":"https:\/\/www.facebook.com\/FlexLanInformatica","article_modified_time":"2024-02-20T16:51:14+00:00","og_image":[{"width":1000,"height":1000,"url":"https:\/\/flexlan.com.br\/site\/wp-content\/uploads\/2021\/03\/MULTIFUNCIONAL-HP-416-TANQUE-DE-TINTA-WIFI-Z4B55A.jpg","type":"image\/jpeg"}],"twitter_card":"summary_large_image","twitter_misc":{"Est. tempo de leitura":"1 minuto"},"schema":{"@context":"https:\/\/schema.org","@graph":[{"@type":["WebPage","ItemPage"],"@id":"https:\/\/flexlan.com.br\/site\/?product=multifuncional-hp-416-tanque-de-tinta-wifi-z4b55a","url":"https:\/\/flexlan.com.br\/site\/?product=multifuncional-hp-416-tanque-de-tinta-wifi-z4b55a","name":"MULTIFUNCIONAL HP 416 TANQUE DE TINTA WIFI (Z4B55A) - FLEXLAN Inform\u00e1tica","isPartOf":{"@id":"https:\/\/flexlan.com.br\/site\/#website"},"datePublished":"2021-03-14T04:27:49+00:00","dateModified":"2024-02-20T16:51:14+00:00","description":"Suprimentos e Manuten\u00e7\u00e3o de Computadores e Notebooks","breadcrumb":{"@id":"https:\/\/flexlan.com.br\/site\/?product=multifuncional-hp-416-tanque-de-tinta-wifi-z4b55a#breadcrumb"},"inLanguage":"pt-BR","potentialAction":[{"@type":"ReadAction","target":["https:\/\/flexlan.com.br\/site\/?product=multifuncional-hp-416-tanque-de-tinta-wifi-z4b55a"]}]},{"@type":"BreadcrumbList","@id":"https:\/\/flexlan.com.br\/site\/?product=multifuncional-hp-416-tanque-de-tinta-wifi-z4b55a#breadcrumb","itemListElement":[{"@type":"ListItem","position":1,"name":"In\u00edcio","item":"https:\/\/flexlan.com.br\/site\/"},{"@type":"ListItem","position":2,"name":"Shop","item":"https:\/\/flexlan.com.br\/site\/?page_id=28271"},{"@type":"ListItem","position":3,"name":"MULTIFUNCIONAL HP 416 TANQUE DE TINTA WIFI (Z4B55A)"}]},{"@type":"WebSite","@id":"https:\/\/flexlan.com.br\/site\/#website","url":"https:\/\/flexlan.com.br\/site\/","name":"FLEXLAN Inform\u00e1tica","description":"Suprimentos e Manuten\u00e7\u00e3o de Computadores e Notebooks","publisher":{"@id":"https:\/\/flexlan.com.br\/site\/#organization"},"alternateName":"FLEXLAN Inform\u00e1tica","potentialAction":[{"@type":"SearchAction","target":{"@type":"EntryPoint","urlTemplate":"https:\/\/flexlan.com.br\/site\/?s={search_term_string}"},"query-input":"required name=search_term_string"}],"inLanguage":"pt-BR"},{"@type":"Organization","@id":"https:\/\/flexlan.com.br\/site\/#organization","name":"Flexlan inform\u00e1tica","alternateName":"Suprimentos e Manuten\u00e7\u00e3o de Computadores e Notebooks","url":"https:\/\/flexlan.com.br\/site\/","logo":{"@type":"ImageObject","inLanguage":"pt-BR","@id":"https:\/\/flexlan.com.br\/site\/#\/schema\/logo\/image\/","url":"https:\/\/flexlan.com.br\/site\/wp-content\/uploads\/2022\/03\/Logo2022.png","contentUrl":"https:\/\/flexlan.com.br\/site\/wp-content\/uploads\/2022\/03\/Logo2022.png","width":796,"height":228,"caption":"Flexlan inform\u00e1tica"},"image":{"@id":"https:\/\/flexlan.com.br\/site\/#\/schema\/logo\/image\/"},"sameAs":["https:\/\/www.facebook.com\/FlexLanInformatica","https:\/\/instagram.com\/flexlan"]}]}},"_links":{"self":[{"href":"https:\/\/flexlan.com.br\/site\/index.php?rest_route=\/wp\/v2\/product\/11743"}],"collection":[{"href":"https:\/\/flexlan.com.br\/site\/index.php?rest_route=\/wp\/v2\/product"}],"about":[{"href":"https:\/\/flexlan.com.br\/site\/index.php?rest_route=\/wp\/v2\/types\/product"}],"replies":[{"embeddable":true,"href":"https:\/\/flexlan.com.br\/site\/index.php?rest_route=%2Fwp%2Fv2%2Fcomments&post=11743"}],"wp:featuredmedia":[{"embeddable":true,"href":"https:\/\/flexlan.com.br\/site\/index.php?rest_route=\/wp\/v2\/media\/11747"}],"wp:attachment":[{"href":"https:\/\/flexlan.com.br\/site\/index.php?rest_route=%2Fwp%2Fv2%2Fmedia&parent=11743"}],"wp:term":[{"taxonomy":"product_cat","embeddable":true,"href":"https:\/\/flexlan.com.br\/site\/index.php?rest_route=%2Fwp%2Fv2%2Fproduct_cat&post=11743"},{"taxonomy":"product_tag","embeddable":true,"href":"https:\/\/flexlan.com.br\/site\/index.php?rest_route=%2Fwp%2Fv2%2Fproduct_tag&post=11743"}],"curies":[{"name":"wp","href":"https:\/\/api.w.org\/{rel}","templated":true}]}}