{"id":10899,"date":"2021-02-20T14:08:18","date_gmt":"2021-02-20T14:08:18","guid":{"rendered":"https:\/\/flexlan.com.br\/site\/?post_type=product&#038;p=10899"},"modified":"2021-12-13T18:07:37","modified_gmt":"2021-12-13T18:07:37","slug":"cooler-p-processador-gamer-intel-e-amd-cobre-com-led-azul-bcg-03ucb","status":"publish","type":"product","link":"https:\/\/flexlan.com.br\/site\/?product=cooler-p-processador-gamer-intel-e-amd-cobre-com-led-azul-bcg-03ucb","title":{"rendered":"COOLER P\/ PROCESSADOR GAMER INTEL E AMD COBRE COM LED AZUL (BCG-03UCB)"},"content":{"rendered":"<p>Especifica\u00e7\u00f5es:<\/p>\n<p>Compatibilidade:<br \/>\nProcessadores AMD 754\/ 939\/ 940\/ AM2\/ AM2+\/ AM3\/ AM3+\/ FM1\/ FM2\/ FM2+\/ AM4<br \/>\nProcessadores Intel LGA775\/ LGA1150\/ LGA1151\/ LGA1155\/ LGA1156\/ LGA1366\/ LGA2011\/ LGA2066<br \/>\nTDP at\u00e9 95W<br \/>\nMaterial da base: Cobre com alum\u00ednio<br \/>\nCom LED Azul<br \/>\nAltura total: 130mm<br \/>\nLargura total: 103mm<br \/>\nProfundidade: 80mm<br \/>\nVelocidade do Fan: 2000 + &#8211; 10% RPM<br \/>\nDi\u00e2metro do Fan: 90mm<br \/>\nVoltagem: 12V<br \/>\nEntrada de energia: 2.28W<br \/>\nFluxo de ar: 42.5CFM<br \/>\nRu\u00eddo: 20 + &#8211; 10%<\/p>\n","protected":false},"excerpt":{"rendered":"<p>Cooler Universal com LED azul com base heat-pipes em cobre com alum\u00ednio para processadores AMD e INTEL.<\/p>\n","protected":false},"featured_media":10903,"comment_status":"open","ping_status":"closed","template":"","meta":{"site-sidebar-layout":"default","site-content-layout":"","ast-site-content-layout":"","site-content-style":"default","site-sidebar-style":"default","ast-global-header-display":"","ast-banner-title-visibility":"","ast-main-header-display":"","ast-hfb-above-header-display":"","ast-hfb-below-header-display":"","ast-hfb-mobile-header-display":"","site-post-title":"","ast-breadcrumbs-content":"","ast-featured-img":"","footer-sml-layout":"","theme-transparent-header-meta":"","adv-header-id-meta":"","stick-header-meta":"","header-above-stick-meta":"","header-main-stick-meta":"","header-below-stick-meta":"","astra-migrate-meta-layouts":""},"product_cat":[52,58],"product_tag":[],"yoast_head":"<!-- This site is optimized with the Yoast SEO plugin v21.1 - https:\/\/yoast.com\/wordpress\/plugins\/seo\/ -->\n<title>COOLER P\/ PROCESSADOR GAMER INTEL E AMD COBRE COM LED AZUL (BCG-03UCB) - FLEXLAN Inform\u00e1tica<\/title>\n<meta name=\"description\" content=\"Suprimentos e Manuten\u00e7\u00e3o de Computadores e Notebooks\" \/>\n<meta name=\"robots\" content=\"index, follow, max-snippet:-1, max-image-preview:large, max-video-preview:-1\" \/>\n<link rel=\"canonical\" href=\"https:\/\/flexlan.com.br\/site\/?product=cooler-p-processador-gamer-intel-e-amd-cobre-com-led-azul-bcg-03ucb\" \/>\n<meta property=\"og:locale\" content=\"pt_BR\" \/>\n<meta property=\"og:type\" content=\"article\" \/>\n<meta property=\"og:title\" content=\"COOLER P\/ PROCESSADOR GAMER INTEL E AMD COBRE COM LED AZUL (BCG-03UCB) - FLEXLAN Inform\u00e1tica\" \/>\n<meta property=\"og:description\" content=\"Suprimentos e Manuten\u00e7\u00e3o de Computadores e Notebooks\" \/>\n<meta property=\"og:url\" content=\"https:\/\/flexlan.com.br\/site\/?product=cooler-p-processador-gamer-intel-e-amd-cobre-com-led-azul-bcg-03ucb\" \/>\n<meta property=\"og:site_name\" content=\"FLEXLAN Inform\u00e1tica\" \/>\n<meta property=\"article:publisher\" content=\"https:\/\/www.facebook.com\/FlexLanInformatica\" \/>\n<meta property=\"article:modified_time\" content=\"2021-12-13T18:07:37+00:00\" \/>\n<meta property=\"og:image\" content=\"https:\/\/i0.wp.com\/flexlan.com.br\/site\/wp-content\/uploads\/2021\/02\/COOLER-P-PROCESSADOR-BLUECASE-GAMER-INTEL-E-AMD-COBRE-COM-LED-AZUL-BCG-03UCB.jpg?fit=500%2C500&ssl=1\" \/>\n\t<meta property=\"og:image:width\" content=\"500\" \/>\n\t<meta property=\"og:image:height\" content=\"500\" \/>\n\t<meta property=\"og:image:type\" content=\"image\/jpeg\" \/>\n<meta name=\"twitter:card\" content=\"summary_large_image\" \/>\n<script type=\"application\/ld+json\" class=\"yoast-schema-graph\">{\"@context\":\"https:\/\/schema.org\",\"@graph\":[{\"@type\":[\"WebPage\",\"ItemPage\"],\"@id\":\"https:\/\/flexlan.com.br\/site\/?product=cooler-p-processador-gamer-intel-e-amd-cobre-com-led-azul-bcg-03ucb\",\"url\":\"https:\/\/flexlan.com.br\/site\/?product=cooler-p-processador-gamer-intel-e-amd-cobre-com-led-azul-bcg-03ucb\",\"name\":\"COOLER P\/ PROCESSADOR GAMER INTEL E AMD COBRE COM LED AZUL (BCG-03UCB) - FLEXLAN Inform\u00e1tica\",\"isPartOf\":{\"@id\":\"https:\/\/flexlan.com.br\/site\/#website\"},\"datePublished\":\"2021-02-20T14:08:18+00:00\",\"dateModified\":\"2021-12-13T18:07:37+00:00\",\"description\":\"Suprimentos e Manuten\u00e7\u00e3o de Computadores e Notebooks\",\"breadcrumb\":{\"@id\":\"https:\/\/flexlan.com.br\/site\/?product=cooler-p-processador-gamer-intel-e-amd-cobre-com-led-azul-bcg-03ucb#breadcrumb\"},\"inLanguage\":\"pt-BR\",\"potentialAction\":[{\"@type\":\"ReadAction\",\"target\":[\"https:\/\/flexlan.com.br\/site\/?product=cooler-p-processador-gamer-intel-e-amd-cobre-com-led-azul-bcg-03ucb\"]}]},{\"@type\":\"BreadcrumbList\",\"@id\":\"https:\/\/flexlan.com.br\/site\/?product=cooler-p-processador-gamer-intel-e-amd-cobre-com-led-azul-bcg-03ucb#breadcrumb\",\"itemListElement\":[{\"@type\":\"ListItem\",\"position\":1,\"name\":\"In\u00edcio\",\"item\":\"https:\/\/flexlan.com.br\/site\/\"},{\"@type\":\"ListItem\",\"position\":2,\"name\":\"Shop\",\"item\":\"https:\/\/flexlan.com.br\/site\/?page_id=28271\"},{\"@type\":\"ListItem\",\"position\":3,\"name\":\"COOLER P\/ PROCESSADOR GAMER INTEL E AMD COBRE COM LED AZUL (BCG-03UCB)\"}]},{\"@type\":\"WebSite\",\"@id\":\"https:\/\/flexlan.com.br\/site\/#website\",\"url\":\"https:\/\/flexlan.com.br\/site\/\",\"name\":\"FLEXLAN Inform\u00e1tica\",\"description\":\"Suprimentos e Manuten\u00e7\u00e3o de Computadores e Notebooks\",\"publisher\":{\"@id\":\"https:\/\/flexlan.com.br\/site\/#organization\"},\"alternateName\":\"FLEXLAN Inform\u00e1tica\",\"potentialAction\":[{\"@type\":\"SearchAction\",\"target\":{\"@type\":\"EntryPoint\",\"urlTemplate\":\"https:\/\/flexlan.com.br\/site\/?s={search_term_string}\"},\"query-input\":\"required name=search_term_string\"}],\"inLanguage\":\"pt-BR\"},{\"@type\":\"Organization\",\"@id\":\"https:\/\/flexlan.com.br\/site\/#organization\",\"name\":\"Flexlan inform\u00e1tica\",\"alternateName\":\"Suprimentos e Manuten\u00e7\u00e3o de Computadores e Notebooks\",\"url\":\"https:\/\/flexlan.com.br\/site\/\",\"logo\":{\"@type\":\"ImageObject\",\"inLanguage\":\"pt-BR\",\"@id\":\"https:\/\/flexlan.com.br\/site\/#\/schema\/logo\/image\/\",\"url\":\"https:\/\/flexlan.com.br\/site\/wp-content\/uploads\/2022\/03\/Logo2022.png\",\"contentUrl\":\"https:\/\/flexlan.com.br\/site\/wp-content\/uploads\/2022\/03\/Logo2022.png\",\"width\":796,\"height\":228,\"caption\":\"Flexlan inform\u00e1tica\"},\"image\":{\"@id\":\"https:\/\/flexlan.com.br\/site\/#\/schema\/logo\/image\/\"},\"sameAs\":[\"https:\/\/www.facebook.com\/FlexLanInformatica\",\"https:\/\/instagram.com\/flexlan\"]}]}<\/script>\n<!-- \/ Yoast SEO plugin. -->","yoast_head_json":{"title":"COOLER P\/ PROCESSADOR GAMER INTEL E AMD COBRE COM LED AZUL (BCG-03UCB) - FLEXLAN Inform\u00e1tica","description":"Suprimentos e Manuten\u00e7\u00e3o de Computadores e Notebooks","robots":{"index":"index","follow":"follow","max-snippet":"max-snippet:-1","max-image-preview":"max-image-preview:large","max-video-preview":"max-video-preview:-1"},"canonical":"https:\/\/flexlan.com.br\/site\/?product=cooler-p-processador-gamer-intel-e-amd-cobre-com-led-azul-bcg-03ucb","og_locale":"pt_BR","og_type":"article","og_title":"COOLER P\/ PROCESSADOR GAMER INTEL E AMD COBRE COM LED AZUL (BCG-03UCB) - FLEXLAN Inform\u00e1tica","og_description":"Suprimentos e Manuten\u00e7\u00e3o de Computadores e Notebooks","og_url":"https:\/\/flexlan.com.br\/site\/?product=cooler-p-processador-gamer-intel-e-amd-cobre-com-led-azul-bcg-03ucb","og_site_name":"FLEXLAN Inform\u00e1tica","article_publisher":"https:\/\/www.facebook.com\/FlexLanInformatica","article_modified_time":"2021-12-13T18:07:37+00:00","og_image":[{"width":500,"height":500,"url":"https:\/\/i0.wp.com\/flexlan.com.br\/site\/wp-content\/uploads\/2021\/02\/COOLER-P-PROCESSADOR-BLUECASE-GAMER-INTEL-E-AMD-COBRE-COM-LED-AZUL-BCG-03UCB.jpg?fit=500%2C500&ssl=1","type":"image\/jpeg"}],"twitter_card":"summary_large_image","schema":{"@context":"https:\/\/schema.org","@graph":[{"@type":["WebPage","ItemPage"],"@id":"https:\/\/flexlan.com.br\/site\/?product=cooler-p-processador-gamer-intel-e-amd-cobre-com-led-azul-bcg-03ucb","url":"https:\/\/flexlan.com.br\/site\/?product=cooler-p-processador-gamer-intel-e-amd-cobre-com-led-azul-bcg-03ucb","name":"COOLER P\/ PROCESSADOR GAMER INTEL E AMD COBRE COM LED AZUL (BCG-03UCB) - FLEXLAN Inform\u00e1tica","isPartOf":{"@id":"https:\/\/flexlan.com.br\/site\/#website"},"datePublished":"2021-02-20T14:08:18+00:00","dateModified":"2021-12-13T18:07:37+00:00","description":"Suprimentos e Manuten\u00e7\u00e3o de Computadores e Notebooks","breadcrumb":{"@id":"https:\/\/flexlan.com.br\/site\/?product=cooler-p-processador-gamer-intel-e-amd-cobre-com-led-azul-bcg-03ucb#breadcrumb"},"inLanguage":"pt-BR","potentialAction":[{"@type":"ReadAction","target":["https:\/\/flexlan.com.br\/site\/?product=cooler-p-processador-gamer-intel-e-amd-cobre-com-led-azul-bcg-03ucb"]}]},{"@type":"BreadcrumbList","@id":"https:\/\/flexlan.com.br\/site\/?product=cooler-p-processador-gamer-intel-e-amd-cobre-com-led-azul-bcg-03ucb#breadcrumb","itemListElement":[{"@type":"ListItem","position":1,"name":"In\u00edcio","item":"https:\/\/flexlan.com.br\/site\/"},{"@type":"ListItem","position":2,"name":"Shop","item":"https:\/\/flexlan.com.br\/site\/?page_id=28271"},{"@type":"ListItem","position":3,"name":"COOLER P\/ PROCESSADOR GAMER INTEL E AMD COBRE COM LED AZUL (BCG-03UCB)"}]},{"@type":"WebSite","@id":"https:\/\/flexlan.com.br\/site\/#website","url":"https:\/\/flexlan.com.br\/site\/","name":"FLEXLAN Inform\u00e1tica","description":"Suprimentos e Manuten\u00e7\u00e3o de Computadores e Notebooks","publisher":{"@id":"https:\/\/flexlan.com.br\/site\/#organization"},"alternateName":"FLEXLAN Inform\u00e1tica","potentialAction":[{"@type":"SearchAction","target":{"@type":"EntryPoint","urlTemplate":"https:\/\/flexlan.com.br\/site\/?s={search_term_string}"},"query-input":"required name=search_term_string"}],"inLanguage":"pt-BR"},{"@type":"Organization","@id":"https:\/\/flexlan.com.br\/site\/#organization","name":"Flexlan inform\u00e1tica","alternateName":"Suprimentos e Manuten\u00e7\u00e3o de Computadores e Notebooks","url":"https:\/\/flexlan.com.br\/site\/","logo":{"@type":"ImageObject","inLanguage":"pt-BR","@id":"https:\/\/flexlan.com.br\/site\/#\/schema\/logo\/image\/","url":"https:\/\/flexlan.com.br\/site\/wp-content\/uploads\/2022\/03\/Logo2022.png","contentUrl":"https:\/\/flexlan.com.br\/site\/wp-content\/uploads\/2022\/03\/Logo2022.png","width":796,"height":228,"caption":"Flexlan inform\u00e1tica"},"image":{"@id":"https:\/\/flexlan.com.br\/site\/#\/schema\/logo\/image\/"},"sameAs":["https:\/\/www.facebook.com\/FlexLanInformatica","https:\/\/instagram.com\/flexlan"]}]}},"_links":{"self":[{"href":"https:\/\/flexlan.com.br\/site\/index.php?rest_route=\/wp\/v2\/product\/10899"}],"collection":[{"href":"https:\/\/flexlan.com.br\/site\/index.php?rest_route=\/wp\/v2\/product"}],"about":[{"href":"https:\/\/flexlan.com.br\/site\/index.php?rest_route=\/wp\/v2\/types\/product"}],"replies":[{"embeddable":true,"href":"https:\/\/flexlan.com.br\/site\/index.php?rest_route=%2Fwp%2Fv2%2Fcomments&post=10899"}],"wp:featuredmedia":[{"embeddable":true,"href":"https:\/\/flexlan.com.br\/site\/index.php?rest_route=\/wp\/v2\/media\/10903"}],"wp:attachment":[{"href":"https:\/\/flexlan.com.br\/site\/index.php?rest_route=%2Fwp%2Fv2%2Fmedia&parent=10899"}],"wp:term":[{"taxonomy":"product_cat","embeddable":true,"href":"https:\/\/flexlan.com.br\/site\/index.php?rest_route=%2Fwp%2Fv2%2Fproduct_cat&post=10899"},{"taxonomy":"product_tag","embeddable":true,"href":"https:\/\/flexlan.com.br\/site\/index.php?rest_route=%2Fwp%2Fv2%2Fproduct_tag&post=10899"}],"curies":[{"name":"wp","href":"https:\/\/api.w.org\/{rel}","templated":true}]}}